{"id":9204,"date":"2025-03-06T10:56:35","date_gmt":"2025-03-06T08:56:35","guid":{"rendered":"https:\/\/www.avire-global.com\/pt\/?post_type=product&#038;p=9204"},"modified":"2026-01-28T13:36:20","modified_gmt":"2026-01-28T13:36:20","slug":"4g-volte-dcp-mk845-plataforma-de-comunicacion-digital-para-ascensores","status":"publish","type":"product","link":"https:\/\/www.avire-global.com\/pt\/producto\/telefonos-de-emergencia-para-ascensores\/4g-volte-dcp-mk845-plataforma-de-comunicacion-digital-para-ascensores\/","title":{"rendered":"MK845 4G DCP"},"content":{"rendered":"\n<div class=\"wp-block-doo-tabs-block alignwide\">\n\t<div class=\"doo-tabs-container\">\n\t\t<div class=\"doo-tabs-titles\">\n\t\t\t\t\t\t\t<button class=\"doo-tab-title active\" \n\t\t\t\t\t\tdata-tab-index=\"0\">\n\t\t\t\t\tCaracter\u00edsticas\t\t\t\t<\/button>\n\t\t\t\t\t\t\t<button class=\"doo-tab-title \" \n\t\t\t\t\t\tdata-tab-index=\"1\">\n\t\t\t\t\tInforma\u00e7\u00e3o para Encomendas\t\t\t\t<\/button>\n\t\t\t\t\t<\/div>\n\t<\/div>\n    \n    <div class=\"doo-tabs-content\">\n                    <div class=\"doo-tab-content active\">\n                <!-- Error rendering block: core\/poparagraph --><h3 class=\"wp-block-heading\"><strong>CONECTIVIDADE A TEMPO INTEGRAL COM O AVIRE HUB<\/strong><\/h3><p>Descri\u00e7\u00e3o: O 4G VoLTE DCP (MK-845) proporciona uma liga\u00e7\u00e3o cont\u00ednua \u00e0 nossa plataforma de monitoriza\u00e7\u00e3o AVIRE Hub baseada na nuvem.<\/p>\n<p>Benef\u00edcio: Mantenha-se informado com dados em tempo real sobre o estado dos seus elevadores, reduzindo os tempos de paragem e as visitas de manuten\u00e7\u00e3o.<\/p>\n<p>Como funciona: Ao ligar-se a controladores de elevadores ou a produtos MEMCO, como a Navigation Box, ter\u00e1 sempre informa\u00e7\u00e3o atualizada, agilizando a monitoriza\u00e7\u00e3o e melhorando a seguran\u00e7a global.<\/p>\n<h3 class=\"wp-block-heading\"><strong>SEGURAN\u00c7A AVAN\u00c7ADA COM CIFRAGEM DE DADOS<\/strong><\/h3><p>Descri\u00e7\u00e3o: Ao utilizar o protocolo Transport Layer Security (TLS), o 4G DCP (MK-845) garante que todo o tr\u00e1fego de dados esteja cifrado.<\/p>\n<p>Benef\u00edcio: Protege os dados cr\u00edticos de comunica\u00e7\u00e3o do elevador, refor\u00e7ando a seguran\u00e7a para os operadores e os utilizadores do edif\u00edcio.<\/p>\n<p>Como funciona: A transmiss\u00e3o segura de dados impede o acesso n\u00e3o autorizado, oferecendo tranquilidade em ambientes de alta seguran\u00e7a.<\/p>\n<h3 class=\"wp-block-heading\"><strong>COMPAT\u00cdVEL COM VoLTE, 2G E 4G<\/strong><\/h3><p>Descri\u00e7\u00e3o: Mantenha-se na vanguarda das pr\u00f3ximas altera\u00e7\u00f5es nas redes, incluindo o encerramento do 2G, com um dispositivo compat\u00edvel com VoLTE, tanto em 2G como em 4G, para chamadas de voz.<\/p>\n<p>Benef\u00edcio: Continuidade garantida \u00e0 medida que as redes evoluem de PSTN anal\u00f3gica para digital, assegurando uma comunica\u00e7\u00e3o de emerg\u00eancia fi\u00e1vel, independentemente da transi\u00e7\u00e3o tecnol\u00f3gica.<\/p>\n<p>Como funciona: O 4G DCP (MK-845) alterna de forma transparente entre as redes 2G e 4G, garantindo uma comunica\u00e7\u00e3o ininterrupta.<\/p>\n<h3 class=\"wp-block-heading\"><strong>F\u00c1CIL INSTALA\u00c7\u00c3O E CONFIGURA\u00c7\u00c3O REMOTA<\/strong><\/h3><p>Descri\u00e7\u00e3o: O 4G DCP 2.0 disp\u00f5e de um verificador de intensidade de sinal integrado e pode ser configurado remotamente atrav\u00e9s do AVIRE Hub, da aplica\u00e7\u00e3o m\u00f3vel AVIRE ou por SMS.<\/p>\n<p>Benef\u00edcio: Poupe tempo e reduza a necessidade de visitas de t\u00e9cnicos no local, diminuindo os custos de instala\u00e7\u00e3o e manuten\u00e7\u00e3o.<\/p>\n<p>Como funciona: Encontre rapidamente a posi\u00e7\u00e3o ideal dentro da caixa do elevador e ajuste as configura\u00e7\u00f5es remotamente, melhorando a efici\u00eancia operacional.<\/p>\n            <\/div>\n                    <div class=\"doo-tab-content \">\n                <p><strong>MK845-4CM10-611-F-20<\/strong>: DCP 845 RS232 EMEA<\/p>\n            <\/div>\n            <\/div>\n<\/div>\n\n\n<p><\/p>\n","protected":false},"featured_media":9206,"template":"","meta":{"_eb_attr":"","inline_featured_image":false,"doo-cf-type":"main","footnotes":""},"market":[],"product_cat":[26],"brand":[],"country":[],"class_list":["post-9204","product","type-product","status-publish","has-post-thumbnail","hentry","product_cat-telefonos-de-emergencia-para-ascensores"],"_links":{"self":[{"href":"https:\/\/www.avire-global.com\/pt\/wp-json\/wp\/v2\/product\/9204","targetHints":{"allow":["GET"]}}],"collection":[{"href":"https:\/\/www.avire-global.com\/pt\/wp-json\/wp\/v2\/product"}],"about":[{"href":"https:\/\/www.avire-global.com\/pt\/wp-json\/wp\/v2\/types\/product"}],"version-history":[{"count":4,"href":"https:\/\/www.avire-global.com\/pt\/wp-json\/wp\/v2\/product\/9204\/revisions"}],"predecessor-version":[{"id":11495,"href":"https:\/\/www.avire-global.com\/pt\/wp-json\/wp\/v2\/product\/9204\/revisions\/11495"}],"wp:featuredmedia":[{"embeddable":true,"href":"https:\/\/www.avire-global.com\/pt\/wp-json\/wp\/v2\/media\/9206"}],"wp:attachment":[{"href":"https:\/\/www.avire-global.com\/pt\/wp-json\/wp\/v2\/media?parent=9204"}],"wp:term":[{"taxonomy":"market","embeddable":true,"href":"https:\/\/www.avire-global.com\/pt\/wp-json\/wp\/v2\/market?post=9204"},{"taxonomy":"product_cat","embeddable":true,"href":"https:\/\/www.avire-global.com\/pt\/wp-json\/wp\/v2\/product_cat?post=9204"},{"taxonomy":"brand","embeddable":true,"href":"https:\/\/www.avire-global.com\/pt\/wp-json\/wp\/v2\/brand?post=9204"},{"taxonomy":"country","embeddable":true,"href":"https:\/\/www.avire-global.com\/pt\/wp-json\/wp\/v2\/country?post=9204"}],"curies":[{"name":"wp","href":"https:\/\/api.w.org\/{rel}","templated":true}]}}