{"id":4373,"date":"2024-04-23T10:11:14","date_gmt":"2024-04-23T08:11:14","guid":{"rendered":"https:\/\/www.avire-global.com\/pt\/?post_type=product&#038;p=4373"},"modified":"2026-01-28T14:04:34","modified_gmt":"2026-01-28T14:04:34","slug":"4g-enlace-universal-mk930","status":"publish","type":"product","link":"https:\/\/www.avire-global.com\/pt\/producto\/telefonos-analogicos-de-emergencia\/4g-enlace-universal-mk930\/","title":{"rendered":"MK930 4G Liga\u00e7\u00e3o Universal"},"content":{"rendered":"\n<div class=\"wp-block-doo-tabs-block alignwide\">\n\t<div class=\"doo-tabs-container\">\n\t\t<div class=\"doo-tabs-titles\">\n\t\t\t\t\t\t\t<button class=\"doo-tab-title active\" \n\t\t\t\t\t\tdata-tab-index=\"0\">\n\t\t\t\t\tCaracteristicas\t\t\t\t<\/button>\n\t\t\t\t\t\t\t<button class=\"doo-tab-title \" \n\t\t\t\t\t\tdata-tab-index=\"1\">\n\t\t\t\t\tInforma\u00e7\u00e3o para Encomendas\t\t\t\t<\/button>\n\t\t\t\t\t<\/div>\n\t<\/div>\n    \n    <div class=\"doo-tabs-content\">\n                    <div class=\"doo-tab-content active\">\n                <h3 class=\"wp-block-heading\">Facilidade de instala\u00e7\u00e3o:<\/h3><ul class=\"wp-block-list\"><li>Configure o dispositivo utilizando o AVIRE Hub, uma plataforma de gest\u00e3o baseada na nuvem, ou a aplica\u00e7\u00e3o m\u00f3vel AVIRE no seu smartphone.<\/li><li>Configura\u00e7\u00e3o pr\u00e1tica atrav\u00e9s de SMS para maior facilidade.<\/li><li>O teste de intensidade de sinal integrado garante um desempenho ideal durante a instala\u00e7\u00e3o, ajudando a encontrar a melhor localiza\u00e7\u00e3o para um funcionamento otimizado.<\/li><\/ul><h3 class=\"wp-block-heading\">Conectividade melhorada:<\/h3><ul class=\"wp-block-list\"><li>Permite chamadas 2G e 4G (VoLTE), garantindo uma comunica\u00e7\u00e3o fi\u00e1vel em qualquer ambiente de rede.<\/li><\/ul><h3 class=\"wp-block-heading\">Convers\u00e3o DTMF para digital melhorada:<\/h3><ul class=\"wp-block-list\"><li>Maior capacidade para converter sinais multifrequ\u00eancia de duplo tom (DTMF) para formato digital com maior precis\u00e3o.<\/li><li>Garante a fiabilidade e a precis\u00e3o da comunica\u00e7\u00e3o, o que \u00e9 particularmente importante em situa\u00e7\u00f5es de emerg\u00eancia em que a transmiss\u00e3o exata da informa\u00e7\u00e3o \u00e9 vital.<\/li><\/ul><h3 class=\"wp-block-heading\">Compatibilidade com telefones de emerg\u00eancia anal\u00f3gicos:<\/h3><ul class=\"wp-block-list\"><li>Suporta at\u00e9 4 telefones anal\u00f3gicos MEMCO\/MICROKEY, facilitando a transi\u00e7\u00e3o a partir de PSTN.<\/li><\/ul><h3 class=\"wp-block-heading\">Tecnologia preparada para o futuro:<\/h3><ul class=\"wp-block-list\"><li>O 4G MK-930 garante estabilidade e fiabilidade a longo prazo atrav\u00e9s da integra\u00e7\u00e3o de tecnologia avan\u00e7ada.<\/li><li>Adota o mais recente protocolo IoT, MQTT, permitindo uma comunica\u00e7\u00e3o perfeita com sistemas IoT, mantendo-se preparado para o futuro.<\/li><li>A cifragem TLS refor\u00e7a a seguran\u00e7a dos dados, garantindo um funcionamento cont\u00ednuo e seguro ao longo do tempo.<\/li><\/ul><h3 class=\"wp-block-heading\">Cumplimiento normativo:<\/h3><ul class=\"wp-block-list\"><li>Recebe, regista e visualiza diversos incidentes relacionados com elevadores, garantindo a conformidade com normas como a EN 81-28.<\/li><li>A convers\u00e3o modernizada de DTMF para digital melhora a precis\u00e3o dos dados para os requisitos de monitoriza\u00e7\u00e3o e conformidade.<\/li><\/ul><p>Quer esteja a preparar-se para a transi\u00e7\u00e3o de PSTN anal\u00f3gica para digital ou a antecipar altera\u00e7\u00f5es de rede, como o fim dos servi\u00e7os 2G, o 4G MK-930 \u00e9 a sua solu\u00e7\u00e3o preparada para o futuro.<\/p>\n            <\/div>\n                    <div class=\"doo-tab-content \">\n                <p><strong>MK-930-4GM10-010-A-00<\/strong> Enlace Universal 4G 930 EMEA<\/p>\n            <\/div>\n            <\/div>\n<\/div>","protected":false},"featured_media":4377,"template":"","meta":{"_eb_attr":"","inline_featured_image":false,"doo-cf-type":"main","footnotes":""},"market":[],"product_cat":[112],"brand":[],"country":[],"class_list":["post-4373","product","type-product","status-publish","has-post-thumbnail","hentry","product_cat-telefonos-analogicos-de-emergencia"],"_links":{"self":[{"href":"https:\/\/www.avire-global.com\/pt\/wp-json\/wp\/v2\/product\/4373","targetHints":{"allow":["GET"]}}],"collection":[{"href":"https:\/\/www.avire-global.com\/pt\/wp-json\/wp\/v2\/product"}],"about":[{"href":"https:\/\/www.avire-global.com\/pt\/wp-json\/wp\/v2\/types\/product"}],"version-history":[{"count":4,"href":"https:\/\/www.avire-global.com\/pt\/wp-json\/wp\/v2\/product\/4373\/revisions"}],"predecessor-version":[{"id":11511,"href":"https:\/\/www.avire-global.com\/pt\/wp-json\/wp\/v2\/product\/4373\/revisions\/11511"}],"wp:featuredmedia":[{"embeddable":true,"href":"https:\/\/www.avire-global.com\/pt\/wp-json\/wp\/v2\/media\/4377"}],"wp:attachment":[{"href":"https:\/\/www.avire-global.com\/pt\/wp-json\/wp\/v2\/media?parent=4373"}],"wp:term":[{"taxonomy":"market","embeddable":true,"href":"https:\/\/www.avire-global.com\/pt\/wp-json\/wp\/v2\/market?post=4373"},{"taxonomy":"product_cat","embeddable":true,"href":"https:\/\/www.avire-global.com\/pt\/wp-json\/wp\/v2\/product_cat?post=4373"},{"taxonomy":"brand","embeddable":true,"href":"https:\/\/www.avire-global.com\/pt\/wp-json\/wp\/v2\/brand?post=4373"},{"taxonomy":"country","embeddable":true,"href":"https:\/\/www.avire-global.com\/pt\/wp-json\/wp\/v2\/country?post=4373"}],"curies":[{"name":"wp","href":"https:\/\/api.w.org\/{rel}","templated":true}]}}