{"id":1341,"date":"2023-08-31T05:18:50","date_gmt":"2023-08-31T05:18:50","guid":{"rendered":"https:\/\/www.avire-global.com\/pt\/product\/%product_cat%\/universal-gateway\/"},"modified":"2026-01-08T12:45:19","modified_gmt":"2026-01-08T10:45:19","slug":"enlace-universal","status":"publish","type":"product","link":"https:\/\/www.avire-global.com\/pt\/producto\/telefonos-de-emergencia-para-ascensores\/enlace-universal\/","title":{"rendered":"Enlace Universal MK-830"},"content":{"rendered":"\n<p class=\"has-font-24-font-size\">Este producto ha llegado al final de su vida \u00fatil y ha sido reemplazado por <a href=\"https:\/\/www.avire-global.com\/pt\/producto\/telefonos-de-emergencia-para-ascensores\/4g-enlace-universal-mk930\/\">4G Enlace Universal MK-930 &#8211; Avire | es<\/a><\/p>\n\n\n\n<div class=\"wp-block-doo-tabs-block alignwide\">\n\t<div class=\"doo-tabs-container\">\n\t\t<div class=\"doo-tabs-titles\">\n\t\t\t\t\t\t\t<button class=\"doo-tab-title active\" \n\t\t\t\t\t\tdata-tab-index=\"0\">\n\t\t\t\t\tSpecs\t\t\t\t<\/button>\n\t\t\t\t\t\t\t<button class=\"doo-tab-title \" \n\t\t\t\t\t\tdata-tab-index=\"1\">\n\t\t\t\t\tInformaci\u00f3n para pedidos\t\t\t\t<\/button>\n\t\t\t\t\t<\/div>\n\t<\/div>\n    \n    <div class=\"doo-tabs-content\">\n                    <div class=\"doo-tab-content active\">\n                <p><strong>Alimentaci\u00f3n<\/strong> 100 o 240 VAC<br \/><strong>Consumo<\/strong> 1.6 a 5 VA<br \/><strong>Bateria interna<\/strong> 7.5 V, 600 mAh, 9 hr<br \/><strong>Conexiones <\/strong>RJ-11<br \/><strong>Redes<\/strong> 2G o 3G<br \/><strong>Temp. Oper.<\/strong> -40 to +85 oC<br \/><strong>Dimensiones<\/strong> 210 x 110 x 65 mm<\/p>\n            <\/div>\n                    <div class=\"doo-tab-content \">\n                <p><strong>MK-0830-00<\/strong> 2G Enlace m\u00f3vil universal (montado en la sala de m\u00e1quinas)<br \/><strong>MK-0830-10<\/strong> 3G Enlace m\u00f3vil universal (montado en la sala de m\u00e1quinas)<br \/><strong>453 211ML <\/strong>Tel\u00e9fono de emergencia Memcom<br \/><strong>MK852<\/strong> Tel\u00e9fono de emergencia MK852<br \/><strong>MK-999-xx<\/strong> Accesorio de antena<br \/><strong>MK892-AET01-100-0-0L<\/strong> M\u00f3dulo M\u00f3dulo de Trifon\u00eda LPBus de 1 Bot\u00f3n<\/p>\n            <\/div>\n            <\/div>\n<\/div>","protected":false},"featured_media":3304,"template":"","meta":{"_eb_attr":"","inline_featured_image":false,"doo-cf-type":"legacy","footnotes":""},"market":[],"product_cat":[26],"brand":[],"country":[],"class_list":["post-1341","product","type-product","status-publish","has-post-thumbnail","hentry","product_cat-telefonos-de-emergencia-para-ascensores"],"_links":{"self":[{"href":"https:\/\/www.avire-global.com\/pt\/wp-json\/wp\/v2\/product\/1341","targetHints":{"allow":["GET"]}}],"collection":[{"href":"https:\/\/www.avire-global.com\/pt\/wp-json\/wp\/v2\/product"}],"about":[{"href":"https:\/\/www.avire-global.com\/pt\/wp-json\/wp\/v2\/types\/product"}],"version-history":[{"count":5,"href":"https:\/\/www.avire-global.com\/pt\/wp-json\/wp\/v2\/product\/1341\/revisions"}],"predecessor-version":[{"id":10589,"href":"https:\/\/www.avire-global.com\/pt\/wp-json\/wp\/v2\/product\/1341\/revisions\/10589"}],"wp:featuredmedia":[{"embeddable":true,"href":"https:\/\/www.avire-global.com\/pt\/wp-json\/wp\/v2\/media\/3304"}],"wp:attachment":[{"href":"https:\/\/www.avire-global.com\/pt\/wp-json\/wp\/v2\/media?parent=1341"}],"wp:term":[{"taxonomy":"market","embeddable":true,"href":"https:\/\/www.avire-global.com\/pt\/wp-json\/wp\/v2\/market?post=1341"},{"taxonomy":"product_cat","embeddable":true,"href":"https:\/\/www.avire-global.com\/pt\/wp-json\/wp\/v2\/product_cat?post=1341"},{"taxonomy":"brand","embeddable":true,"href":"https:\/\/www.avire-global.com\/pt\/wp-json\/wp\/v2\/brand?post=1341"},{"taxonomy":"country","embeddable":true,"href":"https:\/\/www.avire-global.com\/pt\/wp-json\/wp\/v2\/country?post=1341"}],"curies":[{"name":"wp","href":"https:\/\/api.w.org\/{rel}","templated":true}]}}