{"id":1338,"date":"2023-08-31T05:18:50","date_gmt":"2023-08-31T05:18:50","guid":{"rendered":"https:\/\/www.avire-global.com\/pt\/product\/%product_cat%\/memcom-accessories-multi-point-station-mps\/"},"modified":"2026-01-28T14:17:17","modified_gmt":"2026-01-28T14:17:17","slug":"accesorios-memcom-estacion-multipunto-mps","status":"publish","type":"product","link":"https:\/\/www.avire-global.com\/pt\/producto\/accesorios\/accesorios-memcom-estacion-multipunto-mps\/","title":{"rendered":"MK892 M\u00f3dulo de \u00e1udio para montagem em superf\u00edcie"},"content":{"rendered":"\n<div class=\"wp-block-doo-tabs-block alignwide\">\n\t<div class=\"doo-tabs-container\">\n\t\t<div class=\"doo-tabs-titles\">\n\t\t\t\t\t\t\t<button class=\"doo-tab-title active\" \n\t\t\t\t\t\tdata-tab-index=\"0\">\n\t\t\t\t\tInforma\u00e7\u00e3o para Encomendas\t\t\t\t<\/button>\n\t\t\t\t\t<\/div>\n\t<\/div>\n    \n    <div class=\"doo-tabs-content\">\n                    <div class=\"doo-tab-content active\">\n                <p><strong>MK892-AES07-100-0-0L: <\/strong>Modulo de audio para montaje en superficie<\/p>\n            <\/div>\n            <\/div>\n<\/div>","protected":false},"featured_media":10787,"template":"","meta":{"_eb_attr":"","inline_featured_image":false,"doo-cf-type":"accessory","footnotes":""},"market":[],"product_cat":[113],"brand":[],"country":[],"class_list":["post-1338","product","type-product","status-publish","has-post-thumbnail","hentry","product_cat-accesorios"],"_links":{"self":[{"href":"https:\/\/www.avire-global.com\/pt\/wp-json\/wp\/v2\/product\/1338","targetHints":{"allow":["GET"]}}],"collection":[{"href":"https:\/\/www.avire-global.com\/pt\/wp-json\/wp\/v2\/product"}],"about":[{"href":"https:\/\/www.avire-global.com\/pt\/wp-json\/wp\/v2\/types\/product"}],"version-history":[{"count":4,"href":"https:\/\/www.avire-global.com\/pt\/wp-json\/wp\/v2\/product\/1338\/revisions"}],"predecessor-version":[{"id":11525,"href":"https:\/\/www.avire-global.com\/pt\/wp-json\/wp\/v2\/product\/1338\/revisions\/11525"}],"wp:featuredmedia":[{"embeddable":true,"href":"https:\/\/www.avire-global.com\/pt\/wp-json\/wp\/v2\/media\/10787"}],"wp:attachment":[{"href":"https:\/\/www.avire-global.com\/pt\/wp-json\/wp\/v2\/media?parent=1338"}],"wp:term":[{"taxonomy":"market","embeddable":true,"href":"https:\/\/www.avire-global.com\/pt\/wp-json\/wp\/v2\/market?post=1338"},{"taxonomy":"product_cat","embeddable":true,"href":"https:\/\/www.avire-global.com\/pt\/wp-json\/wp\/v2\/product_cat?post=1338"},{"taxonomy":"brand","embeddable":true,"href":"https:\/\/www.avire-global.com\/pt\/wp-json\/wp\/v2\/brand?post=1338"},{"taxonomy":"country","embeddable":true,"href":"https:\/\/www.avire-global.com\/pt\/wp-json\/wp\/v2\/country?post=1338"}],"curies":[{"name":"wp","href":"https:\/\/api.w.org\/{rel}","templated":true}]}}