{"id":1327,"date":"2023-08-31T05:18:50","date_gmt":"2023-08-31T05:18:50","guid":{"rendered":"https:\/\/www.avire-global.com\/pt\/product\/%product_cat%\/dcp-accessories-wiring-looms\/"},"modified":"2026-01-28T14:14:10","modified_gmt":"2026-01-28T14:14:10","slug":"accesorios-mk775-arneses-de-cables-unidad-de-audio-digital","status":"publish","type":"product","link":"https:\/\/www.avire-global.com\/pt\/producto\/accesorios\/accesorios-mk775-arneses-de-cables-unidad-de-audio-digital\/","title":{"rendered":"Cabos de liga\u00e7\u00e3o para m\u00f3dulos de comunica\u00e7\u00e3o"},"content":{"rendered":"","protected":false},"featured_media":3061,"template":"","meta":{"_eb_attr":"","inline_featured_image":false,"doo-cf-type":"accessory","footnotes":""},"market":[],"product_cat":[113],"brand":[],"country":[],"class_list":["post-1327","product","type-product","status-publish","has-post-thumbnail","hentry","product_cat-accesorios"],"_links":{"self":[{"href":"https:\/\/www.avire-global.com\/pt\/wp-json\/wp\/v2\/product\/1327","targetHints":{"allow":["GET"]}}],"collection":[{"href":"https:\/\/www.avire-global.com\/pt\/wp-json\/wp\/v2\/product"}],"about":[{"href":"https:\/\/www.avire-global.com\/pt\/wp-json\/wp\/v2\/types\/product"}],"version-history":[{"count":4,"href":"https:\/\/www.avire-global.com\/pt\/wp-json\/wp\/v2\/product\/1327\/revisions"}],"predecessor-version":[{"id":11522,"href":"https:\/\/www.avire-global.com\/pt\/wp-json\/wp\/v2\/product\/1327\/revisions\/11522"}],"wp:featuredmedia":[{"embeddable":true,"href":"https:\/\/www.avire-global.com\/pt\/wp-json\/wp\/v2\/media\/3061"}],"wp:attachment":[{"href":"https:\/\/www.avire-global.com\/pt\/wp-json\/wp\/v2\/media?parent=1327"}],"wp:term":[{"taxonomy":"market","embeddable":true,"href":"https:\/\/www.avire-global.com\/pt\/wp-json\/wp\/v2\/market?post=1327"},{"taxonomy":"product_cat","embeddable":true,"href":"https:\/\/www.avire-global.com\/pt\/wp-json\/wp\/v2\/product_cat?post=1327"},{"taxonomy":"brand","embeddable":true,"href":"https:\/\/www.avire-global.com\/pt\/wp-json\/wp\/v2\/brand?post=1327"},{"taxonomy":"country","embeddable":true,"href":"https:\/\/www.avire-global.com\/pt\/wp-json\/wp\/v2\/country?post=1327"}],"curies":[{"name":"wp","href":"https:\/\/api.w.org\/{rel}","templated":true}]}}