{"id":11157,"date":"2026-01-08T15:45:17","date_gmt":"2026-01-08T13:45:17","guid":{"rendered":"https:\/\/www.avire-global.com\/pt\/?post_type=product&#038;p=11157"},"modified":"2026-01-28T14:33:42","modified_gmt":"2026-01-28T14:33:42","slug":"sistema-de-deteccion-3d-de-puertas-de-ascensor","status":"publish","type":"product","link":"https:\/\/www.avire-global.com\/pt\/producto\/cortinas-de-luz-por-ir\/sistema-de-deteccion-3d-de-puertas-de-ascensor\/","title":{"rendered":"Sistema de dete\u00e7\u00e3o 3D de portas de elevador"},"content":{"rendered":"<div class=\"wp-block-doo-block-systemeu-hero\">\n\t<div class=\"systemeu-hero\">\r\n\t<div class=\"wp-block-columns\">\r\n\t\t<div class=\"wp-block-column\">\r\n\t\t\t<div class=\"image\">\r\n\t\t\t\t<img decoding=\"async\" width=\"768\" height=\"432\" src=\"https:\/\/www.avire-global.com\/pt\/wp-content\/uploads\/sites\/27\/2026\/01\/Smart-3D-System-1-768x432-1.png\" class=\"attachment-large size-large wp-post-image\" alt=\"\" srcset=\"https:\/\/www.avire-global.com\/pt\/wp-content\/uploads\/sites\/27\/2026\/01\/Smart-3D-System-1-768x432-1.png 768w, https:\/\/www.avire-global.com\/pt\/wp-content\/uploads\/sites\/27\/2026\/01\/Smart-3D-System-1-768x432-1-300x169.png 300w\" sizes=\"(max-width: 768px) 100vw, 768px\" title=\"\">\t\t\t<\/div>\r\n\t\t<\/div>\r\n\t\t<div class=\"wp-block-column\">\r\n\t\t\t\t\t\t\t<div class=\"label\">Cortinas de luz<\/div>\r\n\t\t\t\t\t\t\t<h1 class=\"title\">Sistema de dete\u00e7\u00e3o 3D de portas de elevador<\/h1>\r\n\t\t\t\t\t\t\t\t\t\t<div class=\"standards\">\r\n\t\t\t\t\t<div class=\"text\">Conforme com<\/div>\r\n\t\t\t\t\t<div class=\"content\">\r\n\t\t\t\t\t\t\t\t\t\t\t\t\t<div class=\"item\">\r\n\t\t\t\t\t\t\t\t<div>\r\n\t\t\t\t\t\t\t\t\t<div class=\"image-standard\">\r\n\t\t\t\t\t\t\t\t\t\t\t\t\t\t\t\t\t\t\t<\/div>\r\n\t\t\t\t\t\t\t\t\t<span>\r\n\t\t\t\t\t\t\t\t\t\tEN 81-20\t\t\t\t\t\t\t\t\t<\/span>\r\n\t\t\t\t\t\t\t\t<\/div>\r\n\t\t\t\t\t\t\t\t<div class=\"doo-link\">\r\n\t\t\t\t\t\t\t\t\t<a href=\"https:\/\/www.avire-global.com\/pt\/standard\/en-81-20\/\">Ler excerto<\/a>\r\n\t\t\t\t\t\t\t\t<\/div>\r\n\t\t\t\t\t\t\t<\/div>\r\n\t\t\t\t\t\t\t\t\t\t\t\t<\/div>\r\n\t\t\t\t<\/div>\r\n\t\t\t\t\t\t\t<div class=\"wp-block-buttons\">\r\n\t\t\t\t\t\t\t\t\t\t<div class=\"wp-block-button\"><a class =\"wp-block-button__link\" href=\"#contact\">Kontakt<\/a><\/div>\r\n\t\t\t\t\t\t\t\t\t\t\t\t\t<div class=\"wp-block-button secondary\"><a class =\"wp-block-button__link\" href=\"https:\/\/www.avire-global.com\/pt\/catalogos\/\">Katalog<\/a><\/div>\r\n\t\t\t\t\t\t\t\t\t\t<\/div>\r\n\t\t<\/div>\r\n\t<\/div>\r\n<\/div>\r\n<\/div>\n\n\n<div class=\"custom-slider-container has-items\">\n\t\t\t<div class=\"custom-slider\">\n\t\t\t<div class=\"swiper-container main-slider\">\n\t\t\t\t<div class=\"swiper-wrapper\">\n\t\t\t\t\t\t\t\t\t\t\t<div class=\"swiper-slide image cover-r\">\n\t\t\t\t\t\t\t\t\t\t\t\t\t\t\t<img decoding=\"async\" src=\"https:\/\/www.avire-global.com\/de\/wp-content\/uploads\/sites\/14\/2026\/01\/Smart-3D-System-2.png\" alt=\"\" class=\"slider-image\" title=\"\">\n\t\t\t\t\t\t\t\t\t\t\t\t\t\t<\/div>\n\t\t\t\t\t\t\t\t\t\t<\/div>\n\t\t\t<\/div>\n\n\t\t\t<div class=\"bottom\">\n\t\t\t\t<div class=\"swiper-container thumb-slider\">\n\t\t\t\t\t<div class=\"swiper-wrapper\">\n\t\t\t\t\t\t\t\t\t\t\t\t\t<div class=\"swiper-slide\">\n\t\t\t\t\t\t\t\t\t\t\t\t\t\t\t\t\t<img decoding=\"async\" src=\"https:\/\/www.avire-global.com\/de\/wp-content\/uploads\/sites\/14\/2026\/01\/Smart-3D-System-2.png\" alt=\"\" class=\"thumb-image\" title=\"\">\n\t\t\t\t\t\t\t\t\t\t\t\t\t\t\t<\/div>\n\t\t\t\t\t\t\t\t\t\t\t<\/div>\n\t\t\t\t<\/div>\n\t\t\t\t<div class=\"buttons\">\n\t\t\t\t\t<div class=\"swiper-button-prev\"><\/div>\n\t\t\t\t\t<div class=\"swiper-button-next\"><\/div>\n\t\t\t\t<\/div>\n\t\t\t<\/div>\n\t\t<\/div>\n\t\t\t\t<div class=\"slider-content\">\n        \t<h2>Vis\u00e3o geral<\/h2>\n        \t<div class=\"slider-text\">\n\t\t\t\t\n<div class=\"wp-block-doo-block-system-overview\"><div class=\"gallery-content\">\n<p>A seguran\u00e7a nos elevadores come\u00e7a com uma dete\u00e7\u00e3o fi\u00e1vel das portas. O avan\u00e7ado sistema de dete\u00e7\u00e3o 3D de portas de elevador da AVIRE combina cortinas de luz de elevado desempenho, tecnologia inteligente de radar 3D e uma potente plataforma de controlo para proteger os passageiros e reduzir os custos operacionais. Concebido para elevadores modernos de passageiros, o sistema garante uma dete\u00e7\u00e3o precisa de obst\u00e1culos nas portas e de pessoas em aproxima\u00e7\u00e3o, com uma redu\u00e7\u00e3o significativa de falsas ativa\u00e7\u00f5es, mesmo em ambientes exigentes.<\/p>\n<\/div><\/div>\n\t\t\t<\/div>\n\t\t\t<div class=\"wp-block-buttons\">\n\t\t\t\t\t\t\t<\/div>\n\t\t<\/div>\n\t<\/div>\n\n\n\n<div class=\"wp-block-columns is-layout-flex wp-container-core-columns-is-layout-44dbfb99 wp-block-columns-is-layout-flex\">\n<div class=\"wp-block-column is-layout-flow wp-container-core-column-is-layout-7dd55475 wp-block-column-is-layout-flow\" style=\"border-radius:10px;padding-top:var(--wp--preset--spacing--fluid-0-16);padding-right:var(--wp--preset--spacing--fluid-0-16);padding-bottom:var(--wp--preset--spacing--fluid-0-16);padding-left:var(--wp--preset--spacing--fluid-0-16)\">\n<h2 class=\"wp-block-heading has-text-align-center has-luminous-vivid-orange-color has-text-color has-link-color wp-elements-68f413eed27f9f2603c711aa341ac56d\" style=\"margin-top:var(--wp--preset--spacing--fluid-0-24);margin-bottom:var(--wp--preset--spacing--fluid-0-24)\">Sistema de dete\u00e7\u00e3o 3D de portas de elevador: m\u00e1xima seguran\u00e7a para os passageiros e funcionamento fi\u00e1vel<\/h2>\n\n\n\n<div style=\"height:35px\" aria-hidden=\"true\" class=\"wp-block-spacer\"><\/div>\n\n\n\n<div class=\"wp-block-columns has-neutral-bg-05-background-color has-background is-layout-flex wp-container-core-columns-is-layout-8665ad02 wp-block-columns-is-layout-flex\" style=\"padding-top:var(--wp--preset--spacing--fluid-0-16);padding-right:var(--wp--preset--spacing--fluid-0-16);padding-bottom:var(--wp--preset--spacing--fluid-0-16);padding-left:var(--wp--preset--spacing--fluid-0-16)\">\n<div class=\"wp-block-column is-layout-flow wp-block-column-is-layout-flow\" style=\"padding-top:var(--wp--preset--spacing--fluid-0-16);padding-bottom:var(--wp--preset--spacing--fluid-0-16);flex-basis:50%\">\n<figure class=\"wp-block-image aligncenter size-thumbnail is-resized\"><img decoding=\"async\" src=\"https:\/\/www.avire-global.com\/de\/wp-content\/uploads\/sites\/14\/2023\/09\/Detector_Smart-3D_-SMART-3DS-S-01-000_2023.5-150x150.png\" alt=\"3D-Aufzugst\u00fcr-Erkennungssystem\" class=\"wp-image-2767\" style=\"width:208px;height:auto\" title=\"\"><\/figure>\n<\/div>\n\n\n\n<div class=\"wp-block-column is-layout-flow wp-block-column-is-layout-flow\" style=\"padding-top:var(--wp--preset--spacing--fluid-0-16);padding-right:var(--wp--preset--spacing--fluid-0-16);padding-bottom:var(--wp--preset--spacing--fluid-0-16);padding-left:var(--wp--preset--spacing--fluid-0-16);flex-basis:50%\">\n<div class=\"wp-block-group has-global-padding is-layout-constrained wp-block-group-is-layout-constrained\">\n<h3 class=\"wp-block-heading\">Sensor Smart 3D<\/h3>\n\n\n\n<ul class=\"wp-block-list\">\n<li>Redu\u00e7\u00e3o de falsas ativa\u00e7\u00f5es, insens\u00edvel \u00e0 luz ambiente e \u00e0s reflex\u00f5es<\/li>\n\n\n\n<li>Diferencia\u00e7\u00e3o entre tr\u00e1fego de passagem e pessoas em aproxima\u00e7\u00e3o, para um fluxo de passageiros otimizado e respostas mais r\u00e1pidas do elevador<\/li>\n\n\n\n<li>Ignora objetos estacion\u00e1rios dentro da \u00e1rea de dete\u00e7\u00e3o e evita chamadas desnecess\u00e1rias do elevador<\/li>\n\n\n\n<li>Prote\u00e7\u00e3o completa dos passageiros em combina\u00e7\u00e3o com as cortinas de luz Panachrome+<\/li>\n<\/ul>\n\n\n\n<div class=\"wp-block-buttons is-content-justification-left is-layout-flex wp-container-core-buttons-is-layout-452a2f19 wp-block-buttons-is-layout-flex\" style=\"padding-top:var(--wp--preset--spacing--fluid-0-24);padding-bottom:var(--wp--preset--spacing--fluid-0-24)\">\n<div class=\"wp-block-button\"><a class=\"wp-block-button__link has-primary-70-color has-neutral-0-background-color has-text-color has-background has-link-color has-border-color wp-element-button\" href=\"https:\/\/www.avire-global.com\/pt\/producto\/cortinas-de-luz-por-ir\/lift-light-curtains-smart-3d\/\" style=\"border-color:#ff6900;border-radius:10px\">Ver produto<\/a><\/div>\n<\/div>\n<\/div>\n<\/div>\n<\/div>\n\n\n\n<div class=\"wp-block-columns has-neutral-bg-05-background-color has-background is-layout-flex wp-container-core-columns-is-layout-28f84493 wp-block-columns-is-layout-flex\">\n<div class=\"wp-block-column is-layout-flow wp-block-column-is-layout-flow\" style=\"flex-basis:50%\">\n<figure class=\"wp-block-image aligncenter size-thumbnail is-resized\"><img decoding=\"async\" src=\"https:\/\/www.avire-global.com\/de\/wp-content\/uploads\/sites\/14\/2025\/12\/Square-product-People-150x150.png\" alt=\"\" class=\"wp-image-11042\" style=\"width:260px;height:auto\" title=\"\"><\/figure>\n<\/div>\n\n\n\n<div class=\"wp-block-column is-layout-flow wp-block-column-is-layout-flow\" style=\"flex-basis:50%\">\n<div class=\"wp-block-group has-global-padding is-layout-constrained wp-block-group-is-layout-constrained\">\n<h3 class=\"wp-block-heading\">Cortina de luz Panachrome+<\/h3>\n\n\n\n<ul class=\"wp-block-list\">\n<li>Cortina densa de feixes infravermelhos para uma prote\u00e7\u00e3o precisa do bordo de fecho da porta<\/li>\n\n\n\n<li>Indicador LED vermelho\/verde que visualiza o movimento da porta em tempo real e refor\u00e7a a consciencializa\u00e7\u00e3o para a seguran\u00e7a<\/li>\n\n\n\n<li>Dispon\u00edvel como detetor 2D e 3D, para ampliar a \u00e1rea de prote\u00e7\u00e3o at\u00e9 \u00e0 zona de aproxima\u00e7\u00e3o e acesso<\/li>\n\n\n\n<li>Em conformidade com as normas de seguran\u00e7a EN 81-20 e EN 81-70<\/li>\n\n\n\n<li>Perfis flex\u00edveis (10 mm e 43 mm) para portas de elevador de abertura central e lateral<\/li>\n<\/ul>\n\n\n\n<div class=\"wp-block-buttons is-content-justification-left is-layout-flex wp-container-core-buttons-is-layout-452a2f19 wp-block-buttons-is-layout-flex\" style=\"padding-top:var(--wp--preset--spacing--fluid-0-24);padding-bottom:var(--wp--preset--spacing--fluid-0-24)\">\n<div class=\"wp-block-button\"><a class=\"wp-block-button__link has-primary-70-color has-neutral-0-background-color has-text-color has-background has-link-color has-border-color wp-element-button\" href=\"https:\/\/www.avire-global.com\/pt\/producto\/cortinas-de-luz-por-ir\/cortinas-de-luz-panachrome\/\" style=\"border-color:#ff6900;border-radius:10px\">Ver produto<\/a><\/div>\n<\/div>\n<\/div>\n<\/div>\n<\/div>\n\n\n\n<div class=\"wp-block-columns has-neutral-bg-05-background-color has-background is-layout-flex wp-container-core-columns-is-layout-28f84493 wp-block-columns-is-layout-flex\">\n<div class=\"wp-block-column is-layout-flow wp-block-column-is-layout-flow\" style=\"flex-basis:50%\">\n<figure class=\"wp-block-image aligncenter size-thumbnail is-resized\"><img decoding=\"async\" src=\"https:\/\/www.avire-global.com\/de\/wp-content\/uploads\/sites\/14\/2026\/01\/Detector_Panachrome-controller_G3851-000_2023.2-150x150.png\" alt=\"\" class=\"wp-image-11098\" style=\"width:200px;height:auto\" title=\"\"><\/figure>\n<\/div>\n\n\n\n<div class=\"wp-block-column is-layout-flow wp-block-column-is-layout-flow\" style=\"flex-basis:50%\">\n<div class=\"wp-block-group has-global-padding is-layout-constrained wp-block-group-is-layout-constrained\">\n<h3 class=\"wp-block-heading\">Controlador Panachrome+<\/h3>\n\n\n\n<ul class=\"wp-block-list\">\n<li>Compatibilidade universal com detetores Panachrome+ 2D e 3D<\/li>\n\n\n\n<li>Ecr\u00e3 e teclado integrados para configura\u00e7\u00e3o e diagn\u00f3stico diretamente no local<\/li>\n\n\n\n<li>Liga\u00e7\u00e3o CAN-bus para uma integra\u00e7\u00e3o fluida com o AVIRE HUB<\/li>\n\n\n\n<li>Atualiza\u00e7\u00f5es remotas de firmware e an\u00e1lise de dados para reduzir as interven\u00e7\u00f5es de manuten\u00e7\u00e3o<\/li>\n<\/ul>\n<\/div>\n<\/div>\n<\/div>\n<\/div>\n<\/div>\n\n\n\n<div class=\"product-main wp-block-doo-block-systemeu-frame\">\n\t<div class=\"list-products product-main\">\n\t\t<h2><\/h2>\n\t\t<div class=\"list-products-content\">\n\t\t\t\t\t\t<div class=\"product item tab-27\">\n\t\t\t\t<div class=\"image\"><img decoding=\"async\" width=\"768\" height=\"768\" src=\"https:\/\/www.avire-global.com\/pt\/wp-content\/uploads\/sites\/27\/2023\/07\/2-1-768x768.png\" class=\"attachment-medium_large size-medium_large wp-post-image\" alt=\"\" srcset=\"https:\/\/www.avire-global.com\/pt\/wp-content\/uploads\/sites\/27\/2023\/07\/2-1-768x768.png 768w, https:\/\/www.avire-global.com\/pt\/wp-content\/uploads\/sites\/27\/2023\/07\/2-1-300x300.png 300w, https:\/\/www.avire-global.com\/pt\/wp-content\/uploads\/sites\/27\/2023\/07\/2-1-1024x1024.png 1024w, https:\/\/www.avire-global.com\/pt\/wp-content\/uploads\/sites\/27\/2023\/07\/2-1-150x150.png 150w, https:\/\/www.avire-global.com\/pt\/wp-content\/uploads\/sites\/27\/2023\/07\/2-1.png 1200w\" sizes=\"(max-width: 768px) 100vw, 768px\" title=\"\"><\/div>\n\t\t\t\t\t\t\t\t<div class=\"content\">\n\t\t\t\t\t<div>\n\t\t\t\t\t\t<div class=\"title title-color\">Cortina de luz Panachrome+<\/div>\n\t\t\t\t\t\t<div class=\"description\">As cortinas de luz Panachrome+ com indicadores vermelhos\/verdes detetam o movimento e aumentam a seguran\u00e7a no elevador. A dete\u00e7\u00e3o 3D amplia a prote\u00e7\u00e3o dos passageiros no patamar e o diagn\u00f3stico remoto reduz acidentes e chamadas de emerg\u00eancia, garantindo tamb\u00e9m a poupan\u00e7a energ\u00e9tica.<\/div>\n\t\t\t\t\t<\/div>\n\t\t\t\t\t<div class=\"bottom\">\n\t\t\t\t\t\t\t\t\t\t\t\t\t<div class=\"doo-link\"><a href=\"https:\/\/www.avire-global.com\/pt\/producto\/cortinas-de-luz-por-ir\/cortinas-de-luz-panachrome\/\">Ver produto<\/a><\/div>\n\t\t\t\t\t\t\t\t\t\t\t\t\t<div class=\"brands\"><\/div>\n\t\t\t\t\t<\/div>\n\t\t\t\t<\/div>\n\t\t\t<\/div>\n\t\t\t\t\t\t<div class=\"product item tab-27\">\n\t\t\t\t<div class=\"image\"><img decoding=\"async\" width=\"768\" height=\"768\" src=\"https:\/\/www.avire-global.com\/pt\/wp-content\/uploads\/sites\/27\/2023\/07\/3-768x768.png\" class=\"attachment-medium_large size-medium_large wp-post-image\" alt=\"\" srcset=\"https:\/\/www.avire-global.com\/pt\/wp-content\/uploads\/sites\/27\/2023\/07\/3-768x768.png 768w, https:\/\/www.avire-global.com\/pt\/wp-content\/uploads\/sites\/27\/2023\/07\/3-300x300.png 300w, https:\/\/www.avire-global.com\/pt\/wp-content\/uploads\/sites\/27\/2023\/07\/3-1024x1024.png 1024w, https:\/\/www.avire-global.com\/pt\/wp-content\/uploads\/sites\/27\/2023\/07\/3-150x150.png 150w, https:\/\/www.avire-global.com\/pt\/wp-content\/uploads\/sites\/27\/2023\/07\/3.png 1200w\" sizes=\"(max-width: 768px) 100vw, 768px\" title=\"\"><\/div>\n\t\t\t\t\t\t\t\t<div class=\"content\">\n\t\t\t\t\t<div>\n\t\t\t\t\t\t<div class=\"title title-color\">Sensor Smart 3D<\/div>\n\t\t\t\t\t\t<div class=\"description\">Este inovador detetor de elevadores 3D para as cortinas de luz Panachrome+ da reconhecida marca MEMCO incorpora tecnologia de radar de micro-ondas e infravermelhos 2D. Para al\u00e9m da sua elevada qualidade, a dete\u00e7\u00e3o 3D avan\u00e7ada evita falsas ativa\u00e7\u00f5es, detetando reflexos no ambiente e no piso, objetos im\u00f3veis, vestu\u00e1rio escuro e tr\u00e1fego cruzado.<\/div>\n\t\t\t\t\t<\/div>\n\t\t\t\t\t<div class=\"bottom\">\n\t\t\t\t\t\t\t\t\t\t\t\t\t<div class=\"doo-link\"><a href=\"https:\/\/www.avire-global.com\/pt\/producto\/cortinas-de-luz-por-ir\/lift-light-curtains-smart-3d\/\">Ver produto<\/a><\/div>\n\t\t\t\t\t\t\t\t\t\t\t\t\t<div class=\"brands\"><\/div>\n\t\t\t\t\t<\/div>\n\t\t\t\t<\/div>\n\t\t\t<\/div>\n\t\t\t\t\t<\/div>\n\t<\/div>\n<\/div>\n","protected":false},"featured_media":11158,"template":"product-with-patterns-system","meta":{"_eb_attr":"","inline_featured_image":false,"doo-cf-type":"system","footnotes":""},"market":[29],"product_cat":[27],"brand":[],"country":[],"class_list":["post-11157","product","type-product","status-publish","has-post-thumbnail","hentry","market-modernizacion-de-ascensores","product_cat-cortinas-de-luz-por-ir"],"_links":{"self":[{"href":"https:\/\/www.avire-global.com\/pt\/wp-json\/wp\/v2\/product\/11157","targetHints":{"allow":["GET"]}}],"collection":[{"href":"https:\/\/www.avire-global.com\/pt\/wp-json\/wp\/v2\/product"}],"about":[{"href":"https:\/\/www.avire-global.com\/pt\/wp-json\/wp\/v2\/types\/product"}],"version-history":[{"count":4,"href":"https:\/\/www.avire-global.com\/pt\/wp-json\/wp\/v2\/product\/11157\/revisions"}],"predecessor-version":[{"id":11535,"href":"https:\/\/www.avire-global.com\/pt\/wp-json\/wp\/v2\/product\/11157\/revisions\/11535"}],"wp:featuredmedia":[{"embeddable":true,"href":"https:\/\/www.avire-global.com\/pt\/wp-json\/wp\/v2\/media\/11158"}],"wp:attachment":[{"href":"https:\/\/www.avire-global.com\/pt\/wp-json\/wp\/v2\/media?parent=11157"}],"wp:term":[{"taxonomy":"market","embeddable":true,"href":"https:\/\/www.avire-global.com\/pt\/wp-json\/wp\/v2\/market?post=11157"},{"taxonomy":"product_cat","embeddable":true,"href":"https:\/\/www.avire-global.com\/pt\/wp-json\/wp\/v2\/product_cat?post=11157"},{"taxonomy":"brand","embeddable":true,"href":"https:\/\/www.avire-global.com\/pt\/wp-json\/wp\/v2\/brand?post=11157"},{"taxonomy":"country","embeddable":true,"href":"https:\/\/www.avire-global.com\/pt\/wp-json\/wp\/v2\/country?post=11157"}],"curies":[{"name":"wp","href":"https:\/\/api.w.org\/{rel}","templated":true}]}}