{"id":10995,"date":"2026-01-07T12:45:55","date_gmt":"2026-01-07T10:45:55","guid":{"rendered":"https:\/\/www.avire-global.com\/pt\/?post_type=product&#038;p=10995"},"modified":"2026-02-23T14:21:56","modified_gmt":"2026-02-23T14:21:56","slug":"solucion-digital","status":"publish","type":"product","link":"https:\/\/www.avire-global.com\/pt\/producto\/telefonos-de-emergencia-para-ascensores\/solucion-digital\/","title":{"rendered":"Solu\u00e7\u00e3o digital 4G DCP MK845 + MK 891"},"content":{"rendered":"<div class=\"wp-block-doo-block-systemeu-hero\">\n\t<div class=\"systemeu-hero\">\r\n\t<div class=\"wp-block-columns\">\r\n\t\t<div class=\"wp-block-column\">\r\n\t\t\t<div class=\"image\">\r\n\t\t\t\t<img decoding=\"async\" width=\"800\" height=\"450\" src=\"https:\/\/www.avire-global.com\/pt\/wp-content\/uploads\/sites\/27\/2026\/01\/Solucion-digital-1.png\" class=\"attachment-large size-large wp-post-image\" alt=\"\" srcset=\"https:\/\/www.avire-global.com\/pt\/wp-content\/uploads\/sites\/27\/2026\/01\/Solucion-digital-1.png 800w, https:\/\/www.avire-global.com\/pt\/wp-content\/uploads\/sites\/27\/2026\/01\/Solucion-digital-1-300x169.png 300w, https:\/\/www.avire-global.com\/pt\/wp-content\/uploads\/sites\/27\/2026\/01\/Solucion-digital-1-768x432.png 768w\" sizes=\"(max-width: 800px) 100vw, 800px\" title=\"\">\t\t\t<\/div>\r\n\t\t<\/div>\r\n\t\t<div class=\"wp-block-column\">\r\n\t\t\t\t\t\t\t<div class=\"label\">Telefones digitais de emerg\u00eancia<\/div>\r\n\t\t\t\t\t\t\t<h1 class=\"title\">Solu\u00e7\u00e3o digital 4G DCP MK845 + MK 891<\/h1>\r\n\t\t\t\t\t\t\t\t\t\t<div class=\"standards\">\r\n\t\t\t\t\t<div class=\"text\">Conforme com<\/div>\r\n\t\t\t\t\t<div class=\"content\">\r\n\t\t\t\t\t\t\t\t\t\t\t\t\t<div class=\"item\">\r\n\t\t\t\t\t\t\t\t<div>\r\n\t\t\t\t\t\t\t\t\t<div class=\"image-standard\">\r\n\t\t\t\t\t\t\t\t\t\t\t\t\t\t\t\t\t\t\t<\/div>\r\n\t\t\t\t\t\t\t\t\t<span>\r\n\t\t\t\t\t\t\t\t\t\tEN 81-28\t\t\t\t\t\t\t\t\t<\/span>\r\n\t\t\t\t\t\t\t\t<\/div>\r\n\t\t\t\t\t\t\t\t<div class=\"doo-link\">\r\n\t\t\t\t\t\t\t\t\t<a href=\"https:\/\/www.avire-global.com\/pt\/standard\/en-81-28\/\">Ler excerto<\/a>\r\n\t\t\t\t\t\t\t\t<\/div>\r\n\t\t\t\t\t\t\t<\/div>\r\n\t\t\t\t\t\t\t\t\t\t\t\t<\/div>\r\n\t\t\t\t<\/div>\r\n\t\t\t\t\t\t\t<div class=\"wp-block-buttons\">\r\n\t\t\t\t\t\t\t\t\t\t<div class=\"wp-block-button link-popup\"><a class =\"wp-block-button__link\" href=\"#\">Contacto<\/a><\/div>\r\n\t\t\t\t\t\t\t\t\t\t\t\t\t<div class=\"wp-block-button secondary\"><a class =\"wp-block-button__link\" href=\"https:\/\/www.avire-global.com\/pt\/catalogos\/\">Cat\u00e1logos<\/a><\/div>\r\n\t\t\t\t\t\t\t\t\t\t<\/div>\r\n\t\t<\/div>\r\n\t<\/div>\r\n<\/div>\r\n<\/div>\n\n\n<div class=\"custom-slider-container product wide-overview\">\n\n\t\t\t<div class=\"overview-wide\">\n\t\t\t<div class=\"label\">\n\t\t\t\tVis\u00e3o geral\t\t\t<\/div>\n\t\t\t<div class=\"content\">A plataforma 4G DCP MK845 + MK 891 + AVIRE Hub da Microkey by AVIRE oferece uma solu\u00e7\u00e3o completa de comunica\u00e7\u00e3o de emerg\u00eancia para elevadores, preparada para as atuais e futuras altera\u00e7\u00f5es de rede, incluindo o fim do 2G e a transi\u00e7\u00e3o do anal\u00f3gico para o digital. Gra\u00e7as \u00e0 conectividade 4G VoLTE, esta plataforma garante uma comunica\u00e7\u00e3o clara, fi\u00e1vel e cont\u00ednua entre a cabina do elevador e o centro de rece\u00e7\u00e3o de alarmes, mesmo em ambientes exigentes.<br \/>\n<br \/>\nConcebida para ambientes onde ainda s\u00e3o utilizadas linhas PSTN e sistemas anal\u00f3gicos, esta solu\u00e7\u00e3o combina a unidade PSTN MK-852 com a gateway universal 4G MK-930, garantindo a continuidade do servi\u00e7o, a compatibilidade e uma gest\u00e3o remota eficiente.<\/div>\n\t\t<\/div>\n\t\t\t<div class=\"custom-slider\">\n\t\t\t\t\t<div class=\"swiper-container main-slider\">\n\t\t\t\t<div class=\"swiper-wrapper\">\n\t\t\t\t\t\t\t\t\t\t\t<div class=\"swiper-slide image contain-w\">\n\t\t\t\t\t\t\t\t\t\t\t\t\t\t\t<img decoding=\"async\" src=\"https:\/\/www.avire-global.com\/pt\/wp-content\/uploads\/sites\/27\/2026\/01\/Picture2-scaled.png\" alt=\"\" class=\"slider-image\" title=\"\">\n\t\t\t\t\t\t\t\t\t\t\t\t\t\t<\/div>\n\t\t\t\t\t\t\t\t\t\t<\/div>\n\t\t\t<\/div>\n\t\n\t\t\t<div class=\"bottom\">\n\t\t\t\t\t\t\t<\/div>\n\t\t\t\t<\/div>\n\t<div class=\"slider-content\">\n\t\t<div class=\"slider-text\">\n\t\t\t\n\n<h2 class=\"wp-block-heading\">Vantagens principais<\/h2>\n\n\n\n<ul class=\"wp-block-list\">\n<li>Plataforma digital completa 4G VoLTE<\/li>\n\n\n\n<li>Preparada para o fim do 2G e para a digitaliza\u00e7\u00e3o<\/li>\n\n\n\n<li>Gest\u00e3o e configura\u00e7\u00e3o remotas com o AVIRE Hub<\/li>\n\n\n\n<li>Comunica\u00e7\u00e3o de emerg\u00eancia clara e fi\u00e1vel<\/li>\n\n\n\n<li>Redu\u00e7\u00e3o de custos operacionais e dos tempos de interven\u00e7\u00e3o<\/li>\n\n\n\n<li>Suporte da experi\u00eancia da AVIRE<\/li>\n<\/ul>\n\n\t\t<\/div>\n\t<\/div>\n\n<\/div>\n\n\n<div class=\"wp-block-group has-global-padding is-content-justification-left is-layout-constrained wp-container-core-group-is-layout-12dd3699 wp-block-group-is-layout-constrained\">\n<div class=\"wp-block-group has-global-padding is-layout-constrained wp-block-group-is-layout-constrained\" style=\"padding-top:var(--wp--preset--spacing--fluid-0-56);padding-bottom:var(--wp--preset--spacing--fluid-0-56)\">\n<h2 class=\"wp-block-heading has-text-align-center has-luminous-vivid-orange-color has-text-color has-link-color wp-elements-107c08e184a6f7c14388be233a8c60f4\" style=\"margin-top:var(--wp--preset--spacing--fluid-0-24);margin-bottom:var(--wp--preset--spacing--fluid-0-24)\">Uma plataforma ideal para a moderniza\u00e7\u00e3o digital<\/h2>\n\n\n\n<div class=\"wp-block-group is-content-justification-center is-nowrap is-layout-flex wp-container-core-group-is-layout-b93cabc5 wp-block-group-is-layout-flex\">\n<p>A solu\u00e7\u00e3o 4G DCP MK845 + MK 891 + AVIRE Hub \u00e9 ideal para:<\/p>\n\n\n\n<ul class=\"wp-block-list\">\n<li>Substituir sistemas anal\u00f3gicos e 2G<\/li>\n\n\n\n<li>Projetos de moderniza\u00e7\u00e3o digital de elevadores<\/li>\n\n\n\n<li>Edif\u00edcios que necessitam de uma solu\u00e7\u00e3o preparada para o futuro<\/li>\n\n\n\n<li>Empresas de manuten\u00e7\u00e3o que procuram efici\u00eancia e controlo remoto<\/li>\n<\/ul>\n<\/div>\n<\/div>\n<\/div>\n\n\n\n<div class=\"product-main wp-block-doo-block-systemeu-frame\">\n\t<div class=\"list-products product-main\">\n\t\t<h2>Produtos inclu\u00eddos<\/h2>\n\t\t<div class=\"list-products-content\">\n\t\t\t\t\t\t<div class=\"product item tab-26\">\n\t\t\t\t<div class=\"image\"><img decoding=\"async\" width=\"768\" height=\"768\" src=\"https:\/\/www.avire-global.com\/pt\/wp-content\/uploads\/sites\/27\/2025\/03\/4G-VoLTE-DCP-2.0-Lift-Digital-Communication-Platform-2-768x768.png\" class=\"attachment-medium_large size-medium_large wp-post-image\" alt=\"Plataforma de comunicaci\u00f3n digital 4G VoLTE DCP MK-845\" srcset=\"https:\/\/www.avire-global.com\/pt\/wp-content\/uploads\/sites\/27\/2025\/03\/4G-VoLTE-DCP-2.0-Lift-Digital-Communication-Platform-2-768x768.png 768w, https:\/\/www.avire-global.com\/pt\/wp-content\/uploads\/sites\/27\/2025\/03\/4G-VoLTE-DCP-2.0-Lift-Digital-Communication-Platform-2-300x300.png 300w, https:\/\/www.avire-global.com\/pt\/wp-content\/uploads\/sites\/27\/2025\/03\/4G-VoLTE-DCP-2.0-Lift-Digital-Communication-Platform-2-1024x1024.png 1024w, https:\/\/www.avire-global.com\/pt\/wp-content\/uploads\/sites\/27\/2025\/03\/4G-VoLTE-DCP-2.0-Lift-Digital-Communication-Platform-2-150x150.png 150w, https:\/\/www.avire-global.com\/pt\/wp-content\/uploads\/sites\/27\/2025\/03\/4G-VoLTE-DCP-2.0-Lift-Digital-Communication-Platform-2.png 1200w\" sizes=\"(max-width: 768px) 100vw, 768px\" title=\"\"><\/div>\n\t\t\t\t\t\t\t\t\t<div class=\"new\" style=\"background:#dd4f81;color:#ffffff\">Novo<\/div>\n\t\t\t\t\t\t\t\t\t<div class=\"content\">\n\t\t\t\t\t<div>\n\t\t\t\t\t\t<div class=\"title title-color\">4G DCP MK845 Plataforma de Comunica\u00e7\u00e3o Digital para Elevadores<\/div>\n\t\t\t\t\t\t<div class=\"description\">Garanta a seguran\u00e7a e a conformidade dos passageiros com a avan\u00e7ada Plataforma de Comunica\u00e7\u00e3o Digital 4G VoLTE DCP (MK-845) da AVIRE. Concebida para cumprir os mais recentes padr\u00f5es EN 81-28, esta solu\u00e7\u00e3o inovadora assegura uma comunica\u00e7\u00e3o de emerg\u00eancia em elevadores fi\u00e1vel e em tempo real, ao mesmo tempo que se adapta \u00e0s necessidades em constante evolu\u00e7\u00e3o dos edif\u00edcios modernos e \u00e0s altera\u00e7\u00f5es de infraestrutura.\r\n\r\nQuer esteja a atualizar sistemas 2G\/3G ou a procurar uma liga\u00e7\u00e3o 4G VoLTE fi\u00e1vel, a 4G VoLTE DCP (MK-845) \u00e9 a escolha inteligente para preparar os seus sistemas de emerg\u00eancia de elevadores para o futuro.<\/div>\n\t\t\t\t\t<\/div>\n\t\t\t\t\t<div class=\"bottom\">\n\t\t\t\t\t\t\t\t\t\t\t\t\t<div class=\"doo-link\"><a href=\"https:\/\/www.avire-global.com\/pt\/producto\/telefonos-de-emergencia-para-ascensores\/4g-volte-dcp-mk845-plataforma-de-comunicacion-digital-para-ascensores\/\">Ver produto<\/a><\/div>\n\t\t\t\t\t\t\t\t\t\t\t\t\t<div class=\"brands\"><\/div>\n\t\t\t\t\t<\/div>\n\t\t\t\t<\/div>\n\t\t\t<\/div>\n\t\t\t\t\t\t<div class=\"product item tab-26\">\n\t\t\t\t<div class=\"image\"><img decoding=\"async\" width=\"768\" height=\"1152\" src=\"https:\/\/www.avire-global.com\/pt\/wp-content\/uploads\/sites\/27\/2023\/08\/Ecosystem_COP-DAU_AC-DAB10-111-F-0L-000_2023.1-e1691148280663-768x1152.png\" class=\"attachment-medium_large size-medium_large wp-post-image\" alt=\"\" srcset=\"https:\/\/www.avire-global.com\/pt\/wp-content\/uploads\/sites\/27\/2023\/08\/Ecosystem_COP-DAU_AC-DAB10-111-F-0L-000_2023.1-e1691148280663-768x1152.png 768w, https:\/\/www.avire-global.com\/pt\/wp-content\/uploads\/sites\/27\/2023\/08\/Ecosystem_COP-DAU_AC-DAB10-111-F-0L-000_2023.1-e1691148280663-200x300.png 200w, https:\/\/www.avire-global.com\/pt\/wp-content\/uploads\/sites\/27\/2023\/08\/Ecosystem_COP-DAU_AC-DAB10-111-F-0L-000_2023.1-e1691148280663-683x1024.png 683w, https:\/\/www.avire-global.com\/pt\/wp-content\/uploads\/sites\/27\/2023\/08\/Ecosystem_COP-DAU_AC-DAB10-111-F-0L-000_2023.1-e1691148280663-1024x1536.png 1024w, https:\/\/www.avire-global.com\/pt\/wp-content\/uploads\/sites\/27\/2023\/08\/Ecosystem_COP-DAU_AC-DAB10-111-F-0L-000_2023.1-e1691148280663.png 1340w\" sizes=\"(max-width: 768px) 100vw, 768px\" title=\"\"><\/div>\n\t\t\t\t\t\t\t\t<div class=\"content\">\n\t\t\t\t\t<div>\n\t\t\t\t\t\t<div class=\"title title-color\">MK891 M\u00f3dulo de \u00e1udio digital<\/div>\n\t\t\t\t\t\t<div class=\"description\">O MK891 \u00e9 um m\u00f3dulo GSM de \u00e1udio digital para telefones de emerg\u00eancia de elevadores. Instalado atr\u00e1s da botoneira (COP), funciona ligado \u00e0 plataforma de comunica\u00e7\u00e3o digital MK775. A liga\u00e7\u00e3o, atrav\u00e9s de um bus CAN de quatro fios, fornece simultaneamente alimenta\u00e7\u00e3o e comunica\u00e7\u00e3o.<\/div>\n\t\t\t\t\t<\/div>\n\t\t\t\t\t<div class=\"bottom\">\n\t\t\t\t\t\t\t\t\t\t\t\t\t<div class=\"doo-link\"><a href=\"https:\/\/www.avire-global.com\/pt\/producto\/telefonos-de-emergencia-para-ascensores\/accesorios-mk775-mk791-modulo-de-audio-digital-3\/\">Ver produto<\/a><\/div>\n\t\t\t\t\t\t\t\t\t\t\t\t\t<div class=\"brands\"><\/div>\n\t\t\t\t\t<\/div>\n\t\t\t\t<\/div>\n\t\t\t<\/div>\n\t\t\t\t\t\t<div class=\"product item tab-104\">\n\t\t\t\t<div class=\"image\"><img decoding=\"async\" width=\"768\" height=\"768\" src=\"https:\/\/www.avire-global.com\/pt\/wp-content\/uploads\/sites\/27\/2026\/01\/AVIRE-Hub-4-768x768-1.png\" class=\"attachment-medium_large size-medium_large wp-post-image\" alt=\"\" srcset=\"https:\/\/www.avire-global.com\/pt\/wp-content\/uploads\/sites\/27\/2026\/01\/AVIRE-Hub-4-768x768-1.png 768w, https:\/\/www.avire-global.com\/pt\/wp-content\/uploads\/sites\/27\/2026\/01\/AVIRE-Hub-4-768x768-1-300x300.png 300w, https:\/\/www.avire-global.com\/pt\/wp-content\/uploads\/sites\/27\/2026\/01\/AVIRE-Hub-4-768x768-1-150x150.png 150w\" sizes=\"(max-width: 768px) 100vw, 768px\" title=\"\"><\/div>\n\t\t\t\t\t\t\t\t<div class=\"content\">\n\t\t\t\t\t<div>\n\t\t\t\t\t\t<div class=\"title title-color\">AVIRE HUB<\/div>\n\t\t\t\t\t\t<div class=\"description\">Assuma o controlo de toda a sua carteira de instala\u00e7\u00f5es de elevadores com o software avan\u00e7ado de monitoriza\u00e7\u00e3o de elevadores do AVIRE HUB. Um painel de controlo intuitivo ajuda a garantir que nada \u00e9 deixado ao acaso, enquanto os registos automatizados de chamadas de teste proporcionam uma rastreabilidade completa para auditorias. \r\nO AVIRE HUB funciona numa plataforma com certifica\u00e7\u00e3o ISO 27001, oferecendo aos nossos clientes a confian\u00e7a de que o acesso ao sistema, o tratamento dos dados e os processos operacionais s\u00e3o geridos de forma segura. A ISO 27001 \u00e9 a norma internacional para a gest\u00e3o da seguran\u00e7a da informa\u00e7\u00e3o.<\/div>\n\t\t\t\t\t<\/div>\n\t\t\t\t\t<div class=\"bottom\">\n\t\t\t\t\t\t\t\t\t\t\t\t\t<div class=\"doo-link\"><a href=\"https:\/\/www.avire-global.com\/pt\/producto\/software\/avire-hub-soluciones-de-software\/\">Ver produto<\/a><\/div>\n\t\t\t\t\t\t\t\t\t\t\t\t\t<div class=\"brands\"><\/div>\n\t\t\t\t\t<\/div>\n\t\t\t\t<\/div>\n\t\t\t<\/div>\n\t\t\t\t\t<\/div>\n\t<\/div>\n<\/div>\n","protected":false},"featured_media":11012,"template":"product-with-patterns-system","meta":{"_eb_attr":"","inline_featured_image":false,"doo-cf-type":"system","footnotes":""},"market":[29,31],"product_cat":[26],"brand":[],"country":[],"class_list":["post-10995","product","type-product","status-publish","has-post-thumbnail","hentry","market-modernizacion-de-ascensores","market-control-de-ascensores","product_cat-telefonos-de-emergencia-para-ascensores"],"_links":{"self":[{"href":"https:\/\/www.avire-global.com\/pt\/wp-json\/wp\/v2\/product\/10995","targetHints":{"allow":["GET"]}}],"collection":[{"href":"https:\/\/www.avire-global.com\/pt\/wp-json\/wp\/v2\/product"}],"about":[{"href":"https:\/\/www.avire-global.com\/pt\/wp-json\/wp\/v2\/types\/product"}],"version-history":[{"count":5,"href":"https:\/\/www.avire-global.com\/pt\/wp-json\/wp\/v2\/product\/10995\/revisions"}],"predecessor-version":[{"id":11580,"href":"https:\/\/www.avire-global.com\/pt\/wp-json\/wp\/v2\/product\/10995\/revisions\/11580"}],"wp:featuredmedia":[{"embeddable":true,"href":"https:\/\/www.avire-global.com\/pt\/wp-json\/wp\/v2\/media\/11012"}],"wp:attachment":[{"href":"https:\/\/www.avire-global.com\/pt\/wp-json\/wp\/v2\/media?parent=10995"}],"wp:term":[{"taxonomy":"market","embeddable":true,"href":"https:\/\/www.avire-global.com\/pt\/wp-json\/wp\/v2\/market?post=10995"},{"taxonomy":"product_cat","embeddable":true,"href":"https:\/\/www.avire-global.com\/pt\/wp-json\/wp\/v2\/product_cat?post=10995"},{"taxonomy":"brand","embeddable":true,"href":"https:\/\/www.avire-global.com\/pt\/wp-json\/wp\/v2\/brand?post=10995"},{"taxonomy":"country","embeddable":true,"href":"https:\/\/www.avire-global.com\/pt\/wp-json\/wp\/v2\/country?post=10995"}],"curies":[{"name":"wp","href":"https:\/\/api.w.org\/{rel}","templated":true}]}}