{"id":10990,"date":"2026-01-07T12:37:01","date_gmt":"2026-01-07T10:37:01","guid":{"rendered":"https:\/\/www.avire-global.com\/pt\/?post_type=product&#038;p=10990"},"modified":"2026-02-23T14:13:12","modified_gmt":"2026-02-23T14:13:12","slug":"solucion-analogica","status":"publish","type":"product","link":"https:\/\/www.avire-global.com\/pt\/producto\/telefonos-analogicos-de-emergencia\/solucion-analogica\/","title":{"rendered":"Solu\u00e7\u00e3o anal\u00f3gica"},"content":{"rendered":"<div class=\"wp-block-doo-block-systemeu-hero\">\n\t<div class=\"systemeu-hero\">\r\n\t<div class=\"wp-block-columns\">\r\n\t\t<div class=\"wp-block-column\">\r\n\t\t\t<div class=\"image\">\r\n\t\t\t\t<img decoding=\"async\" width=\"800\" height=\"450\" src=\"https:\/\/www.avire-global.com\/pt\/wp-content\/uploads\/sites\/27\/2026\/01\/SOlucion-Analogica.png\" class=\"attachment-large size-large wp-post-image\" alt=\"Solucion Analogica\" srcset=\"https:\/\/www.avire-global.com\/pt\/wp-content\/uploads\/sites\/27\/2026\/01\/SOlucion-Analogica.png 800w, https:\/\/www.avire-global.com\/pt\/wp-content\/uploads\/sites\/27\/2026\/01\/SOlucion-Analogica-300x169.png 300w, https:\/\/www.avire-global.com\/pt\/wp-content\/uploads\/sites\/27\/2026\/01\/SOlucion-Analogica-768x432.png 768w\" sizes=\"(max-width: 800px) 100vw, 800px\" title=\"\">\t\t\t<\/div>\r\n\t\t<\/div>\r\n\t\t<div class=\"wp-block-column\">\r\n\t\t\t\t\t\t\t<div class=\"label\">Telefones anal\u00f3gicos de emerg\u00eancia<\/div>\r\n\t\t\t\t\t\t\t<h1 class=\"title\">Solu\u00e7\u00e3o anal\u00f3gica<\/h1>\r\n\t\t\t\t\t\t\t\t\t\t<div class=\"standards\">\r\n\t\t\t\t\t<div class=\"text\">Conforme com<\/div>\r\n\t\t\t\t\t<div class=\"content\">\r\n\t\t\t\t\t\t\t\t\t\t\t\t\t<div class=\"item\">\r\n\t\t\t\t\t\t\t\t<div>\r\n\t\t\t\t\t\t\t\t\t<div class=\"image-standard\">\r\n\t\t\t\t\t\t\t\t\t\t\t\t\t\t\t\t\t\t\t<\/div>\r\n\t\t\t\t\t\t\t\t\t<span>\r\n\t\t\t\t\t\t\t\t\t\tEN 81-28\t\t\t\t\t\t\t\t\t<\/span>\r\n\t\t\t\t\t\t\t\t<\/div>\r\n\t\t\t\t\t\t\t\t<div class=\"doo-link\">\r\n\t\t\t\t\t\t\t\t\t<a href=\"https:\/\/www.avire-global.com\/pt\/standard\/en-81-28\/\">Ler excerto<\/a>\r\n\t\t\t\t\t\t\t\t<\/div>\r\n\t\t\t\t\t\t\t<\/div>\r\n\t\t\t\t\t\t\t\t\t\t\t\t<\/div>\r\n\t\t\t\t<\/div>\r\n\t\t\t\t\t\t\t<div class=\"wp-block-buttons\">\r\n\t\t\t\t\t\t\t\t\t\t<div class=\"wp-block-button link-popup\"><a class =\"wp-block-button__link\" href=\"#\"> Contacto<\/a><\/div>\r\n\t\t\t\t\t\t\t\t\t\t\t\t\t<div class=\"wp-block-button secondary\"><a class =\"wp-block-button__link\" href=\"https:\/\/www.avire-global.com\/pt\/catalogos\/\">Cat\u00e1logos<\/a><\/div>\r\n\t\t\t\t\t\t\t\t\t\t<\/div>\r\n\t\t<\/div>\r\n\t<\/div>\r\n<\/div>\r\n<\/div>\n\n\n<div class=\"custom-slider-container product wide-overview\">\n\n\t\t\t<div class=\"overview-wide\">\n\t\t\t<div class=\"label\">\n\t\t\t\tVis\u00e3o geral\t\t\t<\/div>\n\t\t\t<div class=\"content\">A combina\u00e7\u00e3o MK 930 + MK 852 da Microkey by AVIRE oferece uma solu\u00e7\u00e3o completa de comunica\u00e7\u00e3o de emerg\u00eancia para elevadores baseada em tecnologia anal\u00f3gica, concebida para garantir uma liga\u00e7\u00e3o clara e fi\u00e1vel entre a cabina e o centro de rece\u00e7\u00e3o de alarmes. Esta solu\u00e7\u00e3o \u00e9 especialmente adequada para edif\u00edcios com infraestrutura anal\u00f3gica existente, onde se procura uma implementa\u00e7\u00e3o r\u00e1pida, rent\u00e1vel e em conformidade com a regulamenta\u00e7\u00e3o em vigor.<br \/>\n<br \/>\nUma solu\u00e7\u00e3o fi\u00e1vel, simples e em conformidade regulamentar para garantir a comunica\u00e7\u00e3o de emerg\u00eancia em elevadores atrav\u00e9s de tecnologia anal\u00f3gica, ideal para instala\u00e7\u00f5es existentes que requerem continuidade operacional sem altera\u00e7\u00f5es complexas.<\/div>\n\t\t<\/div>\n\t\t\t<div class=\"custom-slider\">\n\t\t\t\t\t<div class=\"swiper-container main-slider\">\n\t\t\t\t<div class=\"swiper-wrapper\">\n\t\t\t\t\t\t\t\t\t\t\t<div class=\"swiper-slide image contain-w\">\n\t\t\t\t\t\t\t\t\t\t\t\t\t\t\t<img decoding=\"async\" src=\"https:\/\/www.avire-global.com\/pt\/wp-content\/uploads\/sites\/27\/2026\/01\/Picture1.png\" alt=\"\" class=\"slider-image\" title=\"\">\n\t\t\t\t\t\t\t\t\t\t\t\t\t\t<\/div>\n\t\t\t\t\t\t\t\t\t\t<\/div>\n\t\t\t<\/div>\n\t\n\t\t\t<div class=\"bottom\">\n\t\t\t\t\t\t\t<\/div>\n\t\t\t\t<\/div>\n\t<div class=\"slider-content\">\n\t\t<div class=\"slider-text\">\n\t\t\t\n\n<h2 class=\"wp-block-heading\">Vantagens principais<\/h2>\n\n\n\n<div style=\"height:11px\" aria-hidden=\"true\" class=\"wp-block-spacer\"><\/div>\n\n\n\n<ul class=\"wp-block-list\">\n<li>Apoio da experi\u00eancia da AVIRE em sistemas de seguran\u00e7a para elevadores<\/li>\n\n\n\n<li>Solu\u00e7\u00e3o anal\u00f3gica completa e fi\u00e1vel<\/li>\n\n\n\n<li>Ideal para a moderniza\u00e7\u00e3o de elevadores existentes<\/li>\n\n\n\n<li>Instala\u00e7\u00e3o r\u00e1pida sem altera\u00e7\u00f5es complexas<\/li>\n\n\n\n<li>Comunica\u00e7\u00e3o clara e segura em situa\u00e7\u00f5es de emerg\u00eancia<\/li>\n<\/ul>\n\n\n\n<div style=\"height:27px\" aria-hidden=\"true\" class=\"wp-block-spacer\"><\/div>\n\n\t\t<\/div>\n\t<\/div>\n\n<\/div>\n\n\n<div class=\"wp-block-group has-global-padding is-content-justification-left is-layout-constrained wp-container-core-group-is-layout-12dd3699 wp-block-group-is-layout-constrained\">\n<div class=\"wp-block-group is-vertical is-layout-flex wp-container-core-group-is-layout-fe9cc265 wp-block-group-is-layout-flex\">\n<h2 class=\"wp-block-heading has-text-align-center\">Conformidade regulamentar e tranquilidade operacional<\/h2>\n\n\n\n<div style=\"height:36px\" aria-hidden=\"true\" class=\"wp-block-spacer wp-container-content-1b8dd66d\"><\/div>\n\n\n\n<p class=\"has-text-align-center\">A MICROKEY by AVIRE concebe as suas solu\u00e7\u00f5es para cumprir os requisitos regulamentares de comunica\u00e7\u00e3o de emerg\u00eancia em elevadores, oferecendo tranquilidade tanto a instaladores como a empresas de manuten\u00e7\u00e3o e gestores de edif\u00edcios.<\/p>\n<\/div>\n<\/div>\n\n\n\n<h2 class=\"wp-block-heading has-text-align-center has-luminous-vivid-orange-color has-text-color has-link-color wp-elements-21a3d5360579903a81016e91e1d28b87\" style=\"margin-top:var(--wp--preset--spacing--fluid-0-32);margin-bottom:var(--wp--preset--spacing--fluid-0-32)\">Uma solu\u00e7\u00e3o ideal para moderniza\u00e7\u00f5es simples<\/h2>\n\n\n\n<div class=\"product-main wp-block-doo-block-systemeu-frame\">\n\t<div class=\"list-products product-main\">\n\t\t<h2><\/h2>\n\t\t<div class=\"list-products-content\">\n\t\t\t\t\t\t<div class=\"product item tab-112\">\n\t\t\t\t<div class=\"image\"><img decoding=\"async\" width=\"768\" height=\"768\" src=\"https:\/\/www.avire-global.com\/pt\/wp-content\/uploads\/sites\/27\/2024\/04\/universal_gsm_mk930-1-768x768.png\" class=\"attachment-medium_large size-medium_large wp-post-image\" alt=\"\" srcset=\"https:\/\/www.avire-global.com\/pt\/wp-content\/uploads\/sites\/27\/2024\/04\/universal_gsm_mk930-1-768x768.png 768w, https:\/\/www.avire-global.com\/pt\/wp-content\/uploads\/sites\/27\/2024\/04\/universal_gsm_mk930-1-300x300.png 300w, https:\/\/www.avire-global.com\/pt\/wp-content\/uploads\/sites\/27\/2024\/04\/universal_gsm_mk930-1-1024x1024.png 1024w, https:\/\/www.avire-global.com\/pt\/wp-content\/uploads\/sites\/27\/2024\/04\/universal_gsm_mk930-1-150x150.png 150w, https:\/\/www.avire-global.com\/pt\/wp-content\/uploads\/sites\/27\/2024\/04\/universal_gsm_mk930-1.png 1229w\" sizes=\"(max-width: 768px) 100vw, 768px\" title=\"\"><\/div>\n\t\t\t\t\t\t\t\t\t<div class=\"new\" style=\"background:#dd4f81;color:#ffffff\">Novo<\/div>\n\t\t\t\t\t\t\t\t\t<div class=\"content\">\n\t\t\t\t\t<div>\n\t\t\t\t\t\t<div class=\"title title-color\">MK930 4G Liga\u00e7\u00e3o Universal<\/div>\n\t\t\t\t\t\t<div class=\"description\">Bem-vindo \u00e0 vanguarda da tecnologia de comunica\u00e7\u00f5es de emerg\u00eancia com o 4G MK-930. Concebido como uma gateway universal, este dispositivo integra-se perfeitamente com diversos sistemas telef\u00f3nicos de emerg\u00eancia, garantindo compatibilidade entre diferentes marcas e modelos de sistemas telef\u00f3nicos.\r\n\r\nO 4G MK-930 representa a mais recente inova\u00e7\u00e3o em gateways universais e oferece capacidades de chamadas 2G e 4G (VoLTE). As suas funcionalidades melhoram a conectividade, asseguram a conformidade regulamentar e facilitam a transmiss\u00e3o precisa de dados cr\u00edticos.<\/div>\n\t\t\t\t\t<\/div>\n\t\t\t\t\t<div class=\"bottom\">\n\t\t\t\t\t\t\t\t\t\t\t\t\t<div class=\"doo-link\"><a href=\"https:\/\/www.avire-global.com\/pt\/producto\/telefonos-analogicos-de-emergencia\/4g-enlace-universal-mk930\/\">Ver produto<\/a><\/div>\n\t\t\t\t\t\t\t\t\t\t\t\t\t<div class=\"brands\"><\/div>\n\t\t\t\t\t<\/div>\n\t\t\t\t<\/div>\n\t\t\t<\/div>\n\t\t\t\t\t\t<div class=\"product item tab-112\">\n\t\t\t\t<div class=\"image\"><img decoding=\"async\" width=\"768\" height=\"1172\" src=\"https:\/\/www.avire-global.com\/pt\/wp-content\/uploads\/sites\/27\/2023\/09\/Ecosystem_PSTN-Phone_AC-PNB10-110-A-0L-000_2023.4-e1694597440563-768x1172.png\" class=\"attachment-medium_large size-medium_large wp-post-image\" alt=\"Ecosystem_PSTN Phone_(AC-PNB10-110-A-0L-000)_2023.(4)\" srcset=\"https:\/\/www.avire-global.com\/pt\/wp-content\/uploads\/sites\/27\/2023\/09\/Ecosystem_PSTN-Phone_AC-PNB10-110-A-0L-000_2023.4-e1694597440563-768x1172.png 768w, https:\/\/www.avire-global.com\/pt\/wp-content\/uploads\/sites\/27\/2023\/09\/Ecosystem_PSTN-Phone_AC-PNB10-110-A-0L-000_2023.4-e1694597440563-197x300.png 197w, https:\/\/www.avire-global.com\/pt\/wp-content\/uploads\/sites\/27\/2023\/09\/Ecosystem_PSTN-Phone_AC-PNB10-110-A-0L-000_2023.4-e1694597440563-671x1024.png 671w, https:\/\/www.avire-global.com\/pt\/wp-content\/uploads\/sites\/27\/2023\/09\/Ecosystem_PSTN-Phone_AC-PNB10-110-A-0L-000_2023.4-e1694597440563.png 840w\" sizes=\"(max-width: 768px) 100vw, 768px\" title=\"\"><\/div>\n\t\t\t\t\t\t\t\t<div class=\"content\">\n\t\t\t\t\t<div>\n\t\t\t\t\t\t<div class=\"title title-color\">Telefone de emerg\u00eancia MK852<\/div>\n\t\t\t\t\t\t<div class=\"description\">O MK852 \u00e9 um telefone de emerg\u00eancia independente para elevadores, com bateria integrada e teclado de programa\u00e7\u00e3o.\r\nPode ser facilmente programado no local ou remotamente atrav\u00e9s do teclado, por SMS ou do AVIRE HUB.\r\nO MK852 facilita uma moderniza\u00e7\u00e3o mais econ\u00f3mica dos elevadores em instala\u00e7\u00f5es com linha telef\u00f3nica fixa (RTC\/PSTN) ou liga\u00e7\u00e3o universal (o nosso MK830).\r\nCompat\u00edvel com o sistema de comunica\u00e7\u00e3o digital LPBus, inclui o acess\u00f3rio Surface Mount Audio para elevadores sem bot\u00e3o de alarme, bucle indutivo para cumprimento da norma EN 81-70 e unidades de trifonia para pontos de alarme.<\/div>\n\t\t\t\t\t<\/div>\n\t\t\t\t\t<div class=\"bottom\">\n\t\t\t\t\t\t\t\t\t\t\t\t\t<div class=\"doo-link\"><a href=\"https:\/\/www.avire-global.com\/pt\/producto\/telefonos-analogicos-de-emergencia\/telefonos-de-emergencia-mk852\/\">Ver produto<\/a><\/div>\n\t\t\t\t\t\t\t\t\t\t\t\t\t<div class=\"brands\"><\/div>\n\t\t\t\t\t<\/div>\n\t\t\t\t<\/div>\n\t\t\t<\/div>\n\t\t\t\t\t<\/div>\n\t<\/div>\n<\/div>\n\n\n\n<p><\/p>\n","protected":false},"featured_media":11011,"template":"product-with-patterns-system","meta":{"_eb_attr":"","inline_featured_image":false,"doo-cf-type":"system","footnotes":""},"market":[30,29],"product_cat":[112],"brand":[],"country":[],"class_list":["post-10990","product","type-product","status-publish","has-post-thumbnail","hentry","market-mantenimiento-de-ascensores","market-modernizacion-de-ascensores","product_cat-telefonos-analogicos-de-emergencia"],"_links":{"self":[{"href":"https:\/\/www.avire-global.com\/pt\/wp-json\/wp\/v2\/product\/10990","targetHints":{"allow":["GET"]}}],"collection":[{"href":"https:\/\/www.avire-global.com\/pt\/wp-json\/wp\/v2\/product"}],"about":[{"href":"https:\/\/www.avire-global.com\/pt\/wp-json\/wp\/v2\/types\/product"}],"version-history":[{"count":5,"href":"https:\/\/www.avire-global.com\/pt\/wp-json\/wp\/v2\/product\/10990\/revisions"}],"predecessor-version":[{"id":11577,"href":"https:\/\/www.avire-global.com\/pt\/wp-json\/wp\/v2\/product\/10990\/revisions\/11577"}],"wp:featuredmedia":[{"embeddable":true,"href":"https:\/\/www.avire-global.com\/pt\/wp-json\/wp\/v2\/media\/11011"}],"wp:attachment":[{"href":"https:\/\/www.avire-global.com\/pt\/wp-json\/wp\/v2\/media?parent=10990"}],"wp:term":[{"taxonomy":"market","embeddable":true,"href":"https:\/\/www.avire-global.com\/pt\/wp-json\/wp\/v2\/market?post=10990"},{"taxonomy":"product_cat","embeddable":true,"href":"https:\/\/www.avire-global.com\/pt\/wp-json\/wp\/v2\/product_cat?post=10990"},{"taxonomy":"brand","embeddable":true,"href":"https:\/\/www.avire-global.com\/pt\/wp-json\/wp\/v2\/brand?post=10990"},{"taxonomy":"country","embeddable":true,"href":"https:\/\/www.avire-global.com\/pt\/wp-json\/wp\/v2\/country?post=10990"}],"curies":[{"name":"wp","href":"https:\/\/api.w.org\/{rel}","templated":true}]}}