{"id":10502,"date":"2025-10-20T09:34:49","date_gmt":"2025-10-20T07:34:49","guid":{"rendered":"https:\/\/www.avire-global.com\/pt\/?post_type=product&#038;p=10502"},"modified":"2026-01-28T14:10:20","modified_gmt":"2026-01-28T14:10:20","slug":"dcp-mk-922-4g-volte","status":"publish","type":"product","link":"https:\/\/www.avire-global.com\/pt\/producto\/telefonos-analogicos-de-emergencia\/dcp-mk-922-4g-volte\/","title":{"rendered":"Solu\u00e7\u00e3o compacta MK922 + MK822"},"content":{"rendered":"\n<div class=\"wp-block-doo-tabs-block alignwide\">\n\t<div class=\"doo-tabs-container\">\n\t\t<div class=\"doo-tabs-titles\">\n\t\t\t\t\t\t\t<button class=\"doo-tab-title active\" \n\t\t\t\t\t\tdata-tab-index=\"0\">\n\t\t\t\t\tInforma\u00e7\u00e3o para Encomendas\t\t\t\t<\/button>\n\t\t\t\t\t<\/div>\n\t<\/div>\n    \n    <div class=\"doo-tabs-content\">\n                    <div class=\"doo-tab-content active\">\n                <p><strong>AC-4PM10-010-T00-001<\/strong>: MK-922 4G EMEA (Kit) <\/p>\n<p><strong>AC-4PM10-010-T00-000<\/strong>: MK-922 4G EMEA<\/p>\n            <\/div>\n            <\/div>\n<\/div>\n\n\n<div class=\"wp-block-group has-global-padding is-layout-constrained wp-container-core-group-is-layout-f16b611f wp-block-group-is-layout-constrained\" style=\"padding-top:var(--wp--preset--spacing--fluid-0-24);padding-right:var(--wp--preset--spacing--fluid-0-56);padding-bottom:var(--wp--preset--spacing--fluid-0-24);padding-left:var(--wp--preset--spacing--fluid-0-56)\">\n<div style=\"height:52px\" aria-hidden=\"true\" class=\"wp-block-spacer\"><\/div>\n\n\n\n<h2 class=\"wp-block-heading has-extra-light-purple-color has-text-color has-link-color wp-elements-22ad4d813af53af5f97584e4b908bf93\">A solu\u00e7\u00e3o ideal para modernizar elevadores sem alterar o cabo de manobra<\/h2>\n\n\n\n<p>Muitos elevadores, especialmente os mais antigos, n\u00e3o disp\u00f5em de cablagem adicional para a instala\u00e7\u00e3o de sistemas modernos de comunica\u00e7\u00e3o de emerg\u00eancia. A substitui\u00e7\u00e3o do cabo de manobra implica tempo, custos e complexidade.<\/p>\n\n\n\n<p>A solu\u00e7\u00e3o compacta DCP MK-922 da MICROKEY by AVIRE foi concebida especificamente para estes casos:<br>uma solu\u00e7\u00e3o tudo-em-um, de instala\u00e7\u00e3o r\u00e1pida, compat\u00edvel com 4G VoLTE e preparada para cumprir a regulamenta\u00e7\u00e3o em vigor.<\/p>\n\n\n\n<div style=\"height:50px\" aria-hidden=\"true\" class=\"wp-block-spacer\"><\/div>\n\n\n\n<h2 class=\"wp-block-heading has-extra-light-purple-color has-text-color has-link-color wp-elements-95939216a6c55b7a55a0c2c5a1a41769\">Quando escolher uma solu\u00e7\u00e3o compacta?<\/h2>\n\n\n\n<p>A solu\u00e7\u00e3o MK-922 \u00e9 especialmente recomendada quando:<\/p>\n\n\n\n<ul class=\"wp-block-list\">\n<li>O elevador disp\u00f5e apenas de dois fios dispon\u00edveis<\/li>\n\n\n\n<li>N\u00e3o \u00e9 vi\u00e1vel substituir o cabo de manobra<\/li>\n\n\n\n<li>Procura-se uma atualiza\u00e7\u00e3o r\u00e1pida e pr\u00e1tica<\/li>\n\n\n\n<li>\u00c9 necess\u00e1rio preparar-se para o fim do 2G<\/li>\n\n\n\n<li>\u00c9 necess\u00e1ria uma solu\u00e7\u00e3o fi\u00e1vel e em conformidade com a regulamenta\u00e7\u00e3o, sem complexidade adicional<\/li>\n<\/ul>\n\n\n\n<p>\u00c9 uma op\u00e7\u00e3o ideal para:<\/p>\n\n\n\n<ul class=\"wp-block-list\">\n<li>Elevadores antigos<\/li>\n\n\n\n<li>Reformas e moderniza\u00e7\u00f5es<\/li>\n\n\n\n<li>Parques pequenos ou m\u00e9dios<\/li>\n\n\n\n<li>Projetos em que o tempo de instala\u00e7\u00e3o \u00e9 cr\u00edtico<\/li>\n<\/ul>\n\n\n\n<div style=\"height:50px\" aria-hidden=\"true\" class=\"wp-block-spacer\"><\/div>\n\n\n\n<h2 class=\"wp-block-heading has-extra-light-purple-color has-text-color has-link-color wp-elements-b2e5aaaa3a9265567917a06271495e56\">Conformidade regulamentar e ciberseguran\u00e7a<\/h2>\n\n\n\n<p>O DCP MK-922 cumpre os requisitos atuais de:<\/p>\n\n\n\n<ul class=\"wp-block-list\">\n<li>Comunica\u00e7\u00e3o de emerg\u00eancia em elevadores<\/li>\n\n\n\n<li>Diretiva RED em mat\u00e9ria de ciberseguran\u00e7a<\/li>\n<\/ul>\n\n\n\n<p>Cada equipamento disp\u00f5e de:<\/p>\n\n\n\n<ul class=\"wp-block-list\">\n<li>Identidade \u00fanica<\/li>\n\n\n\n<li>PIN individual de 8 d\u00edgitos<\/li>\n<\/ul>\n\n\n\n<p>Isto evita acessos n\u00e3o autorizados e refor\u00e7a a seguran\u00e7a do sistema, em conformidade com os atuais padr\u00f5es europeus.<\/p>\n<\/div>\n","protected":false},"featured_media":10696,"template":"","meta":{"_eb_attr":"","inline_featured_image":false,"doo-cf-type":"main","footnotes":""},"market":[30,31],"product_cat":[112],"brand":[],"country":[],"class_list":["post-10502","product","type-product","status-publish","has-post-thumbnail","hentry","market-mantenimiento-de-ascensores","market-control-de-ascensores","product_cat-telefonos-analogicos-de-emergencia"],"_links":{"self":[{"href":"https:\/\/www.avire-global.com\/pt\/wp-json\/wp\/v2\/product\/10502","targetHints":{"allow":["GET"]}}],"collection":[{"href":"https:\/\/www.avire-global.com\/pt\/wp-json\/wp\/v2\/product"}],"about":[{"href":"https:\/\/www.avire-global.com\/pt\/wp-json\/wp\/v2\/types\/product"}],"version-history":[{"count":5,"href":"https:\/\/www.avire-global.com\/pt\/wp-json\/wp\/v2\/product\/10502\/revisions"}],"predecessor-version":[{"id":11515,"href":"https:\/\/www.avire-global.com\/pt\/wp-json\/wp\/v2\/product\/10502\/revisions\/11515"}],"wp:featuredmedia":[{"embeddable":true,"href":"https:\/\/www.avire-global.com\/pt\/wp-json\/wp\/v2\/media\/10696"}],"wp:attachment":[{"href":"https:\/\/www.avire-global.com\/pt\/wp-json\/wp\/v2\/media?parent=10502"}],"wp:term":[{"taxonomy":"market","embeddable":true,"href":"https:\/\/www.avire-global.com\/pt\/wp-json\/wp\/v2\/market?post=10502"},{"taxonomy":"product_cat","embeddable":true,"href":"https:\/\/www.avire-global.com\/pt\/wp-json\/wp\/v2\/product_cat?post=10502"},{"taxonomy":"brand","embeddable":true,"href":"https:\/\/www.avire-global.com\/pt\/wp-json\/wp\/v2\/brand?post=10502"},{"taxonomy":"country","embeddable":true,"href":"https:\/\/www.avire-global.com\/pt\/wp-json\/wp\/v2\/country?post=10502"}],"curies":[{"name":"wp","href":"https:\/\/api.w.org\/{rel}","templated":true}]}}