{"id":10358,"date":"2025-09-04T09:11:48","date_gmt":"2025-09-04T08:11:48","guid":{"rendered":"https:\/\/www.avire-global.com\/en-uk\/?page_id=10358"},"modified":"2026-01-28T10:42:06","modified_gmt":"2026-01-28T10:42:06","slug":"catalogos","status":"publish","type":"page","link":"https:\/\/www.avire-global.com\/pt\/catalogos\/","title":{"rendered":"Cat\u00e1logos"},"content":{"rendered":"\n<div class=\"wp-block-group has-global-padding is-content-justification-center is-layout-constrained wp-container-core-group-is-layout-95cc4704 wp-block-group-is-layout-constrained\" style=\"margin-top:56px;padding-top:var(--wp--preset--spacing--fluid-48-64);padding-bottom:56px; width: 636px;\">\n<h1 class=\"wp-block-heading has-text-align-center\" style=\"margin-bottom:24px\">Cat\u00e1logos<\/h1>\n\n\n\n<p class=\"has-text-align-center\">Nesta sec\u00e7\u00e3o poder\u00e1 encontrar as vers\u00f5es mais recentes dos nossos cat\u00e1logos\/folhetos.<br>Os nossos cat\u00e1logos de produtos podem ser descarregados diretamente; se tiver algum problema ao descarreg\u00e1-los, entre em contacto connosco atrav\u00e9s do preenchimento do formul\u00e1rio de pedido de cat\u00e1logo e teremos todo o gosto em ajud\u00e1-lo.<\/p>\n\n\n\n<p class=\"has-text-align-center\"><\/p>\n<\/div>\n\n\n\r\n<div class=\"doo-catalogs-grid\"> \r\n    <div class=\"doo-catalogs-grid-container columns-4\">\r\n                                    \r\n<article class=\"doo-catalog-item linked\" data-catalog-id=\"10362\">\r\n    <div class=\"doo-catalog-image\">\r\n        <img decoding=\"async\" width=\"768\" height=\"1086\" src=\"https:\/\/www.avire-global.com\/pt\/wp-content\/uploads\/sites\/27\/2026\/01\/catalog-10362-thumbnail-1769616582-768x1086.png\" class=\"attachment-medium_large size-medium_large\" alt=\"\" srcset=\"https:\/\/www.avire-global.com\/pt\/wp-content\/uploads\/sites\/27\/2026\/01\/catalog-10362-thumbnail-1769616582-768x1086.png 768w, https:\/\/www.avire-global.com\/pt\/wp-content\/uploads\/sites\/27\/2026\/01\/catalog-10362-thumbnail-1769616582-212x300.png 212w, https:\/\/www.avire-global.com\/pt\/wp-content\/uploads\/sites\/27\/2026\/01\/catalog-10362-thumbnail-1769616582-724x1024.png 724w, https:\/\/www.avire-global.com\/pt\/wp-content\/uploads\/sites\/27\/2026\/01\/catalog-10362-thumbnail-1769616582-1086x1536.png 1086w, https:\/\/www.avire-global.com\/pt\/wp-content\/uploads\/sites\/27\/2026\/01\/catalog-10362-thumbnail-1769616582-1448x2048.png 1448w, https:\/\/www.avire-global.com\/pt\/wp-content\/uploads\/sites\/27\/2026\/01\/catalog-10362-thumbnail-1769616582-scaled.png 1810w\" sizes=\"(max-width: 768px) 100vw, 768px\" title=\"\">    <\/div>\r\n    \r\n    <div class=\"doo-catalog-content\">\r\n        <h2 class=\"doo-catalog-title\">\r\n            Cat\u00e1logo completo        <\/h2>\r\n        \r\n        <div class=\"doo-catalog-meta\">          \r\n                            <a href=\"https:\/\/www.avire-global.com\/pt\/wp-content\/uploads\/sites\/27\/avire-catalogs\/catalog-10362.pdf?v=1771857091\" target=\"_blank\" class=\"doo-catalog-link\">\r\n                    Ver Cat\u00e1logo                    <img decoding=\"async\" src=\"https:\/\/www.avire-global.com\/pt\/wp-content\/themes\/doo-avire\/assets\/images\/arrow-right.svg\" alt=\"Arrow Right\" class=\"doo-catalog-arrow\" title=\"\">\r\n                <\/a>\r\n                <div class=\"descargar-pdf\" data-pdf-url=\"https:\/\/www.avire-global.com\/pt\/wp-content\/uploads\/sites\/27\/avire-catalogs\/catalog-10362.pdf?v=1771857091\" data-pdf-name=\"catalog-10362.pdf\"><img decoding=\"async\" src=\"https:\/\/www.avire-global.com\/pt\/wp-content\/themes\/doo-avire\/assets\/images\/download.svg\" alt=\"Download\" title=\"\"><\/div>\r\n                    <\/div>\r\n    <\/div>\r\n<\/article>\r\n\r\n<style>\r\n.doo-catalog-unavailable {\r\n    color: #999;\r\n    font-style: italic;\r\n    font-size: 0.9em;\r\n}\r\n<\/style>                             \r\n<article class=\"doo-catalog-item linked\" data-catalog-id=\"10465\">\r\n    <div class=\"doo-catalog-image\">\r\n        <img decoding=\"async\" width=\"768\" height=\"1086\" src=\"https:\/\/www.avire-global.com\/pt\/wp-content\/uploads\/sites\/27\/2026\/01\/catalog-10465-thumbnail-1769616790-768x1086.png\" class=\"attachment-medium_large size-medium_large\" alt=\"\" srcset=\"https:\/\/www.avire-global.com\/pt\/wp-content\/uploads\/sites\/27\/2026\/01\/catalog-10465-thumbnail-1769616790-768x1086.png 768w, https:\/\/www.avire-global.com\/pt\/wp-content\/uploads\/sites\/27\/2026\/01\/catalog-10465-thumbnail-1769616790-212x300.png 212w, https:\/\/www.avire-global.com\/pt\/wp-content\/uploads\/sites\/27\/2026\/01\/catalog-10465-thumbnail-1769616790-724x1024.png 724w, https:\/\/www.avire-global.com\/pt\/wp-content\/uploads\/sites\/27\/2026\/01\/catalog-10465-thumbnail-1769616790-1086x1536.png 1086w, https:\/\/www.avire-global.com\/pt\/wp-content\/uploads\/sites\/27\/2026\/01\/catalog-10465-thumbnail-1769616790-1448x2048.png 1448w, https:\/\/www.avire-global.com\/pt\/wp-content\/uploads\/sites\/27\/2026\/01\/catalog-10465-thumbnail-1769616790-scaled.png 1810w\" sizes=\"(max-width: 768px) 100vw, 768px\" title=\"\">    <\/div>\r\n    \r\n    <div class=\"doo-catalog-content\">\r\n        <h2 class=\"doo-catalog-title\">\r\n            Telefones digitais de emerg\u00eancia        <\/h2>\r\n        \r\n        <div class=\"doo-catalog-meta\">          \r\n                            <a href=\"https:\/\/www.avire-global.com\/pt\/wp-content\/uploads\/sites\/27\/avire-catalogs\/catalog-10465.pdf?v=1771856825\" target=\"_blank\" class=\"doo-catalog-link\">\r\n                    Ver Cat\u00e1logo                    <img decoding=\"async\" src=\"https:\/\/www.avire-global.com\/pt\/wp-content\/themes\/doo-avire\/assets\/images\/arrow-right.svg\" alt=\"Arrow Right\" class=\"doo-catalog-arrow\" title=\"\">\r\n                <\/a>\r\n                <div class=\"descargar-pdf\" data-pdf-url=\"https:\/\/www.avire-global.com\/pt\/wp-content\/uploads\/sites\/27\/avire-catalogs\/catalog-10465.pdf?v=1771856825\" data-pdf-name=\"catalog-10465.pdf\"><img decoding=\"async\" src=\"https:\/\/www.avire-global.com\/pt\/wp-content\/themes\/doo-avire\/assets\/images\/download.svg\" alt=\"Download\" title=\"\"><\/div>\r\n                    <\/div>\r\n    <\/div>\r\n<\/article>\r\n\r\n<style>\r\n.doo-catalog-unavailable {\r\n    color: #999;\r\n    font-style: italic;\r\n    font-size: 0.9em;\r\n}\r\n<\/style>                             \r\n<article class=\"doo-catalog-item linked\" data-catalog-id=\"11143\">\r\n    <div class=\"doo-catalog-image\">\r\n        <img decoding=\"async\" width=\"768\" height=\"1086\" src=\"https:\/\/www.avire-global.com\/pt\/wp-content\/uploads\/sites\/27\/2026\/01\/catalog-11143-thumbnail-1769616657-768x1086.png\" class=\"attachment-medium_large size-medium_large\" alt=\"\" srcset=\"https:\/\/www.avire-global.com\/pt\/wp-content\/uploads\/sites\/27\/2026\/01\/catalog-11143-thumbnail-1769616657-768x1086.png 768w, https:\/\/www.avire-global.com\/pt\/wp-content\/uploads\/sites\/27\/2026\/01\/catalog-11143-thumbnail-1769616657-212x300.png 212w, https:\/\/www.avire-global.com\/pt\/wp-content\/uploads\/sites\/27\/2026\/01\/catalog-11143-thumbnail-1769616657-724x1024.png 724w, https:\/\/www.avire-global.com\/pt\/wp-content\/uploads\/sites\/27\/2026\/01\/catalog-11143-thumbnail-1769616657-1086x1536.png 1086w, https:\/\/www.avire-global.com\/pt\/wp-content\/uploads\/sites\/27\/2026\/01\/catalog-11143-thumbnail-1769616657-1448x2048.png 1448w, https:\/\/www.avire-global.com\/pt\/wp-content\/uploads\/sites\/27\/2026\/01\/catalog-11143-thumbnail-1769616657-scaled.png 1810w\" sizes=\"(max-width: 768px) 100vw, 768px\" title=\"\">    <\/div>\r\n    \r\n    <div class=\"doo-catalog-content\">\r\n        <h2 class=\"doo-catalog-title\">\r\n            Telefones anal\u00f3gicos de emerg\u00eancia        <\/h2>\r\n        \r\n        <div class=\"doo-catalog-meta\">          \r\n                            <a href=\"https:\/\/www.avire-global.com\/pt\/wp-content\/uploads\/sites\/27\/avire-catalogs\/catalog-11143.pdf?v=1771856717\" target=\"_blank\" class=\"doo-catalog-link\">\r\n                    Ver Cat\u00e1logo                    <img decoding=\"async\" src=\"https:\/\/www.avire-global.com\/pt\/wp-content\/themes\/doo-avire\/assets\/images\/arrow-right.svg\" alt=\"Arrow Right\" class=\"doo-catalog-arrow\" title=\"\">\r\n                <\/a>\r\n                <div class=\"descargar-pdf\" data-pdf-url=\"https:\/\/www.avire-global.com\/pt\/wp-content\/uploads\/sites\/27\/avire-catalogs\/catalog-11143.pdf?v=1771856717\" data-pdf-name=\"catalog-11143.pdf\"><img decoding=\"async\" src=\"https:\/\/www.avire-global.com\/pt\/wp-content\/themes\/doo-avire\/assets\/images\/download.svg\" alt=\"Download\" title=\"\"><\/div>\r\n                    <\/div>\r\n    <\/div>\r\n<\/article>\r\n\r\n<style>\r\n.doo-catalog-unavailable {\r\n    color: #999;\r\n    font-style: italic;\r\n    font-size: 0.9em;\r\n}\r\n<\/style>                             \r\n<article class=\"doo-catalog-item linked\" data-catalog-id=\"10393\">\r\n    <div class=\"doo-catalog-image\">\r\n        <img decoding=\"async\" width=\"768\" height=\"1086\" src=\"https:\/\/www.avire-global.com\/pt\/wp-content\/uploads\/sites\/27\/2026\/01\/catalog-10393-thumbnail-1769616738-768x1086.png\" class=\"attachment-medium_large size-medium_large\" alt=\"\" srcset=\"https:\/\/www.avire-global.com\/pt\/wp-content\/uploads\/sites\/27\/2026\/01\/catalog-10393-thumbnail-1769616738-768x1086.png 768w, https:\/\/www.avire-global.com\/pt\/wp-content\/uploads\/sites\/27\/2026\/01\/catalog-10393-thumbnail-1769616738-212x300.png 212w, https:\/\/www.avire-global.com\/pt\/wp-content\/uploads\/sites\/27\/2026\/01\/catalog-10393-thumbnail-1769616738-724x1024.png 724w, https:\/\/www.avire-global.com\/pt\/wp-content\/uploads\/sites\/27\/2026\/01\/catalog-10393-thumbnail-1769616738-1086x1536.png 1086w, https:\/\/www.avire-global.com\/pt\/wp-content\/uploads\/sites\/27\/2026\/01\/catalog-10393-thumbnail-1769616738-1448x2048.png 1448w, https:\/\/www.avire-global.com\/pt\/wp-content\/uploads\/sites\/27\/2026\/01\/catalog-10393-thumbnail-1769616738-scaled.png 1810w\" sizes=\"(max-width: 768px) 100vw, 768px\" title=\"\">    <\/div>\r\n    \r\n    <div class=\"doo-catalog-content\">\r\n        <h2 class=\"doo-catalog-title\">\r\n            Cortinas de luz        <\/h2>\r\n        \r\n        <div class=\"doo-catalog-meta\">          \r\n                            <a href=\"https:\/\/www.avire-global.com\/pt\/wp-content\/uploads\/sites\/27\/avire-catalogs\/catalog-10393.pdf?v=1771856792\" target=\"_blank\" class=\"doo-catalog-link\">\r\n                    Ver Cat\u00e1logo                    <img decoding=\"async\" src=\"https:\/\/www.avire-global.com\/pt\/wp-content\/themes\/doo-avire\/assets\/images\/arrow-right.svg\" alt=\"Arrow Right\" class=\"doo-catalog-arrow\" title=\"\">\r\n                <\/a>\r\n                <div class=\"descargar-pdf\" data-pdf-url=\"https:\/\/www.avire-global.com\/pt\/wp-content\/uploads\/sites\/27\/avire-catalogs\/catalog-10393.pdf?v=1771856792\" data-pdf-name=\"catalog-10393.pdf\"><img decoding=\"async\" src=\"https:\/\/www.avire-global.com\/pt\/wp-content\/themes\/doo-avire\/assets\/images\/download.svg\" alt=\"Download\" title=\"\"><\/div>\r\n                    <\/div>\r\n    <\/div>\r\n<\/article>\r\n\r\n<style>\r\n.doo-catalog-unavailable {\r\n    color: #999;\r\n    font-style: italic;\r\n    font-size: 0.9em;\r\n}\r\n<\/style>                         <\/div>\r\n     \r\n<\/div> \r\n\r\n<script>\r\n    jQuery(document).ready(function($) {\r\n        $('.descargar-pdf').click(function() {\r\n            fetch($(this).data('pdf-url'))\r\n            .then(response => response.blob())\r\n            .then(blob => {\r\n                const url = window.URL.createObjectURL(blob);\r\n                const a = document.createElement('a');\r\n                a.href = url;\r\n                a.download = $(this).data('pdf-name');\r\n                document.body.appendChild(a);\r\n                a.click();\r\n                a.remove();\r\n                URL.revokeObjectURL(url);\r\n            });\r\n        });\r\n    });\r\n<\/script>\n","protected":false},"excerpt":{"rendered":"<p>Cat\u00e1logos Nesta sec\u00e7\u00e3o poder\u00e1 encontrar as vers\u00f5es mais recentes dos nossos cat\u00e1logos\/folhetos.Os nossos cat\u00e1logos de produtos podem ser descarregados diretamente; se tiver algum problema ao descarreg\u00e1-los, entre em contacto connosco atrav\u00e9s do preenchimento do formul\u00e1rio de pedido de cat\u00e1logo e teremos todo o gosto em ajud\u00e1-lo.<\/p>\n","protected":false},"author":1,"featured_media":0,"parent":0,"menu_order":0,"comment_status":"closed","ping_status":"closed","template":"","meta":{"_eb_attr":"","inline_featured_image":false,"footnotes":""},"class_list":["post-10358","page","type-page","status-publish","hentry"],"_links":{"self":[{"href":"https:\/\/www.avire-global.com\/pt\/wp-json\/wp\/v2\/pages\/10358","targetHints":{"allow":["GET"]}}],"collection":[{"href":"https:\/\/www.avire-global.com\/pt\/wp-json\/wp\/v2\/pages"}],"about":[{"href":"https:\/\/www.avire-global.com\/pt\/wp-json\/wp\/v2\/types\/page"}],"author":[{"embeddable":true,"href":"https:\/\/www.avire-global.com\/pt\/wp-json\/wp\/v2\/users\/1"}],"replies":[{"embeddable":true,"href":"https:\/\/www.avire-global.com\/pt\/wp-json\/wp\/v2\/comments?post=10358"}],"version-history":[{"count":3,"href":"https:\/\/www.avire-global.com\/pt\/wp-json\/wp\/v2\/pages\/10358\/revisions"}],"predecessor-version":[{"id":11487,"href":"https:\/\/www.avire-global.com\/pt\/wp-json\/wp\/v2\/pages\/10358\/revisions\/11487"}],"wp:attachment":[{"href":"https:\/\/www.avire-global.com\/pt\/wp-json\/wp\/v2\/media?parent=10358"}],"curies":[{"name":"wp","href":"https:\/\/api.w.org\/{rel}","templated":true}]}}