{"id":2893,"date":"2024-02-12T12:39:01","date_gmt":"2024-02-12T10:39:01","guid":{"rendered":"https:\/\/www.avire-global.com\/fr\/?post_type=product&#038;p=2893"},"modified":"2026-01-21T11:37:02","modified_gmt":"2026-01-21T09:37:02","slug":"dcp-evo","status":"publish","type":"product","link":"https:\/\/www.avire-global.com\/fr\/produit\/telephone-urgence-ascenseur\/dcp-evo\/","title":{"rendered":"DCP EVO"},"content":{"rendered":"\n<div class=\"wp-block-doo-tabs-block alignwide\">\n\t<div class=\"doo-tabs-container\">\n\t\t<div class=\"doo-tabs-titles\">\n\t\t\t\t\t\t\t<button class=\"doo-tab-title \" \n\t\t\t\t\t\tdata-tab-index=\"0\">\n\t\t\t\t\tFonctionnalit\u00e9s\t\t\t\t<\/button>\n\t\t\t\t\t\t\t<button class=\"doo-tab-title \" \n\t\t\t\t\t\tdata-tab-index=\"1\">\n\t\t\t\t\tSp\u00e9cification\t\t\t\t<\/button>\n\t\t\t\t\t\t\t<button class=\"doo-tab-title active\" \n\t\t\t\t\t\tdata-tab-index=\"2\">\n\t\t\t\t\tInformations Sur la Commande\t\t\t\t<\/button>\n\t\t\t\t\t<\/div>\n\t<\/div>\n    \n    <div class=\"doo-tabs-content\">\n                    <div class=\"doo-tab-content \">\n                <div class=\"wp-block-doo-block-block-text\">\n\t<h2 class=\"wp-block-heading is-layout-flow wp-block-group-is-layout-flow\">Pourquoi choisir le DCP Evo?<\/h2><h3 class=\"wp-block-heading\">P\u00e9rennit\u00e9 du r\u00e9seau<\/h3><p>Gardez une longueur d\u2019avance avec le DCP Evo, une solution capable d\u2019utiliser la connectivit\u00e9 4G VoLTE ou VoIP.<\/p>\n<p>Pr\u00e9parez-vous aux changements imminents du r\u00e9seau, notamment le passage de l\u2019analogique au num\u00e9rique, l\u2019abandon progressif de la 3G et la fin de la 2G.<\/p>\n<!-- Error rendering block: core\/paragraph --><h3 class=\"wp-block-heading\">Flexibilit\u00e9 du suivi <\/h3><p>Le DCP Evo dispose d\u2019options de connectivit\u00e9 pour de nombreux dispositifs tiers, renfor\u00e7ant la flexibilit\u00e9 de la r\u00e9ception et de l\u2019envoi de donn\u00e9es pour la surveillance \u00e0 distance des ascenseurs.<\/p>\n<!-- Error rendering block: core\/paragraph --><h3 class=\"wp-block-heading\">Flexibilit\u00e9 et fiabilit\u00e9 des r\u00e9seaux mobiles<\/h3><p>VoLTE et donn\u00e9es sur 4G avec repli sur 2G \/ 3G.<\/p>\n<p>Compatible avec toutes les cartes SIM M2M pour une connectivit\u00e9 r\u00e9seau optimale.<\/p>\n<h3 class=\"wp-block-heading\">Facilit\u00e9 d&rsquo;installation<\/h3><p>Configuration \u00e0 distance via le Hub AVIRE, l&rsquo;application mobile ou par SMS.<\/p>\n<p>Testeur de puissance du signal int\u00e9gr\u00e9 pour un positionnement optimal.<\/p>\n<h3 class=\"wp-block-heading\">Des solutions rentables <\/h3><p>Les multiples options de configuration \u00e0 distance r\u00e9duisent le temps de travail des ing\u00e9nieurs sur site.<\/p>\n<p>Les appels techniques et de configuration via le r\u00e9seau de donn\u00e9es r\u00e9duisent les co\u00fbts des appels vocaux.<\/p>\n<h3 class=\"wp-block-heading\">Batterie de secours <\/h3><p>Batterie int\u00e9gr\u00e9e offrant jusqu&rsquo;\u00e0 3 heures d&rsquo;autonomie en cas de coupure de courant (peut varier en fonction de l&rsquo;utilisation)<\/p>\n<h3 class=\"wp-block-heading\">Compatibilit\u00e9 ascendante <\/h3><p>Compatible avec la tr\u00e8s grande majorit\u00e9 des t\u00e9l\u00e9alarmes constructeur et des fabricants sp\u00e9cialis\u00e9s.<\/p>\n<h3 class=\"wp-block-heading\">\u00c9cosyst\u00e8me int\u00e9gr\u00e9 conforme aux normes<\/h3><p>DCP Evo, conforme \u00e0 la norme EN 81-20, au coeur du syst\u00e8me de communication d\u2019urgence AVIRE.<\/p>\n<\/div>            <\/div>\n                    <div class=\"doo-tab-content \">\n                <p><strong>Entr\u00e9e d&rsquo;alimentation :<\/strong> 24 VDC \u00b1 10 %<br \/><strong>Alimentation (externe) :<\/strong> PS filaire (100 \u2013 240 VAC) \/ Prise murale PS (100 \u2013 240 VAC)<br \/><strong>Consommation :<\/strong> 2,4 \u00e0 10W<br \/><strong>Batterie interne :<\/strong> 12V, NiMh 650 mAh \u2013 Jusqu\u2019\u00e0 3 heures d\u2019autonomie<br \/><strong>Temp\u00e9rature de fonctionnement :<\/strong> 0 \u00e0 45\u00b0C<br \/><strong>R\u00e9seaux :<\/strong> 2G, 3G, 4G<br \/><strong>Appel vocal :<\/strong> 2G, 3G, VoLTE (4G)<\/p>\n            <\/div>\n                    <div class=\"doo-tab-content active\">\n                <h3 class=\"wp-block-heading\"><strong>Informations Sur la Commande de DCP<\/strong><\/h3><p><strong>AC-ECM10-610-F-20-FR1 :<\/strong> DCP Evolution with RS232 Serial Port<\/p>\n<h3 class=\"wp-block-heading\"><strong>Accessoires Optionnels<\/strong><\/h3><p><strong>MC-PNM00-100-A-00-000 :<\/strong> Combin\u00e9 de la salle des machines<br \/><strong>AC-ATM00-050-0-00-000 :<\/strong> Antenne d&rsquo;extension pour DCP 5 m\u00e8tres<br \/><strong>AC-ATM00-150-0-00-000 :<\/strong> Antenne d&rsquo;extension pour DCP 15 m\u00e8tres<\/p>\n            <\/div>\n            <\/div>\n<\/div>\n\n\n<p><\/p>\n","protected":false},"featured_media":9452,"template":"","meta":{"_eb_attr":"","inline_featured_image":false,"doo-cf-type":"main","footnotes":""},"market":[74,76,75],"product_cat":[12],"brand":[],"country":[],"class_list":["post-2893","product","type-product","status-publish","has-post-thumbnail","hentry","market-gestion-de-la-connectivite","market-maintenance-dascenseur","market-modernisation-dascenseur","product_cat-telephone-urgence-ascenseur"],"_links":{"self":[{"href":"https:\/\/www.avire-global.com\/fr\/wp-json\/wp\/v2\/product\/2893","targetHints":{"allow":["GET"]}}],"collection":[{"href":"https:\/\/www.avire-global.com\/fr\/wp-json\/wp\/v2\/product"}],"about":[{"href":"https:\/\/www.avire-global.com\/fr\/wp-json\/wp\/v2\/types\/product"}],"version-history":[{"count":4,"href":"https:\/\/www.avire-global.com\/fr\/wp-json\/wp\/v2\/product\/2893\/revisions"}],"predecessor-version":[{"id":10882,"href":"https:\/\/www.avire-global.com\/fr\/wp-json\/wp\/v2\/product\/2893\/revisions\/10882"}],"wp:featuredmedia":[{"embeddable":true,"href":"https:\/\/www.avire-global.com\/fr\/wp-json\/wp\/v2\/media\/9452"}],"wp:attachment":[{"href":"https:\/\/www.avire-global.com\/fr\/wp-json\/wp\/v2\/media?parent=2893"}],"wp:term":[{"taxonomy":"market","embeddable":true,"href":"https:\/\/www.avire-global.com\/fr\/wp-json\/wp\/v2\/market?post=2893"},{"taxonomy":"product_cat","embeddable":true,"href":"https:\/\/www.avire-global.com\/fr\/wp-json\/wp\/v2\/product_cat?post=2893"},{"taxonomy":"brand","embeddable":true,"href":"https:\/\/www.avire-global.com\/fr\/wp-json\/wp\/v2\/brand?post=2893"},{"taxonomy":"country","embeddable":true,"href":"https:\/\/www.avire-global.com\/fr\/wp-json\/wp\/v2\/country?post=2893"}],"curies":[{"name":"wp","href":"https:\/\/api.w.org\/{rel}","templated":true}]}}