{"id":2012,"date":"2023-06-26T09:24:09","date_gmt":"2023-06-26T07:24:09","guid":{"rendered":"https:\/\/www.avire-global.com\/fr\/product\/%product_cat%\/memcom-lift-emergency-phone\/"},"modified":"2025-12-01T14:50:55","modified_gmt":"2025-12-01T12:50:55","slug":"memcom-telephone-durgence","status":"publish","type":"product","link":"https:\/\/www.avire-global.com\/fr\/produit\/telephones-dascenseur-analogiques\/memcom-telephone-durgence\/","title":{"rendered":"Memcom+ T\u00e9l\u00e9phone d\u2019urgence pour ascenseurs"},"content":{"rendered":"\n<div class=\"wp-block-doo-tabs-block alignwide\">\n\t<div class=\"doo-tabs-container\">\n\t\t<div class=\"doo-tabs-titles\">\n\t\t\t\t\t\t\t<button class=\"doo-tab-title active\" \n\t\t\t\t\t\tdata-tab-index=\"0\">\n\t\t\t\t\tSp\u00e9cifications techniques\t\t\t\t<\/button>\n\t\t\t\t\t<\/div>\n\t<\/div>\n    \n    <div class=\"doo-tabs-content\">\n                    <div class=\"doo-tab-content active\">\n                <p><strong>R\u00e9f\u00e9rence :<\/strong> 453 211ML<br \/><strong>Alimentation :<\/strong> 24 VDC ou 80\u2013250 VAC (TOC)<br \/><strong>Dimensions :<\/strong> 115 \u00d7 300 \u00d7 30 mm<br \/><strong>Conformit\u00e9 :<\/strong> EN81-28 \u2013 EN81-70 \u2013 EN627<br \/><strong>Options de connexion :<\/strong> PSTN \/ PBX \/ GSM<br \/><strong>Points d\u2019appels d\u2019urgence :<\/strong> 4*<br \/><strong>Points d\u2019interphonie :<\/strong> 4*<br \/><strong>Batterie de secours :<\/strong> Oui<br \/><strong>Clavier int\u00e9gr\u00e9 :<\/strong> Oui<br \/><strong>Afficheur LCD int\u00e9gr\u00e9 :<\/strong> Oui<br \/><strong>Programmation type \u201ccases \u00e0 cocher\u201d :<\/strong> Oui<\/p>\n<p><strong>R\u00e9f\u00e9rence :<\/strong> 453 200<br \/><strong>Alimentation :<\/strong> 24 VDC (COP)<br \/><strong>Conformit\u00e9 :<\/strong> Oui<\/p>\n<p><strong>Note :<\/strong> Jusqu\u2019\u00e0 5 SMP peuvent \u00eatre associ\u00e9s au syst\u00e8me \u2013 chaque unit\u00e9 n\u00e9cessite une alimentation 24 VDC externe.<\/p>\n            <\/div>\n            <\/div>\n<\/div>","protected":false},"featured_media":2578,"template":"","meta":{"_eb_attr":"","inline_featured_image":false,"doo-cf-type":"main","footnotes":""},"market":[76],"product_cat":[81],"brand":[],"country":[],"class_list":["post-2012","product","type-product","status-publish","has-post-thumbnail","hentry","market-maintenance-dascenseur","product_cat-telephones-dascenseur-analogiques"],"_links":{"self":[{"href":"https:\/\/www.avire-global.com\/fr\/wp-json\/wp\/v2\/product\/2012","targetHints":{"allow":["GET"]}}],"collection":[{"href":"https:\/\/www.avire-global.com\/fr\/wp-json\/wp\/v2\/product"}],"about":[{"href":"https:\/\/www.avire-global.com\/fr\/wp-json\/wp\/v2\/types\/product"}],"version-history":[{"count":2,"href":"https:\/\/www.avire-global.com\/fr\/wp-json\/wp\/v2\/product\/2012\/revisions"}],"predecessor-version":[{"id":10757,"href":"https:\/\/www.avire-global.com\/fr\/wp-json\/wp\/v2\/product\/2012\/revisions\/10757"}],"wp:featuredmedia":[{"embeddable":true,"href":"https:\/\/www.avire-global.com\/fr\/wp-json\/wp\/v2\/media\/2578"}],"wp:attachment":[{"href":"https:\/\/www.avire-global.com\/fr\/wp-json\/wp\/v2\/media?parent=2012"}],"wp:term":[{"taxonomy":"market","embeddable":true,"href":"https:\/\/www.avire-global.com\/fr\/wp-json\/wp\/v2\/market?post=2012"},{"taxonomy":"product_cat","embeddable":true,"href":"https:\/\/www.avire-global.com\/fr\/wp-json\/wp\/v2\/product_cat?post=2012"},{"taxonomy":"brand","embeddable":true,"href":"https:\/\/www.avire-global.com\/fr\/wp-json\/wp\/v2\/brand?post=2012"},{"taxonomy":"country","embeddable":true,"href":"https:\/\/www.avire-global.com\/fr\/wp-json\/wp\/v2\/country?post=2012"}],"curies":[{"name":"wp","href":"https:\/\/api.w.org\/{rel}","templated":true}]}}