{"id":2002,"date":"2023-06-26T09:24:06","date_gmt":"2023-06-26T07:24:06","guid":{"rendered":"https:\/\/www.avire-global.com\/fr\/product\/%product_cat%\/dcp-accessories-top-of-car-digital-audio-unit\/"},"modified":"2026-01-27T13:23:49","modified_gmt":"2026-01-27T11:23:49","slug":"unite-audio-numerique-3","status":"publish","type":"product","link":"https:\/\/www.avire-global.com\/fr\/produit\/telephone-urgence-ascenseur\/unite-audio-numerique-3\/","title":{"rendered":"Unit\u00e9 audio num\u00e9rique toit de cabine"},"content":{"rendered":"\n<div class=\"wp-block-doo-tabs-block alignwide\">\n\t<div class=\"doo-tabs-container\">\n\t\t<div class=\"doo-tabs-titles\">\n\t\t\t\t\t\t\t<button class=\"doo-tab-title active\" \n\t\t\t\t\t\tdata-tab-index=\"0\">\n\t\t\t\t\tSp\u00e9cifications techniques\t\t\t\t<\/button>\n\t\t\t\t\t\t\t<button class=\"doo-tab-title \" \n\t\t\t\t\t\tdata-tab-index=\"1\">\n\t\t\t\t\tInformation\t\t\t\t<\/button>\n\t\t\t\t\t<\/div>\n\t<\/div>\n    \n    <div class=\"doo-tabs-content\">\n                    <div class=\"doo-tab-content active\">\n                <p><strong>Couleur du bo\u00eetier :<\/strong> Jaune<br \/><strong>Bouton :<\/strong> Oui<br \/><strong>Pictogrammes externes :<\/strong> Oui<br \/><strong>Branchement sir\u00e8ne :<\/strong> Oui<br \/><strong>Micro externe \/ interne :<\/strong> Oui<br \/><strong>Haut-parleur externe \/ interne :<\/strong> Oui<br \/><strong>Batterie :<\/strong> Int\u00e9gr\u00e9e<br \/><strong>Indicateur d\u00e9faut batterie &amp; t\u00e9l\u00e9phone :<\/strong> Oui<br \/><strong>Alimentation :<\/strong> 8\u201328 V<br \/><strong>Connexions :<\/strong> CAN &amp; LPBus (RJ45)<\/p>\n            <\/div>\n                    <div class=\"doo-tab-content \">\n                <p><strong>AC-DAT18-110-F-0L-FR1:<\/strong> DAU toit de cabine<\/p>\n            <\/div>\n            <\/div>\n<\/div>","protected":false},"featured_media":3020,"template":"","meta":{"_eb_attr":"","inline_featured_image":false,"doo-cf-type":"accessory","footnotes":""},"market":[76,75],"product_cat":[12],"brand":[],"country":[],"class_list":["post-2002","product","type-product","status-publish","has-post-thumbnail","hentry","market-maintenance-dascenseur","market-modernisation-dascenseur","product_cat-telephone-urgence-ascenseur"],"_links":{"self":[{"href":"https:\/\/www.avire-global.com\/fr\/wp-json\/wp\/v2\/product\/2002","targetHints":{"allow":["GET"]}}],"collection":[{"href":"https:\/\/www.avire-global.com\/fr\/wp-json\/wp\/v2\/product"}],"about":[{"href":"https:\/\/www.avire-global.com\/fr\/wp-json\/wp\/v2\/types\/product"}],"version-history":[{"count":4,"href":"https:\/\/www.avire-global.com\/fr\/wp-json\/wp\/v2\/product\/2002\/revisions"}],"predecessor-version":[{"id":10895,"href":"https:\/\/www.avire-global.com\/fr\/wp-json\/wp\/v2\/product\/2002\/revisions\/10895"}],"wp:featuredmedia":[{"embeddable":true,"href":"https:\/\/www.avire-global.com\/fr\/wp-json\/wp\/v2\/media\/3020"}],"wp:attachment":[{"href":"https:\/\/www.avire-global.com\/fr\/wp-json\/wp\/v2\/media?parent=2002"}],"wp:term":[{"taxonomy":"market","embeddable":true,"href":"https:\/\/www.avire-global.com\/fr\/wp-json\/wp\/v2\/market?post=2002"},{"taxonomy":"product_cat","embeddable":true,"href":"https:\/\/www.avire-global.com\/fr\/wp-json\/wp\/v2\/product_cat?post=2002"},{"taxonomy":"brand","embeddable":true,"href":"https:\/\/www.avire-global.com\/fr\/wp-json\/wp\/v2\/brand?post=2002"},{"taxonomy":"country","embeddable":true,"href":"https:\/\/www.avire-global.com\/fr\/wp-json\/wp\/v2\/country?post=2002"}],"curies":[{"name":"wp","href":"https:\/\/api.w.org\/{rel}","templated":true}]}}