{"id":1996,"date":"2023-06-26T09:24:04","date_gmt":"2023-06-26T09:24:04","guid":{"rendered":"https:\/\/www.avire-global.com\/fr\/product\/%product_cat%\/lift-light-curtains-pana-40\/"},"modified":"2025-11-28T12:01:43","modified_gmt":"2025-11-28T10:01:43","slug":"detecteurs-infrarouges-pana-40","status":"publish","type":"product","link":"https:\/\/www.avire-global.com\/fr\/produit\/barrieres-detection-infrarouge-porte-ascenseur\/detecteurs-infrarouges-pana-40\/","title":{"rendered":"Pana40 Plus 2D \/ 3D"},"content":{"rendered":"\n<div class=\"wp-block-doo-tabs-block alignwide\">\n\t<div class=\"doo-tabs-container\">\n\t\t<div class=\"doo-tabs-titles\">\n\t\t\t\t\t\t\t<button class=\"doo-tab-title active\" \n\t\t\t\t\t\tdata-tab-index=\"0\">\n\t\t\t\t\tSp\u00e9cifications \t\t\t\t<\/button>\n\t\t\t\t\t\t\t<button class=\"doo-tab-title \" \n\t\t\t\t\t\tdata-tab-index=\"1\">\n\t\t\t\t\tInformations\t\t\t\t<\/button>\n\t\t\t\t\t<\/div>\n\t<\/div>\n    \n    <div class=\"doo-tabs-content\">\n                    <div class=\"doo-tab-content active\">\n                <h3 class=\"wp-block-heading\">Sp\u00e9cifications Techniques 2D<\/h3><p><strong>740 040 Standard :<\/strong> 43 mm \u00d7 63 mm \u00d7 2100 mm<br \/><strong>741 000 Mince :<\/strong> 15.5 mm \u00d7 35 mm \u00d7 2000 mm<br \/><strong>743 000 Tr\u00e8s Mince :<\/strong> 9 mm \u00d7 37.3 mm \u00d7 2008 mm<br \/><strong>744 010 Nez de portes :<\/strong> 40 mm \u00d7 10.7 mm \u00d7 2100 mm<br \/><strong>744 040 Colonne d\u2019entr\u00e9e :<\/strong> 40 mm \u00d7 10.7 mm \u00d7 2000 mm<br \/><strong>Longueur des c\u00e2bles :<\/strong> 750 mm + 4 m \u2013 1880 mm + 4 m (744 010 \/ 744 040)<br \/><strong>Espacement des diodes :<\/strong> 45.7 mm<br \/><strong>Port\u00e9e :<\/strong> 6 m<br \/><strong>Nombre de diodes par d\u00e9tecteur :<\/strong> 40<br \/><strong>Nombre de rayons par d\u00e9tecteur :<\/strong> 40 (Pana40 Plus) \u2013 194 (Pana194 Plus)<br \/><strong>Conformit\u00e9 CEM :<\/strong> EN12015:2004 \u2013 EN12016:2004<br \/><strong>Indice IP :<\/strong> IP54<br \/><strong>Vibration :<\/strong> 20\u2013500 Hz \u2013 1.0 g \u2013 4 h \u2013 3 axes \u2013 BS2011 Pt2.1 Fd<\/p>\n<h3 class=\"wp-block-heading\">Sp\u00e9cifications Techniques 3D<\/h3><p><strong>740 040 :<\/strong> 43.5 mm \u00d7 62.5 mm \u00d7 2100 mm<br \/><strong>771 000 :<\/strong> 15.5 mm \u00d7 33.5 mm \u00d7 2000 mm<br \/><strong>774 000 :<\/strong> 9 mm \u00d7 37.3 mm \u00d7 2008 mm<br \/><strong>Longueur des c\u00e2bles :<\/strong> 725 mm + 4 m \u2013 665 mm + 4 m \u2013 750 mm + 4 m (selon mod\u00e8le)<br \/><strong>Profondeur du d\u00e9tecteur (740 040) :<\/strong> 63 mm<br \/><strong>Distance 2D rayon inf\u00e9rieur \/ base antenne :<\/strong> 20 mm \u2013 17 mm \u2013 20 mm<br \/><strong>Distance 2D rayon sup\u00e9rieur \/ base antenne :<\/strong> 1800 mm<br \/><strong>Port\u00e9e 2D :<\/strong> 6 m<br \/><strong>Port\u00e9e 3D :<\/strong> ~600 mm depuis le centre de l\u2019ouverture des portes pour PL 1200 mm<br \/><strong>Nombre de diodes par d\u00e9tecteur :<\/strong> 40<br \/><strong>Nombre de rayons par d\u00e9tecteur :<\/strong> 40 (Pana40 Plus) \u2013 194 (Pana194 Plus)<\/p>\n            <\/div>\n                    <div class=\"doo-tab-content \">\n                <h3 class=\"wp-block-heading\">2D 74X R\u00e9f\u00e9rences<\/h3><p><strong>740 040 \u2013 Universel :<\/strong> 2\u00d7 kits de fixation installation standard \u2013 2\u00d7 kits de fixation colonne d\u2019entr\u00e9e<br \/><strong>741 000 \u2013 D\u00e9tecteurs \u00e0 profils mince :<\/strong> 2\u00d7 kits de fixation<br \/><strong>744 020 \u2013 R\u00e9cepteur pour colonne d\u2019entr\u00e9e et \u00e9metteur standard :<\/strong> 1\u00d7 kit fixation standard \u2013 1\u00d7 kit fixation colonne d\u2019entr\u00e9e<br \/><strong>744 010 \u2013 D\u00e9tecteurs pour nez de vantail :<\/strong> 2\u00d7 kits de fixation pour nez de vantail<br \/><strong>744 040 \u2013 D\u00e9tecteurs pour colonne d\u2019entr\u00e9e :<\/strong> 2\u00d7 kits de fixation colonne d\u2019entr\u00e9e<\/p>\n<h3 class=\"wp-block-heading\">3D 77X R\u00e9f\u00e9rences<\/h3><p><strong>770 040 \u2013 Universel :<\/strong> 1\u00d7 kit fixation installation standard \u2013 1\u00d7 kit fixation colonne d\u2019entr\u00e9e<br \/><strong>771 000 \u2013 D\u00e9tecteurs pour colonne d\u2019entr\u00e9e :<\/strong> 2\u00d7 kits de fixation<br \/><strong>774 000 \u2013 D\u00e9tecteurs \u00e0 profils tr\u00e8s mince :<\/strong> 2\u00d7 kits de fixation<\/p>\n<h3 class=\"wp-block-heading\">R\u00e9f\u00e9rences pi\u00e8ces de rechange &amp; accessoires<\/h3><p><strong>007 137 :<\/strong> Garde intervalle PVC d\u00e9tecteur RX profil mince \u2013 c\u00f4t\u00e9 main droite<br \/><strong>007 138 :<\/strong> Garde intervalle PVC d\u00e9tecteur TX profil mince \u2013 c\u00f4t\u00e9 main gauche<br \/><strong>015 199 :<\/strong> C\u00e2ble d\u2019extension 4 m<\/p>\n            <\/div>\n            <\/div>\n<\/div>","protected":false},"featured_media":2382,"template":"","meta":{"_eb_attr":"","inline_featured_image":false,"doo-cf-type":"main","footnotes":""},"market":[76],"product_cat":[28],"brand":[],"country":[],"class_list":["post-1996","product","type-product","status-publish","has-post-thumbnail","hentry","market-maintenance-dascenseur","product_cat-barrieres-detection-infrarouge-porte-ascenseur"],"_links":{"self":[{"href":"https:\/\/www.avire-global.com\/fr\/wp-json\/wp\/v2\/product\/1996","targetHints":{"allow":["GET"]}}],"collection":[{"href":"https:\/\/www.avire-global.com\/fr\/wp-json\/wp\/v2\/product"}],"about":[{"href":"https:\/\/www.avire-global.com\/fr\/wp-json\/wp\/v2\/types\/product"}],"version-history":[{"count":5,"href":"https:\/\/www.avire-global.com\/fr\/wp-json\/wp\/v2\/product\/1996\/revisions"}],"predecessor-version":[{"id":10739,"href":"https:\/\/www.avire-global.com\/fr\/wp-json\/wp\/v2\/product\/1996\/revisions\/10739"}],"wp:featuredmedia":[{"embeddable":true,"href":"https:\/\/www.avire-global.com\/fr\/wp-json\/wp\/v2\/media\/2382"}],"wp:attachment":[{"href":"https:\/\/www.avire-global.com\/fr\/wp-json\/wp\/v2\/media?parent=1996"}],"wp:term":[{"taxonomy":"market","embeddable":true,"href":"https:\/\/www.avire-global.com\/fr\/wp-json\/wp\/v2\/market?post=1996"},{"taxonomy":"product_cat","embeddable":true,"href":"https:\/\/www.avire-global.com\/fr\/wp-json\/wp\/v2\/product_cat?post=1996"},{"taxonomy":"brand","embeddable":true,"href":"https:\/\/www.avire-global.com\/fr\/wp-json\/wp\/v2\/brand?post=1996"},{"taxonomy":"country","embeddable":true,"href":"https:\/\/www.avire-global.com\/fr\/wp-json\/wp\/v2\/country?post=1996"}],"curies":[{"name":"wp","href":"https:\/\/api.w.org\/{rel}","templated":true}]}}