{"id":1995,"date":"2023-06-26T09:24:04","date_gmt":"2023-06-26T09:24:04","guid":{"rendered":"https:\/\/www.avire-global.com\/fr\/product\/%product_cat%\/lift-light-curtains-smart-3d\/"},"modified":"2026-01-26T17:34:40","modified_gmt":"2026-01-26T15:34:40","slug":"smart-3d","status":"publish","type":"product","link":"https:\/\/www.avire-global.com\/fr\/produit\/barrieres-detection-infrarouge-porte-ascenseur\/smart-3d\/","title":{"rendered":"Smart 3D"},"content":{"rendered":"\n<p><\/p>\n\n\n\n<div class=\"wp-block-doo-tabs-block alignwide\">\n\t<div class=\"doo-tabs-container\">\n\t\t<div class=\"doo-tabs-titles\">\n\t\t\t\t\t\t\t<button class=\"doo-tab-title \" \n\t\t\t\t\t\tdata-tab-index=\"0\">\n\t\t\t\t\tCaract\u00e9ristiques\t\t\t\t<\/button>\n\t\t\t\t\t\t\t<button class=\"doo-tab-title active\" \n\t\t\t\t\t\tdata-tab-index=\"1\">\n\t\t\t\t\tInformations\t\t\t\t<\/button>\n\t\t\t\t\t<\/div>\n\t<\/div>\n    \n    <div class=\"doo-tabs-content\">\n                    <div class=\"doo-tab-content \">\n                <h3 class=\"wp-block-heading\"><strong>Capteur Smart 3D<\/strong><\/h3><p><strong>Hauteur de montage :<\/strong> 1.8\u20132.8 m<br \/><strong>Fr\u00e9quence de l\u2019\u00e9metteur :<\/strong> 24.150 GHz<br \/><strong>Densit\u00e9 de puissance de l\u2019\u00e9metteur :<\/strong> &lt; 5 mW\/cm\u00b2<br \/><strong>Distance minimale de d\u00e9tection :<\/strong> 200\u2013500 mm<br \/><strong>Largeur de d\u00e9tection :<\/strong> 1,4 m (ouverture lat\u00e9rale) \u2013 1,8 m (ouverture centrale)<br \/><strong>Mode de d\u00e9tection :<\/strong> Mouvement<br \/><strong>Vitesse de d\u00e9tection minimale :<\/strong> 20 cm\/s<br \/><strong>Distance de fonctionnement :<\/strong> S\u00e9paration de portes &gt; 30 cm (r\u00e9glable sur Panachrome+)<\/p>\n<h3 class=\"wp-block-heading\"><strong>D\u00e9tecteurs Panachrome+<\/strong><\/h3><p><strong>D\u00e9tecteurs Panachrome+ :<\/strong> G2540 (2D) \u2013 G2510 (2D)<br \/><strong>Dimensions du d\u00e9tecteur :<\/strong> 43\u00d716\u00d72005 mm \/ 10\u00d733\u00d72000 mm<br \/><strong>Nombre de diodes :<\/strong> 48<br \/><strong>Nombre de faisceaux :<\/strong> 234<br \/><strong>Longueur des c\u00e2bles ext\u00e9rieurs (015 455) :<\/strong> 4 m<br \/><strong>Hauteur de surveillance (min) :<\/strong> 20 mm<br \/><strong>Hauteur de surveillance (max) :<\/strong> 1800 mm<br \/><strong>Port\u00e9e 2D :<\/strong> 6 m<br \/><strong>Tension maximale dans le d\u00e9tecteur :<\/strong> 12 VDC<br \/><strong>Consommation \u00e9lectrique max :<\/strong> 6 W<br \/><strong>Plage de temp\u00e9rature :<\/strong> \u201310 \u00b0C \u00e0 +65 \u00b0C<br \/><strong>Conformit\u00e9 CEM :<\/strong> \u00c9missions EN 12015:2014<br \/><strong>Indice de protection :<\/strong> IP65<br \/><strong>Immunit\u00e9 \u00e0 la lumi\u00e8re :<\/strong> &gt;100 000 lux<\/p>\n<h3 class=\"wp-block-heading\"><strong>Sp\u00e9cifications du contr\u00f4leur Panachrome+<\/strong><\/h3><p><strong>Dimensions du contr\u00f4leur :<\/strong> 239\u00d7172\u00d751 mm<br \/><strong>Exigences de tension :<\/strong> 85\u2013240 V AC ou 15\u201348 V DC<br \/><strong>Consommation \u00e9lectrique :<\/strong> 30 W max avec d\u00e9tecteurs<br \/><strong>Relais d\u2019op\u00e9rateur de porte :<\/strong> 250 V AC \/ 24 V DC \u00e0 5 A<br \/><strong>Dur\u00e9e du d\u00e9clenchement :<\/strong> 2D : 350 ms ; 3D : 1 s<br \/><strong>Temporisation :<\/strong> MARCHE\/ARR\u00caT r\u00e9glable 10\u201370 s<\/p>\n            <\/div>\n                    <div class=\"doo-tab-content active\">\n                <p><strong>SMART-3DS-M-01-000 :<\/strong> Smart 3D, montage en surface, couleur laiton<br \/><strong>SMART-3DS-S-01-000 :<\/strong> Smart 3D, montage en surface, couleur inox<\/p>\n            <\/div>\n            <\/div>\n<\/div>\n\n\n<p><\/p>\n","protected":false},"featured_media":2601,"template":"","meta":{"_eb_attr":"","inline_featured_image":false,"doo-cf-type":"main","footnotes":""},"market":[75],"product_cat":[28],"brand":[],"country":[],"class_list":["post-1995","product","type-product","status-publish","has-post-thumbnail","hentry","market-modernisation-dascenseur","product_cat-barrieres-detection-infrarouge-porte-ascenseur"],"_links":{"self":[{"href":"https:\/\/www.avire-global.com\/fr\/wp-json\/wp\/v2\/product\/1995","targetHints":{"allow":["GET"]}}],"collection":[{"href":"https:\/\/www.avire-global.com\/fr\/wp-json\/wp\/v2\/product"}],"about":[{"href":"https:\/\/www.avire-global.com\/fr\/wp-json\/wp\/v2\/types\/product"}],"version-history":[{"count":5,"href":"https:\/\/www.avire-global.com\/fr\/wp-json\/wp\/v2\/product\/1995\/revisions"}],"predecessor-version":[{"id":10902,"href":"https:\/\/www.avire-global.com\/fr\/wp-json\/wp\/v2\/product\/1995\/revisions\/10902"}],"wp:featuredmedia":[{"embeddable":true,"href":"https:\/\/www.avire-global.com\/fr\/wp-json\/wp\/v2\/media\/2601"}],"wp:attachment":[{"href":"https:\/\/www.avire-global.com\/fr\/wp-json\/wp\/v2\/media?parent=1995"}],"wp:term":[{"taxonomy":"market","embeddable":true,"href":"https:\/\/www.avire-global.com\/fr\/wp-json\/wp\/v2\/market?post=1995"},{"taxonomy":"product_cat","embeddable":true,"href":"https:\/\/www.avire-global.com\/fr\/wp-json\/wp\/v2\/product_cat?post=1995"},{"taxonomy":"brand","embeddable":true,"href":"https:\/\/www.avire-global.com\/fr\/wp-json\/wp\/v2\/brand?post=1995"},{"taxonomy":"country","embeddable":true,"href":"https:\/\/www.avire-global.com\/fr\/wp-json\/wp\/v2\/country?post=1995"}],"curies":[{"name":"wp","href":"https:\/\/api.w.org\/{rel}","templated":true}]}}