{"id":1994,"date":"2023-06-26T09:24:03","date_gmt":"2023-06-26T09:24:03","guid":{"rendered":"https:\/\/www.avire-global.com\/fr\/product\/%product_cat%\/lift-light-curtains-panachrome-2\/"},"modified":"2025-11-28T11:58:01","modified_gmt":"2025-11-28T09:58:01","slug":"barrieres-immaterielles-securite-panachrome","status":"publish","type":"product","link":"https:\/\/www.avire-global.com\/fr\/produit\/barrieres-detection-infrarouge-porte-ascenseur\/barrieres-immaterielles-securite-panachrome\/","title":{"rendered":"Panachrome"},"content":{"rendered":"\n<div class=\"wp-block-doo-tabs-block alignwide\">\n\t<div class=\"doo-tabs-container\">\n\t\t<div class=\"doo-tabs-titles\">\n\t\t\t\t\t\t\t<button class=\"doo-tab-title active\" \n\t\t\t\t\t\tdata-tab-index=\"0\">\n\t\t\t\t\tCaract\u00e9ristiques\t\t\t\t<\/button>\n\t\t\t\t\t<\/div>\n\t<\/div>\n    \n    <div class=\"doo-tabs-content\">\n                    <div class=\"doo-tab-content active\">\n                <h3 class=\"wp-block-heading\">Dimensions<\/h3><p><strong>D\u00e9tecteurs Panachrome C3540 (3D) :<\/strong> 43\u00d718\u00d72100 mm<br \/><strong>D\u00e9tecteurs Panachrome C3510 (3D) :<\/strong> 10\u00d738\u00d72000 mm<br \/><strong>D\u00e9tecteurs Panachrome C2540 (2D) :<\/strong> 43\u00d718\u00d72100 mm<br \/><strong>D\u00e9tecteurs Panachrome C2510 (2D) :<\/strong> 10\u00d738\u00d72000 mm<br \/><strong>Contr\u00f4leur Panachrome C3850 :<\/strong> 250\u00d7206\u00d759 mm<br \/><strong>C\u00e2bles d\u2019extension 015 455 :<\/strong> 4 m<\/p>\n<h3 class=\"wp-block-heading\">Sp\u00e9cifications techniques \u2013 R\u00e9f\u00e9rences<\/h3><p><strong>C3540 000 :<\/strong> Jeu de d\u00e9tecteurs 3D TX\/RX + kit de fixation \u2013 43 mm<br \/><strong>C3510 000 :<\/strong> Jeu de d\u00e9tecteurs 3D TX\/RX + kit de fixation \u2013 10 mm<br \/><strong>C2540 000 :<\/strong> Jeu de d\u00e9tecteurs 2D TX\/RX + kit de fixation \u2013 43 mm<br \/><strong>C2510 000 :<\/strong> Jeu de d\u00e9tecteurs 2D TX\/RX + kit de fixation \u2013 10 mm<br \/><strong>C2510 803 :<\/strong> Clips de fixation dynamique (1 par d\u00e9tecteur)<br \/><strong>C2850 000 :<\/strong> Contr\u00f4leur Panachrome 2D universel 85\u2013240 V AC<br \/><strong>C3850 000 :<\/strong> Contr\u00f4leur Panachrome 3D universel 85\u2013240 V AC<\/p>\n<h3 class=\"wp-block-heading\">Sp\u00e9cifications des d\u00e9tecteurs<\/h3><p><strong>Distance diode inf\u00e9rieure \/ base antenne :<\/strong> 18 mm (43 mm profile) \u2013 17 mm (10 mm profile)<br \/><strong>Distance diode sup\u00e9rieure \/ base antenne :<\/strong> 1832 mm (43 mm) \u2013 1838 mm (10 mm)<br \/><strong>Port\u00e9e 2D :<\/strong> 6 m<br \/><strong>Port\u00e9e 3D :<\/strong> Jusqu\u2019\u00e0 ~\u00bd ouverture de porte \u2013 max 1.2 m<br \/><strong>Tension maximale dans le d\u00e9tecteur :<\/strong> 18 VDC<br \/><strong>Consommation maximale TX\/RX :<\/strong> 5 W<br \/><strong>Plage de temp\u00e9rature :<\/strong> \u201310 \u00b0C \u00e0 +65 \u00b0C<br \/><strong>Conformit\u00e9 CEM :<\/strong> EN12015:2004 (\u00e9missions), EN12016:2004 (immunit\u00e9)<br \/><strong>Indice de protection :<\/strong> IP55 (C3540 \/ C2540) \u2013 IP65 (C3510 \/ C2510)<br \/><strong>Immunit\u00e9 lumineuse :<\/strong> 60 000 lux (3D) \u2013 100 000 lux (2D)<br \/><strong>Certification CSA :<\/strong> 1586962 (LR53335), contrat 173023 \u2013 11\/03\/2011<br \/><strong>Brevets mat\u00e9riels :<\/strong> Singapore 200506875 ; Turkey B66B 13\/16 ; USA US7,771,080 B2 ; Europe EP1626924 ; Denmark DK\/EP1626924 ; Australia 0309310.1 \/ 2012207023<br \/><strong>Brevets logiciels (mode veille) :<\/strong> UK 9822359.7 ; Europe EP06966619 ; Germany 29918009.3 ; USA 5,698,824 &amp; 09\/416,585 ; Canada 2,153,514 ; Japan 291527\/1999 &amp; 3088936 ; Singapore 116374<\/p>\n<h3 class=\"wp-block-heading\">Sp\u00e9cifications du contr\u00f4leur<\/h3><p><strong>Tension requise :<\/strong> 85\u2013240 V AC ou 18\u201325 V DC<br \/><strong>Puissance consomm\u00e9e :<\/strong> 10 VA max (d\u00e9tecteurs connect\u00e9s et illumin\u00e9s)<br \/><strong>Relais op\u00e9rateur de portes :<\/strong> 250 V AC \/ 24 V DC \u2013 5 A<br \/><strong>Mat\u00e9riaux :<\/strong> Bo\u00eetier m\u00e9tal peint (\u00e9poxy)<br \/><strong>Dur\u00e9e de d\u00e9clenchement :<\/strong> 250 ms (2D) \u2013 1 s (3D)<br \/><strong>Inhibition \/ Timeout :<\/strong> Marche\/Arr\u00eat \u2013 temporisation r\u00e9glable 10\u201370 s<\/p>\n            <\/div>\n            <\/div>\n<\/div>","protected":false},"featured_media":2584,"template":"","meta":{"_eb_attr":"","inline_featured_image":false,"doo-cf-type":"main","footnotes":""},"market":[76],"product_cat":[28],"brand":[],"country":[],"class_list":["post-1994","product","type-product","status-publish","has-post-thumbnail","hentry","market-maintenance-dascenseur","product_cat-barrieres-detection-infrarouge-porte-ascenseur"],"_links":{"self":[{"href":"https:\/\/www.avire-global.com\/fr\/wp-json\/wp\/v2\/product\/1994","targetHints":{"allow":["GET"]}}],"collection":[{"href":"https:\/\/www.avire-global.com\/fr\/wp-json\/wp\/v2\/product"}],"about":[{"href":"https:\/\/www.avire-global.com\/fr\/wp-json\/wp\/v2\/types\/product"}],"version-history":[{"count":5,"href":"https:\/\/www.avire-global.com\/fr\/wp-json\/wp\/v2\/product\/1994\/revisions"}],"predecessor-version":[{"id":10741,"href":"https:\/\/www.avire-global.com\/fr\/wp-json\/wp\/v2\/product\/1994\/revisions\/10741"}],"wp:featuredmedia":[{"embeddable":true,"href":"https:\/\/www.avire-global.com\/fr\/wp-json\/wp\/v2\/media\/2584"}],"wp:attachment":[{"href":"https:\/\/www.avire-global.com\/fr\/wp-json\/wp\/v2\/media?parent=1994"}],"wp:term":[{"taxonomy":"market","embeddable":true,"href":"https:\/\/www.avire-global.com\/fr\/wp-json\/wp\/v2\/market?post=1994"},{"taxonomy":"product_cat","embeddable":true,"href":"https:\/\/www.avire-global.com\/fr\/wp-json\/wp\/v2\/product_cat?post=1994"},{"taxonomy":"brand","embeddable":true,"href":"https:\/\/www.avire-global.com\/fr\/wp-json\/wp\/v2\/brand?post=1994"},{"taxonomy":"country","embeddable":true,"href":"https:\/\/www.avire-global.com\/fr\/wp-json\/wp\/v2\/country?post=1994"}],"curies":[{"name":"wp","href":"https:\/\/api.w.org\/{rel}","templated":true}]}}