{"id":1993,"date":"2023-06-26T09:24:03","date_gmt":"2023-06-26T09:24:03","guid":{"rendered":"https:\/\/www.avire-global.com\/fr\/product\/%product_cat%\/lift-light-curtains-panachrome\/"},"modified":"2026-01-27T15:14:39","modified_gmt":"2026-01-27T13:14:39","slug":"detecteur-panachrome","status":"publish","type":"product","link":"https:\/\/www.avire-global.com\/fr\/produit\/barrieres-detection-infrarouge-porte-ascenseur\/detecteur-panachrome\/","title":{"rendered":"Panachrome+"},"content":{"rendered":"\n<div class=\"wp-block-doo-tabs-block alignwide\">\n\t<div class=\"doo-tabs-container\">\n\t\t<div class=\"doo-tabs-titles\">\n\t\t\t\t\t\t\t<button class=\"doo-tab-title \" \n\t\t\t\t\t\tdata-tab-index=\"0\">\n\t\t\t\t\tSp\u00e9cifications \t\t\t\t<\/button>\n\t\t\t\t\t\t\t<button class=\"doo-tab-title active\" \n\t\t\t\t\t\tdata-tab-index=\"1\">\n\t\t\t\t\tInformations\t\t\t\t<\/button>\n\t\t\t\t\t<\/div>\n\t<\/div>\n    \n    <div class=\"doo-tabs-content\">\n                    <div class=\"doo-tab-content \">\n                <p><strong>Code produit :<\/strong> G3540 (3D), G3510 (3D), G2540 (2D), G2510 (2D)<\/p>\n<p><strong>Dimensions du d\u00e9tecteur :<\/strong><br \/>G3540 : 43 mm x 16 mm x 2005 mm<br \/>G3510 : 10 mm x 33 mm x 2000 mm<br \/>G2540 : 43 mm x 16 mm x 2005 mm<br \/>G2510 : 10 mm x 33 mm x 2000 mm<\/p>\n<p><strong>Dimensions du contr\u00f4leur G3852 :<\/strong> 239 mm x 172 mm x 51 mm<\/p>\n<p><strong>Nombre de diodes :<\/strong> G3540 = 48 ; G3510 = \u2014 ; G2540 = \u2014 ; G2510 = \u2014<\/p>\n<p><strong>Nombre de faisceaux :<\/strong> G3540 = 234 ; G3510 = \u2014 ; G2540 = \u2014 ; G2510 = \u2014<\/p>\n<p><strong>Longueur des c\u00e2bles d\u2019extension 015 455 :<\/strong> 4 m<\/p>\n<h3 class=\"wp-block-heading\"><strong>Sp\u00e9cifications du d\u00e9tecteur<\/strong><\/h3><p><strong>Hauteur minimale de surveillance :<\/strong> 20 mm<\/p>\n<p><strong>Hauteur maximale de surveillance :<\/strong> 1800 mm<\/p>\n<p><strong>Port\u00e9e \u2013 2D :<\/strong> 6 m<\/p>\n<p><strong>Port\u00e9e \u2013 3D :<\/strong> G\u00e9n\u00e9ralement \u00e9gale \u00e0 la moiti\u00e9 de la largeur d&rsquo;ouverture des portes (0,3 m \u2013 1,2 m)<\/p>\n<p><strong>Tension maximale dans le d\u00e9tecteur :<\/strong> 12 VCC<\/p>\n<p><strong>Consommation \u00e9lectrique maximale :<\/strong> 6 W<\/p>\n<p><strong>Plage de temp\u00e9ratures de fonctionnement :<\/strong> \u201310 \u00b0C \u00e0 +65 \u00b0C<\/p>\n<p><strong>Conformit\u00e9 CEM :<\/strong><br \/>\u00c9missions EN12015:2020 ;<br \/>Immunit\u00e9 EN12016:2013 ;<br \/>FCC 47 CFR part 15, classe A ;<br \/>ICES-003 Iss 7, classe A<\/p>\n<p><strong>Indice de p\u00e9n\u00e9tration :<\/strong> IP65<\/p>\n<p><strong>Immunit\u00e9 \u00e0 la lumi\u00e8re :<\/strong> &gt;100 000 lux<\/p>\n<h3 class=\"wp-block-heading\"><strong>Sp\u00e9cifications du contr\u00f4leur<\/strong><\/h3><p><strong>Tension n\u00e9cessaire :<\/strong> Alimentation universelle 85\u2013240 V AC ou 15\u201328 V DC*<\/p>\n<p><strong>Consommation \u00e9lectrique :<\/strong> 31 W maximum avec d\u00e9tecteurs et LED actives<\/p>\n<p><strong>Relais de l\u2019op\u00e9rateur de porte :<\/strong> 250 V CA, 24 V CC \u00e0 5 A<\/p>\n<p><strong>Dur\u00e9e du d\u00e9clenchement :<\/strong> G\u00e9n\u00e9ralement 350 ms en 2D ; 1 seconde en 3D<\/p>\n<p><strong>Timeout :<\/strong> Basculement ON\/OFF 10 \u00e0 360 s r\u00e9glable<\/p>\n<p><strong>Temps de r\u00e9ponse de la d\u00e9tection 2D :<\/strong> &lt;100 ms<\/p>\n            <\/div>\n                    <div class=\"doo-tab-content active\">\n                <p><strong>G3540 000 :<\/strong> Jeu de d\u00e9tecteurs 3D TX, RX et kit de fixation \u2013 43 mm<br \/><strong>G3510 000 :<\/strong> Jeu de d\u00e9tecteurs 3D TX, RX et kit de fixation \u2013 10 mm<br \/><strong>G2540 000 :<\/strong> Jeu de d\u00e9tecteurs 2D TX, RX et kit de fixation \u2013 43 mm<br \/><strong>G2510 000 :<\/strong> Jeu de d\u00e9tecteurs 2D TX, RX et kit de fixation \u2013 10 mm<br \/><strong>G2510 803 :<\/strong> Clips de fixation pour un d\u00e9tecteur \u2013<br \/><strong>G3852 000 :<\/strong> Contr\u00f4leur Panachrome+OTA (2 c\u00e2bles, un par bord) \u2013<br \/><strong>015 455 :<\/strong> C\u00e2ble d\u2019extension de 4 m \u2013<\/p>\n            <\/div>\n            <\/div>\n<\/div>","protected":false},"featured_media":1311,"template":"","meta":{"_eb_attr":"","inline_featured_image":false,"doo-cf-type":"main","footnotes":""},"market":[76,75],"product_cat":[28],"brand":[],"country":[],"class_list":["post-1993","product","type-product","status-publish","has-post-thumbnail","hentry","market-maintenance-dascenseur","market-modernisation-dascenseur","product_cat-barrieres-detection-infrarouge-porte-ascenseur"],"_links":{"self":[{"href":"https:\/\/www.avire-global.com\/fr\/wp-json\/wp\/v2\/product\/1993","targetHints":{"allow":["GET"]}}],"collection":[{"href":"https:\/\/www.avire-global.com\/fr\/wp-json\/wp\/v2\/product"}],"about":[{"href":"https:\/\/www.avire-global.com\/fr\/wp-json\/wp\/v2\/types\/product"}],"version-history":[{"count":5,"href":"https:\/\/www.avire-global.com\/fr\/wp-json\/wp\/v2\/product\/1993\/revisions"}],"predecessor-version":[{"id":10901,"href":"https:\/\/www.avire-global.com\/fr\/wp-json\/wp\/v2\/product\/1993\/revisions\/10901"}],"wp:featuredmedia":[{"embeddable":true,"href":"https:\/\/www.avire-global.com\/fr\/wp-json\/wp\/v2\/media\/1311"}],"wp:attachment":[{"href":"https:\/\/www.avire-global.com\/fr\/wp-json\/wp\/v2\/media?parent=1993"}],"wp:term":[{"taxonomy":"market","embeddable":true,"href":"https:\/\/www.avire-global.com\/fr\/wp-json\/wp\/v2\/market?post=1993"},{"taxonomy":"product_cat","embeddable":true,"href":"https:\/\/www.avire-global.com\/fr\/wp-json\/wp\/v2\/product_cat?post=1993"},{"taxonomy":"brand","embeddable":true,"href":"https:\/\/www.avire-global.com\/fr\/wp-json\/wp\/v2\/brand?post=1993"},{"taxonomy":"country","embeddable":true,"href":"https:\/\/www.avire-global.com\/fr\/wp-json\/wp\/v2\/country?post=1993"}],"curies":[{"name":"wp","href":"https:\/\/api.w.org\/{rel}","templated":true}]}}