{"id":10923,"date":"2026-01-27T15:01:41","date_gmt":"2026-01-27T13:01:41","guid":{"rendered":"https:\/\/www.avire-global.com\/fr\/?post_type=product&#038;p=10923"},"modified":"2026-01-27T15:01:42","modified_gmt":"2026-01-27T13:01:42","slug":"securite-dacces-intelligente-integrale","status":"publish","type":"product","link":"https:\/\/www.avire-global.com\/fr\/produit\/logiciels\/securite-dacces-intelligente-integrale\/","title":{"rendered":"S\u00e9curit\u00e9 d\u2019Acc\u00e8s Intelligente Int\u00e9grale"},"content":{"rendered":"\n<div style=\"height:100px\" aria-hidden=\"true\" class=\"wp-block-spacer\"><\/div>\n\n\n\n<div class=\"wp-block-group has-global-padding is-layout-constrained wp-block-group-is-layout-constrained\">\n<div class=\"wp-block-columns is-layout-flex wp-container-core-columns-is-layout-44dbfb99 wp-block-columns-is-layout-flex\" style=\"border-top-left-radius:20px;border-top-right-radius:20px;border-bottom-left-radius:20px;border-bottom-right-radius:20px\">\n<div class=\"wp-block-column is-vertically-aligned-center has-neutral-bg-05-background-color has-background is-layout-flow wp-block-column-is-layout-flow\" style=\"border-radius:10px;padding-top:var(--wp--preset--spacing--fluid-0-16);padding-right:var(--wp--preset--spacing--fluid-0-16);padding-bottom:var(--wp--preset--spacing--fluid-0-16);padding-left:var(--wp--preset--spacing--fluid-0-16)\">\n<h2 class=\"wp-block-heading has-text-align-center has-primary-50-color has-text-color has-link-color has-font-48-40-font-size wp-elements-6ce8146e6b39f48be3845013613d0828\" style=\"margin-top:var(--wp--preset--spacing--fluid-0-24);margin-bottom:var(--wp--preset--spacing--fluid-0-24)\">S\u00e9curit\u00e9 d\u2019Acc\u00e8s Intelligente Int\u00e9grale<\/h2>\n\n\n\n<div style=\"height:3px\" aria-hidden=\"true\" class=\"wp-block-spacer\"><\/div>\n\n\n\n<h2 class=\"wp-block-heading has-text-align-center has-brand-memco-color has-text-color has-link-color wp-elements-ce872d7ab005cf1c8676fe08dd102b9c\" style=\"margin-top:var(--wp--preset--spacing--fluid-0-24);margin-bottom:var(--wp--preset--spacing--fluid-0-24)\">Protection des acc\u00e8s cabine par d\u00e9tection intelligente \u00e0 trois dimensions<\/h2>\n\n\n\n<div class=\"wp-block-columns is-layout-flex wp-container-core-columns-is-layout-e446f9cc wp-block-columns-is-layout-flex\" style=\"padding-right:var(--wp--preset--spacing--fluid-0-16);padding-left:var(--wp--preset--spacing--fluid-0-16)\"><\/div>\n\n\n\n<div class=\"wp-block-columns is-layout-flex wp-container-core-columns-is-layout-5cde2e5f wp-block-columns-is-layout-flex\" style=\"padding-top:var(--wp--preset--spacing--fluid-0-16);padding-bottom:var(--wp--preset--spacing--fluid-0-16)\">\n<div class=\"wp-block-column is-layout-flow wp-block-column-is-layout-flow\" style=\"flex-basis:100%\">\n<div class=\"wp-block-buttons is-content-justification-center is-layout-flex wp-container-core-buttons-is-layout-28cb4be5 wp-block-buttons-is-layout-flex\" style=\"padding-top:var(--wp--preset--spacing--fluid-0-24);padding-bottom:var(--wp--preset--spacing--fluid-0-24)\">\n<div class=\"wp-block-button\"><a class=\"wp-block-button__link has-primary-70-color has-neutral-0-background-color has-text-color has-background has-link-color has-border-color has-text-align-center wp-element-button\" href=\"#contact\" style=\"border-color:#ff6900;border-radius:10px\">Contacter le service commercial<\/a><\/div>\n<\/div>\n<\/div>\n<\/div>\n<\/div>\n\n\n\n<div class=\"wp-block-column has-neutral-bg-05-background-color has-background is-layout-flow wp-block-column-is-layout-flow\" style=\"border-radius:10px;padding-top:var(--wp--preset--spacing--fluid-0-16);padding-right:var(--wp--preset--spacing--fluid-0-16);padding-bottom:var(--wp--preset--spacing--fluid-0-16);padding-left:var(--wp--preset--spacing--fluid-0-16)\">\n<div class=\"wp-block-columns is-layout-flex wp-container-core-columns-is-layout-aa93700d wp-block-columns-is-layout-flex\" style=\"padding-top:var(--wp--preset--spacing--fluid-0-24);padding-bottom:var(--wp--preset--spacing--fluid-0-24)\">\n<div class=\"wp-block-column is-layout-flow wp-block-column-is-layout-flow\" style=\"flex-basis:100%\">\n<figure class=\"wp-block-image aligncenter size-full is-resized\"><img decoding=\"async\" width=\"1200\" height=\"1200\" src=\"https:\/\/www.avire-global.com\/fr\/wp-content\/uploads\/sites\/13\/2026\/01\/FR-Smart-3D-System.png\" alt=\"S\u00e9curit\u00e9 d\u2019Acc\u00e8s Intelligente Int\u00e9grale\" class=\"wp-image-10928\" style=\"width:390px;height:auto\" srcset=\"https:\/\/www.avire-global.com\/fr\/wp-content\/uploads\/sites\/13\/2026\/01\/FR-Smart-3D-System.png 1200w, https:\/\/www.avire-global.com\/fr\/wp-content\/uploads\/sites\/13\/2026\/01\/FR-Smart-3D-System-300x300.png 300w, https:\/\/www.avire-global.com\/fr\/wp-content\/uploads\/sites\/13\/2026\/01\/FR-Smart-3D-System-1024x1024.png 1024w, https:\/\/www.avire-global.com\/fr\/wp-content\/uploads\/sites\/13\/2026\/01\/FR-Smart-3D-System-150x150.png 150w, https:\/\/www.avire-global.com\/fr\/wp-content\/uploads\/sites\/13\/2026\/01\/FR-Smart-3D-System-768x768.png 768w\" sizes=\"(max-width: 1200px) 100vw, 1200px\" \/><\/figure>\n<\/div>\n<\/div>\n<\/div>\n<\/div>\n<\/div>\n\n\n\n<div style=\"height:40px\" aria-hidden=\"true\" class=\"wp-block-spacer\"><\/div>\n\n\n\n<div class=\"wp-block-group has-global-padding is-content-justification-left is-layout-constrained wp-container-core-group-is-layout-12dd3699 wp-block-group-is-layout-constrained\">\n<div class=\"wp-block-group has-global-padding is-layout-constrained wp-block-group-is-layout-constrained\">\n<div class=\"wp-block-columns is-layout-flex wp-container-core-columns-is-layout-44dbfb99 wp-block-columns-is-layout-flex\">\n<div class=\"wp-block-column is-vertically-aligned-top is-layout-flow wp-block-column-is-layout-flow\" style=\"border-radius:10px;padding-top:var(--wp--preset--spacing--fluid-0-16);padding-right:var(--wp--preset--spacing--fluid-0-112);padding-bottom:var(--wp--preset--spacing--fluid-0-16);padding-left:var(--wp--preset--spacing--fluid-0-112)\">\n<p class=\"has-text-align-center has-neutral-70-color has-text-color has-link-color wp-elements-fc3185932e206643308449b9ab29fdac\">La solution S\u00e9curit\u00e9 d\u2019Acc\u00e8s Intelligente Int\u00e9grale offre une s\u00e9curit\u00e9 des portes d\u2019ascenseurs de nouvelle g\u00e9n\u00e9ration en combinant des d\u00e9tecteurs optiques avanc\u00e9s, une d\u00e9tection tridimensionnelle intelligente et un contr\u00f4leur performant. Cette approche int\u00e9gr\u00e9e prot\u00e8ge efficacement les passagers et optimise le fonctionnement des acc\u00e8s, en r\u00e9duisant les fausses d\u00e9tections et les interruptions de service.<\/p>\n<\/div>\n<\/div>\n<\/div>\n\n\n\n<div class=\"wp-block-group has-global-padding is-layout-constrained wp-block-group-is-layout-constrained\">\n<div class=\"wp-block-columns is-layout-flex wp-container-core-columns-is-layout-44dbfb99 wp-block-columns-is-layout-flex\">\n<div class=\"wp-block-column is-layout-flow wp-block-column-is-layout-flow\" style=\"border-radius:10px;padding-top:var(--wp--preset--spacing--fluid-0-16);padding-right:var(--wp--preset--spacing--fluid-0-16);padding-bottom:var(--wp--preset--spacing--fluid-0-16);padding-left:var(--wp--preset--spacing--fluid-0-16)\">\n<div class=\"wp-block-columns is-layout-flex wp-container-core-columns-is-layout-c074e925 wp-block-columns-is-layout-flex\" style=\"margin-top:var(--wp--preset--spacing--fluid-0-16);margin-bottom:var(--wp--preset--spacing--fluid-0-16);padding-top:var(--wp--preset--spacing--fluid-0-24);padding-right:var(--wp--preset--spacing--fluid-0-16);padding-bottom:var(--wp--preset--spacing--fluid-0-24);padding-left:var(--wp--preset--spacing--fluid-0-16)\">\n<div class=\"wp-block-column has-global-padding is-content-justification-center is-layout-constrained wp-block-column-is-layout-constrained\" style=\"flex-basis:30%\">\n<figure class=\"wp-block-image size-large is-resized\"><img decoding=\"async\" width=\"576\" height=\"1024\" src=\"https:\/\/www.avire-global.com\/fr\/wp-content\/uploads\/sites\/13\/2026\/01\/Systems-France-576x1024.png\" alt=\"Systems- France\" class=\"wp-image-10889\" style=\"aspect-ratio:0.5625079738599152;width:347px;height:auto\" srcset=\"https:\/\/www.avire-global.com\/fr\/wp-content\/uploads\/sites\/13\/2026\/01\/Systems-France-576x1024.png 576w, https:\/\/www.avire-global.com\/fr\/wp-content\/uploads\/sites\/13\/2026\/01\/Systems-France-169x300.png 169w, https:\/\/www.avire-global.com\/fr\/wp-content\/uploads\/sites\/13\/2026\/01\/Systems-France-768x1365.png 768w, https:\/\/www.avire-global.com\/fr\/wp-content\/uploads\/sites\/13\/2026\/01\/Systems-France-864x1536.png 864w, https:\/\/www.avire-global.com\/fr\/wp-content\/uploads\/sites\/13\/2026\/01\/Systems-France.png 1080w\" sizes=\"(max-width: 576px) 100vw, 576px\" \/><\/figure>\n<\/div>\n\n\n\n<div class=\"wp-block-column has-global-padding is-content-justification-center is-layout-constrained wp-block-column-is-layout-constrained\" style=\"flex-basis:70%\">\n<div class=\"wp-block-group is-vertical is-content-justification-stretch is-layout-flex wp-container-core-group-is-layout-c047459f wp-block-group-is-layout-flex\" style=\"padding-top:var(--wp--preset--spacing--fluid-0-16);padding-right:var(--wp--preset--spacing--fluid-0-32);padding-bottom:var(--wp--preset--spacing--fluid-0-16);padding-left:var(--wp--preset--spacing--fluid-0-32)\">\n<h3 class=\"wp-block-heading has-luminous-vivid-orange-color has-text-color has-link-color wp-elements-ce1ed8e402169051c3af4853d0f2aacc\">Avantages<\/h3>\n\n\n\n<div style=\"height:14px\" aria-hidden=\"true\" class=\"wp-block-spacer wp-container-content-943fad18\"><\/div>\n\n\n\n<h3 class=\"wp-block-heading has-font-20-18-font-size\">S\u00e9curit\u00e9 accrue des zones portes<\/h3>\n\n\n\n<div style=\"height:14px\" aria-hidden=\"true\" class=\"wp-block-spacer wp-container-content-943fad18\"><\/div>\n\n\n\n<p>Un syst\u00e8me de d\u00e9tection complet qui identifie de mani\u00e8re fiable les obstacles et mouvements \u00e0 proximit\u00e9 des portes, am\u00e9liorant la protection des usagers \u00e0 chaque ouverture et fermeture.<\/p>\n\n\n\n<div style=\"height:14px\" aria-hidden=\"true\" class=\"wp-block-spacer wp-container-content-943fad18\"><\/div>\n\n\n\n<h3 class=\"wp-block-heading has-font-20-18-font-size\">Technologie 3D intelligente pour r\u00e9duire les fausses alertes<\/h3>\n\n\n\n<div style=\"height:14px\" aria-hidden=\"true\" class=\"wp-block-spacer wp-container-content-943fad18\"><\/div>\n\n\n\n<p>La d\u00e9tection tridimensionnelle associ\u00e9e aux capteurs infrarouges 2D minimise les d\u00e9clenchements inutiles caus\u00e9s par la lumi\u00e8re ambiante, les objets stationnaires ou le trafic lat\u00e9ral.<\/p>\n\n\n\n<div style=\"height:14px\" aria-hidden=\"true\" class=\"wp-block-spacer wp-container-content-943fad18\"><\/div>\n\n\n\n<h3 class=\"wp-block-heading has-font-20-18-font-size\">Adaptabilit\u00e9 aux installations modernes<\/h3>\n\n\n\n<div style=\"height:14px\" aria-hidden=\"true\" class=\"wp-block-spacer wp-container-content-943fad18\"><\/div>\n\n\n\n<p>Con\u00e7u pour s\u2019int\u00e9grer aux portes \u00e0 ouverture centrale ou lat\u00e9rale, ce syst\u00e8me est adapt\u00e9 aux projets neufs comme \u00e0 la modernisation des ascenseurs existants.<\/p>\n\n\n\n<div style=\"height:14px\" aria-hidden=\"true\" class=\"wp-block-spacer wp-container-content-943fad18\"><\/div>\n\n\n\n<h3 class=\"wp-block-heading has-font-20-18-font-size\">Conformit\u00e9 aux normes de s\u00e9curit\u00e9 EN 81-20 et EN 81-70<\/h3>\n\n\n\n<div style=\"height:14px\" aria-hidden=\"true\" class=\"wp-block-spacer wp-container-content-943fad18\"><\/div>\n\n\n\n<p>Le syst\u00e8me prend en compte les exigences de s\u00e9curit\u00e9 des normes europ\u00e9ennes relatives aux ascenseurs et \u00e0 la protection des usagers.<\/p>\n\n\n\n<div style=\"height:14px\" aria-hidden=\"true\" class=\"wp-block-spacer wp-container-content-943fad18\"><\/div>\n\n\n\n<div style=\"height:14px\" aria-hidden=\"true\" class=\"wp-block-spacer wp-container-content-943fad18\"><\/div>\n<\/div>\n<\/div>\n<\/div>\n<\/div>\n<\/div>\n<\/div>\n\n\n\n<div class=\"wp-block-columns is-layout-flex wp-container-core-columns-is-layout-44dbfb99 wp-block-columns-is-layout-flex\">\n<div class=\"wp-block-column is-layout-flow wp-container-core-column-is-layout-7dd55475 wp-block-column-is-layout-flow\" style=\"border-radius:10px;padding-top:var(--wp--preset--spacing--fluid-0-16);padding-right:var(--wp--preset--spacing--fluid-0-16);padding-bottom:var(--wp--preset--spacing--fluid-0-16);padding-left:var(--wp--preset--spacing--fluid-0-16)\">\n<h2 class=\"wp-block-heading has-text-align-center has-luminous-vivid-orange-color has-text-color has-link-color wp-elements-37e39d55bf654f9021dd882ed8841fa6\" style=\"margin-top:var(--wp--preset--spacing--fluid-0-24);margin-bottom:var(--wp--preset--spacing--fluid-0-24)\">Composants de la solution S\u00e9curit\u00e9 d\u2019Acc\u00e8s Intelligente Int\u00e9grale<\/h2>\n\n\n\n<div style=\"height:35px\" aria-hidden=\"true\" class=\"wp-block-spacer\"><\/div>\n\n\n\n<div class=\"wp-block-columns has-neutral-bg-05-background-color has-background is-layout-flex wp-container-core-columns-is-layout-8665ad02 wp-block-columns-is-layout-flex\" style=\"padding-top:var(--wp--preset--spacing--fluid-0-16);padding-right:var(--wp--preset--spacing--fluid-0-16);padding-bottom:var(--wp--preset--spacing--fluid-0-16);padding-left:var(--wp--preset--spacing--fluid-0-16)\">\n<div class=\"wp-block-column is-layout-flow wp-block-column-is-layout-flow\" style=\"padding-top:var(--wp--preset--spacing--fluid-0-16);padding-bottom:var(--wp--preset--spacing--fluid-0-16);flex-basis:50%\">\n<figure class=\"wp-block-image aligncenter size-medium is-resized\"><img decoding=\"async\" width=\"300\" height=\"300\" src=\"https:\/\/www.avire-global.com\/fr\/wp-content\/uploads\/sites\/13\/2023\/06\/product_panachrome_plus_may_2023-4-300x300.png\" alt=\"Panachrome plus\" class=\"wp-image-425\" style=\"width:190px;height:auto\" srcset=\"https:\/\/www.avire-global.com\/fr\/wp-content\/uploads\/sites\/13\/2023\/06\/product_panachrome_plus_may_2023-4-300x300.png 300w, https:\/\/www.avire-global.com\/fr\/wp-content\/uploads\/sites\/13\/2023\/06\/product_panachrome_plus_may_2023-4-1024x1024.png 1024w, https:\/\/www.avire-global.com\/fr\/wp-content\/uploads\/sites\/13\/2023\/06\/product_panachrome_plus_may_2023-4-150x150.png 150w, https:\/\/www.avire-global.com\/fr\/wp-content\/uploads\/sites\/13\/2023\/06\/product_panachrome_plus_may_2023-4-768x768.png 768w, https:\/\/www.avire-global.com\/fr\/wp-content\/uploads\/sites\/13\/2023\/06\/product_panachrome_plus_may_2023-4-1536x1536.png 1536w, https:\/\/www.avire-global.com\/fr\/wp-content\/uploads\/sites\/13\/2023\/06\/product_panachrome_plus_may_2023-4-2048x2048.png 2048w\" sizes=\"(max-width: 300px) 100vw, 300px\" \/><\/figure>\n<\/div>\n\n\n\n<div class=\"wp-block-column is-layout-flow wp-block-column-is-layout-flow\" style=\"padding-top:var(--wp--preset--spacing--fluid-0-16);padding-right:var(--wp--preset--spacing--fluid-0-16);padding-bottom:var(--wp--preset--spacing--fluid-0-16);padding-left:var(--wp--preset--spacing--fluid-0-16);flex-basis:50%\">\n<div class=\"wp-block-group has-global-padding is-layout-constrained wp-block-group-is-layout-constrained\">\n<h3 class=\"wp-block-heading\">Panachrome+<\/h3>\n\n\n\n<p>Assure une d\u00e9tection pr\u00e9cise autour des bords de porte pour :<\/p>\n\n\n\n<ul class=\"wp-block-list\">\n<li>prot\u00e9ger efficacement les usagers lors de l\u2019ouverture et de la fermeture des portes<\/li>\n\n\n\n<li>offrir une int\u00e9gration discr\u00e8te sans compromettre la performance<\/li>\n\n\n\n<li>renforcer la couverture de d\u00e9tection optique en compl\u00e9ment de Smart 3D<\/li>\n<\/ul>\n\n\n\n<p>Optimise la s\u00e9curit\u00e9 des acc\u00e8s avec une technologie infrarouge dense et fiable.<\/p>\n\n\n\n<div class=\"wp-block-buttons is-content-justification-left is-layout-flex wp-container-core-buttons-is-layout-452a2f19 wp-block-buttons-is-layout-flex\" style=\"padding-top:var(--wp--preset--spacing--fluid-0-24);padding-bottom:var(--wp--preset--spacing--fluid-0-24)\">\n<div class=\"wp-block-button\"><a class=\"wp-block-button__link has-primary-70-color has-neutral-0-background-color has-text-color has-background has-link-color has-border-color wp-element-button\" href=\"https:\/\/www.avire-global.com\/fr\/produit\/barrieres-detection-infrarouge-porte-ascenseur\/detecteur-panachrome\/\" style=\"border-color:#ff6900;border-radius:10px\">Voir le produit<\/a><\/div>\n<\/div>\n<\/div>\n<\/div>\n<\/div>\n\n\n\n<div class=\"wp-block-columns has-neutral-bg-05-background-color has-background is-layout-flex wp-container-core-columns-is-layout-28f84493 wp-block-columns-is-layout-flex\">\n<div class=\"wp-block-column is-layout-flow wp-block-column-is-layout-flow\" style=\"flex-basis:50%\">\n<figure class=\"wp-block-image aligncenter size-thumbnail is-resized\"><img decoding=\"async\" width=\"150\" height=\"150\" src=\"https:\/\/www.avire-global.com\/fr\/wp-content\/uploads\/sites\/13\/2023\/09\/Detector_Smart-3D_-SMART-3DS-S-01-000_2023.5-150x150.png\" alt=\"Barri\u00e8res immat\u00e9rielles Smart 3D\" class=\"wp-image-2601\" style=\"width:200px;height:auto\" srcset=\"https:\/\/www.avire-global.com\/fr\/wp-content\/uploads\/sites\/13\/2023\/09\/Detector_Smart-3D_-SMART-3DS-S-01-000_2023.5-150x150.png 150w, https:\/\/www.avire-global.com\/fr\/wp-content\/uploads\/sites\/13\/2023\/09\/Detector_Smart-3D_-SMART-3DS-S-01-000_2023.5-300x300.png 300w, https:\/\/www.avire-global.com\/fr\/wp-content\/uploads\/sites\/13\/2023\/09\/Detector_Smart-3D_-SMART-3DS-S-01-000_2023.5-1024x1024.png 1024w, https:\/\/www.avire-global.com\/fr\/wp-content\/uploads\/sites\/13\/2023\/09\/Detector_Smart-3D_-SMART-3DS-S-01-000_2023.5-768x768.png 768w, https:\/\/www.avire-global.com\/fr\/wp-content\/uploads\/sites\/13\/2023\/09\/Detector_Smart-3D_-SMART-3DS-S-01-000_2023.5-1536x1536.png 1536w, https:\/\/www.avire-global.com\/fr\/wp-content\/uploads\/sites\/13\/2023\/09\/Detector_Smart-3D_-SMART-3DS-S-01-000_2023.5.png 2048w\" sizes=\"(max-width: 150px) 100vw, 150px\" \/><\/figure>\n<\/div>\n\n\n\n<div class=\"wp-block-column is-layout-flow wp-block-column-is-layout-flow\" style=\"flex-basis:50%\">\n<div class=\"wp-block-group has-global-padding is-layout-constrained wp-block-group-is-layout-constrained\">\n<h3 class=\"wp-block-heading\">Smart 3D<\/h3>\n\n\n\n<p>Offre une protection tridimensionnelle avanc\u00e9e en :<\/p>\n\n\n\n<ul class=\"wp-block-list\">\n<li>d\u00e9tectant les personnes ou objets se rapprochant des portes<\/li>\n\n\n\n<li>filtrant le trafic lat\u00e9ral pour r\u00e9duire les fausses alertes<\/li>\n\n\n\n<li>assurant une surveillance fiable m\u00eame en conditions difficiles (lumi\u00e8re r\u00e9fl\u00e9chie, objets statiques)<\/li>\n<\/ul>\n\n\n\n<p>Renforce la s\u00e9curit\u00e9 au-del\u00e0 des d\u00e9tecteurs infrarouges traditionnels pour un contr\u00f4le proactif des acc\u00e8s.<\/p>\n\n\n\n<div class=\"wp-block-buttons is-content-justification-left is-layout-flex wp-container-core-buttons-is-layout-452a2f19 wp-block-buttons-is-layout-flex\" style=\"padding-top:var(--wp--preset--spacing--fluid-0-24);padding-bottom:var(--wp--preset--spacing--fluid-0-24)\">\n<div class=\"wp-block-button\"><a class=\"wp-block-button__link has-primary-70-color has-neutral-0-background-color has-text-color has-background has-link-color has-border-color wp-element-button\" href=\"https:\/\/www.avire-global.com\/fr\/produit\/barrieres-detection-infrarouge-porte-ascenseur\/smart-3d\/\" style=\"border-color:#ff6900;border-radius:10px\">Voir le produit<\/a><\/div>\n<\/div>\n<\/div>\n<\/div>\n<\/div>\n\n\n\n<div class=\"wp-block-columns has-neutral-bg-05-background-color has-background is-layout-flex wp-container-core-columns-is-layout-28f84493 wp-block-columns-is-layout-flex\">\n<div class=\"wp-block-column is-layout-flow wp-block-column-is-layout-flow\" style=\"flex-basis:50%\">\n<figure class=\"wp-block-image aligncenter size-thumbnail is-resized\"><img decoding=\"async\" width=\"150\" height=\"150\" src=\"https:\/\/www.avire-global.com\/fr\/wp-content\/uploads\/sites\/13\/2023\/06\/product_panachrome_plus_controller-5-150x150.png\" alt=\"Panachrome plus controller\" class=\"wp-image-427\" style=\"width:200px;height:auto\" srcset=\"https:\/\/www.avire-global.com\/fr\/wp-content\/uploads\/sites\/13\/2023\/06\/product_panachrome_plus_controller-5-150x150.png 150w, https:\/\/www.avire-global.com\/fr\/wp-content\/uploads\/sites\/13\/2023\/06\/product_panachrome_plus_controller-5-300x300.png 300w, https:\/\/www.avire-global.com\/fr\/wp-content\/uploads\/sites\/13\/2023\/06\/product_panachrome_plus_controller-5-1024x1024.png 1024w, https:\/\/www.avire-global.com\/fr\/wp-content\/uploads\/sites\/13\/2023\/06\/product_panachrome_plus_controller-5-768x768.png 768w, https:\/\/www.avire-global.com\/fr\/wp-content\/uploads\/sites\/13\/2023\/06\/product_panachrome_plus_controller-5-1536x1536.png 1536w, https:\/\/www.avire-global.com\/fr\/wp-content\/uploads\/sites\/13\/2023\/06\/product_panachrome_plus_controller-5-2048x2048.png 2048w\" sizes=\"(max-width: 150px) 100vw, 150px\" \/><\/figure>\n<\/div>\n\n\n\n<div class=\"wp-block-column is-layout-flow wp-block-column-is-layout-flow\" style=\"flex-basis:50%\">\n<div class=\"wp-block-group has-global-padding is-layout-constrained wp-block-group-is-layout-constrained\">\n<h3 class=\"wp-block-heading\">Contr\u00f4leur Panachrome+<\/h3>\n\n\n\n<p>Permet une gestion intelligente des d\u00e9tecteurs et simplifie les op\u00e9rations techniques gr\u00e2ce \u00e0 :<\/p>\n\n\n\n<ul class=\"wp-block-list\">\n<li>un tableau de configuration et de diagnostic int\u00e9gr\u00e9<\/li>\n\n\n\n<li>une compatibilit\u00e9 avec l\u2019ensemble des d\u00e9tecteurs Panachrome+ 2D\/3D<\/li>\n\n\n\n<li>des options de mise \u00e0 jour \u00e0 distance pour optimiser la maintenance<\/li>\n<\/ul>\n\n\n\n<p>Garantit une supervision robuste du syst\u00e8me de s\u00e9curit\u00e9 des acc\u00e8s.<\/p>\n<\/div>\n<\/div>\n<\/div>\n<\/div>\n<\/div>\n\n\n\n<div class=\"wp-block-group has-global-padding is-layout-constrained wp-block-group-is-layout-constrained\" style=\"padding-top:var(--wp--preset--spacing--fluid-0-24);padding-bottom:var(--wp--preset--spacing--fluid-0-24)\">\n<h2 class=\"wp-block-heading has-text-align-center has-primary-50-color has-text-color has-link-color wp-elements-023416fc78f0a26a2d460bc31ea9efb4\" style=\"margin-top:var(--wp--preset--spacing--fluid-0-16);margin-bottom:var(--wp--preset--spacing--fluid-0-16)\">Une mise \u00e0 niveau, de multiples avantages : s\u00e9curit\u00e9 des acc\u00e8s, d\u00e9tection intelligente et protection renforc\u00e9e r\u00e9unies au sein d\u2019un seul projet.<\/h2>\n<\/div>\n\n\n\n<div class=\"wp-block-group has-global-padding is-layout-constrained wp-block-group-is-layout-constrained\" style=\"margin-top:var(--wp--preset--spacing--fluid-0-56);margin-bottom:var(--wp--preset--spacing--fluid-0-56)\">\n<div class=\"wp-block-group alignfull block-featured has-global-padding is-layout-constrained wp-block-group-is-layout-constrained\">\n<div class=\"wp-block-cover is-light\"><span aria-hidden=\"true\" class=\"wp-block-cover__background has-brand-memco-background-color has-background-dim-100 has-background-dim\"><\/span><div class=\"wp-block-cover__inner-container has-global-padding is-layout-constrained wp-block-cover-is-layout-constrained\">\n<h2 class=\"wp-block-heading has-text-align-left has-neutral-0-color has-text-color has-link-color has-large-font-size wp-elements-1c51a98013bb87ea9ffa84b2bcf14e65\">L\u2019\u00e9volution des exigences de s\u00e9curit\u00e9 repr\u00e9sente un enjeu majeur, mais aussi une opportunit\u00e9 de moderniser la protection des acc\u00e8s d\u2019ascenseurs et d\u2019am\u00e9liorer la s\u00e9curit\u00e9 des passagers.<\/h2>\n\n\n\n<div class=\"wp-block-buttons is-content-justification-left is-layout-flex wp-container-core-buttons-is-layout-4f1a43f1 wp-block-buttons-is-layout-flex\" style=\"padding-top:var(--wp--preset--spacing--fluid-0-24);padding-bottom:var(--wp--preset--spacing--fluid-0-24)\">\n<div class=\"wp-block-button is-style-fill\"><a class=\"wp-block-button__link has-primary-70-color has-neutral-0-background-color has-text-color has-background has-link-color wp-element-button\" href=\"#contact\" style=\"padding-top:var(--wp--preset--spacing--fluid-0-24);padding-bottom:var(--wp--preset--spacing--fluid-0-24)\">Contacter le service commercial<\/a><\/div>\n<\/div>\n\n\n\n<figure class=\"wp-block-image size-full\"><img decoding=\"async\" width=\"1200\" height=\"1200\" src=\"https:\/\/www.avire-global.com\/fr\/wp-content\/uploads\/sites\/13\/2025\/06\/Headshot_Sales_FR_Jose-Bretes.jpg\" alt=\"Headshot_Sales_FR_Jos\u00e9 Bretes\" class=\"wp-image-9476\" style=\"aspect-ratio:1;object-fit:cover\" srcset=\"https:\/\/www.avire-global.com\/fr\/wp-content\/uploads\/sites\/13\/2025\/06\/Headshot_Sales_FR_Jose-Bretes.jpg 1200w, https:\/\/www.avire-global.com\/fr\/wp-content\/uploads\/sites\/13\/2025\/06\/Headshot_Sales_FR_Jose-Bretes-300x300.jpg 300w, https:\/\/www.avire-global.com\/fr\/wp-content\/uploads\/sites\/13\/2025\/06\/Headshot_Sales_FR_Jose-Bretes-1024x1024.jpg 1024w, https:\/\/www.avire-global.com\/fr\/wp-content\/uploads\/sites\/13\/2025\/06\/Headshot_Sales_FR_Jose-Bretes-150x150.jpg 150w, https:\/\/www.avire-global.com\/fr\/wp-content\/uploads\/sites\/13\/2025\/06\/Headshot_Sales_FR_Jose-Bretes-768x768.jpg 768w\" sizes=\"(max-width: 1200px) 100vw, 1200px\" \/><\/figure>\n<\/div><\/div>\n<\/div>\n<\/div>\n<\/div>\n","protected":false},"featured_media":10928,"template":"product-with-patterns-system","meta":{"_eb_attr":"","inline_featured_image":false,"doo-cf-type":"system","footnotes":""},"market":[],"product_cat":[31,28],"brand":[],"country":[],"class_list":["post-10923","product","type-product","status-publish","has-post-thumbnail","hentry","product_cat-logiciels","product_cat-barrieres-detection-infrarouge-porte-ascenseur"],"_links":{"self":[{"href":"https:\/\/www.avire-global.com\/fr\/wp-json\/wp\/v2\/product\/10923","targetHints":{"allow":["GET"]}}],"collection":[{"href":"https:\/\/www.avire-global.com\/fr\/wp-json\/wp\/v2\/product"}],"about":[{"href":"https:\/\/www.avire-global.com\/fr\/wp-json\/wp\/v2\/types\/product"}],"version-history":[{"count":5,"href":"https:\/\/www.avire-global.com\/fr\/wp-json\/wp\/v2\/product\/10923\/revisions"}],"predecessor-version":[{"id":10932,"href":"https:\/\/www.avire-global.com\/fr\/wp-json\/wp\/v2\/product\/10923\/revisions\/10932"}],"wp:featuredmedia":[{"embeddable":true,"href":"https:\/\/www.avire-global.com\/fr\/wp-json\/wp\/v2\/media\/10928"}],"wp:attachment":[{"href":"https:\/\/www.avire-global.com\/fr\/wp-json\/wp\/v2\/media?parent=10923"}],"wp:term":[{"taxonomy":"market","embeddable":true,"href":"https:\/\/www.avire-global.com\/fr\/wp-json\/wp\/v2\/market?post=10923"},{"taxonomy":"product_cat","embeddable":true,"href":"https:\/\/www.avire-global.com\/fr\/wp-json\/wp\/v2\/product_cat?post=10923"},{"taxonomy":"brand","embeddable":true,"href":"https:\/\/www.avire-global.com\/fr\/wp-json\/wp\/v2\/brand?post=10923"},{"taxonomy":"country","embeddable":true,"href":"https:\/\/www.avire-global.com\/fr\/wp-json\/wp\/v2\/country?post=10923"}],"curies":[{"name":"wp","href":"https:\/\/api.w.org\/{rel}","templated":true}]}}