{"id":10871,"date":"2026-01-21T13:49:50","date_gmt":"2026-01-21T11:49:50","guid":{"rendered":"https:\/\/www.avire-global.com\/fr\/?post_type=product&#038;p=10871"},"modified":"2026-04-24T17:57:01","modified_gmt":"2026-04-24T15:57:01","slug":"communication-numerique-durgence-integrale","status":"publish","type":"product","link":"https:\/\/www.avire-global.com\/fr\/produit\/logiciels\/communication-numerique-durgence-integrale\/","title":{"rendered":"Communication Num\u00e9rique d\u2019Urgence Int\u00e9grale"},"content":{"rendered":"\n<div style=\"height:100px\" aria-hidden=\"true\" class=\"wp-block-spacer\"><\/div>\n\n\n<div class=\"wp-block-doo-block-systemeu-hero\">\n\t<div class=\"systemeu-hero\">\r\n\t<div class=\"wp-block-columns\">\r\n\t\t<div class=\"wp-block-column\">\r\n\t\t\t<div class=\"image\">\r\n\t\t\t\t<img decoding=\"async\" width=\"1024\" height=\"1024\" src=\"https:\/\/www.avire-global.com\/fr\/wp-content\/uploads\/sites\/13\/2026\/01\/FR-Fully-Digital-Solution-2-2-1024x1024.png\" class=\"attachment-large size-large wp-post-image\" alt=\"Communication Num\u00e9rique d\u2019Urgence Int\u00e9grale\" srcset=\"https:\/\/www.avire-global.com\/fr\/wp-content\/uploads\/sites\/13\/2026\/01\/FR-Fully-Digital-Solution-2-2-1024x1024.png 1024w, https:\/\/www.avire-global.com\/fr\/wp-content\/uploads\/sites\/13\/2026\/01\/FR-Fully-Digital-Solution-2-2-300x300.png 300w, https:\/\/www.avire-global.com\/fr\/wp-content\/uploads\/sites\/13\/2026\/01\/FR-Fully-Digital-Solution-2-2-150x150.png 150w, https:\/\/www.avire-global.com\/fr\/wp-content\/uploads\/sites\/13\/2026\/01\/FR-Fully-Digital-Solution-2-2-768x768.png 768w, https:\/\/www.avire-global.com\/fr\/wp-content\/uploads\/sites\/13\/2026\/01\/FR-Fully-Digital-Solution-2-2.png 1200w\" sizes=\"(max-width: 1024px) 100vw, 1024px\" \/>\t\t\t<\/div>\r\n\t\t<\/div>\r\n\t\t<div class=\"wp-block-column\">\r\n\t\t\t\t\t\t\t<div class=\"label\">Logiciels<\/div>\r\n\t\t\t\t\t\t\t<h1 class=\"title\">Communication Num\u00e9rique d\u2019Urgence Int\u00e9grale<\/h1>\r\n\t\t\t\t\t\t\t<p class=\"subtitle\">DCP Evo + TOC DAU<\/p>\r\n\t\t\t\t\t\t\t\t\t\t\t<div class=\"standards\">\r\n\t\t\t\t\t<div class=\"text\">Conformit\u00e9<\/div>\r\n\t\t\t\t\t<div class=\"content\">\r\n\t\t\t\t\t\t\t\t\t\t\t\t\t<div class=\"item\">\r\n\t\t\t\t\t\t\t\t<div>\r\n\t\t\t\t\t\t\t\t\t<div class=\"image-standard\">\r\n\t\t\t\t\t\t\t\t\t\t\t\t\t\t\t\t\t\t\t<\/div>\r\n\t\t\t\t\t\t\t\t\t<span>\r\n\t\t\t\t\t\t\t\t\t\tEN 81-28 (janvier 2019)\t\t\t\t\t\t\t\t\t<\/span>\r\n\t\t\t\t\t\t\t\t<\/div>\r\n\t\t\t\t\t\t\t\t<div class=\"doo-link\">\r\n\t\t\t\t\t\t\t\t\t<a href=\"https:\/\/www.avire-global.com\/fr\/standard\/en-81-28\/\">Lire l&#039;extrait<\/a>\r\n\t\t\t\t\t\t\t\t<\/div>\r\n\t\t\t\t\t\t\t<\/div>\r\n\t\t\t\t\t\t\t\t\t\t\t\t\t\t<div class=\"item\">\r\n\t\t\t\t\t\t\t\t<div>\r\n\t\t\t\t\t\t\t\t\t<div class=\"image-standard\">\r\n\t\t\t\t\t\t\t\t\t\t\t\t\t\t\t\t\t\t\t<\/div>\r\n\t\t\t\t\t\t\t\t\t<span>\r\n\t\t\t\t\t\t\t\t\t\tEN\u202f18031-1\t\t\t\t\t\t\t\t\t<\/span>\r\n\t\t\t\t\t\t\t\t<\/div>\r\n\t\t\t\t\t\t\t\t<div class=\"doo-link\">\r\n\t\t\t\t\t\t\t\t\t<a href=\"https:\/\/www.avire-global.com\/fr\/standard\/en-18031-1\/\">Lire l&#039;extrait<\/a>\r\n\t\t\t\t\t\t\t\t<\/div>\r\n\t\t\t\t\t\t\t<\/div>\r\n\t\t\t\t\t\t\t\t\t\t\t\t<\/div>\r\n\t\t\t\t<\/div>\r\n\t\t\t\t\t\t\t<div class=\"wp-block-buttons\">\r\n\t\t\t\t\t\t\t\t\t\t<div class=\"wp-block-button\"><a class =\"wp-block-button__link\" href=\"#Contacterleservicecommercial\">Contacter le service commercial<\/a><\/div>\r\n\t\t\t\t\t\t\t\t\t\t\t\t\t<div class=\"wp-block-button secondary\"><a class =\"wp-block-button__link\" href=\"https:\/\/www.avire-global.com\/fr\/catalogues\/\">Catalogues<\/a><\/div>\r\n\t\t\t\t\t\t\t\t\t\t<\/div>\r\n\t\t<\/div>\r\n\t<\/div>\r\n<\/div>\r\n<\/div>\n\n\n<div class=\"custom-slider-container product wide-overview\">\n\n\t\t\t<div class=\"overview-wide\">\n\t\t\t<div class=\"label\">\n\t\t\t\tAper\u00e7u\t\t\t<\/div>\n\t\t\t<div class=\"content\">Voll-Digital avec mise \u00e0 niveau de s\u00e9curit\u00e9 associe la communication de secours num\u00e9rique moderne de la plateforme DCP Evolution, \u00e9quip\u00e9e d\u2019un port s\u00e9rie RS232, \u00e0 des composants essentiels de gestion et de signalisation, notamment le TOC DAU, l\u2019unit\u00e9 LPBus Triphony \u00e0 deux boutons, l\u2019accessoire COP en montage en surface et le AVIRE Hub.<br \/>\n<br \/>\nCette solution de modernisation permet de mettre en place une infrastructure d\u2019ascenseur enti\u00e8rement num\u00e9rique, fiable et conforme, r\u00e9pondant aux exigences li\u00e9es \u00e0 l\u2019arr\u00eat de la 2G tout en am\u00e9liorant la s\u00e9curit\u00e9 op\u00e9rationnelle et la continuit\u00e9 des communications de secours.<\/div>\n\t\t<\/div>\n\t\t\t<div class=\"custom-slider\">\n\t\t\t\t\t<div class=\"swiper-container main-slider\">\n\t\t\t\t<div class=\"swiper-wrapper\">\n\t\t\t\t\t\t\t\t\t\t\t<div class=\"swiper-slide image contain-w\">\n\t\t\t\t\t\t\t\t\t\t\t\t\t\t\t<img decoding=\"async\" src=\"https:\/\/www.avire-global.com\/fr\/wp-content\/uploads\/sites\/13\/2026\/01\/Systems-France.png\" alt=\"\" class=\"slider-image\">\n\t\t\t\t\t\t\t\t\t\t\t\t\t\t<\/div>\n\t\t\t\t\t\t\t\t\t\t<\/div>\n\t\t\t<\/div>\n\t\n\t\t\t<div class=\"bottom\">\n\t\t\t\t\t\t\t<\/div>\n\t\t\t\t<\/div>\n\t<div class=\"slider-content\">\n\t\t<div class=\"slider-text\">\n\t\t\t\n\n<h2 class=\"wp-block-heading has-text-color has-link-color wp-elements-b9d13049fa65b022b673756fb2b5a9ae\" style=\"color:#d05a2a\"><strong>Avantages<\/strong><\/h2>\n\n\n\n<h3 class=\"wp-block-heading has-font-20-18-font-size\">Digitalisation compl\u00e8te de la communication de secours<\/h3>\n\n\n\n<p>La technologie 4G\/VoLTE et VoIP de derni\u00e8re g\u00e9n\u00e9ration garantit des appels d\u2019urgence stables et p\u00e9rennes, totalement ind\u00e9pendants de la 2G, du DTMF et des lignes analogiques.<\/p>\n\n\n\n<h3 class=\"wp-block-heading has-font-20-18-font-size\">Fiabilit\u00e9 accrue gr\u00e2ce \u00e0 une architecture \u00e9prouv\u00e9e<\/h3>\n\n\n\n<p>La plateforme DCP Evolution, associ\u00e9e au TOC DAU et \u00e0 l\u2019unit\u00e9 LPBus Triphony \u00e0 deux boutons, assure une communication de secours claire, robuste et conforme aux exigences actuelles des ascenseurs modernes.<\/p>\n\n\n\n<h3 class=\"wp-block-heading has-font-20-18-font-size\">Installation flexible et adapt\u00e9e \u00e0 la modernisation<\/h3>\n\n\n\n<p>L\u2019accessoire COP en montage en surface permet une int\u00e9gration rapide et efficace, id\u00e9ale pour les projets de r\u00e9novation sans modifications structurelles lourdes.<\/p>\n\n\n\n<h3 class=\"wp-block-heading has-font-20-18-font-size\">Supervision centrale \u00e0 distance avec l\u2019AVIRE Hub<\/h3>\n\n\n\n<p>La surveillance en temps r\u00e9el, le suivi des appels de test, les journaux de conformit\u00e9 et l\u2019analyse des \u00e9quipements offrent aux exploitants et techniciens une visibilit\u00e9 compl\u00e8te et un contr\u00f4le centralis\u00e9 de l\u2019installation.<\/p>\n\n\n\n<h3 class=\"wp-block-heading has-font-20-18-font-size\">Un seul projet de modernisation, plusieurs b\u00e9n\u00e9fices<\/h3>\n\n\n\n<p>La communication, la supervision et la conformit\u00e9 r\u00e9glementaire sont mises \u00e0 niveau simultan\u00e9ment, r\u00e9duisant le temps d\u2019installation, les co\u00fbts et les interruptions de service.<\/p>\n\n\n\n<h3 class=\"wp-block-heading has-font-20-18-font-size\">P\u00e9renne et conforme \u00e0 la norme EN 81-28<\/h3>\n\n\n\n<p>La solution r\u00e9pond pleinement aux exigences r\u00e9glementaires en vigueur et accompagne les exploitants dans une strat\u00e9gie de modernisation num\u00e9rique durable..<\/p>\n\n\t\t<\/div>\n\t<\/div>\n\n<\/div>\n\n\n<div class=\"wp-block-group has-global-padding is-content-justification-left is-layout-constrained wp-container-core-group-is-layout-12dd3699 wp-block-group-is-layout-constrained\">\n<div class=\"all wp-block-doo-block-systemeu-frame\">\n\t<div class=\"list-products all\">\n\t\t<h2 style=\"color: #d05a2a;\">Les composants de notre solution de s\u00e9curit\u00e9 num\u00e9rique :<\/h2>\n\t\t<div class=\"list-products-content\">\n\t\t\t\t\t\t<div class=\"product item tab-12\">\n\t\t\t\t<div class=\"image\"><img decoding=\"async\" width=\"768\" height=\"512\" src=\"https:\/\/www.avire-global.com\/fr\/wp-content\/uploads\/sites\/13\/2024\/02\/Untitled-design-2-768x512.png\" class=\"attachment-medium_large size-medium_large wp-post-image\" alt=\"\" srcset=\"https:\/\/www.avire-global.com\/fr\/wp-content\/uploads\/sites\/13\/2024\/02\/Untitled-design-2-768x512.png 768w, https:\/\/www.avire-global.com\/fr\/wp-content\/uploads\/sites\/13\/2024\/02\/Untitled-design-2-300x200.png 300w, https:\/\/www.avire-global.com\/fr\/wp-content\/uploads\/sites\/13\/2024\/02\/Untitled-design-2-1024x683.png 1024w, https:\/\/www.avire-global.com\/fr\/wp-content\/uploads\/sites\/13\/2024\/02\/Untitled-design-2-1536x1024.png 1536w, https:\/\/www.avire-global.com\/fr\/wp-content\/uploads\/sites\/13\/2024\/02\/Untitled-design-2.png 2048w\" sizes=\"(max-width: 768px) 100vw, 768px\" \/><\/div>\n\t\t\t\t\t\t\t\t\t<div class=\"new\" style=\"background:#4fb956;color:#ffffff\">Nouveau<\/div>\n\t\t\t\t\t\t\t\t\t<div class=\"content\">\n\t\t\t\t\t<div>\n\t\t\t\t\t\t<div class=\"title title-color\">DCP EVO<\/div>\n\t\t\t\t\t\t<div class=\"description\">Combinant une passerelle GSM, un t\u00e9l\u00e9phone d\u2019urgence pour ascenseur et la\r\nconnectivit\u00e9 M2M, le DCP Evo est le coeur d\u2019un syst\u00e8me de communication moderne. Il\r\noffre la VoLTE, la VoIP et de nouvelles fonctions pour optimiser la surveillance et la\r\ngestion de vos ascenseurs.<\/div>\n\t\t\t\t\t<\/div>\n\t\t\t\t\t<div class=\"bottom\">\n\t\t\t\t\t\t\t\t\t\t\t\t\t<div class=\"doo-link\"><a href=\"https:\/\/www.avire-global.com\/fr\/produit\/telephone-urgence-ascenseur\/dcp-evo\/\">Voir le produit<\/a><\/div>\n\t\t\t\t\t\t\t\t\t\t\t\t\t<div class=\"brands\"><\/div>\n\t\t\t\t\t<\/div>\n\t\t\t\t<\/div>\n\t\t\t<\/div>\n\t\t\t\t\t\t<div class=\"product item tab-12\">\n\t\t\t\t<div class=\"image\"><img decoding=\"async\" width=\"768\" height=\"768\" src=\"https:\/\/www.avire-global.com\/fr\/wp-content\/uploads\/sites\/13\/2023\/06\/DCP-Accessories-Top-of-Car-Digital-Audio-Unit-3D-model-768x768.png\" class=\"attachment-medium_large size-medium_large wp-post-image\" alt=\"\" srcset=\"https:\/\/www.avire-global.com\/fr\/wp-content\/uploads\/sites\/13\/2023\/06\/DCP-Accessories-Top-of-Car-Digital-Audio-Unit-3D-model-768x768.png 768w, https:\/\/www.avire-global.com\/fr\/wp-content\/uploads\/sites\/13\/2023\/06\/DCP-Accessories-Top-of-Car-Digital-Audio-Unit-3D-model-300x300.png 300w, https:\/\/www.avire-global.com\/fr\/wp-content\/uploads\/sites\/13\/2023\/06\/DCP-Accessories-Top-of-Car-Digital-Audio-Unit-3D-model-1024x1024.png 1024w, https:\/\/www.avire-global.com\/fr\/wp-content\/uploads\/sites\/13\/2023\/06\/DCP-Accessories-Top-of-Car-Digital-Audio-Unit-3D-model-150x150.png 150w, https:\/\/www.avire-global.com\/fr\/wp-content\/uploads\/sites\/13\/2023\/06\/DCP-Accessories-Top-of-Car-Digital-Audio-Unit-3D-model.png 1200w\" sizes=\"(max-width: 768px) 100vw, 768px\" \/><\/div>\n\t\t\t\t\t\t\t\t<div class=\"content\">\n\t\t\t\t\t<div>\n\t\t\t\t\t\t<div class=\"title title-color\">Unit\u00e9 audio num\u00e9rique toit de cabine<\/div>\n\t\t\t\t\t\t<div class=\"description\">L&rsquo;unit\u00e9 audio num\u00e9rique du haut de la cabine (TOC DAU) de MEMCO est une solution t\u00e9l\u00e9phonique d&rsquo;urgence compacte, abordable et conforme. Il se connecte \u00e0 la plate-forme de communication num\u00e9rique (DCP), fournit un point d&rsquo;alarme TOC, un haut-parleur externe et un microphone \u00e0 l&rsquo;int\u00e9rieur de la cabine d&rsquo;ascenseur, et est id\u00e9al pour les groupes d&rsquo;ascenseurs.<\/div>\n\t\t\t\t\t<\/div>\n\t\t\t\t\t<div class=\"bottom\">\n\t\t\t\t\t\t\t\t\t\t\t\t\t<div class=\"doo-link\"><a href=\"https:\/\/www.avire-global.com\/fr\/produit\/telephone-urgence-ascenseur\/unite-audio-numerique-3\/\">Voir le produit<\/a><\/div>\n\t\t\t\t\t\t\t\t\t\t\t\t\t<div class=\"brands\"><\/div>\n\t\t\t\t\t<\/div>\n\t\t\t\t<\/div>\n\t\t\t<\/div>\n\t\t\t\t\t\t<div class=\"product item tab-12\">\n\t\t\t\t<div class=\"image\"><img decoding=\"async\" width=\"768\" height=\"402\" src=\"https:\/\/www.avire-global.com\/fr\/wp-content\/uploads\/sites\/13\/2023\/09\/Ecosytem_Triphony-Unit_AC-AET08-100-0-OL-000_2023.2-e1694687931576-768x402.png\" class=\"attachment-medium_large size-medium_large wp-post-image\" alt=\"Unit\u00e9 de trihonie\" srcset=\"https:\/\/www.avire-global.com\/fr\/wp-content\/uploads\/sites\/13\/2023\/09\/Ecosytem_Triphony-Unit_AC-AET08-100-0-OL-000_2023.2-e1694687931576-768x402.png 768w, https:\/\/www.avire-global.com\/fr\/wp-content\/uploads\/sites\/13\/2023\/09\/Ecosytem_Triphony-Unit_AC-AET08-100-0-OL-000_2023.2-e1694687931576-300x157.png 300w, https:\/\/www.avire-global.com\/fr\/wp-content\/uploads\/sites\/13\/2023\/09\/Ecosytem_Triphony-Unit_AC-AET08-100-0-OL-000_2023.2-e1694687931576-1024x536.png 1024w, https:\/\/www.avire-global.com\/fr\/wp-content\/uploads\/sites\/13\/2023\/09\/Ecosytem_Triphony-Unit_AC-AET08-100-0-OL-000_2023.2-e1694687931576-1536x803.png 1536w, https:\/\/www.avire-global.com\/fr\/wp-content\/uploads\/sites\/13\/2023\/09\/Ecosytem_Triphony-Unit_AC-AET08-100-0-OL-000_2023.2-e1694687931576.png 1740w\" sizes=\"(max-width: 768px) 100vw, 768px\" \/><\/div>\n\t\t\t\t\t\t\t\t<div class=\"content\">\n\t\t\t\t\t<div>\n\t\t\t\t\t\t<div class=\"title title-color\">Unit\u00e9 de triphonie<\/div>\n\t\t\t\t\t\t<div class=\"description\">L&rsquo;unit\u00e9 de triphonie est un module audio num\u00e9rique, aliment\u00e9 par des unit\u00e9s audio num\u00e9riques (DAU), qui peut \u00eatre utilis\u00e9 avec la plate-forme de communication num\u00e9rique (DCP) pour la communication d&rsquo;urgence interne ou externe avec l&rsquo;ascenseur. Il peut \u00eatre install\u00e9 en haut ou en bas de la cabine d&rsquo;ascenseur.<\/div>\n\t\t\t\t\t<\/div>\n\t\t\t\t\t<div class=\"bottom\">\n\t\t\t\t\t\t\t\t\t\t\t\t\t<div class=\"doo-link\"><a href=\"https:\/\/www.avire-global.com\/fr\/produit\/telephone-urgence-ascenseur\/unite-de-triphonie\/\">Voir le produit<\/a><\/div>\n\t\t\t\t\t\t\t\t\t\t\t\t\t<div class=\"brands\"><\/div>\n\t\t\t\t\t<\/div>\n\t\t\t\t<\/div>\n\t\t\t<\/div>\n\t\t\t\t\t\t<div class=\"product item tab-12\">\n\t\t\t\t<div class=\"image\"><img decoding=\"async\" width=\"768\" height=\"1318\" src=\"https:\/\/www.avire-global.com\/fr\/wp-content\/uploads\/sites\/13\/2023\/09\/Ecosystem_COP-DAU_AC-AES07-100-0-OL-000_2023.1-e1694699546642-768x1318.png\" class=\"attachment-medium_large size-medium_large wp-post-image\" alt=\"Module audio pour montage en surface\" srcset=\"https:\/\/www.avire-global.com\/fr\/wp-content\/uploads\/sites\/13\/2023\/09\/Ecosystem_COP-DAU_AC-AES07-100-0-OL-000_2023.1-e1694699546642-768x1318.png 768w, https:\/\/www.avire-global.com\/fr\/wp-content\/uploads\/sites\/13\/2023\/09\/Ecosystem_COP-DAU_AC-AES07-100-0-OL-000_2023.1-e1694699546642-175x300.png 175w, https:\/\/www.avire-global.com\/fr\/wp-content\/uploads\/sites\/13\/2023\/09\/Ecosystem_COP-DAU_AC-AES07-100-0-OL-000_2023.1-e1694699546642-597x1024.png 597w, https:\/\/www.avire-global.com\/fr\/wp-content\/uploads\/sites\/13\/2023\/09\/Ecosystem_COP-DAU_AC-AES07-100-0-OL-000_2023.1-e1694699546642-895x1536.png 895w, https:\/\/www.avire-global.com\/fr\/wp-content\/uploads\/sites\/13\/2023\/09\/Ecosystem_COP-DAU_AC-AES07-100-0-OL-000_2023.1-e1694699546642.png 954w\" sizes=\"(max-width: 768px) 100vw, 768px\" \/><\/div>\n\t\t\t\t\t\t\t\t<div class=\"content\">\n\t\t\t\t\t<div>\n\t\t\t\t\t\t<div class=\"title title-color\">Module audio montage en saillie<\/div>\n\t\t\t\t\t\t<div class=\"description\">Le module audio en saillie MEMCO est mont\u00e9 sur la bo\u00eete \u00e0 boutons de la cabine de la cabine\r\n(COP), avec une connexion facile \u00e0 installer \u00e0 l\u2019unit\u00e9 audio num\u00e9rique (DAU), fournissant un\r\nson num\u00e9rique de haute qualit\u00e9. Il comprend une boucle inductive int\u00e9gr\u00e9e et une lumi\u00e8re\r\nd\u2019urgence.<\/div>\n\t\t\t\t\t<\/div>\n\t\t\t\t\t<div class=\"bottom\">\n\t\t\t\t\t\t\t\t\t\t\t\t\t<div class=\"doo-link\"><a href=\"https:\/\/www.avire-global.com\/fr\/produit\/telephone-urgence-ascenseur\/module-audio\/\">Voir le produit<\/a><\/div>\n\t\t\t\t\t\t\t\t\t\t\t\t\t<div class=\"brands\"><\/div>\n\t\t\t\t\t<\/div>\n\t\t\t\t<\/div>\n\t\t\t<\/div>\n\t\t\t\t\t\t<div class=\"product item tab-31\">\n\t\t\t\t<div class=\"image\"><img decoding=\"async\" width=\"600\" height=\"450\" src=\"https:\/\/www.avire-global.com\/fr\/wp-content\/uploads\/sites\/13\/2023\/06\/avire_hub_anca_20.07-1.png\" class=\"attachment-medium_large size-medium_large wp-post-image\" alt=\"\" srcset=\"https:\/\/www.avire-global.com\/fr\/wp-content\/uploads\/sites\/13\/2023\/06\/avire_hub_anca_20.07-1.png 600w, https:\/\/www.avire-global.com\/fr\/wp-content\/uploads\/sites\/13\/2023\/06\/avire_hub_anca_20.07-1-300x225.png 300w\" sizes=\"(max-width: 600px) 100vw, 600px\" \/><\/div>\n\t\t\t\t\t\t\t\t<div class=\"content\">\n\t\t\t\t\t<div>\n\t\t\t\t\t\t<div class=\"title title-color\">Logiciel de surveillance des ascenseurs AVIRE HUB<\/div>\n\t\t\t\t\t\t<div class=\"description\">Gardez le contr\u00f4le de l&rsquo;ensemble de votre portefeuille d&rsquo;installations d&rsquo;ascenseurs gr\u00e2ce au logiciel avanc\u00e9 d&rsquo;ascenseurs dans l&rsquo;AVIRE HUB. Surveillez, programmez et mettez \u00e0 jour les appareils \u00e0 distance, recevez des alertes et des alarmes, et conformez vous aux r\u00e9glementations avec des appels de test et une piste d&rsquo;audit.<\/div>\n\t\t\t\t\t<\/div>\n\t\t\t\t\t<div class=\"bottom\">\n\t\t\t\t\t\t\t\t\t\t\t\t\t<div class=\"doo-link\"><a href=\"https:\/\/www.avire-global.com\/fr\/produit\/logiciels\/avire-hub-lift-monitoring-software\/\">Voir le produit<\/a><\/div>\n\t\t\t\t\t\t\t\t\t\t\t\t\t<div class=\"brands\"><img decoding=\"async\" width=\"300\" height=\"63\" src=\"https:\/\/www.avire-global.com\/fr\/wp-content\/uploads\/sites\/13\/2023\/06\/Brands-MEMCO.svg\" class=\"attachment-medium size-medium\" alt=\"\" \/><\/div>\n\t\t\t\t\t<\/div>\n\t\t\t\t<\/div>\n\t\t\t<\/div>\n\t\t\t\t\t<\/div>\n\t<\/div>\n<\/div>\n\n\n\n<div class=\"wp-block-group has-global-padding is-layout-constrained wp-block-group-is-layout-constrained\"><\/div>\n\n\n\n<div class=\"wp-block-group has-global-padding is-layout-constrained wp-block-group-is-layout-constrained\" style=\"padding-top:var(--wp--preset--spacing--fluid-0-24);padding-bottom:var(--wp--preset--spacing--fluid-0-24)\">\n<h2 class=\"wp-block-heading has-text-align-center has-primary-50-color has-text-color has-link-color wp-elements-1dc6bb1a8d2eb13867a95be0b6d44455\" style=\"margin-top:var(--wp--preset--spacing--fluid-0-16);margin-bottom:var(--wp--preset--spacing--fluid-0-16)\">Une mise \u00e0 niveau, de multiples avantages : communication, s\u00e9curit\u00e9, supervision et gains d\u2019efficacit\u00e9 r\u00e9unis au sein d\u2019un seul projet.<\/h2>\n<\/div>\n\n\n\n<div class=\"wp-block-group has-global-padding is-layout-constrained wp-block-group-is-layout-constrained\" style=\"margin-top:var(--wp--preset--spacing--fluid-0-56);margin-bottom:var(--wp--preset--spacing--fluid-0-56)\">\n<div class=\"wp-block-group alignfull block-featured has-global-padding is-layout-constrained wp-block-group-is-layout-constrained\" id=\"Contacterleservicecommercial\">\n<div class=\"wp-block-cover is-light\"><span aria-hidden=\"true\" class=\"wp-block-cover__background has-brand-memco-background-color has-background-dim-100 has-background-dim\"><\/span><div class=\"wp-block-cover__inner-container has-global-padding is-layout-constrained wp-block-cover-is-layout-constrained\">\n<h2 class=\"wp-block-heading has-text-align-left has-neutral-0-color has-text-color has-link-color has-large-font-size wp-elements-699fa1cafc4a5f875f4db79d0c22bdab\">L\u2019arr\u00eat de la 2G repr\u00e9sente un changement majeur, mais aussi une opportunit\u00e9 de moderniser la communication des ascenseurs et d\u2019am\u00e9liorer la s\u00e9curit\u00e9.<\/h2>\n\n\n\n<div class=\"wp-block-buttons is-content-justification-left is-layout-flex wp-container-core-buttons-is-layout-4f1a43f1 wp-block-buttons-is-layout-flex\" style=\"padding-top:var(--wp--preset--spacing--fluid-0-24);padding-bottom:var(--wp--preset--spacing--fluid-0-24)\">\n<div class=\"wp-block-button is-style-fill\"><a class=\"wp-block-button__link has-primary-70-color has-neutral-0-background-color has-text-color has-background has-link-color wp-element-button\" href=\"#contact\" style=\"padding-top:var(--wp--preset--spacing--fluid-0-24);padding-bottom:var(--wp--preset--spacing--fluid-0-24)\">Contacter le service commercial<\/a><\/div>\n<\/div>\n\n\n\n<figure class=\"wp-block-image size-full\"><img decoding=\"async\" width=\"1200\" height=\"1200\" src=\"https:\/\/www.avire-global.com\/fr\/wp-content\/uploads\/sites\/13\/2025\/06\/Headshot_Sales_FR_Jose-Bretes.jpg\" alt=\"Headshot_Sales_FR_Jos\u00e9 Bretes\" class=\"wp-image-9476\" style=\"aspect-ratio:1;object-fit:cover\" srcset=\"https:\/\/www.avire-global.com\/fr\/wp-content\/uploads\/sites\/13\/2025\/06\/Headshot_Sales_FR_Jose-Bretes.jpg 1200w, https:\/\/www.avire-global.com\/fr\/wp-content\/uploads\/sites\/13\/2025\/06\/Headshot_Sales_FR_Jose-Bretes-300x300.jpg 300w, https:\/\/www.avire-global.com\/fr\/wp-content\/uploads\/sites\/13\/2025\/06\/Headshot_Sales_FR_Jose-Bretes-1024x1024.jpg 1024w, https:\/\/www.avire-global.com\/fr\/wp-content\/uploads\/sites\/13\/2025\/06\/Headshot_Sales_FR_Jose-Bretes-150x150.jpg 150w, https:\/\/www.avire-global.com\/fr\/wp-content\/uploads\/sites\/13\/2025\/06\/Headshot_Sales_FR_Jose-Bretes-768x768.jpg 768w\" sizes=\"(max-width: 1200px) 100vw, 1200px\" \/><\/figure>\n<\/div><\/div>\n<\/div>\n<\/div>\n<\/div>\n","protected":false},"featured_media":10989,"template":"product-with-patterns-system","meta":{"_eb_attr":"","inline_featured_image":false,"doo-cf-type":"system","footnotes":""},"market":[],"product_cat":[31,12],"brand":[],"country":[],"class_list":["post-10871","product","type-product","status-publish","has-post-thumbnail","hentry","product_cat-logiciels","product_cat-telephone-urgence-ascenseur"],"_links":{"self":[{"href":"https:\/\/www.avire-global.com\/fr\/wp-json\/wp\/v2\/product\/10871","targetHints":{"allow":["GET"]}}],"collection":[{"href":"https:\/\/www.avire-global.com\/fr\/wp-json\/wp\/v2\/product"}],"about":[{"href":"https:\/\/www.avire-global.com\/fr\/wp-json\/wp\/v2\/types\/product"}],"version-history":[{"count":5,"href":"https:\/\/www.avire-global.com\/fr\/wp-json\/wp\/v2\/product\/10871\/revisions"}],"predecessor-version":[{"id":10997,"href":"https:\/\/www.avire-global.com\/fr\/wp-json\/wp\/v2\/product\/10871\/revisions\/10997"}],"wp:featuredmedia":[{"embeddable":true,"href":"https:\/\/www.avire-global.com\/fr\/wp-json\/wp\/v2\/media\/10989"}],"wp:attachment":[{"href":"https:\/\/www.avire-global.com\/fr\/wp-json\/wp\/v2\/media?parent=10871"}],"wp:term":[{"taxonomy":"market","embeddable":true,"href":"https:\/\/www.avire-global.com\/fr\/wp-json\/wp\/v2\/market?post=10871"},{"taxonomy":"product_cat","embeddable":true,"href":"https:\/\/www.avire-global.com\/fr\/wp-json\/wp\/v2\/product_cat?post=10871"},{"taxonomy":"brand","embeddable":true,"href":"https:\/\/www.avire-global.com\/fr\/wp-json\/wp\/v2\/brand?post=10871"},{"taxonomy":"country","embeddable":true,"href":"https:\/\/www.avire-global.com\/fr\/wp-json\/wp\/v2\/country?post=10871"}],"curies":[{"name":"wp","href":"https:\/\/api.w.org\/{rel}","templated":true}]}}