{"id":82,"date":"2023-04-17T20:47:20","date_gmt":"2023-04-17T20:47:20","guid":{"rendered":"https:\/\/www.avire-global.com\/?page_id=82"},"modified":"2024-11-06T11:59:11","modified_gmt":"2024-11-06T09:59:11","slug":"legal-terms","status":"publish","type":"page","link":"https:\/\/www.avire-global.com\/fr\/legal-terms\/","title":{"rendered":"Mentions l\u00e9gales"},"content":{"rendered":"\n<h1 class=\"wp-block-heading\">Mentions l\u00e9gales<\/h1>\n\n\n\n<p class=\"has-font-14-font-size\"><a href=\"https:\/\/www.avire-global.com\/fr\/wp-content\/uploads\/sites\/13\/2024\/11\/2.-AVIRE-STANDARD-TERMS-AND-CONDITIONS-FOR-THE-SUPPLY-OF-GOODS-AND-SERVICES_UPDATED_01_11_24_FR.pdf\" target=\"_blank\" data-type=\"link\" data-id=\"https:\/\/www.avire-global.com\/fr\/wp-content\/uploads\/sites\/13\/2023\/09\/Avire-TCs-FR-2.pdf\" rel=\"noreferrer noopener\">Conditions g\u00e9n\u00e9rales de vente d&rsquo;Avire <\/a><\/p>\n\n\n\n<p class=\"has-font-14-font-size\"><a href=\"https:\/\/www.avire-global.com\/fr\/wp-content\/uploads\/sites\/13\/2023\/09\/DEFINITIONS-RELATIVES-AUX-CONDITIONS-GENERALES-DE-VENTE.pdf\" data-type=\"link\" data-id=\"https:\/\/www.avire-global.com\/fr\/wp-content\/uploads\/sites\/13\/2023\/09\/DEFINITIONS-RELATIVES-AUX-CONDITIONS-GENERALES-DE-VENTE.pdf\">D\u00e9finitions relatives aux conditions g\u00e9n\u00e9rales de vente d&rsquo;Avire<\/a><\/p>\n\n\n\n<p class=\"has-font-14-font-size\"><a href=\"https:\/\/www.avire-global.com\/fr\/wp-content\/uploads\/sites\/13\/2023\/09\/AVIRE-Website-Privacy-Policy-FR-1.pdf\" data-type=\"link\" data-id=\"https:\/\/www.avire-global.com\/fr\/wp-content\/uploads\/sites\/13\/2023\/09\/AVIRE-Website-Privacy-Policy-FR-1.pdf\">Politique de confidentialit\u00e9 du site web <\/a><\/p>\n\n\n\n<p class=\"has-font-14-font-size\"><a href=\"https:\/\/www.avire-global.com\/fr\/wp-content\/uploads\/sites\/13\/2023\/09\/Conditions-dutilisation-cartes-SIM.pdf\" data-type=\"link\" data-id=\"https:\/\/www.avire-global.com\/fr\/wp-content\/uploads\/sites\/13\/2023\/09\/Conditions-dutilisation-cartes-SIM.pdf\">Conditions d&rsquo;utilisation des cartes SIM Avire et politique d&rsquo;utilisation \u00e9quitable<\/a><\/p>\n\n\n\n<p class=\"has-font-14-font-size\"><a href=\"https:\/\/www.avire-global.com\/fr\/wp-content\/uploads\/sites\/13\/2023\/09\/reglement-sur-les-piles-usagees.pdf\" data-type=\"link\" data-id=\"https:\/\/www.avire-global.com\/fr\/wp-content\/uploads\/sites\/13\/2023\/09\/reglement-sur-les-piles-usagees.pdf\">R\u00e8glement sur les piles usag\u00e9es <\/a><\/p>\n\n\n\n<p class=\"has-font-14-font-size\"><a href=\"https:\/\/www.avire-global.com\/wp-content\/uploads\/2024\/07\/halma-modern-slavery-act-statement-fy24.pdf\">MODERN SLAVERY ACT<\/a><\/p>\n\n\n\n<p class=\"has-font-14-font-size\"><a href=\"https:\/\/www.avire-global.com\/wp-content\/uploads\/2024\/07\/SPCG-001-rev-1-Politica_SGI.pdf\">INTEGRATED MANAGEMENT SYSTEM POLICY<\/a><\/p>\n\n\n\n<p class=\"has-font-14-font-size\"><a href=\"https:\/\/www.avire-global.com\/wp-content\/uploads\/2024\/07\/QMS06-rev-12-QMS-Policy-Statement-All.docx\">QMS POLICY STATEMENT<\/a><\/p>\n\n\n\n<p class=\"has-font-14-font-size\"><a href=\"https:\/\/www.avire-global.com\/wp-content\/uploads\/2024\/07\/EMS-Policy-All.docx\">EMS POLICY<\/a><\/p>\n\n\n\n<p class=\"has-font-14-font-size\"><a href=\"https:\/\/www.avire-global.com\/wp-content\/uploads\/2024\/07\/OHSAS-Policy-OHSAS-All_rev-4.docx\">OSHAS MANAGEMENT SYSTEM POLICY<\/a><\/p>\n","protected":false},"excerpt":{"rendered":"<p>Mentions l\u00e9gales Conditions g\u00e9n\u00e9rales de vente d&rsquo;Avire D\u00e9finitions relatives aux conditions g\u00e9n\u00e9rales de vente d&rsquo;Avire Politique de confidentialit\u00e9 du site web Conditions d&rsquo;utilisation des cartes SIM Avire et politique d&rsquo;utilisation \u00e9quitable R\u00e8glement sur les piles usag\u00e9es MODERN SLAVERY ACT INTEGRATED MANAGEMENT SYSTEM POLICY QMS POLICY STATEMENT EMS POLICY OSHAS MANAGEMENT SYSTEM POLICY<\/p>\n","protected":false},"author":1,"featured_media":0,"parent":0,"menu_order":0,"comment_status":"closed","ping_status":"closed","template":"wp-custom-template-legal-page","meta":{"_eb_attr":"","inline_featured_image":false,"footnotes":""},"class_list":["post-82","page","type-page","status-publish","hentry"],"_links":{"self":[{"href":"https:\/\/www.avire-global.com\/fr\/wp-json\/wp\/v2\/pages\/82","targetHints":{"allow":["GET"]}}],"collection":[{"href":"https:\/\/www.avire-global.com\/fr\/wp-json\/wp\/v2\/pages"}],"about":[{"href":"https:\/\/www.avire-global.com\/fr\/wp-json\/wp\/v2\/types\/page"}],"author":[{"embeddable":true,"href":"https:\/\/www.avire-global.com\/fr\/wp-json\/wp\/v2\/users\/1"}],"replies":[{"embeddable":true,"href":"https:\/\/www.avire-global.com\/fr\/wp-json\/wp\/v2\/comments?post=82"}],"version-history":[{"count":5,"href":"https:\/\/www.avire-global.com\/fr\/wp-json\/wp\/v2\/pages\/82\/revisions"}],"predecessor-version":[{"id":9200,"href":"https:\/\/www.avire-global.com\/fr\/wp-json\/wp\/v2\/pages\/82\/revisions\/9200"}],"wp:attachment":[{"href":"https:\/\/www.avire-global.com\/fr\/wp-json\/wp\/v2\/media?parent=82"}],"curies":[{"name":"wp","href":"https:\/\/api.w.org\/{rel}","templated":true}]}}