{"id":35,"date":"2023-04-17T15:39:35","date_gmt":"2023-04-17T15:39:35","guid":{"rendered":"https:\/\/www.avire-global.com\/?page_id=35"},"modified":"2025-08-05T10:42:10","modified_gmt":"2025-08-05T08:42:10","slug":"contact","status":"publish","type":"page","link":"https:\/\/www.avire-global.com\/fr\/contact\/","title":{"rendered":"Contact"},"content":{"rendered":"<div class=\"wp-block-doo-block-patterns\">\n\t<div class=\"doo-image left\"style=\"opacity:0.6;filter: invert(44%) sepia(49%) saturate(1334%) hue-rotate(341deg) brightness(97%) contrast(95%);top:2000px;left:0px;\">\n\t\t<img decoding=\"async\" width=\"278\" height=\"454\" src=\"https:\/\/www.avire-global.com\/fr\/wp-content\/uploads\/sites\/13\/2023\/06\/pattern-68.svg\" class=\"attachment-full size-full\" alt=\"\" \/>\t<\/div>\n<\/div>\n\n\n<div class=\"wp-block-doo-block-patterns\">\n\t<div class=\"doo-image right\"style=\"opacity:0.6;filter: invert(44%) sepia(49%) saturate(1334%) hue-rotate(341deg) brightness(97%) contrast(95%);top:20px;right:0px;\">\n\t\t<img decoding=\"async\" width=\"201\" height=\"412\" src=\"https:\/\/www.avire-global.com\/fr\/wp-content\/uploads\/sites\/13\/2023\/06\/pattern-69.svg\" class=\"attachment-full size-full\" alt=\"\" \/>\t<\/div>\n<\/div>\n\n\n\n<div class=\"wp-block-group header-title has-global-padding is-layout-constrained wp-block-group-is-layout-constrained\">\n<h1 class=\"wp-block-heading has-text-align-center\">Contactez-nous<\/h1>\n\n\n<\/div>\n\n\n\n<div class=\"wp-block-group alignfull block-featured-cta has-global-padding is-layout-constrained wp-block-group-is-layout-constrained\">\n<div class=\"wp-block-columns is-layout-flex wp-container-core-columns-is-layout-28f84493 wp-block-columns-is-layout-flex\">\n<div class=\"wp-block-column is-vertically-aligned-bottom has-primary-50-background-color has-background is-layout-flow wp-block-column-is-layout-flow\" style=\"flex-basis:33.33%\">\n<h2 class=\"wp-block-heading has-text-align-left has-neutral-0-color has-text-color\">Contactez l&rsquo;\u00e9quipe commerciale<\/h2>\n\n\n\n<p class=\"has-neutral-0-color has-text-color\">Anticipez la fin de la 2G en France. Soyez pr\u00eats \u00e0 la transition num\u00e9rique dans les ascenseurs.<\/p>\n\n\n\n<div class=\"wp-block-buttons is-layout-flex wp-block-buttons-is-layout-flex\">\n<div class=\"wp-block-button doo-link is-style-outline style-white bg-blue is-style-outline--1\"><a class=\"wp-block-button__link wp-element-button\">Contactez l&rsquo;\u00e9quipe commerciale <\/a><\/div>\n<\/div>\n\n\n\n<figure class=\"wp-block-image size-large\"><img decoding=\"async\" width=\"142\" height=\"162\" src=\"https:\/\/www.avire-global.com\/fr\/wp-content\/uploads\/sites\/13\/2023\/04\/vector-38.svg\" alt=\"\" class=\"wp-image-589\"\/><\/figure>\n\n\n\n<figure class=\"wp-block-image size-large\"><img decoding=\"async\" width=\"102\" height=\"116\" src=\"https:\/\/www.avire-global.com\/fr\/wp-content\/uploads\/sites\/13\/2023\/04\/vector-45.svg\" alt=\"\" class=\"wp-image-590\"\/><\/figure>\n<\/div>\n\n\n\n<div class=\"wp-block-column is-layout-flow wp-block-column-is-layout-flow\" style=\"flex-basis:66.66%\">\n<figure class=\"wp-block-image size-full\"><img decoding=\"async\" width=\"880\" height=\"400\" src=\"https:\/\/www.avire-global.com\/fr\/wp-content\/uploads\/sites\/13\/2023\/04\/hand-in-lift.jpg\" alt=\"\" class=\"wp-image-591\" srcset=\"https:\/\/www.avire-global.com\/fr\/wp-content\/uploads\/sites\/13\/2023\/04\/hand-in-lift.jpg 880w, https:\/\/www.avire-global.com\/fr\/wp-content\/uploads\/sites\/13\/2023\/04\/hand-in-lift-300x136.jpg 300w, https:\/\/www.avire-global.com\/fr\/wp-content\/uploads\/sites\/13\/2023\/04\/hand-in-lift-768x349.jpg 768w\" sizes=\"(max-width: 880px) 100vw, 880px\" \/><\/figure>\n<\/div>\n<\/div>\n<\/div>\n\n\n\n<div class=\"wp-block-columns are-vertically-aligned-center block-contact-office is-layout-flex wp-container-core-columns-is-layout-28f84493 wp-block-columns-is-layout-flex\">\n<div class=\"wp-block-column is-vertically-aligned-center is-layout-flow wp-block-column-is-layout-flow\" style=\"flex-basis:33.33%\"><\/div>\n\n\n\n<div class=\"wp-block-column is-vertically-aligned-center is-layout-flow wp-block-column-is-layout-flow\" style=\"flex-basis:66.66%\"><\/div>\n<\/div>\n\n\n\n<div class=\"wp-block-columns are-vertically-aligned-center block-contact-office has-border-color is-layout-flex wp-container-core-columns-is-layout-5148cb95 wp-block-columns-is-layout-flex\" style=\"border-color:#D3D7D8;border-radius:10px;margin-top:var(--wp--preset--spacing--30);margin-bottom:var(--wp--preset--spacing--30);padding-top:var(--wp--preset--spacing--30);padding-right:var(--wp--preset--spacing--30);padding-bottom:var(--wp--preset--spacing--30);padding-left:var(--wp--preset--spacing--30)\">\n<div class=\"wp-block-column is-vertically-aligned-center is-layout-flow wp-block-column-is-layout-flow\" style=\"flex-basis:33.33%\">\n<div class=\"wp-block-group is-vertical is-layout-flex wp-container-core-group-is-layout-b8f5abff wp-block-group-is-layout-flex\" style=\"margin-top:var(--wp--preset--spacing--30);margin-bottom:var(--wp--preset--spacing--30);padding-top:var(--wp--preset--spacing--30);padding-right:var(--wp--preset--spacing--30);padding-bottom:var(--wp--preset--spacing--30);padding-left:var(--wp--preset--spacing--30)\">\n<h2 class=\"wp-block-heading\">Nos bureaux<\/h2>\n\n\n\n<div class=\"wp-block-group is-vertical is-layout-flex wp-container-core-group-is-layout-fe9cc265 wp-block-group-is-layout-flex\">\n<h3 class=\"wp-block-heading\">Memco by AVIRE France<\/h3>\n\n\n\n<p class=\"has-primary-50-color has-text-color has-link-color wp-elements-22ce43a31713c005b6c384c3854574f9\">ZAC des Portes de l\u2019Oise<br>9 BIS Rue L\u00e9onard de Vinci<br>60230 Chambly France<\/p>\n\n\n\n<p class=\"has-primary-50-color has-text-color has-link-color wp-elements-8f16125c4d3c6e7541f132f94c8e22dd\"><\/p>\n\n\n\n<p class=\"has-primary-50-color has-text-color has-link-color wp-elements-39ff01152479196674dd42ecb1edb6f5\">T:<a href=\"tel:+33 (1) 30 28 95 39\"> +33 (1) 30 28 95 39<\/a><\/p>\n\n\n\n<p class=\"has-primary-50-color has-text-color has-link-color wp-elements-84802fb9c548f58933b33902898ae0b2\">F:<a href=\"fax:+33 (1) 30 28 24 66\">&nbsp;+33 (1) 30 28 24 66<\/a><\/p>\n\n\n\n<p class=\"has-primary-50-color has-text-color has-link-color wp-elements-b5ef98f1bd4308461fae5758709262a2\">E:<a href=\"mailto:sales.fr@avire-global.com\">&nbsp;sales.fr@avire-global.com<\/a><\/p>\n\n\n\n<div class=\"wp-block-buttons is-layout-flex wp-block-buttons-is-layout-flex\">\n<div class=\"wp-block-button doo-link style-white bg-blue is-style-fill\"><a class=\"wp-block-button__link has-neutral-0-color has-primary-50-background-color has-text-color has-background has-link-color wp-element-button\">Contactez l&rsquo;\u00e9quipe commerciale <\/a><\/div>\n<\/div>\n<\/div>\n<\/div>\n<\/div>\n\n\n\n<div class=\"wp-block-column is-vertically-aligned-center is-layout-flow wp-block-column-is-layout-flow\" style=\"flex-basis:66.66%\">\n<div class=\"wp-block-columns are-vertically-aligned-top is-layout-flex wp-container-core-columns-is-layout-f6353f8c wp-block-columns-is-layout-flex\" style=\"padding-top:var(--wp--preset--spacing--40);padding-bottom:var(--wp--preset--spacing--40)\">\n<div class=\"wp-block-column is-vertically-aligned-top is-layout-flow wp-block-column-is-layout-flow\">\n<figure class=\"wp-block-image size-thumbnail is-style-rounded\"><img decoding=\"async\" width=\"150\" height=\"150\" src=\"https:\/\/www.avire-global.com\/fr\/wp-content\/uploads\/sites\/13\/2025\/06\/Headshot_Sales_FR_Jose-Bretes-150x150.jpg\" alt=\"Headshot_Sales_FR_Jos\u00e9 Bretes\" class=\"wp-image-9476\" srcset=\"https:\/\/www.avire-global.com\/fr\/wp-content\/uploads\/sites\/13\/2025\/06\/Headshot_Sales_FR_Jose-Bretes-150x150.jpg 150w, https:\/\/www.avire-global.com\/fr\/wp-content\/uploads\/sites\/13\/2025\/06\/Headshot_Sales_FR_Jose-Bretes-300x300.jpg 300w, https:\/\/www.avire-global.com\/fr\/wp-content\/uploads\/sites\/13\/2025\/06\/Headshot_Sales_FR_Jose-Bretes-1024x1024.jpg 1024w, https:\/\/www.avire-global.com\/fr\/wp-content\/uploads\/sites\/13\/2025\/06\/Headshot_Sales_FR_Jose-Bretes-768x768.jpg 768w, https:\/\/www.avire-global.com\/fr\/wp-content\/uploads\/sites\/13\/2025\/06\/Headshot_Sales_FR_Jose-Bretes.jpg 1200w\" sizes=\"(max-width: 150px) 100vw, 150px\" \/><\/figure>\n\n\n\n<p class=\"has-primary-50-color has-text-color has-link-color has-font-24-font-size wp-elements-9cacc82ab1a8d31b2282716f7a758601\"><strong>Jos\u00e9 Bretes<\/strong><\/p>\n\n\n\n<h4 class=\"wp-block-heading\" style=\"padding-top:var(--wp--preset--spacing--30);padding-bottom:var(--wp--preset--spacing--30)\"><strong>Directeur Pays, France<\/strong><\/h4>\n\n\n\n<p class=\"has-primary-50-color has-text-color has-link-color has-font-14-font-size wp-elements-8e527332d3dd5c9d78ce6e6c6cff07a1\">M: <a href=\"tel:+33 (6) 13616218\">+33 (6) 13616218<\/a><\/p>\n\n\n\n<p class=\"has-primary-50-color has-text-color has-link-color has-font-14-font-size wp-elements-36b122394b2998a067268ba929326b64\">E: <a href=\"mailto: jose.bretes@avire-global.com\">jose.bretes@avire-global.com<\/a><\/p>\n\n\n\n<ul class=\"wp-block-social-links is-layout-flex wp-block-social-links-is-layout-flex\"><li class=\"wp-social-link wp-social-link-linkedin  wp-block-social-link\"><a href=\"https:\/\/www.linkedin.com\/in\/jos%C3%A9-bretes-7661a26\/\" class=\"wp-block-social-link-anchor\" rel=\"nofollow noopener\" target=\"_blank\"><svg width=\"24\" height=\"24\" viewBox=\"0 0 24 24\" version=\"1.1\" xmlns=\"http:\/\/www.w3.org\/2000\/svg\" aria-hidden=\"true\" focusable=\"false\"><path d=\"M19.7,3H4.3C3.582,3,3,3.582,3,4.3v15.4C3,20.418,3.582,21,4.3,21h15.4c0.718,0,1.3-0.582,1.3-1.3V4.3 C21,3.582,20.418,3,19.7,3z M8.339,18.338H5.667v-8.59h2.672V18.338z M7.004,8.574c-0.857,0-1.549-0.694-1.549-1.548 c0-0.855,0.691-1.548,1.549-1.548c0.854,0,1.547,0.694,1.547,1.548C8.551,7.881,7.858,8.574,7.004,8.574z M18.339,18.338h-2.669 v-4.177c0-0.996-0.017-2.278-1.387-2.278c-1.389,0-1.601,1.086-1.601,2.206v4.249h-2.667v-8.59h2.559v1.174h0.037 c0.356-0.675,1.227-1.387,2.526-1.387c2.703,0,3.203,1.779,3.203,4.092V18.338z\"><\/path><\/svg><span class=\"wp-block-social-link-label screen-reader-text\">LinkedIn<\/span><\/a><\/li><\/ul>\n<\/div>\n\n\n\n<div class=\"wp-block-column is-vertically-aligned-top is-layout-flow wp-block-column-is-layout-flow\">\n<figure class=\"wp-block-image size-thumbnail is-style-rounded\"><img decoding=\"async\" width=\"150\" height=\"150\" src=\"https:\/\/www.avire-global.com\/fr\/wp-content\/uploads\/sites\/13\/2025\/06\/Headshot_Sales_FR_Vincent-Mas-150x150.jpg\" alt=\"Headshot_Sales_FR_Vincent Mas\" class=\"wp-image-9479\" srcset=\"https:\/\/www.avire-global.com\/fr\/wp-content\/uploads\/sites\/13\/2025\/06\/Headshot_Sales_FR_Vincent-Mas-150x150.jpg 150w, https:\/\/www.avire-global.com\/fr\/wp-content\/uploads\/sites\/13\/2025\/06\/Headshot_Sales_FR_Vincent-Mas-300x300.jpg 300w, https:\/\/www.avire-global.com\/fr\/wp-content\/uploads\/sites\/13\/2025\/06\/Headshot_Sales_FR_Vincent-Mas-1024x1024.jpg 1024w, https:\/\/www.avire-global.com\/fr\/wp-content\/uploads\/sites\/13\/2025\/06\/Headshot_Sales_FR_Vincent-Mas-768x768.jpg 768w, https:\/\/www.avire-global.com\/fr\/wp-content\/uploads\/sites\/13\/2025\/06\/Headshot_Sales_FR_Vincent-Mas.jpg 1200w\" sizes=\"(max-width: 150px) 100vw, 150px\" \/><\/figure>\n\n\n\n<p class=\"has-primary-50-color has-text-color has-link-color has-font-24-font-size wp-elements-b0d10c6b9546f0626584f848344e0c69\"><strong>Vincent Mas<\/strong><\/p>\n\n\n\n<h4 class=\"wp-block-heading\" style=\"padding-top:var(--wp--preset--spacing--30);padding-bottom:var(--wp--preset--spacing--30)\"><strong>Responsable du D\u00e9veloppement Commercial <\/strong><\/h4>\n\n\n\n<p class=\"has-primary-50-color has-text-color has-link-color has-font-14-font-size wp-elements-aa76b0aba4b3762c58b7efe6f09ddff2\">M:<a href=\"tel:+33 6 80 27 23 03\">+33 6 80 27 23 03<\/a><\/p>\n\n\n\n<p class=\"has-primary-50-color has-text-color has-link-color has-font-14-font-size wp-elements-230500c7a7a46caea5d0ac0266ebf7fd\">E: <a href=\"mailto:vincent.mas@avire-global.com\">vincent.mas@avire-global.com<\/a><\/p>\n\n\n\n<ul class=\"wp-block-social-links is-layout-flex wp-block-social-links-is-layout-flex\"><li class=\"wp-social-link wp-social-link-linkedin  wp-block-social-link\"><a href=\"https:\/\/www.linkedin.com\/in\/vincent-mas-88b032183\/\" class=\"wp-block-social-link-anchor\" rel=\"nofollow noopener\" target=\"_blank\"><svg width=\"24\" height=\"24\" viewBox=\"0 0 24 24\" version=\"1.1\" xmlns=\"http:\/\/www.w3.org\/2000\/svg\" aria-hidden=\"true\" focusable=\"false\"><path d=\"M19.7,3H4.3C3.582,3,3,3.582,3,4.3v15.4C3,20.418,3.582,21,4.3,21h15.4c0.718,0,1.3-0.582,1.3-1.3V4.3 C21,3.582,20.418,3,19.7,3z M8.339,18.338H5.667v-8.59h2.672V18.338z M7.004,8.574c-0.857,0-1.549-0.694-1.549-1.548 c0-0.855,0.691-1.548,1.549-1.548c0.854,0,1.547,0.694,1.547,1.548C8.551,7.881,7.858,8.574,7.004,8.574z M18.339,18.338h-2.669 v-4.177c0-0.996-0.017-2.278-1.387-2.278c-1.389,0-1.601,1.086-1.601,2.206v4.249h-2.667v-8.59h2.559v1.174h0.037 c0.356-0.675,1.227-1.387,2.526-1.387c2.703,0,3.203,1.779,3.203,4.092V18.338z\"><\/path><\/svg><span class=\"wp-block-social-link-label screen-reader-text\">LinkedIn<\/span><\/a><\/li><\/ul>\n<\/div>\n<\/div>\n<\/div>\n<\/div>\n\n\n\n<div class=\"wp-block-group block-offices has-global-padding is-layout-constrained wp-block-group-is-layout-constrained\">\n<h2 class=\"wp-block-heading has-text-align-left\">Nos bureaux dans le monde<\/h2>\n\n\n\n<div class=\"wp-block-columns is-layout-flex wp-container-core-columns-is-layout-28f84493 wp-block-columns-is-layout-flex\">\n<div class=\"wp-block-column is-layout-flow wp-block-column-is-layout-flow\">\n<h3 class=\"wp-block-heading\">R\u00e9publique Tch\u00e8que<\/h3>\n\n\n\n<figure class=\"wp-block-image size-large\"><img decoding=\"async\" width=\"33\" height=\"32\" src=\"https:\/\/www.avire-global.com\/fr\/wp-content\/uploads\/sites\/13\/2023\/05\/industry.svg\" alt=\"\" class=\"wp-image-694\"\/><\/figure>\n\n\n\n<p>Okruzni 2615<\/p>\n\n\n\n<p>370 01 Ceske Budejovice<\/p>\n\n\n\n<p>REPUBLIQUE TCHEQUE<\/p>\n\n\n\n<p>T: <a href=\"tel:+420 387 005 601\" target=\"_blank\" rel=\"noreferrer noopener\">+420 387 005 601<\/a><\/p>\n<\/div>\n\n\n\n<div class=\"wp-block-column is-layout-flow wp-block-column-is-layout-flow\">\n<h3 class=\"wp-block-heading\">France<\/h3>\n\n\n\n<figure class=\"wp-block-image size-large\"><img decoding=\"async\" width=\"32\" height=\"32\" src=\"https:\/\/www.avire-global.com\/fr\/wp-content\/uploads\/sites\/13\/2023\/05\/building.svg\" alt=\"building\" class=\"wp-image-693\"\/><\/figure>\n\n\n\n<p>ZAC des Portes de l\u2019Oise<\/p>\n\n\n\n<p>9 BIS Rue L\u00e9onard de Vinci<\/p>\n\n\n\n<p>60230 Chambly<\/p>\n\n\n\n<p>FRANCE<\/p>\n\n\n\n<p>T: +33 (1) 30 28 95 39<\/p>\n\n\n\n<p>F: +33 (1) 30 28 24 66<\/p>\n<\/div>\n\n\n\n<div class=\"wp-block-column is-layout-flow wp-block-column-is-layout-flow\">\n<h3 class=\"wp-block-heading\">Allemagne<\/h3>\n\n\n\n<figure class=\"wp-block-image size-large\"><img decoding=\"async\" width=\"32\" height=\"32\" src=\"https:\/\/www.avire-global.com\/fr\/wp-content\/uploads\/sites\/13\/2023\/05\/building.svg\" alt=\"building\" class=\"wp-image-693\"\/><\/figure>\n\n\n\n<p>Am Zeughaus 9-13<\/p>\n\n\n\n<p>97421 Schweinfurt<\/p>\n\n\n\n<p>ALLEMAGNE<\/p>\n\n\n\n<p>T: +49 (0)9721 38656-0<\/p>\n\n\n\n<p>F: +49 (0)9721 38656-99<\/p>\n<\/div>\n\n\n\n<div class=\"wp-block-column is-layout-flow wp-block-column-is-layout-flow\">\n<h3 class=\"wp-block-heading\">Espagne<\/h3>\n\n\n\n<figure class=\"wp-block-image size-large\"><img decoding=\"async\" width=\"33\" height=\"32\" src=\"https:\/\/www.avire-global.com\/fr\/wp-content\/uploads\/sites\/13\/2023\/05\/industry.svg\" alt=\"\" class=\"wp-image-694\"\/><\/figure>\n\n\n\n<p>Carrer del Ripoll\u00e8s, 5,<\/p>\n\n\n\n<p>08820 El Prat de Llobregat<\/p>\n\n\n\n<p>Barcelone<\/p>\n\n\n\n<p>ESPAGNE<\/p>\n\n\n\n<p>T: +34 932 611 760<\/p>\n\n\n\n<p>F: +34 932 611 698<\/p>\n<\/div>\n\n\n\n<div class=\"wp-block-column is-layout-flow wp-block-column-is-layout-flow\">\n<h3 class=\"wp-block-heading\">USA<\/h3>\n\n\n\n<figure class=\"wp-block-image size-large\"><img decoding=\"async\" width=\"33\" height=\"32\" src=\"https:\/\/www.avire-global.com\/fr\/wp-content\/uploads\/sites\/13\/2023\/05\/industry.svg\" alt=\"\" class=\"wp-image-694\"\/><\/figure>\n\n\n\n<p>N56 W24720 N. Corporate Circle<\/p>\n\n\n\n<p>Sussex, WI 53089<\/p>\n\n\n\n<p>USA<\/p>\n\n\n\n<p>T: +1 800-451-1460 (RATH\u00ae)<\/p>\n\n\n\n<p>T: +1 800-527-9156 (JANUS)<\/p>\n\n\n\n<p>F: +1 262-246-4828<\/p>\n\n\n\n<p class=\"doo-link\"><a href=\"https:\/\/www.avire-global.com\/fr\/\" data-type=\"page\" data-id=\"2\">Voir plus<\/a><\/p>\n<\/div>\n\n\n\n<div class=\"wp-block-column is-layout-flow wp-block-column-is-layout-flow\">\n<h3 class=\"wp-block-heading\">Royaume-Uni<\/h3>\n\n\n\n<figure class=\"wp-block-image size-large\"><img decoding=\"async\" width=\"32\" height=\"32\" src=\"https:\/\/www.avire-global.com\/fr\/wp-content\/uploads\/sites\/13\/2023\/05\/building.svg\" alt=\"building\" class=\"wp-image-693\"\/><\/figure>\n\n\n\n<p>Unit 2, The Switchback<\/p>\n\n\n\n<p>Gardner Road<\/p>\n\n\n\n<p>Maidenhead, Berks SL6 7RJ,<\/p>\n\n\n\n<p>UK<\/p>\n\n\n\n<p>(Sat Nav Postcode \u2013 SL6 7QE)<\/p>\n\n\n\n<p>T: +44 (0) 1628 540100<\/p>\n\n\n\n<p>F:+44 (0) 1628 621947<\/p>\n\n\n\n<p class=\"doo-link\"><a href=\"https:\/\/www.avire-global.com\/fr\/\" data-type=\"page\" data-id=\"2\">Voir plus<\/a><\/p>\n<\/div>\n<\/div>\n<\/div>\n","protected":false},"excerpt":{"rendered":"<p>Contactez-nous Contactez l&rsquo;\u00e9quipe commerciale Anticipez la fin de la 2G en France. Soyez pr\u00eats \u00e0 la transition num\u00e9rique dans les ascenseurs. Nos bureaux Memco by AVIRE France ZAC des Portes de l\u2019Oise9 BIS Rue L\u00e9onard de Vinci60230 Chambly France T: +33 (1) 30 28 95 39 F:&nbsp;+33 (1) 30 28 24 66 E:&nbsp;sales.fr@avire-global.com Jos\u00e9 Bretes [&hellip;]<\/p>\n","protected":false},"author":1,"featured_media":0,"parent":0,"menu_order":0,"comment_status":"closed","ping_status":"closed","template":"","meta":{"_eb_attr":"","inline_featured_image":false,"footnotes":""},"class_list":["post-35","page","type-page","status-publish","hentry"],"_links":{"self":[{"href":"https:\/\/www.avire-global.com\/fr\/wp-json\/wp\/v2\/pages\/35","targetHints":{"allow":["GET"]}}],"collection":[{"href":"https:\/\/www.avire-global.com\/fr\/wp-json\/wp\/v2\/pages"}],"about":[{"href":"https:\/\/www.avire-global.com\/fr\/wp-json\/wp\/v2\/types\/page"}],"author":[{"embeddable":true,"href":"https:\/\/www.avire-global.com\/fr\/wp-json\/wp\/v2\/users\/1"}],"replies":[{"embeddable":true,"href":"https:\/\/www.avire-global.com\/fr\/wp-json\/wp\/v2\/comments?post=35"}],"version-history":[{"count":5,"href":"https:\/\/www.avire-global.com\/fr\/wp-json\/wp\/v2\/pages\/35\/revisions"}],"predecessor-version":[{"id":9613,"href":"https:\/\/www.avire-global.com\/fr\/wp-json\/wp\/v2\/pages\/35\/revisions\/9613"}],"wp:attachment":[{"href":"https:\/\/www.avire-global.com\/fr\/wp-json\/wp\/v2\/media?parent=35"}],"curies":[{"name":"wp","href":"https:\/\/api.w.org\/{rel}","templated":true}]}}