{"id":3052,"date":"2024-04-02T10:40:55","date_gmt":"2024-04-02T08:40:55","guid":{"rendered":"https:\/\/www.avire-global.com\/fr\/?page_id=3052"},"modified":"2024-04-03T16:40:21","modified_gmt":"2024-04-03T14:40:21","slug":"depannage","status":"publish","type":"page","link":"https:\/\/www.avire-global.com\/fr\/depannage\/","title":{"rendered":"D\u00e9pannage"},"content":{"rendered":"\n<div style=\"height:100px\" aria-hidden=\"true\" class=\"wp-block-spacer\"><\/div>\n\n\n\n<h1 class=\"wp-block-heading\">D\u00e9pannage<\/h1>\n\n\n\n<p>Besoins de conseil ou de d\u00e9pannage sur l&rsquo;installation de votre produit ? Nos conseils de d\u00e9pannage ci-dessous.<\/p>\n\n\n\n<h2 class=\"wp-block-heading\">Est-il possible de connecter une sir\u00e8ne au DAU ?<\/h2>\n\n\n\n<div data-wp-interactive=\"core\/file\" class=\"wp-block-file\"><object data-wp-bind--hidden=\"!state.hasPdfPreview\" hidden class=\"wp-block-file__embed\" data=\"https:\/\/www.avire-global.com\/fr\/wp-content\/uploads\/sites\/13\/2024\/04\/Is-it-possible-to-connect-a-Siren-to-the-DAU-FR.pdf\" type=\"application\/pdf\" style=\"width:100%;height:600px\" aria-label=\"Contenu embarqu\u00e9 Is-it-possible-to-connect-a-Siren-to-the-DAU-FR.\"><\/object><a id=\"wp-block-file--media-34b68dbd-087a-4f54-babc-8147c77db294\" href=\"https:\/\/www.avire-global.com\/fr\/wp-content\/uploads\/sites\/13\/2024\/04\/Is-it-possible-to-connect-a-Siren-to-the-DAU-FR.pdf\">Is-it-possible-to-connect-a-Siren-to-the-DAU-FR<\/a><a href=\"https:\/\/www.avire-global.com\/fr\/wp-content\/uploads\/sites\/13\/2024\/04\/Is-it-possible-to-connect-a-Siren-to-the-DAU-FR.pdf\" class=\"wp-block-file__button wp-element-button\" download aria-describedby=\"wp-block-file--media-34b68dbd-087a-4f54-babc-8147c77db294\">T\u00e9l\u00e9charger<\/a><\/div>\n\n\n\n<h2 class=\"wp-block-heading\">Programmation \u00e0 distance Memcom<\/h2>\n\n\n\n<div data-wp-interactive=\"core\/file\" class=\"wp-block-file\"><object data-wp-bind--hidden=\"!state.hasPdfPreview\" hidden class=\"wp-block-file__embed\" data=\"https:\/\/www.avire-global.com\/fr\/wp-content\/uploads\/sites\/13\/2024\/04\/Memcom-Remote-Programming-FR.pdf\" type=\"application\/pdf\" style=\"width:100%;height:600px\" aria-label=\"Contenu embarqu\u00e9 Memcom-Remote-Programming-FR.\"><\/object><a id=\"wp-block-file--media-676cc532-8b2b-4ac6-8a05-8384acdc4241\" href=\"https:\/\/www.avire-global.com\/fr\/wp-content\/uploads\/sites\/13\/2024\/04\/Memcom-Remote-Programming-FR.pdf\">Memcom-Remote-Programming-FR<\/a><a href=\"https:\/\/www.avire-global.com\/fr\/wp-content\/uploads\/sites\/13\/2024\/04\/Memcom-Remote-Programming-FR.pdf\" class=\"wp-block-file__button wp-element-button\" download aria-describedby=\"wp-block-file--media-676cc532-8b2b-4ac6-8a05-8384acdc4241\">T\u00e9l\u00e9charger<\/a><\/div>\n\n\n\n<h2 class=\"wp-block-heading\">Enregistrer un message de localisation <\/h2>\n\n\n\n<div data-wp-interactive=\"core\/file\" class=\"wp-block-file\"><object data-wp-bind--hidden=\"!state.hasPdfPreview\" hidden class=\"wp-block-file__embed\" data=\"https:\/\/www.avire-global.com\/fr\/wp-content\/uploads\/sites\/13\/2024\/04\/Record-a-Location-Message-FR.pdf\" type=\"application\/pdf\" style=\"width:100%;height:600px\" aria-label=\"Contenu embarqu\u00e9 Record-a-Location-Message-FR.\"><\/object><a id=\"wp-block-file--media-910b32f6-93dd-4466-8bb2-11b9ee113db3\" href=\"https:\/\/www.avire-global.com\/fr\/wp-content\/uploads\/sites\/13\/2024\/04\/Record-a-Location-Message-FR.pdf\">Record-a-Location-Message-FR<\/a><a href=\"https:\/\/www.avire-global.com\/fr\/wp-content\/uploads\/sites\/13\/2024\/04\/Record-a-Location-Message-FR.pdf\" class=\"wp-block-file__button wp-element-button\" download aria-describedby=\"wp-block-file--media-910b32f6-93dd-4466-8bb2-11b9ee113db3\">T\u00e9l\u00e9charger<\/a><\/div>\n\n\n\n<h2 class=\"wp-block-heading\">Reprogrammation sur place \u00e0 l&rsquo;aide du clavier Memcom<\/h2>\n\n\n\n<div data-wp-interactive=\"core\/file\" class=\"wp-block-file\"><object data-wp-bind--hidden=\"!state.hasPdfPreview\" hidden class=\"wp-block-file__embed\" data=\"https:\/\/www.avire-global.com\/fr\/wp-content\/uploads\/sites\/13\/2024\/04\/Reprogramming-on-site-using-Memcom-Keypad-GB-2.pdf\" type=\"application\/pdf\" style=\"width:100%;height:600px\" aria-label=\"Contenu embarqu\u00e9 Reprogramming-on-site-using-Memcom-Keypad-GB-2.\"><\/object><a id=\"wp-block-file--media-0d1b6f4a-eed9-4a74-93f2-397d259e910d\" href=\"https:\/\/www.avire-global.com\/fr\/wp-content\/uploads\/sites\/13\/2024\/04\/Reprogramming-on-site-using-Memcom-Keypad-GB-2.pdf\">Reprogramming-on-site-using-Memcom-Keypad-GB-2<\/a><a href=\"https:\/\/www.avire-global.com\/fr\/wp-content\/uploads\/sites\/13\/2024\/04\/Reprogramming-on-site-using-Memcom-Keypad-GB-2.pdf\" class=\"wp-block-file__button wp-element-button\" download aria-describedby=\"wp-block-file--media-0d1b6f4a-eed9-4a74-93f2-397d259e910d\">T\u00e9l\u00e9charger<\/a><\/div>\n\n\n\n<h2 class=\"wp-block-heading\">Conseils pour l&rsquo;installation des distributeurs automatiques<\/h2>\n\n\n\n<div data-wp-interactive=\"core\/file\" class=\"wp-block-file\"><object data-wp-bind--hidden=\"!state.hasPdfPreview\" hidden class=\"wp-block-file__embed\" data=\"https:\/\/www.avire-global.com\/fr\/wp-content\/uploads\/sites\/13\/2024\/04\/Tops-Tips-for-Installing-Autodiallers-FR-1.pdf\" type=\"application\/pdf\" style=\"width:100%;height:600px\" aria-label=\"Contenu embarqu\u00e9 Tops-Tips-for-Installing-Autodiallers-FR-1.\"><\/object><a id=\"wp-block-file--media-30b9185b-6cbe-4b0e-9dec-64bb0afba0f5\" href=\"https:\/\/www.avire-global.com\/fr\/wp-content\/uploads\/sites\/13\/2024\/04\/Tops-Tips-for-Installing-Autodiallers-FR-1.pdf\">Tops-Tips-for-Installing-Autodiallers-FR-1<\/a><a href=\"https:\/\/www.avire-global.com\/fr\/wp-content\/uploads\/sites\/13\/2024\/04\/Tops-Tips-for-Installing-Autodiallers-FR-1.pdf\" class=\"wp-block-file__button wp-element-button\" download aria-describedby=\"wp-block-file--media-30b9185b-6cbe-4b0e-9dec-64bb0afba0f5\">T\u00e9l\u00e9charger<\/a><\/div>\n\n\n\n<h2 class=\"wp-block-heading\">Conseils pour l&rsquo;\u00e9cosyst\u00e8me<\/h2>\n\n\n\n<div data-wp-interactive=\"core\/file\" class=\"wp-block-file\"><object data-wp-bind--hidden=\"!state.hasPdfPreview\" hidden class=\"wp-block-file__embed\" data=\"https:\/\/www.avire-global.com\/fr\/wp-content\/uploads\/sites\/13\/2024\/04\/Tops-Tips-for-Ecosystem-FR-1.pdf\" type=\"application\/pdf\" style=\"width:100%;height:600px\" aria-label=\"Contenu embarqu\u00e9 Tops-Tips-for-Ecosystem-FR-1.\"><\/object><a id=\"wp-block-file--media-0884f31d-d4d0-4014-872f-3132e4b9a93e\" href=\"https:\/\/www.avire-global.com\/fr\/wp-content\/uploads\/sites\/13\/2024\/04\/Tops-Tips-for-Ecosystem-FR-1.pdf\">Tops-Tips-for-Ecosystem-FR-1<\/a><a href=\"https:\/\/www.avire-global.com\/fr\/wp-content\/uploads\/sites\/13\/2024\/04\/Tops-Tips-for-Ecosystem-FR-1.pdf\" class=\"wp-block-file__button wp-element-button\" download aria-describedby=\"wp-block-file--media-0884f31d-d4d0-4014-872f-3132e4b9a93e\">T\u00e9l\u00e9charger<\/a><\/div>\n\n\n\n<h2 class=\"wp-block-heading\">D\u00e9pannage des t\u00e9l\u00e9phones d&rsquo;urgence Memcom<\/h2>\n\n\n\n<div data-wp-interactive=\"core\/file\" class=\"wp-block-file\"><object data-wp-bind--hidden=\"!state.hasPdfPreview\" hidden class=\"wp-block-file__embed\" data=\"https:\/\/www.avire-global.com\/fr\/wp-content\/uploads\/sites\/13\/2024\/04\/Trouble-shooting-Emergency-Phones-Memcom-FR-2.pdf\" type=\"application\/pdf\" style=\"width:100%;height:600px\" aria-label=\"Contenu embarqu\u00e9 Trouble-shooting-Emergency-Phones-Memcom-FR-2.\"><\/object><a id=\"wp-block-file--media-1d046481-9992-4567-bc09-b0366632acdd\" href=\"https:\/\/www.avire-global.com\/fr\/wp-content\/uploads\/sites\/13\/2024\/04\/Trouble-shooting-Emergency-Phones-Memcom-FR-2.pdf\">Trouble-shooting-Emergency-Phones-Memcom-FR-2<\/a><a href=\"https:\/\/www.avire-global.com\/fr\/wp-content\/uploads\/sites\/13\/2024\/04\/Trouble-shooting-Emergency-Phones-Memcom-FR-2.pdf\" class=\"wp-block-file__button wp-element-button\" download aria-describedby=\"wp-block-file--media-1d046481-9992-4567-bc09-b0366632acdd\">T\u00e9l\u00e9charger<\/a><\/div>\n","protected":false},"excerpt":{"rendered":"<p>D\u00e9pannage Besoins de conseil ou de d\u00e9pannage sur l&rsquo;installation de votre produit ? Nos conseils de d\u00e9pannage ci-dessous. Est-il possible de connecter une sir\u00e8ne au DAU ? Programmation \u00e0 distance Memcom Enregistrer un message de localisation Reprogrammation sur place \u00e0 l&rsquo;aide du clavier Memcom Conseils pour l&rsquo;installation des distributeurs automatiques Conseils pour l&rsquo;\u00e9cosyst\u00e8me D\u00e9pannage des [&hellip;]<\/p>\n","protected":false},"author":8,"featured_media":0,"parent":0,"menu_order":0,"comment_status":"closed","ping_status":"closed","template":"","meta":{"_eb_attr":"","inline_featured_image":false,"footnotes":""},"class_list":["post-3052","page","type-page","status-publish","hentry"],"_links":{"self":[{"href":"https:\/\/www.avire-global.com\/fr\/wp-json\/wp\/v2\/pages\/3052","targetHints":{"allow":["GET"]}}],"collection":[{"href":"https:\/\/www.avire-global.com\/fr\/wp-json\/wp\/v2\/pages"}],"about":[{"href":"https:\/\/www.avire-global.com\/fr\/wp-json\/wp\/v2\/types\/page"}],"author":[{"embeddable":true,"href":"https:\/\/www.avire-global.com\/fr\/wp-json\/wp\/v2\/users\/8"}],"replies":[{"embeddable":true,"href":"https:\/\/www.avire-global.com\/fr\/wp-json\/wp\/v2\/comments?post=3052"}],"version-history":[{"count":4,"href":"https:\/\/www.avire-global.com\/fr\/wp-json\/wp\/v2\/pages\/3052\/revisions"}],"predecessor-version":[{"id":3139,"href":"https:\/\/www.avire-global.com\/fr\/wp-json\/wp\/v2\/pages\/3052\/revisions\/3139"}],"wp:attachment":[{"href":"https:\/\/www.avire-global.com\/fr\/wp-json\/wp\/v2\/media?parent=3052"}],"curies":[{"name":"wp","href":"https:\/\/api.w.org\/{rel}","templated":true}]}}