{"id":9204,"date":"2025-03-06T10:56:35","date_gmt":"2025-03-06T08:56:35","guid":{"rendered":"https:\/\/www.avire-global.com\/es\/?post_type=product&#038;p=9204"},"modified":"2026-01-21T13:08:55","modified_gmt":"2026-01-21T11:08:55","slug":"4g-volte-dcp-mk845-plataforma-de-comunicacion-digital-para-ascensores","status":"publish","type":"product","link":"https:\/\/www.avire-global.com\/es\/producto\/telefonos-de-emergencia-para-ascensores\/4g-volte-dcp-mk845-plataforma-de-comunicacion-digital-para-ascensores\/","title":{"rendered":"MK845 4G DCP"},"content":{"rendered":"\n<div class=\"wp-block-doo-tabs-block alignwide\">\n\t<div class=\"doo-tabs-container\">\n\t\t<div class=\"doo-tabs-titles\">\n\t\t\t\t\t\t\t<button class=\"doo-tab-title \" \n\t\t\t\t\t\tdata-tab-index=\"0\">\n\t\t\t\t\tCaracteristicas\t\t\t\t<\/button>\n\t\t\t\t\t\t\t<button class=\"doo-tab-title active\" \n\t\t\t\t\t\tdata-tab-index=\"1\">\n\t\t\t\t\tSpecs\t\t\t\t<\/button>\n\t\t\t\t\t\t\t<button class=\"doo-tab-title \" \n\t\t\t\t\t\tdata-tab-index=\"2\">\n\t\t\t\t\tInformaci\u00f3n para Pedidos\t\t\t\t<\/button>\n\t\t\t\t\t<\/div>\n\t<\/div>\n    \n    <div class=\"doo-tabs-content\">\n                    <div class=\"doo-tab-content \">\n                <!-- Error rendering block: core\/poparagraph --><h3 class=\"wp-block-heading\"><strong>CONECTIVIDAD A TIEMPO COMPLETO CON AVIRE HUB<\/strong><\/h3><p><strong>Descripci\u00f3n:\u00a0<\/strong>El 4G VoLTE DCP (Mk-845) proporciona una conexi\u00f3n continua a nuestra plataforma de monitoreo AVIRE Hub basada en la nube.<\/p>\n<p><strong><em>Beneficio:<\/em><\/strong> Mant\u00e9ngase informado con datos en tiempo real sobre el estado de sus ascensores, reduciendo los tiempos de parada y las visitas de mantenimiento.<\/p>\n<p><strong><em>C\u00f3mo funciona:<\/em><\/strong> Al conectarse con controladores de ascensores o productos MEMCO como Navigation Box, siempre tendr\u00e1 informaci\u00f3n actualizada, agilizando el monitoreo y mejorando la seguridad general.<\/p>\n<h3 class=\"wp-block-heading\"><strong>SEGURIDAD AVANZADA CON CIFRADO DE DATOS<\/strong><\/h3><p><strong>Descripci\u00f3n:\u00a0<\/strong>Al utilizar el protocolo Transport Layer Security (TLS), el 4G DCP (MK-845) garantiza que todo el tr\u00e1fico de datos est\u00e9 cifrado.<\/p>\n<p><strong><em>Beneficio:<\/em><\/strong> Protege los datos de comunicaci\u00f3n cr\u00edticos del ascensor, mejorando la seguridad para los operadores y residentes del edificio.<\/p>\n<p><strong><em>C\u00f3mo funciona:<\/em><\/strong> La transmisi\u00f3n segura de datos evita el acceso no autorizado, ofreciendo tranquilidad en entornos de alta seguridad.<\/p>\n<h3 class=\"wp-block-heading\"><strong>COMPATIBLE CON VOLTE 2G Y 4G<\/strong><\/h3><p><strong>Descripci\u00f3n:\u00a0<\/strong>Mant\u00e9ngase a la vanguardia de los pr\u00f3ximos cambios en la red, incluida la eliminaci\u00f3n de 2G, con un dispositivo compatible VoLTE tanto con 2G como 4G para llamadas de voz.<\/p>\n<p><strong><em>Beneficio:<\/em><\/strong> Continuidad garantizada a medida que las redes cambian de PSTN anal\u00f3gica a digital, asegurando una comunicaci\u00f3n de emergencia confiable independientemente de la transici\u00f3n tecnol\u00f3gica.<\/p>\n<p><strong><em>C\u00f3mo funciona:<\/em><\/strong> El 4G DCP (MK-845) cambia sin problemas entre redes 2G y 4G, lo que garantiza una comunicaci\u00f3n ininterrumpida.<\/p>\n<h3 class=\"wp-block-heading\"><strong>F\u00c1CIL INSTALACI\u00d3N Y CONFIGURACI\u00d3N REMOTA<\/strong><\/h3><p><strong>Descripci\u00f3n:\u00a0<\/strong>El 4G DCP 2.0 cuenta con un comprobador de intensidad de se\u00f1al incorporado y se puede configurar de forma remota a trav\u00e9s de AVIRE Hub, la aplicaci\u00f3n m\u00f3vil AVIRE o SMS.<\/p>\n<p><strong><em>Beneficio:<\/em><\/strong> Ahorre tiempo y reduzca la necesidad de visitas de ingenieros en el sitio, disminuyendo los costos de instalaci\u00f3n y mantenimiento.<\/p>\n<p><strong><em>C\u00f3mo funciona:<\/em><\/strong> Encuentre r\u00e1pidamente la posici\u00f3n \u00f3ptima dentro del foso del ascensor y ajuste las configuraciones de forma remota, mejorando la eficiencia operativa.<\/p>\n            <\/div>\n                    <div class=\"doo-tab-content active\">\n                <p><strong>Entrada de alimentaci\u00f3n<\/strong> 100\/240Vac 50\/60Hz<br \/><strong>Bater\u00eda interna<\/strong> 12V\/800mAh<br \/><strong>Clasificaci\u00f3n<\/strong> IP IP21<br \/><strong>Dimensiones<\/strong> 205,1 x 110,1 x 61,28<br \/><strong>Red de datos<\/strong> 2G; 4G<br \/><strong>Llamadas de voz<\/strong> 2G; 4G (VoLTE)<br \/><strong>Interfaces<\/strong> RJ-11 (RTPC); CAN; RS-232<br \/><strong>Ranura SIM<\/strong> Individual (2FF est\u00e1ndar)<br \/><strong>Seguridad<\/strong> TLSv1.2, TLSv1.1, TLSv1.0<br \/><strong>Protocolo de mensajer\u00eda<\/strong> MQTT<\/p>\n            <\/div>\n                    <div class=\"doo-tab-content \">\n                <p><strong>MK845-4CM10-611-F-20<\/strong>: DCP 845 RS232 EMEA<\/p>\n            <\/div>\n            <\/div>\n<\/div>","protected":false},"featured_media":9206,"template":"","meta":{"_eb_attr":"","inline_featured_image":false,"doo-cf-type":"main","footnotes":""},"market":[],"product_cat":[26],"brand":[],"country":[],"class_list":["post-9204","product","type-product","status-publish","has-post-thumbnail","hentry","product_cat-telefonos-de-emergencia-para-ascensores"],"_links":{"self":[{"href":"https:\/\/www.avire-global.com\/es\/wp-json\/wp\/v2\/product\/9204","targetHints":{"allow":["GET"]}}],"collection":[{"href":"https:\/\/www.avire-global.com\/es\/wp-json\/wp\/v2\/product"}],"about":[{"href":"https:\/\/www.avire-global.com\/es\/wp-json\/wp\/v2\/types\/product"}],"version-history":[{"count":5,"href":"https:\/\/www.avire-global.com\/es\/wp-json\/wp\/v2\/product\/9204\/revisions"}],"predecessor-version":[{"id":11211,"href":"https:\/\/www.avire-global.com\/es\/wp-json\/wp\/v2\/product\/9204\/revisions\/11211"}],"wp:featuredmedia":[{"embeddable":true,"href":"https:\/\/www.avire-global.com\/es\/wp-json\/wp\/v2\/media\/9206"}],"wp:attachment":[{"href":"https:\/\/www.avire-global.com\/es\/wp-json\/wp\/v2\/media?parent=9204"}],"wp:term":[{"taxonomy":"market","embeddable":true,"href":"https:\/\/www.avire-global.com\/es\/wp-json\/wp\/v2\/market?post=9204"},{"taxonomy":"product_cat","embeddable":true,"href":"https:\/\/www.avire-global.com\/es\/wp-json\/wp\/v2\/product_cat?post=9204"},{"taxonomy":"brand","embeddable":true,"href":"https:\/\/www.avire-global.com\/es\/wp-json\/wp\/v2\/brand?post=9204"},{"taxonomy":"country","embeddable":true,"href":"https:\/\/www.avire-global.com\/es\/wp-json\/wp\/v2\/country?post=9204"}],"curies":[{"name":"wp","href":"https:\/\/api.w.org\/{rel}","templated":true}]}}