{"id":4373,"date":"2024-04-23T10:11:14","date_gmt":"2024-04-23T08:11:14","guid":{"rendered":"https:\/\/www.avire-global.com\/es\/?post_type=product&#038;p=4373"},"modified":"2026-02-09T12:59:00","modified_gmt":"2026-02-09T10:59:00","slug":"4g-enlace-universal-mk930","status":"publish","type":"product","link":"https:\/\/www.avire-global.com\/es\/producto\/telefonos-analogicos-de-emergencia\/4g-enlace-universal-mk930\/","title":{"rendered":"MK930 4G Enlace Universal"},"content":{"rendered":"\n<div class=\"wp-block-doo-tabs-block alignwide\">\n\t<div class=\"doo-tabs-container\">\n\t\t<div class=\"doo-tabs-titles\">\n\t\t\t\t\t\t\t<button class=\"doo-tab-title active\" \n\t\t\t\t\t\tdata-tab-index=\"0\">\n\t\t\t\t\tCaracteristicas\t\t\t\t<\/button>\n\t\t\t\t\t\t\t<button class=\"doo-tab-title \" \n\t\t\t\t\t\tdata-tab-index=\"1\">\n\t\t\t\t\tSpecs\t\t\t\t<\/button>\n\t\t\t\t\t\t\t<button class=\"doo-tab-title \" \n\t\t\t\t\t\tdata-tab-index=\"2\">\n\t\t\t\t\tInformaci\u00f3n Pedidos \t\t\t\t<\/button>\n\t\t\t\t\t<\/div>\n\t<\/div>\n    \n    <div class=\"doo-tabs-content\">\n                    <div class=\"doo-tab-content active\">\n                <h3 class=\"wp-block-heading\">Facilidad de instalaci\u00f3n:<\/h3><ul class=\"wp-block-list\"><li>Configure el dispositivo utilizando AVIRE Hub, una plataforma de administraci\u00f3n basada en la nube, o la aplicaci\u00f3n m\u00f3vil AVIRE en su tel\u00e9fono inteligente.<\/li><li>Configuraci\u00f3n conveniente a trav\u00e9s de SMS para mayor facilidad.<\/li><li>La prueba de intensidad de la se\u00f1al incorporada garantiza un rendimiento \u00f3ptimo durante la instalaci\u00f3n, ayud\u00e1ndole a encontrar la mejor ubicaci\u00f3n para un rendimiento \u00f3ptimo durante la instalaci\u00f3n.<\/li><\/ul><h3 class=\"wp-block-heading\">Conectividad mejorada:<\/h3><ul class=\"wp-block-list\"><li>Permite llamadas 2G y 4G (VoLTE), lo que garantiza una comunicaci\u00f3n confiable en cualquier entorno de red.<\/li><\/ul><h3 class=\"wp-block-heading\">Conversi\u00f3n DTMF a digital mejorada:<\/h3><ul class=\"wp-block-list\"><li>Mejor capacidad para convertir se\u00f1ales multifrecuencia de doble tono (DTMF) a formato digital con mayor precisi\u00f3n.<\/li><li>Garantiza la confiabilidad y precisi\u00f3n de la comunicaci\u00f3n, lo que es particularmente importante en situaciones de emergencia donde la transmisi\u00f3n precisa de informaci\u00f3n es vital.<\/li><\/ul><h3 class=\"wp-block-heading\">Compatibilidad con tel\u00e9fonos de emergencia anal\u00f3gicos:<\/h3><ul class=\"wp-block-list\"><li>Admite hasta 4 tel\u00e9fonos anal\u00f3gicos MEMCOM\/MICROKEY, lo que facilita la transici\u00f3n desde PSTN.<\/li><\/ul><h3 class=\"wp-block-heading\">Tecnolog\u00eda preparada para el futuro:<\/h3><ul class=\"wp-block-list\"><li>El 4G MK-930 garantiza estabilidad y confiabilidad a largo plazo mediante la integraci\u00f3n de tecnolog\u00eda avanzada.<\/li><li>Adopta el m\u00e1s reciente protocolo de IoT, MQTT, lo que permite una comunicaci\u00f3n perfecta con los sistemas de IoT sin dejar de estar preparado para el futuro.<\/li><li>El cifrado TLS mejor\u00f3 la seguridad de los datos, garantizando un funcionamiento ininterrumpido y seguro a lo largo del tiempo.<\/li><\/ul><h3 class=\"wp-block-heading\">Cumplimiento normativo:<\/h3><ul class=\"wp-block-list\"><li>Recibe, registra y visualiza diversos incidentes relacionados con ascensores, garantizando el cumplimiento de normas como EN81-28.<\/li><li>La conversi\u00f3n DTMF a digital modernizada mejora la precisi\u00f3n de los datos para los requisitos de monitoreo y cumplimiento.<\/li><\/ul><p>Ya sea que se est\u00e9 preparando para el cambio de PSTN anal\u00f3gico a digital o adelant\u00e1ndose a cambios de red como el fin de los servicios 2G, el 4G MK-930 es su soluci\u00f3n preparada para el futuro.<\/p>\n            <\/div>\n                    <div class=\"doo-tab-content \">\n                <p><strong>Entrada de alimentaci\u00f3n<\/strong> 100 \/ 240Vac 50 \/ 60Hz<br \/><strong>Consumo<\/strong> 7W<br \/><strong>Bater\u00eda interna<\/strong> 12V\/800mAh<br \/><strong>Temperatura de funcionamiento<\/strong> 0\u00b0C to 45\u00b0C<br \/><strong>Clasificaci\u00f3n<\/strong> IP IP21<br \/><strong>Dimensiones<\/strong> 205.1 x 110.1 x 61.28<br \/><strong>Red de datos<\/strong> 2G; 4G<br \/><strong>Llamadas de voz<\/strong> 2G; 4G (VoLTE)<br \/><strong>Interfaces<\/strong> RJ-11 (RTPC)<br \/><strong>Ranura de SIM<\/strong> Individual (2FF Est\u00e1ndar)<br \/><strong>Seguridad<\/strong> TLSv1.2, TLSv1.1, TLSv1.0<br \/><strong>Protocolo de Mensajer\u00eda<\/strong> MQTT<\/p>\n            <\/div>\n                    <div class=\"doo-tab-content \">\n                <h3 class=\"wp-block-heading\">Informaci\u00f3n para Pedidos de MK-930<\/h3><p><strong>MK-930-4GM10-010-A-00<\/strong> Enlace Universal 4G 930 EMEA<\/p>\n            <\/div>\n            <\/div>\n<\/div>\n\n\n<figure class=\"wp-block-embed is-type-video is-provider-youtube wp-block-embed-youtube wp-embed-aspect-16-9 wp-has-aspect-ratio\" style=\"margin-top:var(--wp--preset--spacing--fluid-0-24);margin-bottom:var(--wp--preset--spacing--fluid-0-24)\"><div class=\"wp-block-embed__wrapper\">\n<iframe title=\"MK930 4G Enlace Universal\" width=\"500\" height=\"281\" src=\"https:\/\/www.youtube.com\/embed\/cjc23RTdip8?feature=oembed\" frameborder=\"0\" allow=\"accelerometer; autoplay; clipboard-write; encrypted-media; gyroscope; picture-in-picture; web-share\" referrerpolicy=\"strict-origin-when-cross-origin\" allowfullscreen><\/iframe>\n<\/div><\/figure>\n\n\n\n<p><\/p>\n","protected":false},"featured_media":4377,"template":"","meta":{"_eb_attr":"","inline_featured_image":false,"doo-cf-type":"main","footnotes":""},"market":[],"product_cat":[112],"brand":[],"country":[],"class_list":["post-4373","product","type-product","status-publish","has-post-thumbnail","hentry","product_cat-telefonos-analogicos-de-emergencia"],"_links":{"self":[{"href":"https:\/\/www.avire-global.com\/es\/wp-json\/wp\/v2\/product\/4373","targetHints":{"allow":["GET"]}}],"collection":[{"href":"https:\/\/www.avire-global.com\/es\/wp-json\/wp\/v2\/product"}],"about":[{"href":"https:\/\/www.avire-global.com\/es\/wp-json\/wp\/v2\/types\/product"}],"version-history":[{"count":6,"href":"https:\/\/www.avire-global.com\/es\/wp-json\/wp\/v2\/product\/4373\/revisions"}],"predecessor-version":[{"id":11557,"href":"https:\/\/www.avire-global.com\/es\/wp-json\/wp\/v2\/product\/4373\/revisions\/11557"}],"wp:featuredmedia":[{"embeddable":true,"href":"https:\/\/www.avire-global.com\/es\/wp-json\/wp\/v2\/media\/4377"}],"wp:attachment":[{"href":"https:\/\/www.avire-global.com\/es\/wp-json\/wp\/v2\/media?parent=4373"}],"wp:term":[{"taxonomy":"market","embeddable":true,"href":"https:\/\/www.avire-global.com\/es\/wp-json\/wp\/v2\/market?post=4373"},{"taxonomy":"product_cat","embeddable":true,"href":"https:\/\/www.avire-global.com\/es\/wp-json\/wp\/v2\/product_cat?post=4373"},{"taxonomy":"brand","embeddable":true,"href":"https:\/\/www.avire-global.com\/es\/wp-json\/wp\/v2\/brand?post=4373"},{"taxonomy":"country","embeddable":true,"href":"https:\/\/www.avire-global.com\/es\/wp-json\/wp\/v2\/country?post=4373"}],"curies":[{"name":"wp","href":"https:\/\/api.w.org\/{rel}","templated":true}]}}