{"id":1333,"date":"2023-08-31T05:18:50","date_gmt":"2023-08-31T05:18:50","guid":{"rendered":"https:\/\/www.avire-global.com\/es\/product\/%product_cat%\/dcp-accessories-connex-02\/"},"modified":"2026-01-08T12:46:08","modified_gmt":"2026-01-08T10:46:08","slug":"accesorios-mk775-connex-02","status":"publish","type":"product","link":"https:\/\/www.avire-global.com\/es\/producto\/telefonos-de-emergencia-para-ascensores\/accesorios-mk775-connex-02\/","title":{"rendered":"Connex-02"},"content":{"rendered":"\n<div class=\"wp-block-doo-tabs-block alignwide\">\n\t<div class=\"doo-tabs-container\">\n\t\t<div class=\"doo-tabs-titles\">\n\t\t\t\t\t\t\t<button class=\"doo-tab-title active\" \n\t\t\t\t\t\tdata-tab-index=\"0\">\n\t\t\t\t\tSpecs\t\t\t\t<\/button>\n\t\t\t\t\t\t\t<button class=\"doo-tab-title \" \n\t\t\t\t\t\tdata-tab-index=\"1\">\n\t\t\t\t\tInformaci\u00f3n para pedidos\t\t\t\t<\/button>\n\t\t\t\t\t<\/div>\n\t<\/div>\n    \n    <div class=\"doo-tabs-content\">\n                    <div class=\"doo-tab-content active\">\n                <p><strong>Comunicaci\u00f3n<\/strong> MK-CANBus S\u00ed<br \/><strong>Fuente de alimentaci\u00f3n<\/strong> 12-24V<br \/><strong>Consumo de corriente<\/strong> 50 mA m\u00e1x.<br \/><strong>Consumo de energ\u00eda<\/strong> 1 W m\u00e1x.<br \/><strong>Conexiones<\/strong> 5 entradas optoaisladas y 2 salidas por rel\u00e9<br \/><strong>Entradas:<\/strong> tipo Optoacoplador de activaci\u00f3n Schmitt<br \/><strong>Entradas:<\/strong> tensi\u00f3n m\u00e1xima 30V<br \/><strong>Entradas:<\/strong> en umbral 4 \u2013 8V<br \/><strong>Entradas:<\/strong> hist\u00e9resis 1V t\u00edpica<br \/><strong>Salidas:<\/strong> tipo Rel\u00e9 de imagen optoacoplado<br \/><strong>Salidas:<\/strong> tensi\u00f3n m\u00e1xima 30V<br \/><strong>Salidas:<\/strong> corriente m\u00e1xima 350 mA (sin protecci\u00f3n contra cortocircuito)<br \/><strong>Salidas:<\/strong> ca\u00edda de tensi\u00f3n 1V m\u00e1x.<br \/><strong>LEDs<\/strong> Alimentaci\u00f3n, actividad CAN, estado de entrada, estado de salida<br \/><strong>Dimensiones<\/strong> 102 x 22.5 x 112 (mm)<\/p>\n            <\/div>\n                    <div class=\"doo-tab-content \">\n                <p><strong>AC-AMD00-110-F-C0-000<\/strong> Connex-02<br \/><strong>MK77510MK1 DCP \/ MK775<\/strong> &#8211; GSM\/GPRS\/2G\/RS-232<br \/><strong>MK77530MK1 DCP \/ MK775<\/strong> &#8211; GSM\/GPRS\/2G\/RS-422\/485<br \/><strong>MK77540MK1 DCP \/ MK775<\/strong> &#8211; GSM\/GPRS\/3G\/RS-232<br \/><strong>MK77550MK1 DCP \/ MK775<\/strong>&#8211; GSM\/GPRS\/3G\/RS-422\/485<br \/><strong>AC-4CM10-610-F-20-000 DCP \/ MK775<\/strong> &#8211; GSM\/GPRS\/4G\/RS-232<br \/><strong>AC-4CM10-810-F-20-000 DCP \/ MK775<\/strong> &#8211; GSM\/GPRS\/4G\/RS-232\/Dual Sim<br \/><strong>AC-4CM10-710-F-40-000 DCP \/ MK775<\/strong> &#8211; GSM\/GPRS\/4G\/RS-422\/485<br \/><strong>AC-4CM10-910-F-40-000 DCP \/ MK775<\/strong> &#8211; GSM\/GPRS\/4G\/RS-422\/485\/Dual Sim<br \/><strong>MC-ASM00-100-F-00-000<\/strong> Repartidor de bus CAN (No se requiere en instalaciones con un DCP y un \u00fanico Connex-02)<br \/><strong>AC-ART01-200-0-00-000<\/strong> Pulsador para \u201ct\u00e9cnico en la instalaci\u00f3n\u201d<\/p>\n            <\/div>\n            <\/div>\n<\/div>","protected":false},"featured_media":3057,"template":"","meta":{"_eb_attr":"","inline_featured_image":false,"doo-cf-type":"legacy","footnotes":""},"market":[],"product_cat":[26],"brand":[12],"country":[],"class_list":["post-1333","product","type-product","status-publish","has-post-thumbnail","hentry","product_cat-telefonos-de-emergencia-para-ascensores","brand-microkey"],"_links":{"self":[{"href":"https:\/\/www.avire-global.com\/es\/wp-json\/wp\/v2\/product\/1333","targetHints":{"allow":["GET"]}}],"collection":[{"href":"https:\/\/www.avire-global.com\/es\/wp-json\/wp\/v2\/product"}],"about":[{"href":"https:\/\/www.avire-global.com\/es\/wp-json\/wp\/v2\/types\/product"}],"version-history":[{"count":5,"href":"https:\/\/www.avire-global.com\/es\/wp-json\/wp\/v2\/product\/1333\/revisions"}],"predecessor-version":[{"id":10665,"href":"https:\/\/www.avire-global.com\/es\/wp-json\/wp\/v2\/product\/1333\/revisions\/10665"}],"wp:featuredmedia":[{"embeddable":true,"href":"https:\/\/www.avire-global.com\/es\/wp-json\/wp\/v2\/media\/3057"}],"wp:attachment":[{"href":"https:\/\/www.avire-global.com\/es\/wp-json\/wp\/v2\/media?parent=1333"}],"wp:term":[{"taxonomy":"market","embeddable":true,"href":"https:\/\/www.avire-global.com\/es\/wp-json\/wp\/v2\/market?post=1333"},{"taxonomy":"product_cat","embeddable":true,"href":"https:\/\/www.avire-global.com\/es\/wp-json\/wp\/v2\/product_cat?post=1333"},{"taxonomy":"brand","embeddable":true,"href":"https:\/\/www.avire-global.com\/es\/wp-json\/wp\/v2\/brand?post=1333"},{"taxonomy":"country","embeddable":true,"href":"https:\/\/www.avire-global.com\/es\/wp-json\/wp\/v2\/country?post=1333"}],"curies":[{"name":"wp","href":"https:\/\/api.w.org\/{rel}","templated":true}]}}