{"id":11157,"date":"2026-01-08T15:45:17","date_gmt":"2026-01-08T13:45:17","guid":{"rendered":"https:\/\/www.avire-global.com\/es\/?post_type=product&#038;p=11157"},"modified":"2026-02-06T16:19:39","modified_gmt":"2026-02-06T14:19:39","slug":"sistema-de-deteccion-3d-de-puertas-de-ascensor","status":"publish","type":"product","link":"https:\/\/www.avire-global.com\/es\/producto\/cortinas-de-luz-por-ir\/sistema-de-deteccion-3d-de-puertas-de-ascensor\/","title":{"rendered":"Sistema de detecci\u00f3n 3D de puertas de ascensor"},"content":{"rendered":"<div class=\"wp-block-doo-block-systemeu-hero\">\n\t<div class=\"systemeu-hero\">\r\n\t<div class=\"wp-block-columns\">\r\n\t\t<div class=\"wp-block-column\">\r\n\t\t\t<div class=\"image\">\r\n\t\t\t\t<img decoding=\"async\" width=\"800\" height=\"450\" src=\"https:\/\/www.avire-global.com\/es\/wp-content\/uploads\/sites\/22\/2026\/01\/Smart-3D-System-3.png\" class=\"attachment-large size-large wp-post-image\" alt=\"\" srcset=\"https:\/\/www.avire-global.com\/es\/wp-content\/uploads\/sites\/22\/2026\/01\/Smart-3D-System-3.png 800w, https:\/\/www.avire-global.com\/es\/wp-content\/uploads\/sites\/22\/2026\/01\/Smart-3D-System-3-300x169.png 300w, https:\/\/www.avire-global.com\/es\/wp-content\/uploads\/sites\/22\/2026\/01\/Smart-3D-System-3-768x432.png 768w\" sizes=\"(max-width: 800px) 100vw, 800px\" title=\"\">\t\t\t<\/div>\r\n\t\t<\/div>\r\n\t\t<div class=\"wp-block-column\">\r\n\t\t\t\t\t\t\t<div class=\"label\">Cortinas de luz por IR<\/div>\r\n\t\t\t\t\t\t\t<h1 class=\"title\">Sistema de detecci\u00f3n 3D de puertas de ascensor<\/h1>\r\n\t\t\t\t\t\t\t<p class=\"subtitle\">Smart 3D + Panachrome+<\/p>\r\n\t\t\t\t\t\t\t\t\t\t\t<div class=\"standards\">\r\n\t\t\t\t\t<div class=\"text\">Cumple con<\/div>\r\n\t\t\t\t\t<div class=\"content\">\r\n\t\t\t\t\t\t\t\t\t\t\t\t\t<div class=\"item\">\r\n\t\t\t\t\t\t\t\t<div>\r\n\t\t\t\t\t\t\t\t\t<div class=\"image-standard\">\r\n\t\t\t\t\t\t\t\t\t\t\t\t\t\t\t\t\t\t\t<\/div>\r\n\t\t\t\t\t\t\t\t\t<span>\r\n\t\t\t\t\t\t\t\t\t\tEN 81-20\t\t\t\t\t\t\t\t\t<\/span>\r\n\t\t\t\t\t\t\t\t<\/div>\r\n\t\t\t\t\t\t\t\t<div class=\"doo-link\">\r\n\t\t\t\t\t\t\t\t\t<a href=\"https:\/\/www.avire-global.com\/es\/standard\/en-81-20\/\">Leer extracto<\/a>\r\n\t\t\t\t\t\t\t\t<\/div>\r\n\t\t\t\t\t\t\t<\/div>\r\n\t\t\t\t\t\t\t\t\t\t\t\t<\/div>\r\n\t\t\t\t<\/div>\r\n\t\t\t\t\t\t\t<div class=\"wp-block-buttons\">\r\n\t\t\t\t\t\t\t\t\t\t<div class=\"wp-block-button\"><a class =\"wp-block-button__link\" href=\"#contact\">Kontakt<\/a><\/div>\r\n\t\t\t\t\t\t\t\t\t\t\t\t\t<div class=\"wp-block-button secondary\"><a class =\"wp-block-button__link\" href=\"https:\/\/www.avire-global.com\/es\/catalogos\/\">Katalog<\/a><\/div>\r\n\t\t\t\t\t\t\t\t\t\t<\/div>\r\n\t\t<\/div>\r\n\t<\/div>\r\n<\/div>\r\n<\/div>\n\n\n<div class=\"custom-slider-container has-items\">\n\t\t\t<div class=\"custom-slider\">\n\t\t\t<div class=\"swiper-container main-slider\">\n\t\t\t\t<div class=\"swiper-wrapper\">\n\t\t\t\t\t\t\t\t\t\t\t<div class=\"swiper-slide image cover-r\">\n\t\t\t\t\t\t\t\t\t\t\t\t\t\t\t<img decoding=\"async\" src=\"https:\/\/www.avire-global.com\/de\/wp-content\/uploads\/sites\/14\/2026\/01\/Smart-3D-System-2.png\" alt=\"\" class=\"slider-image\" title=\"\">\n\t\t\t\t\t\t\t\t\t\t\t\t\t\t<\/div>\n\t\t\t\t\t\t\t\t\t\t<\/div>\n\t\t\t<\/div>\n\n\t\t\t<div class=\"bottom\">\n\t\t\t\t<div class=\"swiper-container thumb-slider\">\n\t\t\t\t\t<div class=\"swiper-wrapper\">\n\t\t\t\t\t\t\t\t\t\t\t\t\t<div class=\"swiper-slide\">\n\t\t\t\t\t\t\t\t\t\t\t\t\t\t\t\t\t<img decoding=\"async\" src=\"https:\/\/www.avire-global.com\/de\/wp-content\/uploads\/sites\/14\/2026\/01\/Smart-3D-System-2.png\" alt=\"\" class=\"thumb-image\" title=\"\">\n\t\t\t\t\t\t\t\t\t\t\t\t\t\t\t<\/div>\n\t\t\t\t\t\t\t\t\t\t\t<\/div>\n\t\t\t\t<\/div>\n\t\t\t\t<div class=\"buttons\">\n\t\t\t\t\t<div class=\"swiper-button-prev\"><\/div>\n\t\t\t\t\t<div class=\"swiper-button-next\"><\/div>\n\t\t\t\t<\/div>\n\t\t\t<\/div>\n\t\t<\/div>\n\t\t\t\t<div class=\"slider-content\">\n        \t<h2>Descripci\u00f3n general<\/h2>\n        \t<div class=\"slider-text\">\n\t\t\t\t\n<div class=\"wp-block-doo-block-system-overview\"><div class=\"gallery-content\">\n<p>La seguridad en los ascensores comienza con una detecci\u00f3n fiable de puertas. El avanzado sistema de detecci\u00f3n 3D de puertas de ascensor de AVIRE combina cortinas de luz de alto rendimiento, tecnolog\u00eda inteligente de radar 3D y una potente plataforma de control para proteger a los pasajeros y reducir los costes operativos. Dise\u00f1ado para ascensores modernos de pasajeros, el sistema garantiza una detecci\u00f3n precisa de obst\u00e1culos en las puertas y de personas en aproximaci\u00f3n, con una reducci\u00f3n significativa de falsas activaciones, incluso en entornos exigentes.<\/p>\n<\/div><\/div>\n\t\t\t<\/div>\n\t\t\t<div class=\"wp-block-buttons\">\n\t\t\t\t\t\t\t<\/div>\n\t\t<\/div>\n\t<\/div>\n\n\n\n<div class=\"wp-block-columns is-layout-flex wp-container-core-columns-is-layout-44dbfb99 wp-block-columns-is-layout-flex\">\n<div class=\"wp-block-column is-layout-flow wp-container-core-column-is-layout-7dd55475 wp-block-column-is-layout-flow\" style=\"border-radius:10px;padding-top:var(--wp--preset--spacing--fluid-0-16);padding-right:var(--wp--preset--spacing--fluid-0-16);padding-bottom:var(--wp--preset--spacing--fluid-0-16);padding-left:var(--wp--preset--spacing--fluid-0-16)\">\n<h2 class=\"wp-block-heading has-text-align-center has-luminous-vivid-orange-color has-text-color has-link-color wp-elements-c5add4266b358bf692ac025686541396\" style=\"margin-top:var(--wp--preset--spacing--fluid-0-24);margin-bottom:var(--wp--preset--spacing--fluid-0-24)\">Sistema de detecci\u00f3n 3D de puertas de ascensor: m\u00e1xima seguridad para los pasajeros y funcionamiento fiable<\/h2>\n\n\n\n<div style=\"height:35px\" aria-hidden=\"true\" class=\"wp-block-spacer\"><\/div>\n\n\n\n<div class=\"wp-block-columns has-neutral-bg-05-background-color has-background is-layout-flex wp-container-core-columns-is-layout-8665ad02 wp-block-columns-is-layout-flex\" style=\"padding-top:var(--wp--preset--spacing--fluid-0-16);padding-right:var(--wp--preset--spacing--fluid-0-16);padding-bottom:var(--wp--preset--spacing--fluid-0-16);padding-left:var(--wp--preset--spacing--fluid-0-16)\">\n<div class=\"wp-block-column is-layout-flow wp-block-column-is-layout-flow\" style=\"padding-top:var(--wp--preset--spacing--fluid-0-16);padding-bottom:var(--wp--preset--spacing--fluid-0-16);flex-basis:50%\">\n<figure class=\"wp-block-image aligncenter size-thumbnail is-resized\"><img decoding=\"async\" src=\"https:\/\/www.avire-global.com\/de\/wp-content\/uploads\/sites\/14\/2023\/09\/Detector_Smart-3D_-SMART-3DS-S-01-000_2023.5-150x150.png\" alt=\"3D-Aufzugst\u00fcr-Erkennungssystem\" class=\"wp-image-2767\" style=\"width:208px;height:auto\" title=\"\"><\/figure>\n<\/div>\n\n\n\n<div class=\"wp-block-column is-layout-flow wp-block-column-is-layout-flow\" style=\"padding-top:var(--wp--preset--spacing--fluid-0-16);padding-right:var(--wp--preset--spacing--fluid-0-16);padding-bottom:var(--wp--preset--spacing--fluid-0-16);padding-left:var(--wp--preset--spacing--fluid-0-16);flex-basis:50%\">\n<div class=\"wp-block-group has-global-padding is-layout-constrained wp-block-group-is-layout-constrained\">\n<h3 class=\"wp-block-heading\">Sensor Smart 3D<\/h3>\n\n\n\n<ul class=\"wp-block-list\">\n<li>Reducci\u00f3n de falsas activaciones, insensible a la luz ambiental y a las reflexiones<\/li>\n\n\n\n<li>Diferenciaci\u00f3n entre tr\u00e1fico de paso y personas en aproximaci\u00f3n, para un flujo de pasajeros optimizado y respuestas m\u00e1s r\u00e1pidas del ascensor<\/li>\n\n\n\n<li>Ignora objetos estacionarios dentro del \u00e1rea de detecci\u00f3n y evita llamadas innecesarias del ascensor<\/li>\n\n\n\n<li>Protecci\u00f3n completa de los pasajeros en combinaci\u00f3n con las cortinas de luz Panachrome+Lichtvorh\u00e4ngen<\/li>\n<\/ul>\n\n\n\n<div class=\"wp-block-buttons is-content-justification-left is-layout-flex wp-container-core-buttons-is-layout-452a2f19 wp-block-buttons-is-layout-flex\" style=\"padding-top:var(--wp--preset--spacing--fluid-0-24);padding-bottom:var(--wp--preset--spacing--fluid-0-24)\">\n<div class=\"wp-block-button\"><a class=\"wp-block-button__link has-primary-70-color has-neutral-0-background-color has-text-color has-background has-link-color has-border-color wp-element-button\" href=\"https:\/\/www.avire-global.com\/es\/producto\/cortinas-de-luz-por-ir\/lift-light-curtains-smart-3d\/\" style=\"border-color:#ff6900;border-radius:10px\">Ver producto<\/a><\/div>\n<\/div>\n<\/div>\n<\/div>\n<\/div>\n\n\n\n<div class=\"wp-block-columns has-neutral-bg-05-background-color has-background is-layout-flex wp-container-core-columns-is-layout-28f84493 wp-block-columns-is-layout-flex\">\n<div class=\"wp-block-column is-layout-flow wp-block-column-is-layout-flow\" style=\"flex-basis:50%\">\n<figure class=\"wp-block-image aligncenter size-thumbnail is-resized\"><img decoding=\"async\" src=\"https:\/\/www.avire-global.com\/de\/wp-content\/uploads\/sites\/14\/2025\/12\/Square-product-People-150x150.png\" alt=\"\" class=\"wp-image-11042\" style=\"width:260px;height:auto\" title=\"\"><\/figure>\n<\/div>\n\n\n\n<div class=\"wp-block-column is-layout-flow wp-block-column-is-layout-flow\" style=\"flex-basis:50%\">\n<div class=\"wp-block-group has-global-padding is-layout-constrained wp-block-group-is-layout-constrained\">\n<h3 class=\"wp-block-heading\">Cortinas de luz Panachrome+<\/h3>\n\n\n\n<ul class=\"wp-block-list\">\n<li>Cortina densa de haces infrarrojos para una protecci\u00f3n precisa del borde de cierre de la puerta<\/li>\n\n\n\n<li>Indicador LED rojo\/verde que visualiza el movimiento de la puerta en tiempo real y refuerza la concienciaci\u00f3n sobre la seguridad<\/li>\n\n\n\n<li>Disponible como detector 2D y 3D, para ampliar el \u00e1rea de protecci\u00f3n hasta la zona previa y de acceso<\/li>\n\n\n\n<li>Conforme con las normas de seguridad EN 81-20 y EN 81-70<\/li>\n\n\n\n<li>Perfiles flexibles (10 mm y 43 mm) para puertas de ascensor de apertura central y lateral<\/li>\n<\/ul>\n\n\n\n<div class=\"wp-block-buttons is-content-justification-left is-layout-flex wp-container-core-buttons-is-layout-452a2f19 wp-block-buttons-is-layout-flex\" style=\"padding-top:var(--wp--preset--spacing--fluid-0-24);padding-bottom:var(--wp--preset--spacing--fluid-0-24)\">\n<div class=\"wp-block-button\"><a class=\"wp-block-button__link has-primary-70-color has-neutral-0-background-color has-text-color has-background has-link-color has-border-color wp-element-button\" href=\"https:\/\/www.avire-global.com\/es\/producto\/cortinas-de-luz-por-ir\/cortinas-de-luz-panachrome\/\" style=\"border-color:#ff6900;border-radius:10px\">Ver producto<\/a><\/div>\n<\/div>\n<\/div>\n<\/div>\n<\/div>\n\n\n\n<div class=\"wp-block-columns has-neutral-bg-05-background-color has-background is-layout-flex wp-container-core-columns-is-layout-28f84493 wp-block-columns-is-layout-flex\">\n<div class=\"wp-block-column is-layout-flow wp-block-column-is-layout-flow\" style=\"flex-basis:50%\">\n<figure class=\"wp-block-image aligncenter size-thumbnail is-resized\"><img decoding=\"async\" src=\"https:\/\/www.avire-global.com\/de\/wp-content\/uploads\/sites\/14\/2026\/01\/Detector_Panachrome-controller_G3851-000_2023.2-150x150.png\" alt=\"\" class=\"wp-image-11098\" style=\"width:200px;height:auto\" title=\"\"><\/figure>\n<\/div>\n\n\n\n<div class=\"wp-block-column is-layout-flow wp-block-column-is-layout-flow\" style=\"flex-basis:50%\">\n<div class=\"wp-block-group has-global-padding is-layout-constrained wp-block-group-is-layout-constrained\">\n<h3 class=\"wp-block-heading\">Controlador Panachrome+<\/h3>\n\n\n\n<ul class=\"wp-block-list\">\n<li>Compatibilidad universal con detectores Panachrome+ 2D y 3D<\/li>\n\n\n\n<li>Pantalla y teclado integrados para la configuraci\u00f3n y el diagn\u00f3stico directamente in situ<\/li>\n\n\n\n<li>Conexi\u00f3n CAN-bus para una integraci\u00f3n fluida con el AVIRE HUB<\/li>\n\n\n\n<li>Actualizaciones de firmware remotas y an\u00e1lisis para reducir las intervenciones de mantenimiento<\/li>\n<\/ul>\n<\/div>\n<\/div>\n<\/div>\n<\/div>\n<\/div>\n\n\n","protected":false},"featured_media":11518,"template":"product-with-patterns-system","meta":{"_eb_attr":"","inline_featured_image":false,"doo-cf-type":"system","footnotes":""},"market":[29],"product_cat":[27],"brand":[],"country":[],"class_list":["post-11157","product","type-product","status-publish","has-post-thumbnail","hentry","market-modernizacion-de-ascensores","product_cat-cortinas-de-luz-por-ir"],"_links":{"self":[{"href":"https:\/\/www.avire-global.com\/es\/wp-json\/wp\/v2\/product\/11157","targetHints":{"allow":["GET"]}}],"collection":[{"href":"https:\/\/www.avire-global.com\/es\/wp-json\/wp\/v2\/product"}],"about":[{"href":"https:\/\/www.avire-global.com\/es\/wp-json\/wp\/v2\/types\/product"}],"version-history":[{"count":5,"href":"https:\/\/www.avire-global.com\/es\/wp-json\/wp\/v2\/product\/11157\/revisions"}],"predecessor-version":[{"id":11520,"href":"https:\/\/www.avire-global.com\/es\/wp-json\/wp\/v2\/product\/11157\/revisions\/11520"}],"wp:featuredmedia":[{"embeddable":true,"href":"https:\/\/www.avire-global.com\/es\/wp-json\/wp\/v2\/media\/11518"}],"wp:attachment":[{"href":"https:\/\/www.avire-global.com\/es\/wp-json\/wp\/v2\/media?parent=11157"}],"wp:term":[{"taxonomy":"market","embeddable":true,"href":"https:\/\/www.avire-global.com\/es\/wp-json\/wp\/v2\/market?post=11157"},{"taxonomy":"product_cat","embeddable":true,"href":"https:\/\/www.avire-global.com\/es\/wp-json\/wp\/v2\/product_cat?post=11157"},{"taxonomy":"brand","embeddable":true,"href":"https:\/\/www.avire-global.com\/es\/wp-json\/wp\/v2\/brand?post=11157"},{"taxonomy":"country","embeddable":true,"href":"https:\/\/www.avire-global.com\/es\/wp-json\/wp\/v2\/country?post=11157"}],"curies":[{"name":"wp","href":"https:\/\/api.w.org\/{rel}","templated":true}]}}