{"id":10946,"date":"2025-12-22T15:43:08","date_gmt":"2025-12-22T13:43:08","guid":{"rendered":"https:\/\/www.avire-global.com\/es\/?post_type=product&#038;p=10946"},"modified":"2026-01-21T12:16:04","modified_gmt":"2026-01-21T10:16:04","slug":"dcp-evo-x","status":"publish","type":"product","link":"https:\/\/www.avire-global.com\/es\/producto\/telefonos-de-emergencia-para-ascensores\/dcp-evo-x\/","title":{"rendered":"4G DCP Evo"},"content":{"rendered":"\n<div class=\"wp-block-doo-tabs-block alignwide\">\n\t<div class=\"doo-tabs-container\">\n\t\t<div class=\"doo-tabs-titles\">\n\t\t\t\t\t\t\t<button class=\"doo-tab-title \" \n\t\t\t\t\t\tdata-tab-index=\"0\">\n\t\t\t\t\tCaracter\u00edsticas\t\t\t\t<\/button>\n\t\t\t\t\t\t\t<button class=\"doo-tab-title active\" \n\t\t\t\t\t\tdata-tab-index=\"1\">\n\t\t\t\t\tInformaci\u00f3n de pedido\t\t\t\t<\/button>\n\t\t\t\t\t<\/div>\n\t<\/div>\n    \n    <div class=\"doo-tabs-content\">\n                    <div class=\"doo-tab-content \">\n                <h3 class=\"wp-block-heading\">\u00bfPor qu\u00e9 elegir DCP Evo?<\/h3><p><strong>Red preparada para el futuro: <\/strong>Mantente un paso por delante con DCP Evo: una soluci\u00f3n capaz de utilizar conectividad <strong>4G VoLTE o VoIP<\/strong>*.<\/p>\n<p><strong>Flexibilidad en la monitorizaci\u00f3n<\/strong>: DCP Evo ofrece opciones de conexi\u00f3n para una amplia variedad de dispositivos de terceros, aumentando la flexibilidad en la recepci\u00f3n y transmisi\u00f3n de datos para la monitorizaci\u00f3n remota del ascensor.<\/p>\n<p><strong>Flexibilidad y fiabilidad de la red m\u00f3vil<\/strong>: VoLTE y transmisi\u00f3n de datos sobre <strong>4G<\/strong>, con <strong>fallback a 2G<\/strong>.<\/p>\n<p><strong>Instalaci\u00f3n sencilla:<\/strong> Configuraci\u00f3n remota a trav\u00e9s de <strong>AVIRE Hub<\/strong>, la <strong>app m\u00f3vil<\/strong> o <strong>SMS<\/strong>. Medidor de intensidad de se\u00f1al integrado para una ubicaci\u00f3n \u00f3ptima dentro del hueco del ascensor.<\/p>\n<p><strong>Soluci\u00f3n rentable:<\/strong> Las m\u00faltiples opciones de configuraci\u00f3n remota reducen el tiempo de intervenci\u00f3n de los t\u00e9cnicos in situ. Las llamadas t\u00e9cnicas y de configuraci\u00f3n a trav\u00e9s de la red de datos minimizan los costes asociados a las llamadas de voz.<\/p>\n<p><strong>Bater\u00eda de respaldo<\/strong>: Bater\u00eda integrada que proporciona hasta <strong>3 horas de autonom\u00eda<\/strong> en caso de corte de suministro el\u00e9ctrico (puede variar seg\u00fan el uso).<\/p>\n<p><strong>Compatibilidad con sistemas existentes:<\/strong> Compatible con todas las marcas de tel\u00e9fonos anal\u00f3gicos que utilizan el <strong>protocolo P100<\/strong>.<\/p>\n<p><strong>Ecosistema integrado conforme a normativa:<\/strong> DCP Evo conforme a <strong>EN81-20<\/strong>, como elemento central del sistema de comunicaci\u00f3n de emergencia de AVIRE.<\/p>\n            <\/div>\n                    <div class=\"doo-tab-content active\">\n                <h3 class=\"wp-block-heading\">DCP Evo Informaci\u00f3n para Pedidos<\/h3><p><strong>MK975-ECM10-610-F-20<\/strong>: DCP Evolution con RS232 Serial Port<\/p>\n            <\/div>\n            <\/div>\n<\/div>\n\n\n<p><\/p>\n","protected":false},"featured_media":10970,"template":"","meta":{"_eb_attr":"","inline_featured_image":false,"doo-cf-type":"main","footnotes":""},"market":[],"product_cat":[26],"brand":[],"country":[],"class_list":["post-10946","product","type-product","status-publish","has-post-thumbnail","hentry","product_cat-telefonos-de-emergencia-para-ascensores"],"_links":{"self":[{"href":"https:\/\/www.avire-global.com\/es\/wp-json\/wp\/v2\/product\/10946","targetHints":{"allow":["GET"]}}],"collection":[{"href":"https:\/\/www.avire-global.com\/es\/wp-json\/wp\/v2\/product"}],"about":[{"href":"https:\/\/www.avire-global.com\/es\/wp-json\/wp\/v2\/types\/product"}],"version-history":[{"count":5,"href":"https:\/\/www.avire-global.com\/es\/wp-json\/wp\/v2\/product\/10946\/revisions"}],"predecessor-version":[{"id":11215,"href":"https:\/\/www.avire-global.com\/es\/wp-json\/wp\/v2\/product\/10946\/revisions\/11215"}],"wp:featuredmedia":[{"embeddable":true,"href":"https:\/\/www.avire-global.com\/es\/wp-json\/wp\/v2\/media\/10970"}],"wp:attachment":[{"href":"https:\/\/www.avire-global.com\/es\/wp-json\/wp\/v2\/media?parent=10946"}],"wp:term":[{"taxonomy":"market","embeddable":true,"href":"https:\/\/www.avire-global.com\/es\/wp-json\/wp\/v2\/market?post=10946"},{"taxonomy":"product_cat","embeddable":true,"href":"https:\/\/www.avire-global.com\/es\/wp-json\/wp\/v2\/product_cat?post=10946"},{"taxonomy":"brand","embeddable":true,"href":"https:\/\/www.avire-global.com\/es\/wp-json\/wp\/v2\/brand?post=10946"},{"taxonomy":"country","embeddable":true,"href":"https:\/\/www.avire-global.com\/es\/wp-json\/wp\/v2\/country?post=10946"}],"curies":[{"name":"wp","href":"https:\/\/api.w.org\/{rel}","templated":true}]}}