{"id":10198,"date":"2025-06-25T12:21:29","date_gmt":"2025-06-25T17:21:29","guid":{"rendered":"https:\/\/www.avire-global.com\/en-us\/?page_id=10198"},"modified":"2025-07-10T00:11:15","modified_gmt":"2025-07-10T05:11:15","slug":"us-locations","status":"publish","type":"page","link":"https:\/\/www.avire-global.com\/en-us\/us-locations\/","title":{"rendered":"U.S. Locations\u00a0"},"content":{"rendered":"\n<div class=\"wp-block-group has-global-padding is-content-justification-left is-layout-constrained wp-container-core-group-is-layout-624fed5b wp-block-group-is-layout-constrained\" style=\"margin-top:56px; width: ;\">\n<div class=\"wp-block-group has-global-padding is-content-justification-left is-layout-constrained wp-container-core-group-is-layout-29d6b4bf wp-block-group-is-layout-constrained\" style=\"padding-top:var(--wp--preset--spacing--fluid-16-80);padding-bottom:var(--wp--preset--spacing--fluid-48-64); width: 707px;\">\n<h1 class=\"wp-block-heading\" style=\"margin-bottom:24px\">U.S. Locations<\/h1>\n\n\n\n<p>AVIRE proudly operates across the United States, with key offices supporting our customers, partners, and projects from coast to coast. Whether you need product guidance, technical support, or code compliance expertise, our teams are ready to help.<\/p>\n<\/div>\n<\/div>\n\n\n\n<div class=\"wp-block-columns is-layout-flex wp-container-core-columns-is-layout-cc1bcb8d wp-block-columns-is-layout-flex\" style=\"padding-top:var(--wp--preset--spacing--fluid-32-40);padding-bottom:40px\">\n<div class=\"wp-block-column is-layout-flow wp-block-column-is-layout-flow\"><div class=\"card-location-block has-image wp-block-doo-block-card-location\">\n\n\t\t\t<div class=\"card-location-image\">\n\t\t\t<img decoding=\"async\" src=\"https:\/\/www.avire-global.com\/en-us\/wp-content\/uploads\/sites\/10\/2025\/06\/Office-Wisconsin.png\" alt=\"Location image\" \/>\n\t\t<\/div>\n\t\t<div class=\"card-location-content\">\n\t\t\t\t\t<div class=\"card-location-title\">U.S. Headquarters<\/div>\n\t\t\t\t\t\t\t\t\t<div class=\"card-location-field\">\n\t\t\t\t<span class=\"icon icon-email\" aria-hidden=\"true\"><\/span>\n\t\t\t\t\t\t\t\t\t<a href=\"mailto:sales.us@avire-global.com\" target=\"_blank\" rel=\"noopener noreferrer\">sales.us@avire-global.com<\/a>\n\t\t\t\t\t\t\t<\/div>\n\t\t\t\t\t\t\t<div class=\"card-location-field\">\n\t\t\t\t<span class=\"icon icon-phone\" aria-hidden=\"true\"><\/span>\n\t\t\t\t\t\t\t\t\t<a href=\"tel:+1%20800-451-1460\" target=\"_blank\" rel=\"noopener noreferrer\">+1 800-451-1460<\/a>\n\t\t\t\t\t\t\t<\/div>\n\t\t\t\t\t\t\t<div class=\"card-location-field\">\n\t\t\t\t<span class=\"icon icon-location\" aria-hidden=\"true\"><\/span>\n\t\t\t\t\t\t\t\t\t<a href=\"https:\/\/maps.app.goo.gl\/wA2BQPz5Up3tpkpk8\" target=\"_blank\" rel=\"noopener noreferrer nofollow\">N56W24720 N. Corporate Cir.\u2028<br \/>\nSussex, WI 53089<\/a>\n\t\t\t\t\t\t\t<\/div>\n\t\t\t<\/div>\n\n<\/div>\n\n\n\n<\/div>\n\n\n\n<div class=\"wp-block-column is-layout-flow wp-block-column-is-layout-flow\"><div class=\"card-location-block has-image wp-block-doo-block-card-location\">\n\n\t\t\t<div class=\"card-location-image\">\n\t\t\t<img decoding=\"async\" src=\"https:\/\/www.avire-global.com\/en-us\/wp-content\/uploads\/sites\/10\/2025\/06\/Office-New-Jersey.png\" alt=\"Location image\" \/>\n\t\t<\/div>\n\t\t<div class=\"card-location-content\">\n\t\t\t\t\t<div class=\"card-location-title\">Northeast Office<\/div>\n\t\t\t\t\t\t\t\t\t\t\t\t\t<div class=\"card-location-field\">\n\t\t\t\t<span class=\"icon icon-location\" aria-hidden=\"true\"><\/span>\n\t\t\t\t\t\t\t\t\t<a href=\"https:\/\/maps.app.goo.gl\/dAr2VXDQ5q1acmF86\" target=\"_blank\" rel=\"noopener noreferrer nofollow\">670 N Beers St, Building 4<br \/>\nHolmdel, NJ 07733<\/a>\n\t\t\t\t\t\t\t<\/div>\n\t\t\t<\/div>\n\n<\/div>\n\n\n\n<\/div>\n\n\n\n<div class=\"wp-block-column is-layout-flow wp-block-column-is-layout-flow\"><\/div>\n<\/div>\n\n\n\n<div class=\"wp-block-group has-global-padding is-content-justification-left is-layout-constrained wp-container-core-group-is-layout-12dd3699 wp-block-group-is-layout-constrained\">\n<div class=\"wp-block-group has-global-padding is-content-justification-left is-layout-constrained wp-container-core-group-is-layout-9a5f44ac wp-block-group-is-layout-constrained\" style=\"padding-top:var(--wp--preset--spacing--fluid-40-80);padding-bottom:var(--wp--preset--spacing--fluid-24-40); width: 707px;\">\n<h2 class=\"wp-block-heading has-font-48-32-font-size\" style=\"margin-bottom:24px\">Additional Locations Around the World<\/h2>\n\n\n\n<p>While our U.S. offices serve customers across North America, AVIRE also operates globally to support emergency communication needs in key regions.&nbsp;<\/p>\n<\/div>\n<\/div>\n\n\n\n<figure class=\"wp-block-image size-large is-resized\"><img decoding=\"async\" width=\"1024\" height=\"576\" src=\"https:\/\/www.avire-global.com\/wp-content\/uploads\/sites\/10\/2025\/06\/UnboxingIncluded-Parts-4-1024x576.png\" alt=\"\" class=\"wp-image-10202\" style=\"width:1304px;height:auto\" srcset=\"https:\/\/www.avire-global.com\/en-us\/wp-content\/uploads\/sites\/10\/2025\/06\/UnboxingIncluded-Parts-4-1024x576.png 1024w, https:\/\/www.avire-global.com\/en-us\/wp-content\/uploads\/sites\/10\/2025\/06\/UnboxingIncluded-Parts-4-300x169.png 300w, https:\/\/www.avire-global.com\/en-us\/wp-content\/uploads\/sites\/10\/2025\/06\/UnboxingIncluded-Parts-4-768x432.png 768w, https:\/\/www.avire-global.com\/en-us\/wp-content\/uploads\/sites\/10\/2025\/06\/UnboxingIncluded-Parts-4-1536x864.png 1536w, https:\/\/www.avire-global.com\/en-us\/wp-content\/uploads\/sites\/10\/2025\/06\/UnboxingIncluded-Parts-4.png 1920w\" sizes=\"(max-width: 1024px) 100vw, 1024px\" \/><\/figure>\n\n\n\n<div class=\"wp-block-columns is-layout-flex wp-container-core-columns-is-layout-8f9cfff1 wp-block-columns-is-layout-flex\" style=\"padding-top:var(--wp--preset--spacing--fluid-32-40);padding-bottom:var(--wp--preset--spacing--fluid-48-80)\">\n<div class=\"wp-block-column is-layout-flow wp-block-column-is-layout-flow\" style=\"flex-basis:419px\">\n<div class=\"wp-block-group has-global-padding is-layout-constrained wp-block-group-is-layout-constrained\"><div class=\"card-location-block has-image wp-block-doo-block-card-location\">\n\n\t\t\t<div class=\"card-location-image\">\n\t\t\t<img decoding=\"async\" src=\"https:\/\/www.avire-global.com\/en-us\/wp-content\/uploads\/sites\/10\/2025\/06\/Office-UK.png\" alt=\"Location image\" \/>\n\t\t<\/div>\n\t\t<div class=\"card-location-content\">\n\t\t\t\t\t<div class=\"card-location-title\">Global Headquarters<\/div>\n\t\t\t\t\t\t\t\t\t<div class=\"card-location-field\">\n\t\t\t\t<span class=\"icon icon-email\" aria-hidden=\"true\"><\/span>\n\t\t\t\t\t\t\t\t\t<a href=\"mailto:sales.uk@avire-global.com\u00a0\u00a0\" target=\"_blank\" rel=\"noopener noreferrer\">sales.uk@avire-global.com\u00a0\u00a0<\/a>\n\t\t\t\t\t\t\t<\/div>\n\t\t\t\t\t\t\t<div class=\"card-location-field\">\n\t\t\t\t<span class=\"icon icon-phone\" aria-hidden=\"true\"><\/span>\n\t\t\t\t\t\t\t\t\t<span>+44 (0) 1628 540100\u00a0<\/span>\n\t\t\t\t\t\t\t<\/div>\n\t\t\t\t\t\t\t<div class=\"card-location-field\">\n\t\t\t\t<span class=\"icon icon-location\" aria-hidden=\"true\"><\/span>\n\t\t\t\t\t\t\t\t\t<a href=\"http:\/\/The%20Switch%20Back,%20Gardner%20Rd\u2028%20Maidenhead%20SL6%207RJ,%20United%20Kingdom\" target=\"_blank\" rel=\"noopener noreferrer nofollow\">The Switch Back, Gardner Rd\u2028<br \/>\nMaidenhead SL6 7RJ, United Kingdom<\/a>\n\t\t\t\t\t\t\t<\/div>\n\t\t\t<\/div>\n\n<\/div>\n\n\n\n<\/div>\n<\/div>\n\n\n\n<div class=\"wp-block-column is-layout-flow wp-container-core-column-is-layout-c96fd75a wp-block-column-is-layout-flow\" style=\"padding-top:var(--wp--preset--spacing--fluid-0-24);padding-bottom:var(--wp--preset--spacing--fluid-0-24)\"><div class=\"card-location-block no-image wp-block-doo-block-card-location\">\n\n\t\t<div class=\"card-location-content\">\n\t\t\t\t\t<div class=\"card-location-title\">Czech Republic<\/div>\n\t\t\t\t\t\t\t\t\t\t\t\t\t<div class=\"card-location-field\">\n\t\t\t\t<span class=\"icon icon-location\" aria-hidden=\"true\"><\/span>\n\t\t\t\t\t\t\t\t\t<a href=\"http:\/\/Okru\u017en\u00ed%202615\u00a0%20%20%20370%2001%20\u010cesk\u00e9%20Bud\u011bjovice%203,%20Czechia\" target=\"_blank\" rel=\"noopener noreferrer nofollow\">Okru\u017en\u00ed 2615\u00a0  <br \/>\n370 01 \u010cesk\u00e9 Bud\u011bjovice 3, Czechia<\/a>\n\t\t\t\t\t\t\t<\/div>\n\t\t\t<\/div>\n\n<\/div>\n\n\n\n\n\n<div class=\"card-location-block no-image wp-block-doo-block-card-location\">\n\n\t\t<div class=\"card-location-content\">\n\t\t\t\t\t<div class=\"card-location-title\">France<\/div>\n\t\t\t\t\t\t\t\t\t\t\t\t\t<div class=\"card-location-field\">\n\t\t\t\t<span class=\"icon icon-location\" aria-hidden=\"true\"><\/span>\n\t\t\t\t\t\t\t\t\t<a href=\"http:\/\/9%20Bis%20Rue%20L\u00e9onard%20de%20Vinci%20\u202860230%20Chambly,%20France\" target=\"_blank\" rel=\"noopener noreferrer nofollow\">9 Bis Rue L\u00e9onard de Vinci<br \/>\n\u202860230 Chambly, France<\/a>\n\t\t\t\t\t\t\t<\/div>\n\t\t\t<\/div>\n\n<\/div>\n\n\n\n\n\n<div class=\"card-location-block no-image wp-block-doo-block-card-location\">\n\n\t\t<div class=\"card-location-content\">\n\t\t\t\t\t<div class=\"card-location-title\">Germany<\/div>\n\t\t\t\t\t\t\t\t\t\t\t\t\t<div class=\"card-location-field\">\n\t\t\t\t<span class=\"icon icon-location\" aria-hidden=\"true\"><\/span>\n\t\t\t\t\t\t\t\t\t<a href=\"https:\/\/maps.app.goo.gl\/FS7Ja6QziqtmNCXf9\" target=\"_blank\" rel=\"noopener noreferrer nofollow\">Am Zeughaus 9-13<br \/>\n\u202897421 Schweinfurt, Germany<\/a>\n\t\t\t\t\t\t\t<\/div>\n\t\t\t<\/div>\n\n<\/div>\n\n\n\n\n\n<div class=\"card-location-block no-image wp-block-doo-block-card-location\">\n\n\t\t<div class=\"card-location-content\">\n\t\t\t\t\t<div class=\"card-location-title\">Spain<\/div>\n\t\t\t\t\t\t\t\t\t\t\t\t\t<div class=\"card-location-field\">\n\t\t\t\t<span class=\"icon icon-location\" aria-hidden=\"true\"><\/span>\n\t\t\t\t\t\t\t\t\t<a href=\"https:\/\/maps.app.goo.gl\/sJVXTuoTCWTJKXHU8\" target=\"_blank\" rel=\"noopener noreferrer nofollow\">Carrer del Ripoll\u00e8s, 5<br \/>\n\u202808820 El Prat de Llobregat, Barcelona, Spain<\/a>\n\t\t\t\t\t\t\t<\/div>\n\t\t\t<\/div>\n\n<\/div>\n\n\n\n<\/div>\n<\/div>\n","protected":false},"excerpt":{"rendered":"<p>U.S. Locations AVIRE proudly operates across the United States, with key offices supporting our customers, partners, and projects from coast to coast. Whether you need product guidance, technical support, or code compliance expertise, our teams are ready to help. Additional Locations Around the World While our U.S. offices serve customers across North America, AVIRE also [&hellip;]<\/p>\n","protected":false},"author":27,"featured_media":0,"parent":0,"menu_order":0,"comment_status":"closed","ping_status":"closed","template":"","meta":{"_eb_attr":"","inline_featured_image":false,"footnotes":""},"class_list":["post-10198","page","type-page","status-publish","hentry"],"_links":{"self":[{"href":"https:\/\/www.avire-global.com\/en-us\/wp-json\/wp\/v2\/pages\/10198","targetHints":{"allow":["GET"]}}],"collection":[{"href":"https:\/\/www.avire-global.com\/en-us\/wp-json\/wp\/v2\/pages"}],"about":[{"href":"https:\/\/www.avire-global.com\/en-us\/wp-json\/wp\/v2\/types\/page"}],"author":[{"embeddable":true,"href":"https:\/\/www.avire-global.com\/en-us\/wp-json\/wp\/v2\/users\/27"}],"replies":[{"embeddable":true,"href":"https:\/\/www.avire-global.com\/en-us\/wp-json\/wp\/v2\/comments?post=10198"}],"version-history":[{"count":4,"href":"https:\/\/www.avire-global.com\/en-us\/wp-json\/wp\/v2\/pages\/10198\/revisions"}],"predecessor-version":[{"id":10371,"href":"https:\/\/www.avire-global.com\/en-us\/wp-json\/wp\/v2\/pages\/10198\/revisions\/10371"}],"wp:attachment":[{"href":"https:\/\/www.avire-global.com\/en-us\/wp-json\/wp\/v2\/media?parent=10198"}],"curies":[{"name":"wp","href":"https:\/\/api.w.org\/{rel}","templated":true}]}}