{"id":3637,"date":"2024-02-12T12:37:09","date_gmt":"2024-02-12T10:37:09","guid":{"rendered":"https:\/\/www.avire-global.com\/de\/?post_type=product&#038;p=3637"},"modified":"2026-03-10T15:32:40","modified_gmt":"2026-03-10T13:32:40","slug":"dcp-evo","status":"publish","type":"product","link":"https:\/\/www.avire-global.com\/de\/produkt\/digitale-kommunikationsplattform\/dcp-evo\/","title":{"rendered":"DCP Evo"},"content":{"rendered":"\n<div class=\"wp-block-doo-tabs-block alignwide\">\n\t<div class=\"doo-tabs-container\">\n\t\t<div class=\"doo-tabs-titles\">\n\t\t\t\t\t\t\t<button class=\"doo-tab-title \" \n\t\t\t\t\t\tdata-tab-index=\"0\">\n\t\t\t\t\tProdukteigenschaften\t\t\t\t<\/button>\n\t\t\t\t\t\t\t<button class=\"doo-tab-title \" \n\t\t\t\t\t\tdata-tab-index=\"1\">\n\t\t\t\t\tTechnische Daten\t\t\t\t<\/button>\n\t\t\t\t\t\t\t<button class=\"doo-tab-title active\" \n\t\t\t\t\t\tdata-tab-index=\"2\">\n\t\t\t\t\tBestellinformationen\t\t\t\t<\/button>\n\t\t\t\t\t<\/div>\n\t<\/div>\n    \n    <div class=\"doo-tabs-content\">\n                    <div class=\"doo-tab-content \">\n                <h2 class=\"wp-block-heading\"><u>Warum DCP Evo w\u00e4hlen?<\/u><\/h2><p><strong><em>Zukunftssicheres Netzwerk:<\/em><\/strong> Seien Sie mit DCP Evo der Zeit voraus &#8211; mit einer L\u00f6sung, die 4G VoLTE- oder VoIP*-Konnektivit\u00e4t nutzen kann. Bereiten Sie sich auf bevorstehende Netzwerk\u00e4nderungen vor, inklusive der baldigen Umstellung von analog auf digital, dem Auslaufen von 3G und dem Ende von 2G.<\/p>\n<p><strong><em>Flexibilit\u00e4t bei der \u00dcberwachung:<\/em><\/strong> DCP Evo bietet Anschlussm\u00f6glichkeiten f\u00fcr zahlreiche Ger\u00e4te von Drittanbietern. Das erh\u00f6ht die Flexibilit\u00e4t beim Empfangen und Senden von Daten f\u00fcr die Fern\u00fcberwachung des Aufzugs.<\/p>\n<p><strong><em>Flexibilit\u00e4t und Zuverl\u00e4ssigkeit des Mobilfunknetzes:<\/em><\/strong> VoLTE und Daten \u00fcber 4G mit 2G Fallback. AVIRE M2M SIM-Karten-Kompatibilit\u00e4t f\u00fcr optimale Netzwerkkonnektivit\u00e4t.<\/p>\n<p><strong><em>Einfache Installation:<\/em><\/strong> Fernkonfiguration \u00fcber den AVIRE Hub, die mobile App oder SMS. Eingebauter Signalst\u00e4rketester f\u00fcr die optimale Platzierung im Aufzugsschacht.<\/p>\n<p><strong><em>Kosteneffiziente L\u00f6sungen:<\/em><\/strong> Mehrere Optionen zur Fernkonfiguration reduzieren die Zeit der Techniker vor Ort. Technische und Konfigurationsanrufe \u00fcber das Datennetz minimieren die Kosten f\u00fcr Sprachanrufe.<\/p>\n<p><strong><em>Batteriereserve:<\/em><\/strong> Eingebaute Batteriereserve f\u00fcr bis zu 3 Stunden bei Stromausf\u00e4llen (kann je nach Nutzung variieren).<\/p>\n<p><strong><em>R\u00fcckw\u00e4rtskompatibilit\u00e4t:<\/em><\/strong> Kompatibel mit allen Marken von analogen Telefonen, die das P100-Protokoll verwenden.<\/p>\n<p><strong><em>Normenkonformes integriertes Ecosystem:<\/em><\/strong> EN81-20 konformes DCP Evo als Kernst\u00fcck des AVIRE Notfall-Kommunikationssystems.<\/p>\n            <\/div>\n                    <div class=\"doo-tab-content \">\n                <p><strong>Leistungsaufnahme<\/strong> 24 VDC \u00b1 10%<br \/><strong>Stromversorgung (extern)<\/strong> externes Netzteil (100 &#8211; 240 VAC)<br \/><strong>Verbrauch<\/strong> 2,4 bis 10 W<br \/><strong>Interne Batterie<\/strong> 12V, NiMh 650 mAh<br \/><strong>Bis zu<\/strong> 3 Stunden Leistung<br \/><strong>Betriebstemperatur<\/strong> 0\u00b0C bis 45\u00b0C<br \/><strong>IP-Bewertung<\/strong> IP20<br \/><strong>Abmessungen<\/strong> 140 x 136 x 56mm<br \/><strong>Netzwerke<\/strong> 2G; 3G; 4G<br \/><strong>Sprachanrufe<\/strong> 2G; 3G; VoLTE (4G)<br \/><strong>Schnittstellen<\/strong> RJ-11; CAN-Bus; Seriell (RS232 oder RS422\/485); Micro-USB;<br \/><strong>Allgemeiner<\/strong> I\/O<br \/><strong>SIM-Steckplatz<\/strong> Single SIM (2FF)<br \/><strong>Sicherheit Transport<\/strong> Layer Security (abgek\u00fcrzt als TLS)<\/p>\n            <\/div>\n                    <div class=\"doo-tab-content active\">\n                <p><strong>AC-ECM10-610-F-20-000<\/strong> DCP Evolution mit serieller RS-232-Schnittstelle<\/p>\n<p><strong>AC-ATM00-050-0-00-000<\/strong> Verl\u00e4ngerungsantenne f\u00fcr DCP, Antenne mit 5 m Kabel<\/p>\n<p><strong>AC-ATM00-150-0-00-000<\/strong> Verl\u00e4ngerungsantenne f\u00fcr DCP, Antenne mit 15 m Kabel<\/p>\n            <\/div>\n            <\/div>\n<\/div>\n\n\n<div class=\"wp-block-doo-block-videos\">\n\t<\/div>\n\n\n<div class=\"wp-block-group has-global-padding is-layout-constrained wp-block-group-is-layout-constrained\" style=\"border-style:none;border-width:0px;border-top-left-radius:0px;border-top-right-radius:0px;border-bottom-left-radius:0px;border-bottom-right-radius:0px;padding-top:var(--wp--preset--spacing--fluid-0-16);padding-bottom:var(--wp--preset--spacing--fluid-0-16)\">\n<figure class=\"wp-block-embed aligncenter is-type-video is-provider-youtube wp-block-embed-youtube wp-embed-aspect-16-9 wp-has-aspect-ratio\" style=\"margin-top:var(--wp--preset--spacing--fluid-0-20);margin-bottom:var(--wp--preset--spacing--fluid-0-20)\"><div class=\"wp-block-embed__wrapper\">\n<iframe title=\"DCP Evo Digitale Kommunikationsplattform f\u00fcr Aufz\u00fcge\" width=\"500\" height=\"281\" src=\"https:\/\/www.youtube.com\/embed\/VC88xsaDWTY?feature=oembed\" frameborder=\"0\" allow=\"accelerometer; autoplay; clipboard-write; encrypted-media; gyroscope; picture-in-picture; web-share\" referrerpolicy=\"strict-origin-when-cross-origin\" allowfullscreen><\/iframe>\n<\/div><\/figure>\n<\/div>\n\n\n\n<p><\/p>\n","protected":false},"featured_media":11057,"template":"","meta":{"_eb_attr":"","inline_featured_image":false,"doo-cf-type":"main","footnotes":""},"market":[30,7,29],"product_cat":[97],"brand":[35],"country":[],"class_list":["post-3637","product","type-product","status-publish","has-post-thumbnail","hentry","market-aufzugsmodernisierung","market-aufzugsueberwachung","market-aufzugswartung","product_cat-digitale-kommunikationsplattform","brand-memco"],"_links":{"self":[{"href":"https:\/\/www.avire-global.com\/de\/wp-json\/wp\/v2\/product\/3637","targetHints":{"allow":["GET"]}}],"collection":[{"href":"https:\/\/www.avire-global.com\/de\/wp-json\/wp\/v2\/product"}],"about":[{"href":"https:\/\/www.avire-global.com\/de\/wp-json\/wp\/v2\/types\/product"}],"version-history":[{"count":4,"href":"https:\/\/www.avire-global.com\/de\/wp-json\/wp\/v2\/product\/3637\/revisions"}],"predecessor-version":[{"id":11335,"href":"https:\/\/www.avire-global.com\/de\/wp-json\/wp\/v2\/product\/3637\/revisions\/11335"}],"wp:featuredmedia":[{"embeddable":true,"href":"https:\/\/www.avire-global.com\/de\/wp-json\/wp\/v2\/media\/11057"}],"wp:attachment":[{"href":"https:\/\/www.avire-global.com\/de\/wp-json\/wp\/v2\/media?parent=3637"}],"wp:term":[{"taxonomy":"market","embeddable":true,"href":"https:\/\/www.avire-global.com\/de\/wp-json\/wp\/v2\/market?post=3637"},{"taxonomy":"product_cat","embeddable":true,"href":"https:\/\/www.avire-global.com\/de\/wp-json\/wp\/v2\/product_cat?post=3637"},{"taxonomy":"brand","embeddable":true,"href":"https:\/\/www.avire-global.com\/de\/wp-json\/wp\/v2\/brand?post=3637"},{"taxonomy":"country","embeddable":true,"href":"https:\/\/www.avire-global.com\/de\/wp-json\/wp\/v2\/country?post=3637"}],"curies":[{"name":"wp","href":"https:\/\/api.w.org\/{rel}","templated":true}]}}