{"id":2874,"date":"2023-09-01T06:53:40","date_gmt":"2023-09-01T06:53:40","guid":{"rendered":"https:\/\/www.avire-global.com\/de\/produkt\/%product_cat%\/avire-hub-lift-monitoring-software\/"},"modified":"2026-01-14T09:40:48","modified_gmt":"2026-01-14T07:40:48","slug":"avire-hub","status":"publish","type":"product","link":"https:\/\/www.avire-global.com\/de\/produkt\/software\/avire-hub\/","title":{"rendered":"AVIRE HUB"},"content":{"rendered":"\n<h2 class=\"wp-block-heading\" style=\"padding-top:var(--wp--preset--spacing--fluid-0-24);padding-bottom:var(--wp--preset--spacing--fluid-0-24)\">Aussagekr\u00e4ftige Erkenntnisse aus t\u00e4glichen Aufzugsdaten gewinnen<\/h2>\n\n\n\n<p><\/p>\n\n\n\n<h3 class=\"wp-block-heading\">\u00dcberwachen<\/h3>\n\n\n\n<ul class=\"wp-block-list\">\n<li>Zentraler Zugriff auf Ihre gesamte Aufzugsinstallation \u00fcber eine Plattform<\/li>\n\n\n\n<li>Echtzeit-Anzeige von Aufzugsstandorten, Statusmeldungen und Systemalarmen<\/li>\n\n\n\n<li>Empfang, Aufzeichnung und Nachverfolgung verschiedenster Ereignisse \u2013 von technischen St\u00f6rungen bis hin zu Notrufen<\/li>\n\n\n\n<li>\u00dcberwachung des Betriebszustands des Eco-Systems, einschlie\u00dflich Batteriestand<\/li>\n<\/ul>\n\n\n\n<p><\/p>\n\n\n\n<h3 class=\"wp-block-heading\">Konfigurieren<\/h3>\n\n\n\n<ul class=\"wp-block-list\">\n<li>Fernprogrammierung, -aktualisierung und -\u00fcberwachung der DCP und CAN-Bus-f\u00e4higen Ger\u00e4ten<\/li>\n\n\n\n<li>Durchf\u00fchrung von Firmware-Updates und Funktionsverbesserungen \u2013 ohne Vor-Ort-Einsatz<\/li>\n\n\n\n<li>Zentrale Verwaltung aller Ger\u00e4teeinstellungen mit sicherem Fernzugriff<\/li>\n<\/ul>\n\n\n\n<p><\/p>\n\n\n\n<h3 class=\"wp-block-heading\">\u00dcberwachen<\/h3>\n\n\n\n<ul class=\"wp-block-list\">\n<li>Unterst\u00fctzt EN81-28:2018 durch die Durchf\u00fchrung der gesetzlich vorgeschriebenen Notruftests und deren Protokollierung<\/li>\n\n\n\n<li>Durchf\u00fchrung und Nachweis der verpflichtenden 3-Tages-Testanrufe \u2013 bereit f\u00fcr Pr\u00fcfungen und Audits<\/li>\n\n\n\n<li>Vollst\u00e4ndige Protokollierung aller Ereignisse und durchgef\u00fchrten Ma\u00dfnahmen<\/li>\n\n\n\n<li>Benutzerverwaltung mit individuell definierbaren Zugriffsrechten \u2013 zur Einhaltung von Sicherheits- und Compliance-Vorgaben<\/li>\n<\/ul>\n","protected":false},"featured_media":10734,"template":"","meta":{"_eb_attr":"","inline_featured_image":false,"doo-cf-type":"main","footnotes":""},"market":[29],"product_cat":[88],"brand":[35],"country":[],"class_list":["post-2874","product","type-product","status-publish","has-post-thumbnail","hentry","market-aufzugswartung","product_cat-software","brand-memco"],"_links":{"self":[{"href":"https:\/\/www.avire-global.com\/de\/wp-json\/wp\/v2\/product\/2874","targetHints":{"allow":["GET"]}}],"collection":[{"href":"https:\/\/www.avire-global.com\/de\/wp-json\/wp\/v2\/product"}],"about":[{"href":"https:\/\/www.avire-global.com\/de\/wp-json\/wp\/v2\/types\/product"}],"version-history":[{"count":3,"href":"https:\/\/www.avire-global.com\/de\/wp-json\/wp\/v2\/product\/2874\/revisions"}],"predecessor-version":[{"id":10730,"href":"https:\/\/www.avire-global.com\/de\/wp-json\/wp\/v2\/product\/2874\/revisions\/10730"}],"wp:featuredmedia":[{"embeddable":true,"href":"https:\/\/www.avire-global.com\/de\/wp-json\/wp\/v2\/media\/10734"}],"wp:attachment":[{"href":"https:\/\/www.avire-global.com\/de\/wp-json\/wp\/v2\/media?parent=2874"}],"wp:term":[{"taxonomy":"market","embeddable":true,"href":"https:\/\/www.avire-global.com\/de\/wp-json\/wp\/v2\/market?post=2874"},{"taxonomy":"product_cat","embeddable":true,"href":"https:\/\/www.avire-global.com\/de\/wp-json\/wp\/v2\/product_cat?post=2874"},{"taxonomy":"brand","embeddable":true,"href":"https:\/\/www.avire-global.com\/de\/wp-json\/wp\/v2\/brand?post=2874"},{"taxonomy":"country","embeddable":true,"href":"https:\/\/www.avire-global.com\/de\/wp-json\/wp\/v2\/country?post=2874"}],"curies":[{"name":"wp","href":"https:\/\/api.w.org\/{rel}","templated":true}]}}