{"id":11088,"date":"2026-01-02T16:32:27","date_gmt":"2026-01-02T14:32:27","guid":{"rendered":"https:\/\/www.avire-global.com\/de\/?post_type=product&#038;p=11088"},"modified":"2026-03-27T14:11:02","modified_gmt":"2026-03-27T12:11:02","slug":"3d-aufzugstuer-erkennungssystem","status":"publish","type":"product","link":"https:\/\/www.avire-global.com\/de\/produkt\/aufzug-lichtvorhaenge\/3d-aufzugstuer-erkennungssystem\/","title":{"rendered":"3D-Aufzugst\u00fcr-Erkennungssystem"},"content":{"rendered":"<div class=\"wp-block-doo-block-systemeu-hero\">\n\t<div class=\"systemeu-hero\">\r\n\t<div class=\"wp-block-columns\">\r\n\t\t<div class=\"wp-block-column\">\r\n\t\t\t<div class=\"image\">\r\n\t\t\t\t<img decoding=\"async\" width=\"800\" height=\"450\" src=\"https:\/\/www.avire-global.com\/de\/wp-content\/uploads\/sites\/14\/2026\/01\/Smart-3D-System-1.png\" class=\"attachment-large size-large wp-post-image\" alt=\"3D-Aufzugst\u00fcr-Erkennungssystem\" srcset=\"https:\/\/www.avire-global.com\/de\/wp-content\/uploads\/sites\/14\/2026\/01\/Smart-3D-System-1.png 800w, https:\/\/www.avire-global.com\/de\/wp-content\/uploads\/sites\/14\/2026\/01\/Smart-3D-System-1-300x169.png 300w, https:\/\/www.avire-global.com\/de\/wp-content\/uploads\/sites\/14\/2026\/01\/Smart-3D-System-1-768x432.png 768w\" sizes=\"(max-width: 800px) 100vw, 800px\" \/>\t\t\t<\/div>\r\n\t\t<\/div>\r\n\t\t<div class=\"wp-block-column\">\r\n\t\t\t\t\t\t\t<div class=\"label\">Aufzug-Lichtvorh\u00e4nge<\/div>\r\n\t\t\t\t\t\t\t<h1 class=\"title\">3D-Aufzugst\u00fcr-Erkennungssystem<\/h1>\r\n\t\t\t\t\t\t\t\t\t\t<div class=\"standards\">\r\n\t\t\t\t\t<div class=\"text\">Konform mit<\/div>\r\n\t\t\t\t\t<div class=\"content\">\r\n\t\t\t\t\t\t\t\t\t\t\t\t\t<div class=\"item\">\r\n\t\t\t\t\t\t\t\t<div>\r\n\t\t\t\t\t\t\t\t\t<div class=\"image-standard\">\r\n\t\t\t\t\t\t\t\t\t\t\t\t\t\t\t\t\t\t\t<\/div>\r\n\t\t\t\t\t\t\t\t\t<span>\r\n\t\t\t\t\t\t\t\t\t\tEN 81-20\t\t\t\t\t\t\t\t\t<\/span>\r\n\t\t\t\t\t\t\t\t<\/div>\r\n\t\t\t\t\t\t\t\t<div class=\"doo-link\">\r\n\t\t\t\t\t\t\t\t\t<a href=\"https:\/\/www.avire-global.com\/de\/norm\/en-81-20\/\">Auszug lesen<\/a>\r\n\t\t\t\t\t\t\t\t<\/div>\r\n\t\t\t\t\t\t\t<\/div>\r\n\t\t\t\t\t\t\t\t\t\t\t\t<\/div>\r\n\t\t\t\t<\/div>\r\n\t\t\t\t\t\t\t<div class=\"wp-block-buttons\">\r\n\t\t\t\t\t\t\t\t\t\t<div class=\"wp-block-button\"><a class =\"wp-block-button__link\" href=\"#contact\">Kontakt<\/a><\/div>\r\n\t\t\t\t\t\t\t\t\t\t\t\t\t<div class=\"wp-block-button secondary\"><a class =\"wp-block-button__link\" href=\"https:\/\/www.avire-global.com\/de\/kataloge\/\">Katalog<\/a><\/div>\r\n\t\t\t\t\t\t\t\t\t\t<\/div>\r\n\t\t<\/div>\r\n\t<\/div>\r\n<\/div>\r\n<\/div>\n\n\n<div class=\"custom-slider-container product wide-overview\">\n\n\t\t\t<div class=\"overview-wide\">\n\t\t\t<div class=\"label\">\n\t\t\t\t\u00dcbersicht\t\t\t<\/div>\n\t\t\t<div class=\"content\">Aufzugssicherheit beginnt mit einer zuverl\u00e4ssigen T\u00fcrerkennung. Das fortschrittliche 3D-Aufzugst\u00fcr-Erkennungssystem von AVIRE kombiniert leistungsstarke Lichtvorh\u00e4nge, intelligente 3D-Radarsensorik und eine leistungsf\u00e4hige Steuerungsplattform, um Fahrg\u00e4ste zu sch\u00fctzen und Betriebskosten zu senken. <br \/>\n<br \/>\nEntwickelt f\u00fcr moderne Personenaufz\u00fcge, gew\u00e4hrleistet das System eine pr\u00e4zise Erkennung von T\u00fcrhindernissen und sich n\u00e4herndem Personenverkehr, mit deutlich reduzierten Fehlausl\u00f6sungen, selbst in anspruchsvollen Umgebungen.<\/div>\n\t\t<\/div>\n\t\t\t<div class=\"custom-slider\">\n\t\t\t\t\t<div class=\"swiper-container main-slider\">\n\t\t\t\t<div class=\"swiper-wrapper\">\n\t\t\t\t\t\t\t\t\t\t\t<div class=\"swiper-slide image contain-w\">\n\t\t\t\t\t\t\t\t\t\t\t\t\t\t\t<img decoding=\"async\" src=\"https:\/\/www.avire-global.com\/de\/wp-content\/uploads\/sites\/14\/2026\/01\/Smart-3D-System-2.png\" alt=\"\" class=\"slider-image\">\n\t\t\t\t\t\t\t\t\t\t\t\t\t\t<\/div>\n\t\t\t\t\t\t\t\t\t\t<\/div>\n\t\t\t<\/div>\n\t\n\t\t\t<div class=\"bottom\">\n\t\t\t\t\t\t\t<\/div>\n\t\t\t\t<\/div>\n\t<div class=\"slider-content has-checkmarks\">\n\t\t<div class=\"slider-text\">\n\t\t\t\n\n<ul class=\"wp-block-list\">\n<li><strong>Reduzierte Fehlausl\u00f6sungen<\/strong>&nbsp;unempfindlich gegen\u00fcber Umgebungslicht und Reflexionen<\/li>\n\n\n\n<li><strong>Unterscheidung zwischen Durchgangsverkehr und sich n\u00e4hernden Personen<\/strong>, f\u00fcr einen optimierten Personenfluss und schnellere Aufzugsreaktionen<\/li>\n\n\n\n<li><strong>Ignoriert station\u00e4re Objekte<\/strong>&nbsp;im Erfassungsbereich und verhindert unn\u00f6tige Aufzugsr\u00fcckrufe<\/li>\n\n\n\n<li><strong>Vollst\u00e4ndiger Fahrgasts\u00adchutz<\/strong>&nbsp;in Kombination mit Panachrome+ Lichtvorh\u00e4ngen<\/li>\n<\/ul>\n\n\t\t<\/div>\n\t<\/div>\n\n<\/div>\n\n\n<div class=\"wp-block-columns is-layout-flex wp-container-core-columns-is-layout-44dbfb99 wp-block-columns-is-layout-flex\">\n<div class=\"wp-block-column is-layout-flow wp-container-core-column-is-layout-7dd55475 wp-block-column-is-layout-flow\" style=\"border-radius:10px;padding-top:var(--wp--preset--spacing--fluid-0-16);padding-right:var(--wp--preset--spacing--fluid-0-16);padding-bottom:var(--wp--preset--spacing--fluid-0-16);padding-left:var(--wp--preset--spacing--fluid-0-16)\"><\/div>\n<\/div>\n\n\n\n<div class=\"product-main wp-block-doo-block-systemeu-frame\">\n\t<div class=\"list-products product-main\">\n\t\t<h2 style=\"color: #d05a2a;\">Die Bausteine unserer digitalen Sicherheitsl\u00f6sung:<\/h2>\n\t\t<div class=\"list-products-content\">\n\t\t\t\t\t\t<div class=\"product item tab-28\">\n\t\t\t\t<div class=\"image\"><img decoding=\"async\" width=\"768\" height=\"768\" src=\"https:\/\/www.avire-global.com\/de\/wp-content\/uploads\/sites\/14\/2023\/09\/lift_light_curtain_3D_model-768x768.png\" class=\"attachment-medium_large size-medium_large wp-post-image\" alt=\"\" srcset=\"https:\/\/www.avire-global.com\/de\/wp-content\/uploads\/sites\/14\/2023\/09\/lift_light_curtain_3D_model-768x768.png 768w, https:\/\/www.avire-global.com\/de\/wp-content\/uploads\/sites\/14\/2023\/09\/lift_light_curtain_3D_model-300x300.png 300w, https:\/\/www.avire-global.com\/de\/wp-content\/uploads\/sites\/14\/2023\/09\/lift_light_curtain_3D_model-1024x1024.png 1024w, https:\/\/www.avire-global.com\/de\/wp-content\/uploads\/sites\/14\/2023\/09\/lift_light_curtain_3D_model-150x150.png 150w, https:\/\/www.avire-global.com\/de\/wp-content\/uploads\/sites\/14\/2023\/09\/lift_light_curtain_3D_model.png 1200w\" sizes=\"(max-width: 768px) 100vw, 768px\" \/><\/div>\n\t\t\t\t\t\t\t\t<div class=\"content\">\n\t\t\t\t\t<div>\n\t\t\t\t\t\t<div class=\"title title-color\">Aufzugs-Lichtgitter Panachrome Plus<\/div>\n\t\t\t\t\t\t<div class=\"description\">Das MEMCO Panachrome+ Aufzugs-Lichtgitter mit roten und gr\u00fcnen LED\u00b4s zeigt T\u00fcrbewegungen an und sorgt damit f\u00fcr mehr Sicherheit und weniger Unf\u00e4lle. Die 3D-Erkennung erweitert den Schutz der Fahrg\u00e4ste bis in den Aufzugsvorraum, und Remote-Diagnosen senken die Zahl der Technikereins\u00e4tze vor Ort.<\/div>\n\t\t\t\t\t<\/div>\n\t\t\t\t\t<div class=\"bottom\">\n\t\t\t\t\t\t\t\t\t\t\t\t\t<div class=\"doo-link\"><a href=\"https:\/\/www.avire-global.com\/de\/produkt\/aufzug-lichtvorhaenge\/aufzugs-lichtgitter-panachrome-plus\/\">Produkt ansehen<\/a><\/div>\n\t\t\t\t\t\t\t\t\t\t\t\t\t<div class=\"brands\"><img decoding=\"async\" width=\"300\" height=\"63\" src=\"https:\/\/www.avire-global.com\/de\/wp-content\/uploads\/sites\/14\/2023\/06\/Brands-MEMCO.svg\" class=\"attachment-medium size-medium\" alt=\"\" \/><\/div>\n\t\t\t\t\t<\/div>\n\t\t\t\t<\/div>\n\t\t\t<\/div>\n\t\t\t\t\t\t<div class=\"product item tab-28\">\n\t\t\t\t<div class=\"image\"><img decoding=\"async\" width=\"768\" height=\"768\" src=\"https:\/\/www.avire-global.com\/de\/wp-content\/uploads\/sites\/14\/2023\/09\/3D-1-768x768.png\" class=\"attachment-medium_large size-medium_large wp-post-image\" alt=\"\" srcset=\"https:\/\/www.avire-global.com\/de\/wp-content\/uploads\/sites\/14\/2023\/09\/3D-1-768x768.png 768w, https:\/\/www.avire-global.com\/de\/wp-content\/uploads\/sites\/14\/2023\/09\/3D-1-300x300.png 300w, https:\/\/www.avire-global.com\/de\/wp-content\/uploads\/sites\/14\/2023\/09\/3D-1-1024x1024.png 1024w, https:\/\/www.avire-global.com\/de\/wp-content\/uploads\/sites\/14\/2023\/09\/3D-1-150x150.png 150w, https:\/\/www.avire-global.com\/de\/wp-content\/uploads\/sites\/14\/2023\/09\/3D-1.png 1200w\" sizes=\"(max-width: 768px) 100vw, 768px\" \/><\/div>\n\t\t\t\t\t\t\t\t<div class=\"content\">\n\t\t\t\t\t<div>\n\t\t\t\t\t\t<div class=\"title title-color\">Smart 3D Detektor<\/div>\n\t\t\t\t\t\t<div class=\"description\">Der MEMCO Smart 3D Radarsensor f\u00fcr Panachrome+ Aufzugs-Lichtgitter ist ein innovatives Produkt, das g\u00e4ngige Probleme mit der 3D Infrarot-Lichtgitter l\u00f6st. Er reduziert Fehlausl\u00f6sungen, die durch reflektiertes Licht, Bodenbel\u00e4ge, feststehende Objekte, dunkle Kleidung oder Querverkehr hervorgerufen werden.<\/div>\n\t\t\t\t\t<\/div>\n\t\t\t\t\t<div class=\"bottom\">\n\t\t\t\t\t\t\t\t\t\t\t\t\t<div class=\"doo-link\"><a href=\"https:\/\/www.avire-global.com\/de\/produkt\/aufzug-lichtvorhaenge\/aufzugs-lichtgitter-smart-3d\/\">Produkt ansehen<\/a><\/div>\n\t\t\t\t\t\t\t\t\t\t\t\t\t<div class=\"brands\"><img decoding=\"async\" width=\"300\" height=\"63\" src=\"https:\/\/www.avire-global.com\/de\/wp-content\/uploads\/sites\/14\/2023\/06\/Brands-MEMCO.svg\" class=\"attachment-medium size-medium\" alt=\"\" \/><\/div>\n\t\t\t\t\t<\/div>\n\t\t\t\t<\/div>\n\t\t\t<\/div>\n\t\t\t\t\t<\/div>\n\t<\/div>\n<\/div>\n\n\n\n<h2 class=\"wp-block-heading has-text-align-center has-text-color has-link-color wp-elements-16e1048b9476380e3d629c874808c4cc\" style=\"color:#d05a2a;margin-top:var(--wp--preset--spacing--fluid-0-24);margin-bottom:var(--wp--preset--spacing--fluid-0-24)\">3D-Aufzugst\u00fcr-Erkennungssystem &#8211; Maximale Fahrgastsicherheit und zuverl\u00e4ssiger Betrieb<\/h2>\n","protected":false},"featured_media":11094,"template":"product-with-patterns-system","meta":{"_eb_attr":"","inline_featured_image":false,"doo-cf-type":"system","footnotes":""},"market":[30,7,29],"product_cat":[28],"brand":[],"country":[],"class_list":["post-11088","product","type-product","status-publish","has-post-thumbnail","hentry","market-aufzugsmodernisierung","market-aufzugsueberwachung","market-aufzugswartung","product_cat-aufzug-lichtvorhaenge"],"_links":{"self":[{"href":"https:\/\/www.avire-global.com\/de\/wp-json\/wp\/v2\/product\/11088","targetHints":{"allow":["GET"]}}],"collection":[{"href":"https:\/\/www.avire-global.com\/de\/wp-json\/wp\/v2\/product"}],"about":[{"href":"https:\/\/www.avire-global.com\/de\/wp-json\/wp\/v2\/types\/product"}],"version-history":[{"count":4,"href":"https:\/\/www.avire-global.com\/de\/wp-json\/wp\/v2\/product\/11088\/revisions"}],"predecessor-version":[{"id":11488,"href":"https:\/\/www.avire-global.com\/de\/wp-json\/wp\/v2\/product\/11088\/revisions\/11488"}],"wp:featuredmedia":[{"embeddable":true,"href":"https:\/\/www.avire-global.com\/de\/wp-json\/wp\/v2\/media\/11094"}],"wp:attachment":[{"href":"https:\/\/www.avire-global.com\/de\/wp-json\/wp\/v2\/media?parent=11088"}],"wp:term":[{"taxonomy":"market","embeddable":true,"href":"https:\/\/www.avire-global.com\/de\/wp-json\/wp\/v2\/market?post=11088"},{"taxonomy":"product_cat","embeddable":true,"href":"https:\/\/www.avire-global.com\/de\/wp-json\/wp\/v2\/product_cat?post=11088"},{"taxonomy":"brand","embeddable":true,"href":"https:\/\/www.avire-global.com\/de\/wp-json\/wp\/v2\/brand?post=11088"},{"taxonomy":"country","embeddable":true,"href":"https:\/\/www.avire-global.com\/de\/wp-json\/wp\/v2\/country?post=11088"}],"curies":[{"name":"wp","href":"https:\/\/api.w.org\/{rel}","templated":true}]}}