{"id":11058,"date":"2025-12-22T16:16:53","date_gmt":"2025-12-22T14:16:53","guid":{"rendered":"https:\/\/www.avire-global.com\/de\/?post_type=product&#038;p=11058"},"modified":"2026-03-27T14:10:25","modified_gmt":"2026-03-27T12:10:25","slug":"analog-zu-digital-upgrade","status":"publish","type":"product","link":"https:\/\/www.avire-global.com\/de\/produkt\/aufzug-notruftelefone\/analog-zu-digital-upgrade\/","title":{"rendered":"Analog-zu-Digital-Upgrade"},"content":{"rendered":"<div class=\"wp-block-doo-block-systemeu-hero\">\n\t<div class=\"systemeu-hero\">\r\n\t<div class=\"wp-block-columns\">\r\n\t\t<div class=\"wp-block-column\">\r\n\t\t\t<div class=\"image contain-r\">\r\n\t\t\t\t<img decoding=\"async\" width=\"1024\" height=\"1024\" src=\"https:\/\/www.avire-global.com\/de\/wp-content\/uploads\/sites\/14\/2025\/12\/DCP-Evo-MEMCOM-2-1024x1024.png\" class=\"attachment-large size-large wp-post-image\" alt=\"\" srcset=\"https:\/\/www.avire-global.com\/de\/wp-content\/uploads\/sites\/14\/2025\/12\/DCP-Evo-MEMCOM-2-1024x1024.png 1024w, https:\/\/www.avire-global.com\/de\/wp-content\/uploads\/sites\/14\/2025\/12\/DCP-Evo-MEMCOM-2-300x300.png 300w, https:\/\/www.avire-global.com\/de\/wp-content\/uploads\/sites\/14\/2025\/12\/DCP-Evo-MEMCOM-2-150x150.png 150w, https:\/\/www.avire-global.com\/de\/wp-content\/uploads\/sites\/14\/2025\/12\/DCP-Evo-MEMCOM-2-768x768.png 768w, https:\/\/www.avire-global.com\/de\/wp-content\/uploads\/sites\/14\/2025\/12\/DCP-Evo-MEMCOM-2.png 1200w\" sizes=\"(max-width: 1024px) 100vw, 1024px\" \/>\t\t\t<\/div>\r\n\t\t<\/div>\r\n\t\t<div class=\"wp-block-column\">\r\n\t\t\t\t\t\t\t<div class=\"label\">Analoge Aufzug-Notruftelefone<\/div>\r\n\t\t\t\t\t\t\t<h1 class=\"title\">Analog-zu-Digital-Upgrade<\/h1>\r\n\t\t\t\t\t\t\t<p class=\"subtitle\">MEMCOM + DCP Evo<\/p>\r\n\t\t\t\t\t\t\t\t\t\t\t<div class=\"standards\">\r\n\t\t\t\t\t<div class=\"text\">Konform mit<\/div>\r\n\t\t\t\t\t<div class=\"content\">\r\n\t\t\t\t\t\t\t\t\t\t\t\t\t<div class=\"item\">\r\n\t\t\t\t\t\t\t\t<div>\r\n\t\t\t\t\t\t\t\t\t<div class=\"image-standard\">\r\n\t\t\t\t\t\t\t\t\t\t\t\t\t\t\t\t\t\t\t<\/div>\r\n\t\t\t\t\t\t\t\t\t<span>\r\n\t\t\t\t\t\t\t\t\t\tEN 81-28\t\t\t\t\t\t\t\t\t<\/span>\r\n\t\t\t\t\t\t\t\t<\/div>\r\n\t\t\t\t\t\t\t\t<div class=\"doo-link\">\r\n\t\t\t\t\t\t\t\t\t<a href=\"https:\/\/www.avire-global.com\/de\/norm\/en-81-28\/\">Auszug lesen<\/a>\r\n\t\t\t\t\t\t\t\t<\/div>\r\n\t\t\t\t\t\t\t<\/div>\r\n\t\t\t\t\t\t\t\t\t\t\t\t<\/div>\r\n\t\t\t\t<\/div>\r\n\t\t\t\t\t\t\t<div class=\"wp-block-buttons\">\r\n\t\t\t\t\t\t\t\t\t\t<div class=\"wp-block-button link-popup\"><a class =\"wp-block-button__link\" href=\"#\">Contact<\/a><\/div>\r\n\t\t\t\t\t\t\t\t\t\t\t\t\t<div class=\"wp-block-button secondary\"><a class =\"wp-block-button__link\" href=\"https:\/\/www.avire-global.com\/de\/kataloge\/\">Kataloge<\/a><\/div>\r\n\t\t\t\t\t\t\t\t\t\t<\/div>\r\n\t\t<\/div>\r\n\t<\/div>\r\n<\/div>\r\n<\/div>\n\n\n<div class=\"custom-slider-container product wide-overview\">\n\n\t\t\t<div class=\"overview-wide\">\n\t\t\t<div class=\"label\">\n\t\t\t\t\u00dcbersicht\t\t\t<\/div>\n\t\t\t<div class=\"content\">Wenn Sie bereits ein MEMCOM-Telefon installiert haben, m\u00fcssen Sie in der Regel nur eine DCP Evo hinzuf\u00fcgen, um es 4G-\/VoLTE-f\u00e4hig zu machen. Unsere L\u00f6sung f\u00fcr das Analog-zu-Digital-Upgrade erm\u00f6glicht es Geb\u00e4udeeigent\u00fcmern, das bestehende analoge MEMCOM-Notruftelefon weiterhin zu nutzen, w\u00e4hrend die Kommunikationsinfrastruktur vollst\u00e4ndig auf digitale Technologie umgestellt wird.<\/div>\n\t\t<\/div>\n\t\t\t<div class=\"custom-slider\">\n\t\t\t\t\t<div class=\"swiper-container main-slider\">\n\t\t\t\t<div class=\"swiper-wrapper\">\n\t\t\t\t\t\t\t\t\t\t\t<div class=\"swiper-slide image contain-w\">\n\t\t\t\t\t\t\t\t\t\t\t\t\t\t\t<img decoding=\"async\" src=\"https:\/\/www.avire-global.com\/de\/wp-content\/uploads\/sites\/14\/2025\/12\/analogue-zu-digital.png\" alt=\"\" class=\"slider-image\">\n\t\t\t\t\t\t\t\t\t\t\t\t\t\t<\/div>\n\t\t\t\t\t\t\t\t\t\t<\/div>\n\t\t\t<\/div>\n\t\n\t\t\t<div class=\"bottom\">\n\t\t\t\t\t\t\t<\/div>\n\t\t\t\t<\/div>\n\t<div class=\"slider-content\">\n\t\t<div class=\"slider-text\">\n\t\t\t\n\n<div style=\"height:100px\" aria-hidden=\"true\" class=\"wp-block-spacer\"><\/div>\n\n\n\n<h4 class=\"wp-block-heading\"><strong>Ihr bestehendes MEMCOM-Telefon weiter nutzen<\/strong><\/h4>\n\n\n\n<ul class=\"wp-block-list\">\n<li>Erh\u00e4lt das bestehende Notrufger\u00e4t in der Kabine sowie die vorhandene Verkabelung.<\/li>\n\n\n\n<li>Die gesamte digitale Transformation findet in der Kommunikationsinfrastruktur statt.<\/li>\n<\/ul>\n\n\n\n<h4 class=\"wp-block-heading\"><strong>DCP EVO digitalisiert das System<\/strong><\/h4>\n\n\n\n<p>Wandelt die analoge MEMCOM-Signalisierung um in:<\/p>\n\n\n\n<ul class=\"wp-block-list\">\n<li>VoLTE<\/li>\n\n\n\n<li>VoIP<\/li>\n\n\n\n<li>Digitale Ereignismeldung an die Notrufzentrale<\/li>\n\n\n\n<li>Digitale Testanrufe und \u00dcberwachung<\/li>\n<\/ul>\n\n\n\n<h4 class=\"wp-block-heading\"><strong>AVIRE Hub erm\u00f6glicht eine vollst\u00e4ndige Remote-\u00dcberwachung<\/strong><\/h4>\n\n\n\n<ul class=\"wp-block-list\">\n<li>Echtzeit-Status\u00fcberwachung<\/li>\n\n\n\n<li>Verwaltung von Testanrufen<\/li>\n\n\n\n<li>Fehlermeldungen<\/li>\n\n\n\n<li>Remote-Konfiguration<\/li>\n\n\n\n<li>Compliance-Berichte<\/li>\n\n\n\n<li>Ger\u00e4teanalysen<\/li>\n<\/ul>\n\n\n\n<p><em>Damit wird eine analoge MEMCOM-Installation zu einem vollst\u00e4ndig digitalen und \u00fcberwachten Notrufsystem.<\/em><\/p>\n\n\n\n<h4 class=\"wp-block-heading\"><strong>Kosteneffizient + Schnell einsatzbereit<\/strong><\/h4>\n\n\n\n<p>Keine Arbeiten in der Kabine, kein Austausch des Bedienfelds, keine aufwendige Neuverkabelung.<\/p>\n\n\t\t<\/div>\n\t<\/div>\n\n<\/div>\n\n\n<div class=\"wp-block-media-text has-media-on-the-right is-stacked-on-mobile\" style=\"border-top-left-radius:0px;border-top-right-radius:0px;border-bottom-left-radius:0px;border-bottom-right-radius:0px;padding-top:var(--wp--preset--spacing--fluid-0-24);padding-bottom:var(--wp--preset--spacing--fluid-0-24);grid-template-columns:auto 38%\"><div class=\"wp-block-media-text__content\">\n<h2 class=\"wp-block-heading has-text-color has-link-color wp-elements-99315daf2555f06f6cb8f86415dbbf33\" style=\"color:#d05a2a;padding-top:var(--wp--preset--spacing--fluid-0-32);padding-right:var(--wp--preset--spacing--fluid-0-20);padding-bottom:var(--wp--preset--spacing--fluid-0-32);padding-left:var(--wp--preset--spacing--fluid-0-20)\">2G-Abschaltung pr\u00fcfen: Ist Ihre Anlage betroffen?<\/h2>\n\n\n\n<p style=\"padding-top:var(--wp--preset--spacing--fluid-0-24);padding-right:var(--wp--preset--spacing--fluid-0-20);padding-bottom:var(--wp--preset--spacing--fluid-0-24);padding-left:var(--wp--preset--spacing--fluid-0-20)\">Nutzen Sie unsere kompakte Checkliste, um schnell festzustellen, ob Ihre Aufz\u00fcge bereits 4G-f\u00e4hig sind oder Handlungsbedarf besteht.<\/p>\n\n\n\n<div class=\"wp-block-buttons is-layout-flex wp-block-buttons-is-layout-flex\" style=\"padding-top:var(--wp--preset--spacing--fluid-0-32);padding-bottom:var(--wp--preset--spacing--fluid-0-32)\">\n<div class=\"wp-block-button\" id=\"checkliste\"><a class=\"wp-block-button__link wp-element-button\" href=\"https:\/\/www.avire-global.com\/de\/wp-content\/uploads\/sites\/14\/2026\/03\/Checkliste-fuer-Aufzugsnotrufsysteme-2G-1.pdf\"><strong>Checkliste herunterladen<\/strong><\/a><\/div>\n<\/div>\n<\/div><figure class=\"wp-block-media-text__media\"><img decoding=\"async\" width=\"617\" height=\"714\" src=\"https:\/\/www.avire-global.com\/de\/wp-content\/uploads\/sites\/14\/2026\/03\/2g-abschaltung-checkliste.png\" alt=\"\" class=\"wp-image-11443 size-full\" srcset=\"https:\/\/www.avire-global.com\/de\/wp-content\/uploads\/sites\/14\/2026\/03\/2g-abschaltung-checkliste.png 617w, https:\/\/www.avire-global.com\/de\/wp-content\/uploads\/sites\/14\/2026\/03\/2g-abschaltung-checkliste-259x300.png 259w\" sizes=\"(max-width: 617px) 100vw, 617px\" \/><\/figure><\/div>\n\n\n\n<div class=\"wp-block-group has-global-padding is-content-justification-left is-layout-constrained wp-container-core-group-is-layout-12dd3699 wp-block-group-is-layout-constrained\">\n<div class=\"wp-block-columns is-layout-flex wp-container-core-columns-is-layout-44dbfb99 wp-block-columns-is-layout-flex\">\n<div class=\"wp-block-column is-layout-flow wp-container-core-column-is-layout-7dd55475 wp-block-column-is-layout-flow\" style=\"border-radius:10px;padding-top:var(--wp--preset--spacing--fluid-0-16);padding-right:var(--wp--preset--spacing--fluid-0-16);padding-bottom:var(--wp--preset--spacing--fluid-0-16);padding-left:var(--wp--preset--spacing--fluid-0-16)\">\n<div style=\"height:0px\" aria-hidden=\"true\" class=\"wp-block-spacer\"><\/div>\n<\/div>\n<\/div>\n\n\n\n<div id=\"product-variants\" class=\"wp-block-group block-table full-table big-table has-global-padding is-layout-constrained wp-block-group-is-layout-constrained\" style=\"padding-top:var(--wp--preset--spacing--fluid-32-72);padding-bottom:var(--wp--preset--spacing--fluid-32-72); width: ;\">\n<h2 class=\"wp-block-heading has-text-color has-link-color wp-elements-e9740226cf4e880b52a08fd88dc6efa0\" style=\"color:#d05a2a;margin-top:0;margin-bottom:40px\">So funktioniert das Upgrade<\/h2>\n\n\n\n<figure class=\"wp-block-table doo-table is-style-regular has-font-24-font-size\"><table class=\"has-fixed-layout\"><thead><tr><th class=\"has-text-align-center\" data-align=\"center\"><strong>Vorher<\/strong><\/th><th class=\"has-text-align-center\" data-align=\"center\"><strong>Nachher<\/strong><\/th><\/tr><\/thead><tbody><tr><td class=\"has-text-align-center\" data-align=\"center\"><img decoding=\"async\" src=\"https:\/\/www.avire-global.com\/de\/wp-content\/uploads\/sites\/14\/2025\/09\/MeMCOM.png\" alt=\"\" style=\"width: 200px;\"><\/td><td class=\"has-text-align-center\" data-align=\"center\"><img decoding=\"async\" src=\"https:\/\/www.avire-global.com\/de\/wp-content\/uploads\/sites\/14\/2025\/12\/DCP-Evo-MEMCOM-1-1024x1024.png\" alt=\"\" style=\"width: 200px;\"><\/td><\/tr><tr><td class=\"has-text-align-center\" data-align=\"center\">Analoges Telefon (MEMCOM)<br><\/td><td class=\"has-text-align-center\" data-align=\"center\">Dasselbe MEMCOM-Telefon<br><\/td><\/tr><tr><td class=\"has-text-align-center\" data-align=\"center\">Verbunden \u00fcber 2G \/ PSTN<br><\/td><td class=\"has-text-align-center\" data-align=\"center\">DCP Evo hinzugef\u00fcgt \u2192 Digital (VoLTE \/ VoIP)<\/td><\/tr><\/tbody><\/table><\/figure>\n<\/div>\n<\/div>\n\n\n\n<div class=\"product-main wp-block-doo-block-systemeu-frame\">\n\t<div class=\"list-products product-main\">\n\t\t<h2 style=\"color: #d05a2a;\">Die Bausteine unserer digitalen Sicherheitsl\u00f6sung:<\/h2>\n\t\t<div class=\"list-products-content\">\n\t\t\t\t\t\t<div class=\"product item tab-12\">\n\t\t\t\t<div class=\"image\"><img decoding=\"async\" width=\"768\" height=\"512\" src=\"https:\/\/www.avire-global.com\/de\/wp-content\/uploads\/sites\/14\/2023\/09\/Emergency-Telephone_Memcom_453-211ML_2023.2-768x512.png\" class=\"attachment-medium_large size-medium_large wp-post-image\" alt=\"\" srcset=\"https:\/\/www.avire-global.com\/de\/wp-content\/uploads\/sites\/14\/2023\/09\/Emergency-Telephone_Memcom_453-211ML_2023.2-768x512.png 768w, https:\/\/www.avire-global.com\/de\/wp-content\/uploads\/sites\/14\/2023\/09\/Emergency-Telephone_Memcom_453-211ML_2023.2-300x200.png 300w, https:\/\/www.avire-global.com\/de\/wp-content\/uploads\/sites\/14\/2023\/09\/Emergency-Telephone_Memcom_453-211ML_2023.2-1024x683.png 1024w, https:\/\/www.avire-global.com\/de\/wp-content\/uploads\/sites\/14\/2023\/09\/Emergency-Telephone_Memcom_453-211ML_2023.2-1536x1024.png 1536w, https:\/\/www.avire-global.com\/de\/wp-content\/uploads\/sites\/14\/2023\/09\/Emergency-Telephone_Memcom_453-211ML_2023.2.png 1740w\" sizes=\"(max-width: 768px) 100vw, 768px\" \/><\/div>\n\t\t\t\t\t\t\t\t<div class=\"content\">\n\t\t\t\t\t<div>\n\t\t\t\t\t\t<div class=\"title title-color\">Memcom+ Notrufsystem f\u00fcr Aufz\u00fcge<\/div>\n\t\t\t\t\t\t<div class=\"description\">Das hochwertige und zuverl\u00e4ssige Memcom+ Notruftelefon f\u00fcr Aufz\u00fcge bietet eingeschlossenen Fahrg\u00e4sten einen schnellen und einfachen Zugang zu Hilfe in Notf\u00e4llen. Es verf\u00fcgt \u00fcber einen Lautsprecher, ein Mikrofon und ein beleuchtetes LCD-Display f\u00fcr die Programmierung und Statusaktualisierung.<\/div>\n\t\t\t\t\t<\/div>\n\t\t\t\t\t<div class=\"bottom\">\n\t\t\t\t\t\t\t\t\t\t\t\t\t<div class=\"doo-link\"><a href=\"https:\/\/www.avire-global.com\/de\/produkt\/aufzug-notruftelefone\/memcom-notrufsystem-fuer-aufzuege\/\">Produkt ansehen<\/a><\/div>\n\t\t\t\t\t\t\t\t\t\t\t\t\t<div class=\"brands\"><img decoding=\"async\" width=\"300\" height=\"63\" src=\"https:\/\/www.avire-global.com\/de\/wp-content\/uploads\/sites\/14\/2023\/06\/Brands-MEMCO.svg\" class=\"attachment-medium size-medium\" alt=\"\" \/><\/div>\n\t\t\t\t\t<\/div>\n\t\t\t\t<\/div>\n\t\t\t<\/div>\n\t\t\t\t\t\t<div class=\"product item tab-97\">\n\t\t\t\t<div class=\"image\"><img decoding=\"async\" width=\"768\" height=\"768\" src=\"https:\/\/www.avire-global.com\/de\/wp-content\/uploads\/sites\/14\/2024\/02\/memco_by_avire_dcp_evo_3D-1024x1024-1-768x768.png\" class=\"attachment-medium_large size-medium_large wp-post-image\" alt=\"\" srcset=\"https:\/\/www.avire-global.com\/de\/wp-content\/uploads\/sites\/14\/2024\/02\/memco_by_avire_dcp_evo_3D-1024x1024-1-768x768.png 768w, https:\/\/www.avire-global.com\/de\/wp-content\/uploads\/sites\/14\/2024\/02\/memco_by_avire_dcp_evo_3D-1024x1024-1-300x300.png 300w, https:\/\/www.avire-global.com\/de\/wp-content\/uploads\/sites\/14\/2024\/02\/memco_by_avire_dcp_evo_3D-1024x1024-1-150x150.png 150w, https:\/\/www.avire-global.com\/de\/wp-content\/uploads\/sites\/14\/2024\/02\/memco_by_avire_dcp_evo_3D-1024x1024-1.png 1024w\" sizes=\"(max-width: 768px) 100vw, 768px\" \/><\/div>\n\t\t\t\t\t\t\t\t\t<div class=\"new\" style=\"background:#f16730;color:#ffffff\">Neu<\/div>\n\t\t\t\t\t\t\t\t\t<div class=\"content\">\n\t\t\t\t\t<div>\n\t\t\t\t\t\t<div class=\"title title-color\">DCP Evo Digitale Kommunikationsplattform f\u00fcr Aufz\u00fcge<\/div>\n\t\t\t\t\t\t<div class=\"description\">Die Kombination von GSM-Gateway, Aufzugnotruftelefon und M2M-Gateway in einem einzigen Ger\u00e4t macht die DCP Evo zum Gehirn Ihres modernen Notrufsystems. F\u00fcr Installationen, die einen zus\u00e4tzlichen Anschluss ben\u00f6tigen, bieten wir auch die DCP Evo X an &#8211; gleiche Funktionalit\u00e4t, ein zus\u00e4tzlicher LAN-Anschluss.\r\n\r\nAls neueste Entwicklung in einer Reihe von weltweit f\u00fchrenden Notruftelefon-Gateways ist die DCP Evo VoLTE- sowie VoIP*-f\u00e4hig und verf\u00fcgt \u00fcber neue Funktionen, die sicherstellen, dass Sie den gr\u00f6\u00dften Nutzen aus der Aufzugs\u00fcberwachung in Ihren Geb\u00e4uden ziehen k\u00f6nnen.<\/div>\n\t\t\t\t\t<\/div>\n\t\t\t\t\t<div class=\"bottom\">\n\t\t\t\t\t\t\t\t\t\t\t\t\t<div class=\"doo-link\"><a href=\"https:\/\/www.avire-global.com\/de\/produkt\/digitale-kommunikationsplattform\/dcp-evo\/\">Produkt ansehen<\/a><\/div>\n\t\t\t\t\t\t\t\t\t\t\t\t\t<div class=\"brands\"><img decoding=\"async\" width=\"300\" height=\"63\" src=\"https:\/\/www.avire-global.com\/de\/wp-content\/uploads\/sites\/14\/2023\/06\/Brands-MEMCO.svg\" class=\"attachment-medium size-medium\" alt=\"\" \/><\/div>\n\t\t\t\t\t<\/div>\n\t\t\t\t<\/div>\n\t\t\t<\/div>\n\t\t\t\t\t\t<div class=\"product item tab-88\">\n\t\t\t\t<div class=\"image\"><img decoding=\"async\" width=\"768\" height=\"768\" src=\"https:\/\/www.avire-global.com\/de\/wp-content\/uploads\/sites\/14\/2023\/09\/AVIRE-Hub-4-768x768.png\" class=\"attachment-medium_large size-medium_large wp-post-image\" alt=\"\" srcset=\"https:\/\/www.avire-global.com\/de\/wp-content\/uploads\/sites\/14\/2023\/09\/AVIRE-Hub-4-768x768.png 768w, https:\/\/www.avire-global.com\/de\/wp-content\/uploads\/sites\/14\/2023\/09\/AVIRE-Hub-4-300x300.png 300w, https:\/\/www.avire-global.com\/de\/wp-content\/uploads\/sites\/14\/2023\/09\/AVIRE-Hub-4-1024x1024.png 1024w, https:\/\/www.avire-global.com\/de\/wp-content\/uploads\/sites\/14\/2023\/09\/AVIRE-Hub-4-150x150.png 150w, https:\/\/www.avire-global.com\/de\/wp-content\/uploads\/sites\/14\/2023\/09\/AVIRE-Hub-4.png 1200w\" sizes=\"(max-width: 768px) 100vw, 768px\" \/><\/div>\n\t\t\t\t\t\t\t\t<div class=\"content\">\n\t\t\t\t\t<div>\n\t\t\t\t\t\t<div class=\"title title-color\">AVIRE HUB<\/div>\n\t\t\t\t\t\t<div class=\"description\">Behalten Sie den \u00dcberblick \u00fcber Ihr gesamtes Aufzugsportfolio mit der modernen Software im AVIRE HUB. \u00dcberwachen, programmieren und aktualisieren Sie die Ger\u00e4te remote, erhalten Sie Warnungen, Alarme und halten Sie die Vorschriften mit Testanrufen und einem Pr\u00fcfprotokoll ein.<\/div>\n\t\t\t\t\t<\/div>\n\t\t\t\t\t<div class=\"bottom\">\n\t\t\t\t\t\t\t\t\t\t\t\t\t<div class=\"doo-link\"><a href=\"https:\/\/www.avire-global.com\/de\/produkt\/software\/avire-hub\/\">Produkt ansehen<\/a><\/div>\n\t\t\t\t\t\t\t\t\t\t\t\t\t<div class=\"brands\"><img decoding=\"async\" width=\"300\" height=\"63\" src=\"https:\/\/www.avire-global.com\/de\/wp-content\/uploads\/sites\/14\/2023\/06\/Brands-MEMCO.svg\" class=\"attachment-medium size-medium\" alt=\"\" \/><\/div>\n\t\t\t\t\t<\/div>\n\t\t\t\t<\/div>\n\t\t\t<\/div>\n\t\t\t\t\t<\/div>\n\t<\/div>\n<\/div>\n\n\n\n<h2 class=\"wp-block-heading has-text-align-center has-text-color has-link-color wp-elements-334d78f6901fe4d2adf6db3d08ed314f\" style=\"color:#d05a2a;margin-top:var(--wp--preset--spacing--fluid-0-24);margin-bottom:var(--wp--preset--spacing--fluid-0-24)\">Dies ist der schnellste und am wenigsten st\u00f6rende Digitalisierungsweg der Branche.<\/h2>\n\n\n\n<div class=\"wp-block-group has-global-padding is-layout-constrained wp-block-group-is-layout-constrained\" style=\"padding-top:var(--wp--preset--spacing--fluid-0-56);padding-bottom:var(--wp--preset--spacing--fluid-0-56)\">\n<div style=\"height:61px\" aria-hidden=\"true\" class=\"wp-block-spacer\"><\/div>\n\n\n\n<h3 class=\"wp-block-heading has-text-align-left\">Ideal f\u00fcr:<\/h3>\n\n\n\n<div class=\"wp-block-doo-tabs-block alignwide\">\n\t<div class=\"doo-tabs-container\">\n\t\t<div class=\"doo-tabs-titles\">\n\t\t\t\t\t\t\t<button class=\"doo-tab-title active\" \n\t\t\t\t\t\tdata-tab-index=\"0\">\n\t\t\t\t\tKostenbewusste Geb\u00e4udeeigent\u00fcmer\t\t\t\t<\/button>\n\t\t\t\t\t\t\t<button class=\"doo-tab-title \" \n\t\t\t\t\t\tdata-tab-index=\"1\">\n\t\t\t\t\tGro\u00dfe Portfolios\t\t\t\t<\/button>\n\t\t\t\t\t\t\t<button class=\"doo-tab-title \" \n\t\t\t\t\t\tdata-tab-index=\"2\">\n\t\t\t\t\tAufz\u00fcge mit funktionierenden analogen Notruftelefonen\t\t\t\t<\/button>\n\t\t\t\t\t<\/div>\n\t<\/div>\n    \n    <div class=\"doo-tabs-content\">\n                    <div class=\"doo-tab-content active\">\n                <p class=\"wp-elements-8289e94944bc3b5a342eb89535cc395c\">F\u00fcr kostenbewusste Geb\u00e4udeeigent\u00fcmer ist diese L\u00f6sung ideal, da sie eine moderne, digitale Notrufkommunikation erm\u00f6glicht, ohne in teure vollst\u00e4ndige Systemerneuerungen investieren zu m\u00fcssen. Das bestehende MEMCOM-Ger\u00e4t bleibt erhalten, sodass weder Arbeiten in der Kabine noch umfangreiche Neuverkabelungen erforderlich sind. Stattdessen wird lediglich die Kommunikationsinfrastruktur digitalisiert \u2013 schnell, effizient und mit minimalen Betriebsausf\u00e4llen. Dadurch senken Geb\u00e4udeeigent\u00fcmer sowohl die Investitions- als auch die laufenden Servicekosten und stellen gleichzeitig sicher, dass ihre Aufz\u00fcge langfristig EN 81-28-konform und zukunftssicher bleiben.<\/p>\n            <\/div>\n                    <div class=\"doo-tab-content \">\n                <p class=\"wp-elements-e30f35ed7b91d3fc98c9a32cb99a002d\">F\u00fcr Betreiber gro\u00dfer Aufzugsportfolios ist diese L\u00f6sung besonders vorteilhaft, da sie eine schnelle, skalierbare und einheitliche Migration von analogen auf digitale Kommunikationssysteme erm\u00f6glicht. Durch die Beibehaltung der vorhandenen MEMCOM-Ger\u00e4te reduzieren sich Installationszeiten und Projektkosten erheblich, ein entscheidender Faktor bei hunderten oder tausenden Anlagen. Mit der Kombination aus DCP EVO und AVIRE Hub erhalten Betreiber zudem eine zentrale, digitale \u00dcbersicht \u00fcber den Zustand aller Aufz\u00fcge, k\u00f6nnen Compliance-Anforderungen effizient nachverfolgen und Wartungseins\u00e4tze gezielt planen. Dies f\u00fchrt zu deutlich weniger Ausfallzeiten, optimierten Betriebsprozessen und einer sicheren, zukunftsf\u00e4higen Notrufinfrastruktur im gesamten Portfolio.<\/p>\n            <\/div>\n                    <div class=\"doo-tab-content \">\n                <p class=\"wp-elements-a5773085ffdb81df641e4563f4725dfb\">F\u00fcr Aufz\u00fcge mit noch einwandfrei funktionierenden analogen Notruftelefonen bietet diese L\u00f6sung den optimalen Mittelweg zwischen Kosteneffizienz und Zukunftssicherheit. Statt funktionierende Ger\u00e4te vorzeitig auszutauschen, wird lediglich die veraltete Kommunikationsinfrastruktur modernisiert, ein deutlich geringerer Eingriff, der Zeit, Geld und Ressourcen spart. Das analoge MEMCOM bleibt unver\u00e4ndert in der Kabine bestehen, w\u00e4hrend der DCP EVO den \u00dcbergang zu digitaler Alarm\u00fcbertragung, VoLTE\/VoIP-Kommunikation und EN 81-28-konformer \u00dcberwachung erm\u00f6glicht. Dadurch k\u00f6nnen Betreiber die Lebensdauer ihrer bestehenden Hardware maximieren und gleichzeitig sicherstellen, dass die Anlage den Anforderungen der 2G-Abschaltung und der fortschreitenden All-IP-Netzumstellung problemlos standh\u00e4lt.<\/p>\n            <\/div>\n            <\/div>\n<\/div><\/div>\n\n\n\n<div class=\"wp-block-group has-global-padding is-layout-constrained wp-block-group-is-layout-constrained\" style=\"margin-top:var(--wp--preset--spacing--fluid-0-56);margin-bottom:var(--wp--preset--spacing--fluid-0-56)\">\n<div class=\"wp-block-group alignfull block-featured has-global-padding is-layout-constrained wp-block-group-is-layout-constrained\">\n<div class=\"wp-block-cover\"><span aria-hidden=\"true\" class=\"wp-block-cover__background has-background-dim-100 has-background-dim\" style=\"background-color:#d05a2a\"><\/span><div class=\"wp-block-cover__inner-container has-global-padding is-layout-constrained wp-block-cover-is-layout-constrained\">\n<h2 class=\"wp-block-heading has-text-align-left has-neutral-0-color has-text-color has-link-color has-large-font-size wp-elements-5b4eb00e572330e7aab28dffe0715593\">Die 2G-Abschaltung ist eine gro\u00dfe Ver\u00e4nderung, aber auch eine Chance, die Aufzugskommunikation zu modernisieren und die Sicherheit zu erh\u00f6hen.<\/h2>\n\n\n\n<div class=\"wp-block-buttons is-content-justification-left is-layout-flex wp-container-core-buttons-is-layout-4f1a43f1 wp-block-buttons-is-layout-flex\" style=\"padding-top:var(--wp--preset--spacing--fluid-0-24);padding-bottom:var(--wp--preset--spacing--fluid-0-24)\">\n<div class=\"wp-block-button is-style-fill\"><a class=\"wp-block-button__link has-primary-70-color has-neutral-0-background-color has-text-color has-background has-link-color wp-element-button\" href=\"https:\/\/www.avire-global.com\/de\/memcom-dcp-evo-upgrade\/#contact\" style=\"padding-top:var(--wp--preset--spacing--fluid-0-24);padding-bottom:var(--wp--preset--spacing--fluid-0-24)\">Mit dem Vertrieb sprechen<\/a><\/div>\n<\/div>\n\n\n\n<figure class=\"wp-block-image size-full\"><img decoding=\"async\" width=\"1200\" height=\"1200\" src=\"https:\/\/www.avire-global.com\/de\/wp-content\/uploads\/sites\/14\/2025\/06\/Headshot_Saes_DE_Shawn-Gabor.jpg\" alt=\"Headshot_Sales_DE_Shawn Gabor\" class=\"wp-image-9237\" style=\"aspect-ratio:1;object-fit:cover\" srcset=\"https:\/\/www.avire-global.com\/de\/wp-content\/uploads\/sites\/14\/2025\/06\/Headshot_Saes_DE_Shawn-Gabor.jpg 1200w, https:\/\/www.avire-global.com\/de\/wp-content\/uploads\/sites\/14\/2025\/06\/Headshot_Saes_DE_Shawn-Gabor-300x300.jpg 300w, https:\/\/www.avire-global.com\/de\/wp-content\/uploads\/sites\/14\/2025\/06\/Headshot_Saes_DE_Shawn-Gabor-1024x1024.jpg 1024w, https:\/\/www.avire-global.com\/de\/wp-content\/uploads\/sites\/14\/2025\/06\/Headshot_Saes_DE_Shawn-Gabor-150x150.jpg 150w, https:\/\/www.avire-global.com\/de\/wp-content\/uploads\/sites\/14\/2025\/06\/Headshot_Saes_DE_Shawn-Gabor-768x768.jpg 768w\" sizes=\"(max-width: 1200px) 100vw, 1200px\" \/><\/figure>\n<\/div><\/div>\n<\/div>\n<\/div>\n","protected":false},"featured_media":11031,"template":"product-with-patterns-system","meta":{"_eb_attr":"","inline_featured_image":false,"doo-cf-type":"system","footnotes":""},"market":[30,7],"product_cat":[12,97],"brand":[],"country":[],"class_list":["post-11058","product","type-product","status-publish","has-post-thumbnail","hentry","market-aufzugsmodernisierung","market-aufzugsueberwachung","product_cat-aufzug-notruftelefone","product_cat-digitale-kommunikationsplattform"],"_links":{"self":[{"href":"https:\/\/www.avire-global.com\/de\/wp-json\/wp\/v2\/product\/11058","targetHints":{"allow":["GET"]}}],"collection":[{"href":"https:\/\/www.avire-global.com\/de\/wp-json\/wp\/v2\/product"}],"about":[{"href":"https:\/\/www.avire-global.com\/de\/wp-json\/wp\/v2\/types\/product"}],"version-history":[{"count":5,"href":"https:\/\/www.avire-global.com\/de\/wp-json\/wp\/v2\/product\/11058\/revisions"}],"predecessor-version":[{"id":11486,"href":"https:\/\/www.avire-global.com\/de\/wp-json\/wp\/v2\/product\/11058\/revisions\/11486"}],"wp:featuredmedia":[{"embeddable":true,"href":"https:\/\/www.avire-global.com\/de\/wp-json\/wp\/v2\/media\/11031"}],"wp:attachment":[{"href":"https:\/\/www.avire-global.com\/de\/wp-json\/wp\/v2\/media?parent=11058"}],"wp:term":[{"taxonomy":"market","embeddable":true,"href":"https:\/\/www.avire-global.com\/de\/wp-json\/wp\/v2\/market?post=11058"},{"taxonomy":"product_cat","embeddable":true,"href":"https:\/\/www.avire-global.com\/de\/wp-json\/wp\/v2\/product_cat?post=11058"},{"taxonomy":"brand","embeddable":true,"href":"https:\/\/www.avire-global.com\/de\/wp-json\/wp\/v2\/brand?post=11058"},{"taxonomy":"country","embeddable":true,"href":"https:\/\/www.avire-global.com\/de\/wp-json\/wp\/v2\/country?post=11058"}],"curies":[{"name":"wp","href":"https:\/\/api.w.org\/{rel}","templated":true}]}}