{"id":3512,"date":"2023-11-21T10:24:41","date_gmt":"2023-11-21T08:24:41","guid":{"rendered":"https:\/\/www.avire-global.com\/de\/?page_id=3512"},"modified":"2023-11-21T10:30:18","modified_gmt":"2023-11-21T08:30:18","slug":"unser-kundendienst","status":"publish","type":"page","link":"https:\/\/www.avire-global.com\/de\/unser-kundendienst\/","title":{"rendered":"Unser Kundendienst"},"content":{"rendered":"\n<div class=\"wp-block-group alignfull block-featured-cta has-global-padding is-layout-constrained wp-block-group-is-layout-constrained\">\n<div class=\"wp-block-columns is-layout-flex wp-container-core-columns-is-layout-28f84493 wp-block-columns-is-layout-flex\">\n<div class=\"wp-block-column is-vertically-aligned-bottom has-neutral-0-color has-primary-50-background-color has-text-color has-background is-layout-flow wp-block-column-is-layout-flow\" style=\"flex-basis:33.33%\">\n<p class=\"has-text-align-left has-neutral-0-color has-text-color\">Bei AVIRE steht der Kunde im Mittelpunkt unseres Gesch\u00e4fts. Wir bem\u00fchen uns daher, die Abl\u00e4ufe f\u00fcr Sie so einfach und reibungslos wie m\u00f6glich zu gestalten. Wir halten alle unsere Produkte vor, damit sie dann erh\u00e4ltlich sind, wenn Sie sie brauchen, und bieten f\u00fcr die meisten Bestellungen Lieferung am n\u00e4chsten Tag.<\/p>\n\n\n\n<figure class=\"wp-block-image size-large\"><img decoding=\"async\" width=\"142\" height=\"162\" src=\"https:\/\/www.avire-global.com\/en-uk\/wp-content\/uploads\/sites\/18\/2023\/04\/vector-38.svg\" alt=\"\" class=\"wp-image-589\"\/><\/figure>\n\n\n\n<figure class=\"wp-block-image size-large\"><img decoding=\"async\" width=\"102\" height=\"116\" src=\"https:\/\/www.avire-global.com\/en-uk\/wp-content\/uploads\/sites\/18\/2023\/04\/vector-45.svg\" alt=\"\" class=\"wp-image-590\"\/><\/figure>\n<\/div>\n\n\n\n<div class=\"wp-block-column is-layout-flow wp-block-column-is-layout-flow\" style=\"flex-basis:66.66%\">\n<figure class=\"wp-block-image size-full\"><img decoding=\"async\" src=\"https:\/\/www.avire-global.com\/en-uk\/wp-content\/uploads\/sites\/18\/2023\/07\/Contact-tech-support-banner-880-\u00d7-400px_anca_18.07.2023.png\" alt=\"\" class=\"wp-image-2658\"\/><\/figure>\n<\/div>\n<\/div>\n<\/div>\n\n\n\n<h2 class=\"wp-block-heading has-text-align-left\"><strong>Einkaufsvorgang<\/strong><\/h2>\n\n\n\n<div class=\"wp-block-group block-offices has-global-padding is-layout-constrained wp-block-group-is-layout-constrained\">\n<div class=\"wp-block-columns is-layout-flex wp-container-core-columns-is-layout-28f84493 wp-block-columns-is-layout-flex\">\n<div class=\"wp-block-column is-layout-flow wp-block-column-is-layout-flow\">\n<h3 class=\"wp-block-heading\">Bestellung<\/h3>\n\n\n\n<figure class=\"wp-block-image size-large\"><img decoding=\"async\" width=\"32\" height=\"32\" src=\"https:\/\/www.avire-global.com\/en-uk\/wp-content\/uploads\/sites\/18\/2023\/05\/building.svg\" alt=\"building\" class=\"wp-image-693\"\/><\/figure>\n\n\n\n<p>Senden Sie Ihre Bestellung per E-Mail an <a href=\"mailto:sales.de@avire-global.com\">sales.de@avire-global.com<\/a>. Sie erhalten von uns eine E-Mail mit der Best\u00e4tigung der Bestellung und des Versanddatums.<\/p>\n<\/div>\n\n\n\n<div class=\"wp-block-column is-layout-flow wp-block-column-is-layout-flow\">\n<h3 class=\"wp-block-heading\">Auftragsbearbeitung<\/h3>\n\n\n\n<figure class=\"wp-block-image size-large\"><img decoding=\"async\" width=\"32\" height=\"32\" src=\"https:\/\/www.avire-global.com\/en-uk\/wp-content\/uploads\/sites\/18\/2023\/05\/building.svg\" alt=\"building\" class=\"wp-image-693\"\/><\/figure>\n\n\n\n<p>Wir bem\u00fchen uns, Ihren Auftrag in 1 bis 3 Werktagen zusammenzustellen. <em>Auf Wunsch k\u00f6nnen die Waren als Aufzugsgruppen verpackt und entsprechend gekennzeichnet werden, damit Ihre Techniker alles, was sie brauchen, an einer Stelle vorfinden und sich schnell wieder auf den Weg machen k\u00f6nnen (dieser Service ist kostenlos). Au\u00dferdem k\u00f6nnen wir Tabellen zur Verf\u00fcgung stellen, in denen Ihr Anlagenregister angezeigt wird, was bei SIM-Karten* besonders hilfreich ist.<\/em><em><\/em><\/p>\n<\/div>\n\n\n\n<div class=\"wp-block-column is-layout-flow wp-block-column-is-layout-flow\">\n<h3 class=\"wp-block-heading\">Lieferung<\/h3>\n\n\n\n<figure class=\"wp-block-image size-large\"><img decoding=\"async\" width=\"33\" height=\"32\" src=\"https:\/\/www.avire-global.com\/en-uk\/wp-content\/uploads\/sites\/18\/2023\/05\/industry.svg\" alt=\"\" class=\"wp-image-694\"\/><\/figure>\n\n\n\n<p><em>Auf Wunsch teilen wir Ihnen den Lieferstatus mit. <\/em>&nbsp;<\/p>\n<\/div>\n<\/div>\n<\/div>\n\n\n\n<div class=\"wp-block-group has-global-padding is-layout-constrained wp-block-group-is-layout-constrained\">\n<h2 class=\"wp-block-heading\"><strong>Haben Sie noch Fragen?<\/strong><\/h2>\n<\/div>\n\n\n\n<ul class=\"wp-block-list\">\n<li><strong>Wie w\u00e4hle ich die richtigen Produkte f\u00fcr mein Projekt?<\/strong>\n<ul class=\"wp-block-list\">\n<li>Bei Fragen zu Produkten, Angeboten und Preisen, sowie den besten L\u00f6sungen f\u00fcr Ihre Kunden, k\u00f6nnen Sie sich jederzeit an uns wenden. Rufen Sie uns an, wenn Sie Ihre Bestellungen besprechen, Abholung und Versand ab unserem Lager organisieren und Ihre Lieferungen bis zur Zustellung verfolgen m\u00f6chten.<\/li>\n<\/ul>\n<\/li>\n<\/ul>\n\n\n\n<ul class=\"wp-block-list\">\n<li><strong>Was soll ich tun, wenn etwas mit meiner Lieferung nicht in Ordnung ist?<\/strong>\n<ul class=\"wp-block-list\">\n<li>Sollte es Probleme mit Ihrer Lieferung geben, informieren wir Sie \u00fcber die Ma\u00dfnahmen, die wir ergriffen haben, und \u00fcberwachen die Sendung fortlaufend bis zur Zustellung.<\/li>\n<\/ul>\n<\/li>\n<\/ul>\n\n\n\n<ul class=\"wp-block-list\">\n<li><strong>Ich habe Fragen zur Installation.<\/strong>\n<ul class=\"wp-block-list\">\n<li>Bei technischen Fragen nach der Lieferung helfen Ihnen die Mitarbeiter unseres ausgezeichneten technischen Kundendienstes jederzeit gerne weiter.<\/li>\n<\/ul>\n<\/li>\n<\/ul>\n\n\n\n<p><strong><em>* <\/em><\/strong><em><strong><em>SIM-Verl\u00e4ngerungen: Wir geben Ihnen Bescheid, bevor Ihre AVIRE SIM-Karten verl\u00e4ngert werden m\u00fcssen. Die Verl\u00e4ngerung kann remote erfolgen, so dass kein Techniker vor Ort sein muss.<\/em><\/strong><\/em><\/p>\n\n\n\n<div class=\"wp-block-group alignfull block-contact has-global-padding is-layout-constrained wp-block-group-is-layout-constrained\" id=\"contact\">\n<h2 class=\"wp-block-heading\">Kontakt<\/h2>\n\n\n\n<div class=\"wp-block-columns is-layout-flex wp-container-core-columns-is-layout-28f84493 wp-block-columns-is-layout-flex\">\n<div class=\"wp-block-column is-layout-flow wp-block-column-is-layout-flow\">\n<figure class=\"wp-block-image size-full\"><img decoding=\"async\" width=\"600\" height=\"600\" src=\"https:\/\/www.avire-global.com\/de\/wp-content\/uploads\/sites\/14\/2023\/04\/1.png\" alt=\"\" class=\"wp-image-3019\" style=\"aspect-ratio:3\/4;object-fit:cover\" srcset=\"https:\/\/www.avire-global.com\/de\/wp-content\/uploads\/sites\/14\/2023\/04\/1.png 600w, https:\/\/www.avire-global.com\/de\/wp-content\/uploads\/sites\/14\/2023\/04\/1-300x300.png 300w, https:\/\/www.avire-global.com\/de\/wp-content\/uploads\/sites\/14\/2023\/04\/1-150x150.png 150w\" sizes=\"(max-width: 600px) 100vw, 600px\" \/><\/figure>\n\n\n\n<div class=\"wp-block-group is-vertical is-layout-flex wp-container-core-group-is-layout-fe9cc265 wp-block-group-is-layout-flex\">\n<h3 class=\"wp-block-heading\">Kontakt Info<\/h3>\n\n\n\n<p>Sie k\u00f6nnen uns auch \u00fcber unsere Telefonnummer oder unsere E-Mail-Adresse kontaktieren, und wir werden uns bei Ihnen melden.<\/p>\n\n\n\n<figure class=\"wp-block-image size-large\"><img decoding=\"async\" width=\"24\" height=\"24\" src=\"https:\/\/www.avire-global.com\/de\/wp-content\/uploads\/sites\/6\/2023\/04\/Technology_email_24.svg\" alt=\"\" class=\"wp-image-355\"\/><figcaption class=\"wp-element-caption\"><a href=\"mailto:sales.de@avire-global.com\" target=\"_blank\" rel=\"noreferrer noopener\">sales.de@avire-global.com<\/a><\/figcaption><\/figure>\n\n\n\n<figure class=\"wp-block-image size-large\"><img decoding=\"async\" width=\"24\" height=\"24\" src=\"https:\/\/www.avire-global.com\/de\/wp-content\/uploads\/sites\/6\/2023\/04\/Toggle_phone_24.svg\" alt=\"\" class=\"wp-image-357\"\/><figcaption class=\"wp-element-caption\"><a rel=\"noreferrer noopener\" href=\"tel:+49 (0)9721 38656-0\" target=\"_blank\">+49 (0)9721 38656-0<\/a><\/figcaption><\/figure>\n\n\n\n<figure class=\"wp-block-image size-large\"><img decoding=\"async\" width=\"24\" height=\"24\" src=\"https:\/\/www.avire-global.com\/de\/wp-content\/uploads\/sites\/6\/2023\/04\/Travel_-location_24.svg\" alt=\"\" class=\"wp-image-359\"\/><figcaption class=\"wp-element-caption\"><a href=\"https:\/\/www.avire-global.com\/de\/kontakt\/\" data-type=\"page\" data-id=\"35\">Unsere Niederlassungen<\/a><\/figcaption><\/figure>\n<\/div>\n<\/div>\n\n\n\n<div class=\"wp-block-column is-layout-flow wp-block-column-is-layout-flow\"><div class=\"wp-block-doo-block-contact is-layout-flow wp-block-doo-block-contact-is-layout-flow\">\n\t<input type=\"hidden\" id=\"form_nonce\" name=\"form_nonce\" value=\"4754be221d\" \/><input type=\"hidden\" name=\"_wp_http_referer\" value=\"\/de\/wp-json\/wp\/v2\/pages\/3512\" \/><div id=\"form-6a01309ea9806\"><form action=\"#\" method=\"POST\"><input class=\"url\" name=\"url\" type=\"hidden\" value=\"https:\/\/www.avire-global.com\/de\/\" \/>\r\n<input name=\"oid\" type=\"hidden\" value=\"00D80000000Kwr0\" \/>\r\n<input name=\"retURL\" type=\"hidden\" value=\"https:\/\/www.avire-global.com\/de\/danke\/\" \/>\r\n<input id=\"recordType\" name=\"recordType\" type=\"hidden\" value=\"0123c000000txw6\" \/>\r\n<input id=\"lead_source\" name=\"lead_source\" type=\"hidden\" value=\"Website Contact Form\" \/>\r\n<input id=\"00N3c000008dziu\" name=\"00N3c000008dziu\" type=\"hidden\" value=\"Europe\" \/>\r\n<!-- Pardot Business Unit -->\r\n<label for=\"email\">Email<\/label><input id=\"email\" maxlength=\"80\" name=\"email\" size=\"20\" type=\"text\" \/>\r\n<label for=\"company\">Unternehmen<\/label><input id=\"company\" maxlength=\"40\" name=\"company\" size=\"20\" type=\"text\" \/>\r\n<label for=\"first_name\">Vorname<\/label><input id=\"first_name\" maxlength=\"40\" name=\"first_name\" size=\"20\" type=\"text\" \/>\r\n<label for=\"last_name\">Nachname<\/label><input id=\"last_name\" maxlength=\"80\" name=\"last_name\" size=\"20\" type=\"text\" \/>\r\n<label for=\"phone\">Telefon<\/label><input id=\"phone\" maxlength=\"40\" name=\"phone\" size=\"20\" type=\"text\" \/>\r\n<label for=\"country_code\">Land<\/label><select id=\"country_code\" name=\"country_code\">\r\n<option value=\"\">Land ausw\u00e4hlen<\/option>\r\n<option value=\"AF\">Afghanistan<\/option>\r\n<option value=\"AL\">Albania<\/option>\r\n<option value=\"DZ\">Algeria<\/option>\r\n<option value=\"AD\">Andorra<\/option>\r\n<option value=\"AO\">Angola<\/option>\r\n<option value=\"AI\">Anguilla<\/option>\r\n<option value=\"AG\">Antigua and Barbuda<\/option>\r\n<option value=\"AR\">Argentina<\/option>\r\n<option value=\"AM\">Armenia<\/option>\r\n<option value=\"AW\">Aruba<\/option>\r\n<option value=\"AU\">Australia<\/option>\r\n<option value=\"AT\">Austria<\/option>\r\n<option value=\"AZ\">Azerbaijan<\/option>\r\n<option value=\"BS\">Bahamas<\/option>\r\n<option value=\"BH\">Bahrain<\/option>\r\n<option value=\"BD\">Bangladesh<\/option>\r\n<option value=\"BB\">Barbados<\/option>\r\n<option value=\"BY\">Belarus<\/option>\r\n<option value=\"BE\">Belgium<\/option>\r\n<option value=\"BZ\">Belize<\/option>\r\n<option value=\"BJ\">Benin<\/option>\r\n<option value=\"BM\">Bermuda<\/option>\r\n<option value=\"BT\">Bhutan<\/option>\r\n<option value=\"BO\">Bolivia<\/option>\r\n<option value=\"BA\">Bosnia and Herzegovina<\/option>\r\n<option value=\"BW\">Botswana<\/option>\r\n<option value=\"BR\">Brazil<\/option>\r\n<option value=\"VG\">British Virgin Islands<\/option>\r\n<option value=\"BN\">Brunei Darussalam<\/option>\r\n<option value=\"BG\">Bulgaria<\/option>\r\n<option value=\"BF\">Burkina Faso<\/option>\r\n<option value=\"BI\">Burundi<\/option>\r\n<option value=\"CV\">Cabo Verde<\/option>\r\n<option value=\"KH\">Cambodia<\/option>\r\n<option value=\"CM\">Cameroon<\/option>\r\n<option value=\"CA\">Canada<\/option>\r\n<option value=\"KY\">Cayman Islands<\/option>\r\n<option value=\"CF\">Central African Republic<\/option>\r\n<option value=\"TD\">Chad<\/option>\r\n<option value=\"CL\">Chile<\/option>\r\n<option value=\"CN\">China<\/option>\r\n<option value=\"CO\">Colombia<\/option>\r\n<option value=\"KM\">Comoros<\/option>\r\n<option value=\"CG\">Congo<\/option>\r\n<option value=\"CK\">Cook Islands<\/option>\r\n<option value=\"CR\">Costa Rica<\/option>\r\n<option value=\"HR\">Croatia<\/option>\r\n<option value=\"CU\">Cuba<\/option>\r\n<option value=\"CY\">Cyprus<\/option>\r\n<option value=\"CZ\">Czech Republic<\/option>\r\n<option value=\"CI\">C\u00f4te d&#8217;Ivoire<\/option>\r\n<option value=\"CD\">Democratic Republic of the Congo<\/option>\r\n<option value=\"DK\">Denmark<\/option>\r\n<option value=\"DJ\">Djibouti<\/option>\r\n<option value=\"DM\">Dominica<\/option>\r\n<option value=\"DO\">Dominican Republic<\/option>\r\n<option value=\"TL\">Timor-Leste<\/option>\r\n<option value=\"EC\">Ecuador<\/option>\r\n<option value=\"EG\">Egypt<\/option>\r\n<option value=\"SV\">El Salvador<\/option>\r\n<option value=\"GQ\">Equatorial Guinea<\/option>\r\n<option value=\"ER\">Eritrea<\/option>\r\n<option value=\"EE\">Estonia<\/option>\r\n<option value=\"ET\">Ethiopia<\/option>\r\n<option value=\"FO\">Faroe Islands<\/option>\r\n<option value=\"FJ\">Fiji<\/option>\r\n<option value=\"FI\">Finland<\/option>\r\n<option value=\"FR\">France<\/option>\r\n<option value=\"PF\">French Polynesia<\/option>\r\n<option value=\"GA\">Gabon<\/option>\r\n<option value=\"GM\">Gambia<\/option>\r\n<option value=\"GE\">Georgia<\/option>\r\n<option selected=\"selected\" value=\"DE\">Germany<\/option>\r\n<option value=\"GH\">Ghana<\/option>\r\n<option value=\"GI\">Gibraltar<\/option>\r\n<option value=\"GR\">Greece<\/option>\r\n<option value=\"GL\">Greenland<\/option>\r\n<option value=\"GD\">Grenada<\/option>\r\n<option value=\"GT\">Guatemala<\/option>\r\n<option value=\"GG\">Guernsey<\/option>\r\n<option value=\"GN\">Guinea<\/option>\r\n<option value=\"GW\">Guinea-Bissau<\/option>\r\n<option value=\"GY\">Guyana<\/option>\r\n<option value=\"HT\">Haiti<\/option>\r\n<option value=\"HN\">Honduras<\/option>\r\n<option value=\"HU\">Hungary<\/option>\r\n<option value=\"IS\">Iceland<\/option>\r\n<option value=\"IN\">India<\/option>\r\n<option value=\"ID\">Indonesia<\/option>\r\n<option value=\"IR\">Iran<\/option>\r\n<option value=\"IQ\">Iraq<\/option>\r\n<option value=\"IE\">Ireland<\/option>\r\n<option value=\"IM\">Isle of Man<\/option>\r\n<option value=\"IL\">Israel<\/option>\r\n<option value=\"IT\">Italy<\/option>\r\n<option value=\"JM\">Jamaica<\/option>\r\n<option value=\"JP\">Japan<\/option>\r\n<option value=\"JE\">Jersey<\/option>\r\n<option value=\"JO\">Jordan<\/option>\r\n<option value=\"KZ\">Kazakhstan<\/option>\r\n<option value=\"KE\">Kenya<\/option>\r\n<option value=\"KI\">Kiribati<\/option>\r\n<option value=\"KW\">Kuwait<\/option>\r\n<option value=\"KG\">Kyrgyzstan<\/option>\r\n<option value=\"LA\">Lao People&#8217;s Democratic Republic<\/option>\r\n<option value=\"LV\">Latvia<\/option>\r\n<option value=\"LB\">Lebanon<\/option>\r\n<option value=\"LS\">Lesotho<\/option>\r\n<option value=\"LR\">Liberia<\/option>\r\n<option value=\"LY\">Libya<\/option>\r\n<option value=\"LI\">Liechtenstein<\/option>\r\n<option value=\"LT\">Lithuania<\/option>\r\n<option value=\"LU\">Luxembourg<\/option>\r\n<option value=\"MO\">Macao<\/option>\r\n<option value=\"MG\">Madagascar<\/option>\r\n<option value=\"MW\">Malawi<\/option>\r\n<option value=\"MY\">Malaysia<\/option>\r\n<option value=\"MV\">Maldives<\/option>\r\n<option value=\"ML\">Mali<\/option>\r\n<option value=\"MT\">Malta<\/option>\r\n<option value=\"MQ\">Martinique<\/option>\r\n<option value=\"MR\">Mauritania<\/option>\r\n<option value=\"MU\">Mauritius<\/option>\r\n<option value=\"YT\">Mayotte<\/option>\r\n<option value=\"MX\">Mexico<\/option>\r\n<option value=\"MC\">Monaco<\/option>\r\n<option value=\"MN\">Mongolia<\/option>\r\n<option value=\"ME\">Montenegro<\/option>\r\n<option value=\"MS\">Montserrat<\/option>\r\n<option value=\"MA\">Morocco<\/option>\r\n<option value=\"MZ\">Mozambique<\/option>\r\n<option value=\"MM\">Myanmar<\/option>\r\n<option value=\"NA\">Namibia<\/option>\r\n<option value=\"NR\">Nauru<\/option>\r\n<option value=\"NP\">Nepal<\/option>\r\n<option value=\"NL\">Netherlands<\/option>\r\n<option value=\"NZ\">New Zealand<\/option>\r\n<option value=\"NI\">Nicaragua<\/option>\r\n<option value=\"NE\">Niger<\/option>\r\n<option value=\"NG\">Nigeria<\/option>\r\n<option value=\"NU\">Niue<\/option>\r\n<option value=\"NO\">Norway<\/option>\r\n<option value=\"OM\">Oman<\/option>\r\n<option value=\"PK\">Pakistan<\/option>\r\n<option value=\"PA\">Panama<\/option>\r\n<option value=\"PG\">Papua New Guinea<\/option>\r\n<option value=\"PY\">Paraguay<\/option>\r\n<option value=\"PE\">Peru<\/option>\r\n<option value=\"PH\">Philippines<\/option>\r\n<option value=\"PN\">Pitcairn<\/option>\r\n<option value=\"PL\">Poland<\/option>\r\n<option value=\"PT\">Portugal<\/option>\r\n<option value=\"QA\">Qatar<\/option>\r\n<option value=\"MD\">Republic of Moldova<\/option>\r\n<option value=\"RO\">Romania<\/option>\r\n<option value=\"RU\">Russian Federation<\/option>\r\n<option value=\"RW\">Rwanda<\/option>\r\n<option value=\"RE\">R\u00e9union<\/option>\r\n<option value=\"BL\">Saint Barth\u00e9lemy<\/option>\r\n<option value=\"KN\">Saint Kitts and Nevis<\/option>\r\n<option value=\"LC\">Saint Lucia<\/option>\r\n<option value=\"PM\">Saint Pierre and Miquelon<\/option>\r\n<option value=\"VC\">Saint Vincent and the Grenadines<\/option>\r\n<option value=\"WS\">Samoa<\/option>\r\n<option value=\"SM\">San Marino<\/option>\r\n<option value=\"ST\">Sao Tome and Principe<\/option>\r\n<option value=\"SA\">Saudi Arabia<\/option>\r\n<option value=\"SN\">Senegal<\/option>\r\n<option value=\"RS\">Serbia<\/option>\r\n<option value=\"SC\">Seychelles<\/option>\r\n<option value=\"SL\">Sierra Leone<\/option>\r\n<option value=\"SG\">Singapore<\/option>\r\n<option value=\"SK\">Slovakia<\/option>\r\n<option value=\"SI\">Slovenia<\/option>\r\n<option value=\"SB\">Solomon Islands<\/option>\r\n<option value=\"SO\">Somalia<\/option>\r\n<option value=\"ZA\">South Africa<\/option>\r\n<option value=\"KR\">South Korea<\/option>\r\n<option value=\"ES\">Spain<\/option>\r\n<option value=\"LK\">Sri Lanka<\/option>\r\n<option value=\"PS\">State of Palestine<\/option>\r\n<option value=\"SD\">Sudan<\/option>\r\n<option value=\"SR\">Suriname<\/option>\r\n<option value=\"SZ\">Swaziland<\/option>\r\n<option value=\"SE\">Sweden<\/option>\r\n<option value=\"CH\">Switzerland<\/option>\r\n<option value=\"SY\">Syrian Arab Republic<\/option>\r\n<option value=\"TW\">Taiwan<\/option>\r\n<option value=\"TJ\">Tajikistan<\/option>\r\n<option value=\"TH\">Thailand<\/option>\r\n<option value=\"TL\">Timor-Leste<\/option>\r\n<option value=\"TG\">Togo<\/option>\r\n<option value=\"TK\">Tokelau<\/option>\r\n<option value=\"TO\">Tonga<\/option>\r\n<option value=\"TT\">Trinidad and Tobago<\/option>\r\n<option value=\"TN\">Tunisia<\/option>\r\n<option value=\"TR\">Turkey<\/option>\r\n<option value=\"TM\">Turkmenistan<\/option>\r\n<option value=\"TC\">Turks and Caicos Islands<\/option>\r\n<option value=\"TV\">Tuvalu<\/option>\r\n<option value=\"UG\">Uganda<\/option>\r\n<option value=\"UA\">Ukraine<\/option>\r\n<option value=\"AE\">United Arab Emirates<\/option>\r\n<option value=\"GB\">United Kingdom<\/option>\r\n<option value=\"TZ\">United Republic of Tanzania<\/option>\r\n<option value=\"US\">United States<\/option>\r\n<option value=\"UY\">Uruguay<\/option>\r\n<option value=\"UZ\">Uzbekistan<\/option>\r\n<option value=\"VU\">Vanuatu<\/option>\r\n<option value=\"VE\">Venezuela<\/option>\r\n<option value=\"VN\">Vietnam<\/option>\r\n<option value=\"WF\">Wallis and Futuna<\/option>\r\n<option value=\"EH\">Western Sahara<\/option>\r\n<option value=\"YE\">Yemen<\/option>\r\n<option value=\"ZM\">Zambia<\/option>\r\n<option value=\"ZW\">Zimbabwe<\/option>\r\n<\/select>\r\n<label for=\"city\">Stadt<\/label><input id=\"city\" maxlength=\"40\" name=\"city\" size=\"20\" type=\"text\" \/>\r\n<label for=\"description\">Kommentar<\/label><textarea name=\"description\" required=\"\" placeholder=\"Kommentar\"><\/textarea>\r\n<!-- GDPR OPT IN--> <input id=\"00NRc0000090pbd\" name=\"00NRc0000090pbd\" required=\"\" type=\"checkbox\" value=\"1\" \/>Ich bin damit einverstanden, dass meine Angaben in Bezug aud das DSGVO-Gesetz gespeichert werden. <a href=\"https:\/\/avire-global.com\/de\/datenschutzerklarung\/\" target=\"_blank\" rel=\"noopener\">Siehe Datenschutzbestimmungen <\/a>\r\n<input name=\"submit\" type=\"submit\" value=\"Abschicken\" \/><input type=\"hidden\" id=\"form_nonce\" name=\"form_nonce\" value=\"4754be221d\" \/><input type=\"hidden\" name=\"_wp_http_referer\" value=\"\/de\/wp-json\/wp\/v2\/pages\/3512\" \/><input type=\"hidden\" name=\"original_action\" value=\"aHR0cHM6Ly93ZWJ0by5zYWxlc2ZvcmNlLmNvbS9zZXJ2bGV0L3NlcnZsZXQuV2ViVG9MZWFkP2VuY29kaW5nPVVURi04JmFtcDtvcmdJZD0wMEQ4MDAwMDAwMEt3cjA=\"><div style=\"position:absolute;left:-9999px;top:-9999px;height:0;width:0;overflow:hidden;\" aria-hidden=\"true\" tabindex=\"-1\"><input type=\"text\" name=\"website_url\" value=\"\" autocomplete=\"off\" tabindex=\"-1\"><\/div><input type=\"hidden\" name=\"_ts\" value=\"1778462878\"><div class=\"cf-turnstile\" data-sitekey=\"0x4AAAAAACU4_lQBYY07UK2M\"><\/div><\/form><\/div>\t<script>\r\n        jQuery(document).ready(function ($) {\r\n            $('#form-6a01309ea9806 form').on('submit', function(e) {\r\n                e.preventDefault();\r\n\r\n                const $form = $(this);\r\n                const token = $form.find('input[name=\"cf-turnstile-response\"]').val();\r\n\r\n                if (!token) {\r\n                    alert('Error: Form submission error by turnstile (not human).');\r\n                    return;\r\n                }\r\n\r\n                \/\/ Set url field to the current page URL (Salesforce \"Website\" field)\r\n                var $urlInput = $form.find('input[name=\"url\"]');\r\n                if ($urlInput.length) {\r\n                    $urlInput.val(window.location.href);\r\n                } else {\r\n                    $form.append('<input type=\"hidden\" name=\"url\" value=\"' + window.location.href + '\">');\r\n                }\r\n\r\n                \/\/ Prepare form data including the encoded original URL\r\n                var formData = new FormData($form[0]);\r\n                formData.append('action', 'doo_turnstile');\r\n                formData.append('form_nonce', $form.find('input[name=\"form_nonce\"]').val());\r\n                formData.append('token', token);\r\n                \r\n                \/\/ Get the original URL from the hidden field (already in base64)\r\n                var originalActionEncoded = $form.find('input[name=\"original_action\"]').val();\r\n                if (originalActionEncoded) {\r\n                    formData.append('original_action', originalActionEncoded);\r\n                }\r\n\r\n                $.ajax({\r\n                    url: 'https:\/\/www.avire-global.com\/de\/wp-admin\/admin-ajax.php',\r\n                    method: 'POST',\r\n                    data: formData,\r\n                    processData: false,\r\n                    contentType: false,\r\n                    beforeSend: function() {\r\n                        $('.doo-spinner-wrapper').addClass('active');\r\n                    },\r\n                    success: function (response) {\r\n                        if (response.success && response.data.result) {\r\n                            window.location.href = response.data.url;\r\n                        } else {\r\n                            alert(response.data.msg || 'Error: Form submission error by turnstile (not human).');\r\n                        }\r\n                    },\r\n                    error: function () {\r\n                        alert('Error: Form submission error by turnstile (not human).');\r\n                    },\r\n                    complete: function() {\r\n                        $('.doo-spinner-wrapper').removeClass('active');\r\n                    }\r\n                });\r\n            });\r\n        });\r\n\t<\/script>\r\n\t<\/div>\n<\/div>\n<\/div>\n<\/div>\n","protected":false},"excerpt":{"rendered":"<p>Bei AVIRE steht der Kunde im Mittelpunkt unseres Gesch\u00e4fts. Wir bem\u00fchen uns daher, die Abl\u00e4ufe f\u00fcr Sie so einfach und reibungslos wie m\u00f6glich zu gestalten. Wir halten alle unsere Produkte vor, damit sie dann erh\u00e4ltlich sind, wenn Sie sie brauchen, und bieten f\u00fcr die meisten Bestellungen Lieferung am n\u00e4chsten Tag. Einkaufsvorgang Bestellung Senden Sie Ihre [&hellip;]<\/p>\n","protected":false},"author":5,"featured_media":0,"parent":0,"menu_order":0,"comment_status":"closed","ping_status":"closed","template":"","meta":{"_eb_attr":"","inline_featured_image":false,"footnotes":""},"class_list":["post-3512","page","type-page","status-publish","hentry"],"_links":{"self":[{"href":"https:\/\/www.avire-global.com\/de\/wp-json\/wp\/v2\/pages\/3512","targetHints":{"allow":["GET"]}}],"collection":[{"href":"https:\/\/www.avire-global.com\/de\/wp-json\/wp\/v2\/pages"}],"about":[{"href":"https:\/\/www.avire-global.com\/de\/wp-json\/wp\/v2\/types\/page"}],"author":[{"embeddable":true,"href":"https:\/\/www.avire-global.com\/de\/wp-json\/wp\/v2\/users\/5"}],"replies":[{"embeddable":true,"href":"https:\/\/www.avire-global.com\/de\/wp-json\/wp\/v2\/comments?post=3512"}],"version-history":[{"count":4,"href":"https:\/\/www.avire-global.com\/de\/wp-json\/wp\/v2\/pages\/3512\/revisions"}],"predecessor-version":[{"id":3519,"href":"https:\/\/www.avire-global.com\/de\/wp-json\/wp\/v2\/pages\/3512\/revisions\/3519"}],"wp:attachment":[{"href":"https:\/\/www.avire-global.com\/de\/wp-json\/wp\/v2\/media?parent=3512"}],"curies":[{"name":"wp","href":"https:\/\/api.w.org\/{rel}","templated":true}]}}