{"id":9105,"date":"2026-03-10T11:19:40","date_gmt":"2026-03-10T10:19:40","guid":{"rendered":"https:\/\/www.avire-global.com\/cz\/?post_type=product&#038;p=9105"},"modified":"2026-03-10T11:23:37","modified_gmt":"2026-03-10T10:23:37","slug":"analogove-reseni","status":"publish","type":"product","link":"https:\/\/www.avire-global.com\/cz\/product\/analogove-nouzove-telefony\/analogove-reseni\/","title":{"rendered":"Analogov\u00e9 \u0159e\u0161en\u00ed"},"content":{"rendered":"<div class=\"wp-block-doo-block-systemeu-hero\">\n\t<div class=\"systemeu-hero\">\r\n\t<div class=\"wp-block-columns\">\r\n\t\t<div class=\"wp-block-column\">\r\n\t\t\t<div class=\"image\">\r\n\t\t\t\t<img decoding=\"async\" width=\"768\" height=\"432\" src=\"https:\/\/www.avire-global.com\/cz\/wp-content\/uploads\/sites\/23\/2026\/03\/SOlucion-Analogica-768x432-1.png\" class=\"attachment-large size-large wp-post-image\" alt=\"\" srcset=\"https:\/\/www.avire-global.com\/cz\/wp-content\/uploads\/sites\/23\/2026\/03\/SOlucion-Analogica-768x432-1.png 768w, https:\/\/www.avire-global.com\/cz\/wp-content\/uploads\/sites\/23\/2026\/03\/SOlucion-Analogica-768x432-1-300x169.png 300w\" sizes=\"(max-width: 768px) 100vw, 768px\" \/>\t\t\t<\/div>\r\n\t\t<\/div>\r\n\t\t<div class=\"wp-block-column\">\r\n\t\t\t\t\t\t\t<div class=\"label\">Analogov\u00e9 nouzov\u00e9 telefony<\/div>\r\n\t\t\t\t\t\t\t<h1 class=\"title\">Analogov\u00e9 \u0159e\u0161en\u00ed<\/h1>\r\n\t\t\t\t\t\t\t\t\t<div class=\"wp-block-buttons\">\r\n\t\t\t\t\t\t\t\t\t\t<div class=\"wp-block-button link-popup\"><a class =\"wp-block-button__link\" href=\"#\">Kontakt<\/a><\/div>\r\n\t\t\t\t\t\t\t\t\t\t\t\t\t<div class=\"wp-block-button secondary\"><a class =\"wp-block-button__link\" href=\"https:\/\/www.avire-global.com\/cz\/katal\">Katalogy<\/a><\/div>\r\n\t\t\t\t\t\t\t\t\t\t<\/div>\r\n\t\t<\/div>\r\n\t<\/div>\r\n<\/div>\r\n<\/div>\n\n\n<div class=\"custom-slider-container product wide-overview\">\n\n\t\t\t<div class=\"overview-wide\">\n\t\t\t<div class=\"label\">\n\t\t\t\tP\u0159ehled\t\t\t<\/div>\n\t\t\t<div class=\"content\">Spolehliv\u00e9, jednoduch\u00e9 a norm\u00e1m vyhovuj\u00edc\u00ed \u0159e\u0161en\u00ed pro zaji\u0161t\u011bn\u00ed nouzov\u00e9 komunikace ve v\u00fdtaz\u00edch pomoc\u00ed analogov\u00e9 technologie, ide\u00e1ln\u00ed pro st\u00e1vaj\u00edc\u00ed instalace, kter\u00e9 vy\u017eaduj\u00ed kontinuitu provozu bez slo\u017eit\u00fdch zm\u011bn.<\/div>\n\t\t<\/div>\n\t\t\t<div class=\"custom-slider\">\n\t\t\t\t\t<div class=\"swiper-container main-slider\">\n\t\t\t\t<div class=\"swiper-wrapper\">\n\t\t\t\t\t\t\t\t\t\t\t<div class=\"swiper-slide image contain-w\">\n\t\t\t\t\t\t\t\t\t\t\t\t\t\t\t<img decoding=\"async\" src=\"https:\/\/www.avire-global.com\/cz\/wp-content\/uploads\/sites\/23\/2026\/03\/Picture1-1.png\" alt=\"\" class=\"slider-image\">\n\t\t\t\t\t\t\t\t\t\t\t\t\t\t<\/div>\n\t\t\t\t\t\t\t\t\t\t<\/div>\n\t\t\t<\/div>\n\t\n\t\t\t<div class=\"bottom\">\n\t\t\t\t\t\t\t<\/div>\n\t\t\t\t<\/div>\n\t<div class=\"slider-content has-checkmarks\">\n\t\t<div class=\"slider-text\">\n\t\t\t\n\n<h3 class=\"wp-block-heading has-text-color has-link-color wp-elements-e240f2a226193092a56c90a5cafcb0f9\" style=\"color:#d05a2a\">V\u00fdhody<\/h3>\n\n\n\n<div class=\"wp-block-group has-global-padding is-layout-constrained wp-block-group-is-layout-constrained\">\n<ul class=\"wp-block-list\">\n<li>Podlo\u017eeno zku\u0161enostmi spole\u010dnosti AVIRE v oblasti bezpe\u010dnostn\u00edch syst\u00e9m\u016f pro v\u00fdtahy<\/li>\n\n\n\n<li>Kompletn\u00ed a spolehliv\u00e9 analogov\u00e9 \u0159e\u0161en\u00ed<\/li>\n\n\n\n<li>Ide\u00e1ln\u00ed pro modernizaci st\u00e1vaj\u00edc\u00edch v\u00fdtah\u016f<\/li>\n\n\n\n<li>Rychl\u00e1 instalace bez slo\u017eit\u00fdch \u00faprav<\/li>\n\n\n\n<li>Jasn\u00e1 a bezpe\u010dn\u00e1 komunikace v nouzov\u00fdch situac\u00edch<\/li>\n<\/ul>\n<\/div>\n\n\t\t<\/div>\n\t<\/div>\n\n<\/div>\n\n\n<div class=\"all wp-block-doo-block-systemeu-frame\">\n\t<div class=\"list-products all\">\n\t\t<h2 style=\"color: #d05a2a;\">Sou\u010d\u00e1st\u00ed syst\u00e9mu<\/h2>\n\t\t<div class=\"list-products-content\">\n\t\t\t\t\t\t<div class=\"product item tab-110\">\n\t\t\t\t<div class=\"image\"><img decoding=\"async\" width=\"768\" height=\"768\" src=\"https:\/\/www.avire-global.com\/cz\/wp-content\/uploads\/sites\/23\/2026\/03\/universal_gsm_mk930-1-768x768-1.png\" class=\"attachment-medium_large size-medium_large wp-post-image\" alt=\"MK930 4G \u2013 univerz\u00e1ln\u00ed komunika\u010dn\u00ed br\u00e1na\" srcset=\"https:\/\/www.avire-global.com\/cz\/wp-content\/uploads\/sites\/23\/2026\/03\/universal_gsm_mk930-1-768x768-1.png 768w, https:\/\/www.avire-global.com\/cz\/wp-content\/uploads\/sites\/23\/2026\/03\/universal_gsm_mk930-1-768x768-1-300x300.png 300w, https:\/\/www.avire-global.com\/cz\/wp-content\/uploads\/sites\/23\/2026\/03\/universal_gsm_mk930-1-768x768-1-150x150.png 150w\" sizes=\"(max-width: 768px) 100vw, 768px\" \/><\/div>\n\t\t\t\t\t\t\t\t<div class=\"content\">\n\t\t\t\t\t<div>\n\t\t\t\t\t\t<div class=\"title title-color\">MK930 4G univerz\u00e1ln\u00ed komunika\u010dn\u00ed br\u00e1na<\/div>\n\t\t\t\t\t\t<div class=\"description\">V\u00edtejte na \u0161pi\u010dce technologie nouzov\u00e9 komunika\u010dn\u00ed technologie s 4G MK-930. Tento p\u0159\u00edstroj je navr\u017een jako univerz\u00e1ln\u00ed komunika\u010dn\u00ed br\u00e1na a bezprobl\u00e9mov\u011b se integruje s r\u016fzn\u00fdmi syst\u00e9my nouzov\u00fdch telefon\u016f, \u010d\u00edm\u017e zaji\u0161\u0165uje kompatibilitu mezi r\u016fzn\u00fdmi zna\u010dkami a modely telefonn\u00edch syst\u00e9m\u016f.\r\n\r\n4G MK-930 p\u0159edstavuje nejnov\u011bj\u0161\u00ed inovaci v oblasti univerz\u00e1ln\u00edch bran a nab\u00edz\u00ed mo\u017enosti vol\u00e1n\u00ed 2G a 4G (VoLTE). Jeho funkce zlep\u0161uj\u00ed konektivitu, zaji\u0161\u0165uj\u00ed soulad s p\u0159edpisy a umo\u017e\u0148uj\u00ed p\u0159esn\u00fd p\u0159enos kritick\u00fdch dat.<\/div>\n\t\t\t\t\t<\/div>\n\t\t\t\t\t<div class=\"bottom\">\n\t\t\t\t\t\t\t\t\t\t\t\t\t<div class=\"doo-link\"><a href=\"https:\/\/www.avire-global.com\/cz\/product\/analogove-nouzove-telefony\/mk930-4g-univerzalni-komunikacni-brana\/\">Zobrazit produkt<\/a><\/div>\n\t\t\t\t\t\t\t\t\t\t\t\t\t<div class=\"brands\"><\/div>\n\t\t\t\t\t<\/div>\n\t\t\t\t<\/div>\n\t\t\t<\/div>\n\t\t\t\t\t\t<div class=\"product item tab-110\">\n\t\t\t\t<div class=\"image\"><img decoding=\"async\" width=\"768\" height=\"1172\" src=\"https:\/\/www.avire-global.com\/cz\/wp-content\/uploads\/sites\/23\/2026\/03\/Ecosystem_PSTN-Phone_AC-PNB10-110-A-0L-000_2023.4-e1694597440563-768x1172-1.png\" class=\"attachment-medium_large size-medium_large wp-post-image\" alt=\"Nouzov\u00e9 telefony MK852\" srcset=\"https:\/\/www.avire-global.com\/cz\/wp-content\/uploads\/sites\/23\/2026\/03\/Ecosystem_PSTN-Phone_AC-PNB10-110-A-0L-000_2023.4-e1694597440563-768x1172-1.png 768w, https:\/\/www.avire-global.com\/cz\/wp-content\/uploads\/sites\/23\/2026\/03\/Ecosystem_PSTN-Phone_AC-PNB10-110-A-0L-000_2023.4-e1694597440563-768x1172-1-197x300.png 197w, https:\/\/www.avire-global.com\/cz\/wp-content\/uploads\/sites\/23\/2026\/03\/Ecosystem_PSTN-Phone_AC-PNB10-110-A-0L-000_2023.4-e1694597440563-768x1172-1-671x1024.png 671w\" sizes=\"(max-width: 768px) 100vw, 768px\" \/><\/div>\n\t\t\t\t\t\t\t\t<div class=\"content\">\n\t\t\t\t\t<div>\n\t\t\t\t\t\t<div class=\"title title-color\">Nouzov\u00e9 telefony MK852<\/div>\n\t\t\t\t\t\t<div class=\"description\">MK852 je samostatn\u00fd nouzov\u00fd telefon pro v\u00fdtahy s integrovanou bateri\u00ed a programovac\u00edm tla\u010d\u00edtkem. Lze jej snadno konfigurovat na m\u00edst\u011b instalace nebo vzd\u00e1len\u011b pomoc\u00ed kl\u00e1vesnice, SMS nebo prost\u0159ednictv\u00edm AVIRE HUB.\r\n\r\nMK852 umo\u017e\u0148uje ekonomickou modernizaci v\u00fdtah\u016f v instalac\u00edch s pevnou telefonn\u00ed linkou (RTC\/PSTN) nebo s univerz\u00e1ln\u00ed br\u00e1nou (nap\u0159. MK830).\r\n\r\nZa\u0159\u00edzen\u00ed je kompatibiln\u00ed s digit\u00e1ln\u00edm komunika\u010dn\u00edm syst\u00e9mem LPBus a zahrnuje p\u0159\u00edslu\u0161enstv\u00ed Surface Mount Audio pro v\u00fdtahy bez tla\u010d\u00edtka alarmu, induk\u010dn\u00ed smy\u010dku pro spln\u011bn\u00ed normy EN 81-70 a trifonn\u00ed jednotky pro alarmov\u00e9 body.<\/div>\n\t\t\t\t\t<\/div>\n\t\t\t\t\t<div class=\"bottom\">\n\t\t\t\t\t\t\t\t\t\t\t\t\t<div class=\"doo-link\"><a href=\"https:\/\/www.avire-global.com\/cz\/product\/analogove-nouzove-telefony\/nouzove-telefony-mk852\/\">Zobrazit produkt<\/a><\/div>\n\t\t\t\t\t\t\t\t\t\t\t\t\t<div class=\"brands\"><\/div>\n\t\t\t\t\t<\/div>\n\t\t\t\t<\/div>\n\t\t\t<\/div>\n\t\t\t\t\t<\/div>\n\t<\/div>\n<\/div>\n\n\n\n<p><\/p>\n","protected":false},"featured_media":9106,"template":"product-with-patterns-system","meta":{"_eb_attr":"","inline_featured_image":false,"doo-cf-type":"system","footnotes":""},"market":[],"product_cat":[110],"brand":[],"country":[],"class_list":["post-9105","product","type-product","status-publish","has-post-thumbnail","hentry","product_cat-analogove-nouzove-telefony"],"_links":{"self":[{"href":"https:\/\/www.avire-global.com\/cz\/wp-json\/wp\/v2\/product\/9105","targetHints":{"allow":["GET"]}}],"collection":[{"href":"https:\/\/www.avire-global.com\/cz\/wp-json\/wp\/v2\/product"}],"about":[{"href":"https:\/\/www.avire-global.com\/cz\/wp-json\/wp\/v2\/types\/product"}],"version-history":[{"count":5,"href":"https:\/\/www.avire-global.com\/cz\/wp-json\/wp\/v2\/product\/9105\/revisions"}],"predecessor-version":[{"id":9113,"href":"https:\/\/www.avire-global.com\/cz\/wp-json\/wp\/v2\/product\/9105\/revisions\/9113"}],"wp:featuredmedia":[{"embeddable":true,"href":"https:\/\/www.avire-global.com\/cz\/wp-json\/wp\/v2\/media\/9106"}],"wp:attachment":[{"href":"https:\/\/www.avire-global.com\/cz\/wp-json\/wp\/v2\/media?parent=9105"}],"wp:term":[{"taxonomy":"market","embeddable":true,"href":"https:\/\/www.avire-global.com\/cz\/wp-json\/wp\/v2\/market?post=9105"},{"taxonomy":"product_cat","embeddable":true,"href":"https:\/\/www.avire-global.com\/cz\/wp-json\/wp\/v2\/product_cat?post=9105"},{"taxonomy":"brand","embeddable":true,"href":"https:\/\/www.avire-global.com\/cz\/wp-json\/wp\/v2\/brand?post=9105"},{"taxonomy":"country","embeddable":true,"href":"https:\/\/www.avire-global.com\/cz\/wp-json\/wp\/v2\/country?post=9105"}],"curies":[{"name":"wp","href":"https:\/\/api.w.org\/{rel}","templated":true}]}}