{"id":9075,"date":"2026-03-10T10:40:28","date_gmt":"2026-03-10T09:40:28","guid":{"rendered":"https:\/\/www.avire-global.com\/cz\/?post_type=product&#038;p=9075"},"modified":"2026-03-10T10:51:12","modified_gmt":"2026-03-10T09:51:12","slug":"mk930-4g-univerzalni-komunikacni-brana","status":"publish","type":"product","link":"https:\/\/www.avire-global.com\/cz\/product\/analogove-nouzove-telefony\/mk930-4g-univerzalni-komunikacni-brana\/","title":{"rendered":"MK930 4G univerz\u00e1ln\u00ed komunika\u010dn\u00ed br\u00e1na"},"content":{"rendered":"\n<div class=\"wp-block-doo-tabs-block alignwide\">\n\t<div class=\"doo-tabs-container\">\n\t\t<div class=\"doo-tabs-titles\">\n\t\t\t\t\t\t\t<button class=\"doo-tab-title active\" \n\t\t\t\t\t\tdata-tab-index=\"0\">\n\t\t\t\t\tFunkce\t\t\t\t<\/button>\n\t\t\t\t\t\t\t<button class=\"doo-tab-title \" \n\t\t\t\t\t\tdata-tab-index=\"1\">\n\t\t\t\t\tObjednac\u00ed informace\t\t\t\t<\/button>\n\t\t\t\t\t<\/div>\n\t<\/div>\n    \n    <div class=\"doo-tabs-content\">\n                    <div class=\"doo-tab-content active\">\n                <p><strong>Snadn\u00e1 instalace:<\/strong><br \/>Za\u0159\u00edzen\u00ed lze konfigurovat pomoc\u00ed <strong>AVIRE Hub<\/strong>, cloudov\u00e9 platformy pro spr\u00e1vu, nebo prost\u0159ednictv\u00edm <strong>mobiln\u00ed aplikace AVIRE<\/strong> ve va\u0161em chytr\u00e9m telefonu.<br \/>Praktick\u00e1 konfigurace prost\u0159ednictv\u00edm <strong>SMS<\/strong> pro je\u0161t\u011b jednodu\u0161\u0161\u00ed nastaven\u00ed.<br \/>Vestav\u011bn\u00fd <strong>test s\u00edly sign\u00e1lu<\/strong> zaji\u0161\u0165uje optim\u00e1ln\u00ed v\u00fdkon b\u011bhem instalace a pom\u00e1h\u00e1 naj\u00edt nejlep\u0161\u00ed um\u00edst\u011bn\u00ed za\u0159\u00edzen\u00ed.<\/p>\n<p><strong>Vylep\u0161en\u00e1 konektivita:<\/strong><br \/>Podporuje <strong>2G a 4G (VoLTE)<\/strong> hovory, co\u017e zaji\u0161\u0165uje spolehlivou komunikaci v jak\u00e9mkoli s\u00ed\u0165ov\u00e9m prost\u0159ed\u00ed.<\/p>\n<p><strong>Vylep\u0161en\u00fd p\u0159evod DTMF na digit\u00e1ln\u00ed form\u00e1t:<\/strong><br \/>Lep\u0161\u00ed schopnost p\u0159ev\u00e1d\u011bt <strong>DTMF (Dual-Tone Multi-Frequency)<\/strong> sign\u00e1ly do digit\u00e1ln\u00edho form\u00e1tu s vy\u0161\u0161\u00ed p\u0159esnost\u00ed.<br \/>Zaji\u0161\u0165uje spolehlivou a p\u0159esnou komunikaci, co\u017e je zvl\u00e1\u0161t\u011b d\u016fle\u017eit\u00e9 v nouzov\u00fdch situac\u00edch, kdy je p\u0159esn\u00fd p\u0159enos informac\u00ed z\u00e1sadn\u00ed.<\/p>\n<p><strong>Kompatibilita s analogov\u00fdmi nouzov\u00fdmi telefony:<\/strong><br \/>Podporuje a\u017e <strong>4 analogov\u00e9 telefony MEMCO\/MICROKEY<\/strong>, co\u017e usnad\u0148uje p\u0159echod z <strong>PSTN<\/strong>.<\/p>\n<p><strong>Technologie p\u0159ipraven\u00e1 na budoucnost:<\/strong><br \/><strong>4G MK-930<\/strong> zaji\u0161\u0165uje dlouhodobou stabilitu a spolehlivost d\u00edky integraci pokro\u010dil\u00e9 technologie.<br \/>Vyu\u017e\u00edv\u00e1 nejnov\u011bj\u0161\u00ed <strong>IoT protokol MQTT<\/strong>, kter\u00fd umo\u017e\u0148uje bezprobl\u00e9movou komunikaci se syst\u00e9my IoT a z\u00e1rove\u0148 zaji\u0161\u0165uje p\u0159ipravenost na budoucnost.<br \/><strong>TLS \u0161ifrov\u00e1n\u00ed<\/strong> zvy\u0161uje bezpe\u010dnost dat a zaji\u0161\u0165uje bezpe\u010dn\u00fd a nep\u0159eru\u0161en\u00fd provoz v pr\u016fb\u011bhu \u010dasu.<\/p>\n<p><strong>Soulad s normami:<\/strong><br \/>P\u0159ij\u00edm\u00e1, zaznamen\u00e1v\u00e1 a zobrazuje r\u016fzn\u00e9 incidenty souvisej\u00edc\u00ed s v\u00fdtahy, \u010d\u00edm\u017e pom\u00e1h\u00e1 zajistit soulad s normami, jako je <strong>EN 81-28<\/strong>.<br \/>Modernizovan\u00fd p\u0159evod <strong>DTMF na digit\u00e1ln\u00ed form\u00e1t<\/strong> zlep\u0161uje p\u0159esnost dat pro \u00fa\u010dely monitoringu a dodr\u017eov\u00e1n\u00ed p\u0159edpis\u016f.<\/p>\n<p>A\u0165 u\u017e se p\u0159ipravujete na p\u0159echod z <strong>analogov\u00e9ho PSTN na digit\u00e1ln\u00ed komunikaci<\/strong>, nebo chcete b\u00fdt p\u0159ipraveni na zm\u011bny s\u00edt\u00ed, jako je <strong>ukon\u010den\u00ed slu\u017eeb 2G<\/strong>, <strong>4G MK-930<\/strong> je \u0159e\u0161en\u00ed p\u0159ipraven\u00e9 na budoucnost.<\/p>\n            <\/div>\n                    <div class=\"doo-tab-content \">\n                <p><strong>MK-930-4GM10-010-A-00<\/strong> MK930 4G univerz\u00e1ln\u00ed komunika\u010dn\u00ed br\u00e1na<\/p>\n            <\/div>\n            <\/div>\n<\/div>","protected":false},"featured_media":9076,"template":"","meta":{"_eb_attr":"","inline_featured_image":false,"doo-cf-type":"main","footnotes":""},"market":[],"product_cat":[110],"brand":[],"country":[],"class_list":["post-9075","product","type-product","status-publish","has-post-thumbnail","hentry","product_cat-analogove-nouzove-telefony"],"_links":{"self":[{"href":"https:\/\/www.avire-global.com\/cz\/wp-json\/wp\/v2\/product\/9075","targetHints":{"allow":["GET"]}}],"collection":[{"href":"https:\/\/www.avire-global.com\/cz\/wp-json\/wp\/v2\/product"}],"about":[{"href":"https:\/\/www.avire-global.com\/cz\/wp-json\/wp\/v2\/types\/product"}],"version-history":[{"count":4,"href":"https:\/\/www.avire-global.com\/cz\/wp-json\/wp\/v2\/product\/9075\/revisions"}],"predecessor-version":[{"id":9083,"href":"https:\/\/www.avire-global.com\/cz\/wp-json\/wp\/v2\/product\/9075\/revisions\/9083"}],"wp:featuredmedia":[{"embeddable":true,"href":"https:\/\/www.avire-global.com\/cz\/wp-json\/wp\/v2\/media\/9076"}],"wp:attachment":[{"href":"https:\/\/www.avire-global.com\/cz\/wp-json\/wp\/v2\/media?parent=9075"}],"wp:term":[{"taxonomy":"market","embeddable":true,"href":"https:\/\/www.avire-global.com\/cz\/wp-json\/wp\/v2\/market?post=9075"},{"taxonomy":"product_cat","embeddable":true,"href":"https:\/\/www.avire-global.com\/cz\/wp-json\/wp\/v2\/product_cat?post=9075"},{"taxonomy":"brand","embeddable":true,"href":"https:\/\/www.avire-global.com\/cz\/wp-json\/wp\/v2\/brand?post=9075"},{"taxonomy":"country","embeddable":true,"href":"https:\/\/www.avire-global.com\/cz\/wp-json\/wp\/v2\/country?post=9075"}],"curies":[{"name":"wp","href":"https:\/\/api.w.org\/{rel}","templated":true}]}}