{"id":9068,"date":"2026-03-10T10:15:29","date_gmt":"2026-03-10T09:15:29","guid":{"rendered":"https:\/\/www.avire-global.com\/cz\/?post_type=product&#038;p=9068"},"modified":"2026-03-12T13:53:28","modified_gmt":"2026-03-12T12:53:28","slug":"plne-digitalni-nouzova-komunikace","status":"publish","type":"product","link":"https:\/\/www.avire-global.com\/cz\/product\/emergency-telephones\/plne-digitalni-nouzova-komunikace\/","title":{"rendered":"Pln\u011b digit\u00e1ln\u00ed nouzov\u00e1 komunikace"},"content":{"rendered":"<div class=\"wp-block-doo-block-systemeu-hero\">\n\t<div class=\"systemeu-hero\">\r\n\t<div class=\"wp-block-columns\">\r\n\t\t<div class=\"wp-block-column\">\r\n\t\t\t<div class=\"image\">\r\n\t\t\t\t<img decoding=\"async\" width=\"800\" height=\"450\" src=\"https:\/\/www.avire-global.com\/cz\/wp-content\/uploads\/sites\/23\/2026\/03\/dach-Fully-Digital-Solution.png\" class=\"attachment-large size-large wp-post-image\" alt=\"\" srcset=\"https:\/\/www.avire-global.com\/cz\/wp-content\/uploads\/sites\/23\/2026\/03\/dach-Fully-Digital-Solution.png 800w, https:\/\/www.avire-global.com\/cz\/wp-content\/uploads\/sites\/23\/2026\/03\/dach-Fully-Digital-Solution-300x169.png 300w, https:\/\/www.avire-global.com\/cz\/wp-content\/uploads\/sites\/23\/2026\/03\/dach-Fully-Digital-Solution-768x432.png 768w\" sizes=\"(max-width: 800px) 100vw, 800px\" \/>\t\t\t<\/div>\r\n\t\t<\/div>\r\n\t\t<div class=\"wp-block-column\">\r\n\t\t\t\t\t\t\t<div class=\"label\">Digit\u00e1ln\u00ed nouzov\u00e9 telefony<\/div>\r\n\t\t\t\t\t\t\t<h1 class=\"title\">Pln\u011b digit\u00e1ln\u00ed nouzov\u00e1 komunikace<\/h1>\r\n\t\t\t\t\t\t\t\t\t<div class=\"wp-block-buttons\">\r\n\t\t\t\t\t\t\t\t\t\t<div class=\"wp-block-button link-popup\"><a class =\"wp-block-button__link\" href=\"#\">Kontakt<\/a><\/div>\r\n\t\t\t\t\t\t\t\t\t\t\t\t\t<div class=\"wp-block-button secondary\"><a class =\"wp-block-button__link\" href=\"https:\/\/www.avire-global.com\/cz\/katal\">Katalogy<\/a><\/div>\r\n\t\t\t\t\t\t\t\t\t\t<\/div>\r\n\t\t<\/div>\r\n\t<\/div>\r\n<\/div>\r\n<\/div>\n\n\n<div class=\"custom-slider-container product wide-overview\">\n\n\t\t\t<div class=\"overview-wide\">\n\t\t\t<div class=\"label\">\n\t\t\t\tP\u0159ehled\t\t\t<\/div>\n\t\t\t<div class=\"content\">Pln\u011b digit\u00e1ln\u00ed + bezpe\u010dnostn\u00ed upgrade kombinuje modern\u00ed digit\u00e1ln\u00ed nouzovou komunikaci platformy DCP EVO s roz\u0161\u00ed\u0159en\u00fdmi bezpe\u010dnostn\u00edmi a monitorovac\u00edmi funkcemi, v\u010detn\u011b TOC DAU, Navigation Box, Lift Hawk, Panachrome+ a AVIRE Hubu.<br \/>\n<br \/>\nToto komplexn\u00ed moderniza\u010dn\u00ed \u0159e\u0161en\u00ed vytv\u00e1\u0159\u00ed pln\u011b digitalizovanou, monitorovanou a bezpe\u010dnostn\u011b optimalizovanou infrastrukturu v\u00fdtah\u016f, kter\u00e1 spl\u0148uje jak po\u017eadavky na ukon\u010den\u00ed provozu s\u00edt\u00ed 2G, tak i rostouc\u00ed o\u010dek\u00e1v\u00e1n\u00ed v oblasti bezpe\u010dnosti, efektivity a transparentnosti.<br \/>\n<br \/>\nD\u00edky jedin\u00e9mu projektu mohou provozovatel\u00e9 modernizovat hned n\u011bkolik kritick\u00fdch oblast\u00ed: komunikaci, bezpe\u010dnost dve\u0159\u00ed, monitoring za\u0159\u00edzen\u00ed a compliance.<\/div>\n\t\t<\/div>\n\t\t\t<div class=\"custom-slider\">\n\t\t\t\t\t<div class=\"swiper-container main-slider\">\n\t\t\t\t<div class=\"swiper-wrapper\">\n\t\t\t\t\t\t\t\t\t\t\t<div class=\"swiper-slide image contain-w\">\n\t\t\t\t\t\t\t\t\t\t\t\t\t\t\t<img decoding=\"async\" src=\"https:\/\/www.avire-global.com\/cz\/wp-content\/uploads\/sites\/23\/2026\/03\/czech-map-avire.png\" alt=\"\" class=\"slider-image\">\n\t\t\t\t\t\t\t\t\t\t\t\t\t\t<\/div>\n\t\t\t\t\t\t\t\t\t\t<\/div>\n\t\t\t<\/div>\n\t\n\t\t\t<div class=\"bottom\">\n\t\t\t\t\t\t\t<\/div>\n\t\t\t\t<\/div>\n\t<div class=\"slider-content has-checkmarks\">\n\t\t<div class=\"slider-text\">\n\t\t\t\n\n<h3 class=\"wp-block-heading has-text-color has-link-color wp-elements-e240f2a226193092a56c90a5cafcb0f9\" style=\"color:#d05a2a\">V\u00fdhody<\/h3>\n\n\n\n<p class=\"has-neutral-70-color has-text-color has-link-color wp-elements-d1514d2ae76630fb40d907fac2381c91\"><strong>Pln\u00e1 digitalizace nouzov\u00e9 komunikace<\/strong><\/p>\n\n\n\n<p class=\"has-neutral-70-color has-text-color has-link-color wp-elements-2342a7f249221b5e9992eb6f72424efe\">Nejmodern\u011bj\u0161\u00ed technologie <strong>4G\/VoLTE, VoIP a MQTT<\/strong> zaji\u0161\u0165uj\u00ed stabiln\u00ed a do budoucna p\u0159ipraven\u00e9 nouzov\u00e9 vol\u00e1n\u00ed \u2013 nez\u00e1visl\u00e9 na <strong>2G, DTMF a analogov\u00fdch link\u00e1ch<\/strong>.<\/p>\n\n\n\n<p class=\"has-neutral-70-color has-text-color has-link-color wp-elements-9bc63386bf88ae88181b44f42ac7844b\"><strong>Zv\u00fd\u0161en\u00e1 bezpe\u010dnost cestuj\u00edc\u00edch s Panachrome+<\/strong><\/p>\n\n\n\n<p class=\"has-neutral-70-color has-text-color has-link-color wp-elements-b490c5e39d22486523de9f5da1106eae\">LED signalizace dve\u0159\u00ed a v\u00fdkonn\u00fd <strong>v\u00edcepaprskov\u00fd sv\u011bteln\u00fd z\u00e1v\u011bs<\/strong> sni\u017euj\u00ed n\u00e1razy dve\u0159\u00ed a p\u0159isk\u0159\u00edpnut\u00ed, zlep\u0161uj\u00ed plynulost pohybu cestuj\u00edc\u00edch a omezuj\u00ed servisn\u00ed v\u00fdjezdy.<\/p>\n\n\n\n<p class=\"has-neutral-70-color has-text-color has-link-color wp-elements-1c8ead459f86c37fe40cf9df03f9f336\"><strong>Inteligentn\u00ed monitoring za\u0159\u00edzen\u00ed d\u00edky Lift Hawk a Navigation Box<\/strong><\/p>\n\n\n\n<p class=\"has-neutral-70-color has-text-color has-link-color wp-elements-2be92e73a8d47b7afea9f44a9ec4f804\">Diagnostika zalo\u017een\u00e1 na senzorech, p\u0159esn\u00e9 informace o poloze a digit\u00e1ln\u00ed bal\u00ed\u010dky ud\u00e1lost\u00ed umo\u017e\u0148uj\u00ed rychlej\u0161\u00ed detekci poruch a efektivn\u011bj\u0161\u00ed servisn\u00ed z\u00e1sahy.<\/p>\n\n\n\n<p class=\"has-neutral-70-color has-text-color has-link-color wp-elements-9984b11fffe97fdcd60ea2c88b1544d9\"><strong>Centralizovan\u00fd vzd\u00e1len\u00fd monitoring s AVIRE Hub<\/strong><\/p>\n\n\n\n<p class=\"has-neutral-70-color has-text-color has-link-color wp-elements-2dfe7cc3f0465c31860d83010e568149\">Data v re\u00e1ln\u00e9m \u010dase, monitoring testovac\u00edch hovor\u016f, protokoly shody a anal\u00fdzy za\u0159\u00edzen\u00ed poskytuj\u00ed technik\u016fm i provozovatel\u016fm maxim\u00e1ln\u00ed transparentnost a kontrolu nad cel\u00fdm portfoliem.<\/p>\n\n\n\n<p class=\"has-neutral-70-color has-text-color has-link-color wp-elements-5a3235b60d797e5b3d60960420c6a94a\"><strong>Jeden moderniza\u010dn\u00ed projekt \u2013 v\u00edce vylep\u0161en\u00ed<\/strong><\/p>\n\n\n\n<p class=\"has-neutral-70-color has-text-color has-link-color wp-elements-605a7b66e74cb977a8ff7a81045aaa08\">Komunikace, bezpe\u010dnost a monitoring jsou modernizov\u00e1ny sou\u010dasn\u011b, co\u017e minimalizuje dobu instalace, n\u00e1klady i p\u0159eru\u0161en\u00ed provozu.<\/p>\n\n\n\n<p class=\"has-neutral-70-color has-text-color has-link-color wp-elements-ef8bdcc41f963ff37d0e60ad74c6a74f\"><strong>P\u0159ipraveno na budoucnost a v souladu s normou EN 81-28<\/strong><\/p>\n\n\n\n<p class=\"has-neutral-70-color has-text-color has-link-color wp-elements-73d0d81205dd7781ea1e43427a9361f0\">\u0158e\u0161en\u00ed spl\u0148uje v\u0161echny regulatorn\u00ed po\u017eadavky a podporuje provozovatele p\u0159i <strong>udr\u017eiteln\u00e9 digit\u00e1ln\u00ed modernizaci v\u00fdtahov\u00fdch syst\u00e9m\u016f<\/strong>.<\/p>\n\n\t\t<\/div>\n\t<\/div>\n\n<\/div>\n\n\n<div class=\"all wp-block-doo-block-systemeu-frame\">\n\t<div class=\"list-products all\">\n\t\t<h2 style=\"color: #d05a2a;\">Sou\u010d\u00e1st\u00ed syst\u00e9mu<\/h2>\n\t\t<div class=\"list-products-content\">\n\t\t\t\t\t\t<div class=\"product item tab-26\">\n\t\t\t\t<div class=\"image\"><img decoding=\"async\" width=\"768\" height=\"512\" src=\"https:\/\/www.avire-global.com\/cz\/wp-content\/uploads\/sites\/23\/2025\/08\/Untitled-design-2-1024x683-1-768x512.png\" class=\"attachment-medium_large size-medium_large wp-post-image\" alt=\"\" srcset=\"https:\/\/www.avire-global.com\/cz\/wp-content\/uploads\/sites\/23\/2025\/08\/Untitled-design-2-1024x683-1-768x512.png 768w, https:\/\/www.avire-global.com\/cz\/wp-content\/uploads\/sites\/23\/2025\/08\/Untitled-design-2-1024x683-1-300x200.png 300w, https:\/\/www.avire-global.com\/cz\/wp-content\/uploads\/sites\/23\/2025\/08\/Untitled-design-2-1024x683-1.png 1024w\" sizes=\"(max-width: 768px) 100vw, 768px\" \/><\/div>\n\t\t\t\t\t\t\t\t\t<div class=\"new\" style=\"background:#39d5e0;color:#aa6e00\">Nov\u00fd<\/div>\n\t\t\t\t\t\t\t\t\t<div class=\"content\">\n\t\t\t\t\t<div>\n\t\t\t\t\t\t<div class=\"title title-color\">4G DCP Evo Digit\u00e1ln\u00ed komunika\u010dn\u00ed platforma pro v\u00fdtahy<\/div>\n\t\t\t\t\t\t<div class=\"description\">Kombinace GSM br\u00e1ny, nouzov\u00e9ho telefonu pro v\u00fdtahy a M2M br\u00e1ny v jedin\u00e9m za\u0159\u00edzen\u00ed d\u011bl\u00e1 z DCP Evo mozek va\u0161eho modern\u00edho nouzov\u00e9ho syst\u00e9mu. Jako nejnov\u011bj\u0161\u00ed v\u00fdvoj v \u0159ad\u011b celosv\u011btov\u011b uzn\u00e1van\u00fdch nouzov\u00fdch telefonn\u00edch bran je DCP Evo kompatibiln\u00ed s VoLTE i VoIP a nab\u00edz\u00ed nov\u00e9 funkce, kter\u00e9 zajist\u00ed, \u017ee z monitorov\u00e1n\u00ed v\u00fdtah\u016f ve va\u0161ich budov\u00e1ch z\u00edsk\u00e1te maxim\u00e1ln\u00ed u\u017eitek.<\/div>\n\t\t\t\t\t<\/div>\n\t\t\t\t\t<div class=\"bottom\">\n\t\t\t\t\t\t\t\t\t\t\t\t\t<div class=\"doo-link\"><a href=\"https:\/\/www.avire-global.com\/cz\/product\/emergency-telephones\/4g-dcp-evo-digitalni-komunikacni-platforma-pro-vytahy\/\">Zobrazit produkt<\/a><\/div>\n\t\t\t\t\t\t\t\t\t\t\t\t\t<div class=\"brands\"><\/div>\n\t\t\t\t\t<\/div>\n\t\t\t\t<\/div>\n\t\t\t<\/div>\n\t\t\t\t\t\t<div class=\"product item tab-26\">\n\t\t\t\t<div class=\"image\"><img decoding=\"async\" width=\"768\" height=\"1152\" src=\"https:\/\/www.avire-global.com\/cz\/wp-content\/uploads\/sites\/23\/2023\/08\/Ecosystem_COP-DAU_AC-DAB10-111-F-0L-000_2023.1-e1691148280663-768x1152.png\" class=\"attachment-medium_large size-medium_large wp-post-image\" alt=\"\" srcset=\"https:\/\/www.avire-global.com\/cz\/wp-content\/uploads\/sites\/23\/2023\/08\/Ecosystem_COP-DAU_AC-DAB10-111-F-0L-000_2023.1-e1691148280663-768x1152.png 768w, https:\/\/www.avire-global.com\/cz\/wp-content\/uploads\/sites\/23\/2023\/08\/Ecosystem_COP-DAU_AC-DAB10-111-F-0L-000_2023.1-e1691148280663-200x300.png 200w, https:\/\/www.avire-global.com\/cz\/wp-content\/uploads\/sites\/23\/2023\/08\/Ecosystem_COP-DAU_AC-DAB10-111-F-0L-000_2023.1-e1691148280663-683x1024.png 683w, https:\/\/www.avire-global.com\/cz\/wp-content\/uploads\/sites\/23\/2023\/08\/Ecosystem_COP-DAU_AC-DAB10-111-F-0L-000_2023.1-e1691148280663-1024x1536.png 1024w, https:\/\/www.avire-global.com\/cz\/wp-content\/uploads\/sites\/23\/2023\/08\/Ecosystem_COP-DAU_AC-DAB10-111-F-0L-000_2023.1-e1691148280663.png 1340w\" sizes=\"(max-width: 768px) 100vw, 768px\" \/><\/div>\n\t\t\t\t\t\t\t\t<div class=\"content\">\n\t\t\t\t\t<div>\n\t\t\t\t\t\t<div class=\"title title-color\">Digit\u00e1ln\u00ed audio jednotka COP p\u0159\u00edslu\u0161enstv\u00ed DCP<\/div>\n\t\t\t\t\t\t<div class=\"description\">V\u00fdtahov\u00e1 audio jednotka, kter\u00e1 poskytuje vysoce kvalitn\u00ed digit\u00e1ln\u00ed zvuk p\u0159i instalaci s digit\u00e1ln\u00ed komunika\u010dn\u00ed platformou pro v\u00fdtahy (DCP). \u0160t\u00edhl\u00e1 jednotka COP DAU, namontovan\u00e1 za ovl\u00e1dac\u00edm panelem kabiny (COP), m\u00e1 tak\u00e9 integrovanou z\u00e1lo\u017en\u00ed baterii.<\/div>\n\t\t\t\t\t<\/div>\n\t\t\t\t\t<div class=\"bottom\">\n\t\t\t\t\t\t\t\t\t\t\t\t\t<div class=\"doo-link\"><a href=\"https:\/\/www.avire-global.com\/cz\/product\/emergency-telephones\/dcp-accessories-cop-digital-audio-unit\/\">Zobrazit produkt<\/a><\/div>\n\t\t\t\t\t\t\t\t\t\t\t\t\t<div class=\"brands\"><img decoding=\"async\" width=\"300\" height=\"65\" src=\"https:\/\/www.avire-global.com\/cz\/wp-content\/uploads\/sites\/23\/2023\/04\/Brands-MEMCO-color.svg\" class=\"attachment-medium size-medium\" alt=\"\" \/><\/div>\n\t\t\t\t\t<\/div>\n\t\t\t\t<\/div>\n\t\t\t<\/div>\n\t\t\t\t\t\t<div class=\"product item tab-26\">\n\t\t\t\t<div class=\"image\"><img decoding=\"async\" width=\"768\" height=\"768\" src=\"https:\/\/www.avire-global.com\/cz\/wp-content\/uploads\/sites\/23\/2023\/08\/DCP-Accessories-Top-of-Car-Digital-Audio-Unit-3D-model-768x768.png\" class=\"attachment-medium_large size-medium_large wp-post-image\" alt=\"\" srcset=\"https:\/\/www.avire-global.com\/cz\/wp-content\/uploads\/sites\/23\/2023\/08\/DCP-Accessories-Top-of-Car-Digital-Audio-Unit-3D-model-768x768.png 768w, https:\/\/www.avire-global.com\/cz\/wp-content\/uploads\/sites\/23\/2023\/08\/DCP-Accessories-Top-of-Car-Digital-Audio-Unit-3D-model-300x300.png 300w, https:\/\/www.avire-global.com\/cz\/wp-content\/uploads\/sites\/23\/2023\/08\/DCP-Accessories-Top-of-Car-Digital-Audio-Unit-3D-model-1024x1024.png 1024w, https:\/\/www.avire-global.com\/cz\/wp-content\/uploads\/sites\/23\/2023\/08\/DCP-Accessories-Top-of-Car-Digital-Audio-Unit-3D-model-150x150.png 150w, https:\/\/www.avire-global.com\/cz\/wp-content\/uploads\/sites\/23\/2023\/08\/DCP-Accessories-Top-of-Car-Digital-Audio-Unit-3D-model.png 1200w\" sizes=\"(max-width: 768px) 100vw, 768px\" \/><\/div>\n\t\t\t\t\t\t\t\t<div class=\"content\">\n\t\t\t\t\t<div>\n\t\t\t\t\t\t<div class=\"title title-color\">Digit\u00e1ln\u00ed audio jednotka v horn\u00ed \u010d\u00e1sti kabiny p\u0159\u00edslu\u0161enstv\u00ed DCP<\/div>\n\t\t\t\t\t\t<div class=\"description\">Digit\u00e1ln\u00ed audio jednotka MEMCO v horn\u00ed \u010d\u00e1sti kabiny (TOC DAU) je kompaktn\u00ed, cenov\u011b dostupn\u00e9 a vyhovuj\u00edc\u00ed \u0159e\u0161en\u00ed t\u00eds\u0148ov\u00e9ho telefonu. P\u0159ipojuje se k digit\u00e1ln\u00ed komunika\u010dn\u00ed platform\u011b (DCP), poskytuje poplachov\u00fd bod TOC, extern\u00ed reproduktor a mikrofon uvnit\u0159 kabiny v\u00fdtahu a je ide\u00e1ln\u00ed pro skupiny v\u00fdtah\u016f.<\/div>\n\t\t\t\t\t<\/div>\n\t\t\t\t\t<div class=\"bottom\">\n\t\t\t\t\t\t\t\t\t\t\t\t\t<div class=\"doo-link\"><a href=\"https:\/\/www.avire-global.com\/cz\/product\/emergency-telephones\/dcp-accessories-top-of-car-digital-audio-unit\/\">Zobrazit produkt<\/a><\/div>\n\t\t\t\t\t\t\t\t\t\t\t\t\t<div class=\"brands\"><img decoding=\"async\" width=\"300\" height=\"65\" src=\"https:\/\/www.avire-global.com\/cz\/wp-content\/uploads\/sites\/23\/2023\/04\/Brands-MEMCO-color.svg\" class=\"attachment-medium size-medium\" alt=\"\" \/><\/div>\n\t\t\t\t\t<\/div>\n\t\t\t\t<\/div>\n\t\t\t<\/div>\n\t\t\t\t\t\t<div class=\"product item tab-111\">\n\t\t\t\t<div class=\"image\"><img decoding=\"async\" width=\"768\" height=\"574\" src=\"https:\/\/www.avire-global.com\/cz\/wp-content\/uploads\/sites\/23\/2023\/08\/Ecosystem_Lift-HAWK_AC-AMT00-100-0-C0-000_2023.1-e1691147009892-768x574.png\" class=\"attachment-medium_large size-medium_large wp-post-image\" alt=\"\" srcset=\"https:\/\/www.avire-global.com\/cz\/wp-content\/uploads\/sites\/23\/2023\/08\/Ecosystem_Lift-HAWK_AC-AMT00-100-0-C0-000_2023.1-e1691147009892-768x574.png 768w, https:\/\/www.avire-global.com\/cz\/wp-content\/uploads\/sites\/23\/2023\/08\/Ecosystem_Lift-HAWK_AC-AMT00-100-0-C0-000_2023.1-e1691147009892-300x224.png 300w, https:\/\/www.avire-global.com\/cz\/wp-content\/uploads\/sites\/23\/2023\/08\/Ecosystem_Lift-HAWK_AC-AMT00-100-0-C0-000_2023.1-e1691147009892-1024x765.png 1024w, https:\/\/www.avire-global.com\/cz\/wp-content\/uploads\/sites\/23\/2023\/08\/Ecosystem_Lift-HAWK_AC-AMT00-100-0-C0-000_2023.1-e1691147009892-1536x1148.png 1536w, https:\/\/www.avire-global.com\/cz\/wp-content\/uploads\/sites\/23\/2023\/08\/Ecosystem_Lift-HAWK_AC-AMT00-100-0-C0-000_2023.1-e1691147009892.png 1820w\" sizes=\"(max-width: 768px) 100vw, 768px\" \/><\/div>\n\t\t\t\t\t\t\t\t<div class=\"content\">\n\t\t\t\t\t<div>\n\t\t\t\t\t\t<div class=\"title title-color\">Lift HAWK p\u0159\u00edslu\u0161enstv\u00ed DCP<\/div>\n\t\t\t\t\t\t<div class=\"description\">Vzd\u00e1len\u00e9 monitorov\u00e1n\u00ed v\u00fdtahu sni\u017euje fale\u0161n\u00e9 a n\u00e1kladn\u00e9 vol\u00e1n\u00ed technik\u016f. Kompaktn\u00ed sn\u00edma\u010d v\u00fdtahu monitoruje pohyby v\u00fdtahu a dve\u0159\u00ed. K identifikaci mo\u017en\u00fdch probl\u00e9m\u016f samou\u010d\u00edc\u00ed se syst\u00e9m identifikuje obdob\u00ed n\u00edzk\u00e9 aktivity, aby autonomn\u011b provedl testy.<\/div>\n\t\t\t\t\t<\/div>\n\t\t\t\t\t<div class=\"bottom\">\n\t\t\t\t\t\t\t\t\t\t\t\t\t<div class=\"doo-link\"><a href=\"https:\/\/www.avire-global.com\/cz\/product\/prislusenstvi\/dcp-accessories-lift-hawk\/\">Zobrazit produkt<\/a><\/div>\n\t\t\t\t\t\t\t\t\t\t\t\t\t<div class=\"brands\"><img decoding=\"async\" width=\"300\" height=\"65\" src=\"https:\/\/www.avire-global.com\/cz\/wp-content\/uploads\/sites\/23\/2023\/04\/Brands-MEMCO-color.svg\" class=\"attachment-medium size-medium\" alt=\"\" \/><\/div>\n\t\t\t\t\t<\/div>\n\t\t\t\t<\/div>\n\t\t\t<\/div>\n\t\t\t\t\t\t<div class=\"product item tab-111\">\n\t\t\t\t<div class=\"image\"><img decoding=\"async\" width=\"768\" height=\"512\" src=\"https:\/\/www.avire-global.com\/cz\/wp-content\/uploads\/sites\/23\/2023\/08\/Ecosystem_Nav-Box-2_AC-NAV02-MO-900_2023.1-768x512.png\" class=\"attachment-medium_large size-medium_large wp-post-image\" alt=\"\" srcset=\"https:\/\/www.avire-global.com\/cz\/wp-content\/uploads\/sites\/23\/2023\/08\/Ecosystem_Nav-Box-2_AC-NAV02-MO-900_2023.1-768x512.png 768w, https:\/\/www.avire-global.com\/cz\/wp-content\/uploads\/sites\/23\/2023\/08\/Ecosystem_Nav-Box-2_AC-NAV02-MO-900_2023.1-300x200.png 300w, https:\/\/www.avire-global.com\/cz\/wp-content\/uploads\/sites\/23\/2023\/08\/Ecosystem_Nav-Box-2_AC-NAV02-MO-900_2023.1-1024x683.png 1024w, https:\/\/www.avire-global.com\/cz\/wp-content\/uploads\/sites\/23\/2023\/08\/Ecosystem_Nav-Box-2_AC-NAV02-MO-900_2023.1-1536x1024.png 1536w, https:\/\/www.avire-global.com\/cz\/wp-content\/uploads\/sites\/23\/2023\/08\/Ecosystem_Nav-Box-2_AC-NAV02-MO-900_2023.1-2048x1365.png 2048w\" sizes=\"(max-width: 768px) 100vw, 768px\" \/><\/div>\n\t\t\t\t\t\t\t\t<div class=\"content\">\n\t\t\t\t\t<div>\n\t\t\t\t\t\t<div class=\"title title-color\">Naviga\u010dn\u00ed box p\u0159\u00edslu\u0161enstv\u00ed DCP<\/div>\n\t\t\t\t\t\t<div class=\"description\">Chytr\u00fd sn\u00edma\u010d, kter\u00fd poskytuje p\u0159ehled o j\u00edzd\u00e1ch v\u00fdtahu. Naviga\u010dn\u00ed box v\u00fdtahu pom\u00e1h\u00e1 vlastn\u00edk\u016fm budov a poskytovatel\u016fm \u00fadr\u017eby p\u0159ij\u00edmat informovan\u00e1 rozhodnut\u00ed zalo\u017een\u00e1 na datech o na\u010dasov\u00e1n\u00ed z\u00e1kladn\u00ed \u00fadr\u017eby, aby se sn\u00ed\u017eily poruchy a prostoje.<\/div>\n\t\t\t\t\t<\/div>\n\t\t\t\t\t<div class=\"bottom\">\n\t\t\t\t\t\t\t\t\t\t\t\t\t<div class=\"doo-link\"><a href=\"https:\/\/www.avire-global.com\/cz\/product\/prislusenstvi\/dcp-accessories-navigation-box\/\">Zobrazit produkt<\/a><\/div>\n\t\t\t\t\t\t\t\t\t\t\t\t\t<div class=\"brands\"><img decoding=\"async\" width=\"300\" height=\"65\" src=\"https:\/\/www.avire-global.com\/cz\/wp-content\/uploads\/sites\/23\/2023\/04\/Brands-MEMCO-color.svg\" class=\"attachment-medium size-medium\" alt=\"\" \/><\/div>\n\t\t\t\t\t<\/div>\n\t\t\t\t<\/div>\n\t\t\t<\/div>\n\t\t\t\t\t\t<div class=\"product item tab-104\">\n\t\t\t\t<div class=\"image\"><img decoding=\"async\" width=\"600\" height=\"450\" src=\"https:\/\/www.avire-global.com\/cz\/wp-content\/uploads\/sites\/23\/2023\/07\/avire_hub_anca_20.07-1.png\" class=\"attachment-medium_large size-medium_large wp-post-image\" alt=\"\" srcset=\"https:\/\/www.avire-global.com\/cz\/wp-content\/uploads\/sites\/23\/2023\/07\/avire_hub_anca_20.07-1.png 600w, https:\/\/www.avire-global.com\/cz\/wp-content\/uploads\/sites\/23\/2023\/07\/avire_hub_anca_20.07-1-300x225.png 300w\" sizes=\"(max-width: 600px) 100vw, 600px\" \/><\/div>\n\t\t\t\t\t\t\t\t<div class=\"content\">\n\t\t\t\t\t<div>\n\t\t\t\t\t\t<div class=\"title title-color\">AVIRE HUB<\/div>\n\t\t\t\t\t\t<div class=\"description\">M\u011bjte p\u0159ehled o cel\u00e9m sv\u00e9m portfoliu v\u00fdtahov\u00fdch instalac\u00ed s pokro\u010dil\u00fdm softwarem pro monitorov\u00e1n\u00ed v\u00fdtah\u016f v AVIRE HUB. Vzd\u00e1len\u011b monitorujte, programujte a aktualizujte za\u0159\u00edzen\u00ed, p\u0159ij\u00edmejte v\u00fdstrahy a alarmy a dodr\u017eujte p\u0159edpisy pro monitorov\u00e1n\u00ed testovac\u00edch hovor\u016f a tak\u00e9 poskytov\u00e1n\u00ed auditn\u00ed stopy.<\/div>\n\t\t\t\t\t<\/div>\n\t\t\t\t\t<div class=\"bottom\">\n\t\t\t\t\t\t\t\t\t\t\t\t\t<div class=\"doo-link\"><a href=\"https:\/\/www.avire-global.com\/cz\/product\/software\/avire-hub-lift-monitoring-software\/\">Zobrazit produkt<\/a><\/div>\n\t\t\t\t\t\t\t\t\t\t\t\t\t<div class=\"brands\"><\/div>\n\t\t\t\t\t<\/div>\n\t\t\t\t<\/div>\n\t\t\t<\/div>\n\t\t\t\t\t<\/div>\n\t<\/div>\n<\/div>\n\n\n\n<p><\/p>\n","protected":false},"featured_media":9073,"template":"product-with-patterns-system","meta":{"_eb_attr":"","inline_featured_image":false,"doo-cf-type":"system","footnotes":""},"market":[],"product_cat":[26],"brand":[],"country":[],"class_list":["post-9068","product","type-product","status-publish","has-post-thumbnail","hentry","product_cat-emergency-telephones"],"_links":{"self":[{"href":"https:\/\/www.avire-global.com\/cz\/wp-json\/wp\/v2\/product\/9068","targetHints":{"allow":["GET"]}}],"collection":[{"href":"https:\/\/www.avire-global.com\/cz\/wp-json\/wp\/v2\/product"}],"about":[{"href":"https:\/\/www.avire-global.com\/cz\/wp-json\/wp\/v2\/types\/product"}],"version-history":[{"count":5,"href":"https:\/\/www.avire-global.com\/cz\/wp-json\/wp\/v2\/product\/9068\/revisions"}],"predecessor-version":[{"id":9128,"href":"https:\/\/www.avire-global.com\/cz\/wp-json\/wp\/v2\/product\/9068\/revisions\/9128"}],"wp:featuredmedia":[{"embeddable":true,"href":"https:\/\/www.avire-global.com\/cz\/wp-json\/wp\/v2\/media\/9073"}],"wp:attachment":[{"href":"https:\/\/www.avire-global.com\/cz\/wp-json\/wp\/v2\/media?parent=9068"}],"wp:term":[{"taxonomy":"market","embeddable":true,"href":"https:\/\/www.avire-global.com\/cz\/wp-json\/wp\/v2\/market?post=9068"},{"taxonomy":"product_cat","embeddable":true,"href":"https:\/\/www.avire-global.com\/cz\/wp-json\/wp\/v2\/product_cat?post=9068"},{"taxonomy":"brand","embeddable":true,"href":"https:\/\/www.avire-global.com\/cz\/wp-json\/wp\/v2\/brand?post=9068"},{"taxonomy":"country","embeddable":true,"href":"https:\/\/www.avire-global.com\/cz\/wp-json\/wp\/v2\/country?post=9068"}],"curies":[{"name":"wp","href":"https:\/\/api.w.org\/{rel}","templated":true}]}}