{"id":9057,"date":"2026-02-24T14:33:39","date_gmt":"2026-02-24T13:33:39","guid":{"rendered":"https:\/\/www.avire-global.com\/cz\/?post_type=product&#038;p=9057"},"modified":"2026-02-24T14:39:03","modified_gmt":"2026-02-24T13:39:03","slug":"3d-system-detekce-dveri-vytahu","status":"publish","type":"product","link":"https:\/\/www.avire-global.com\/cz\/product\/lift-light-curtains\/3d-system-detekce-dveri-vytahu\/","title":{"rendered":"3D syst\u00e9m detekce dve\u0159\u00ed v\u00fdtahu"},"content":{"rendered":"<div class=\"wp-block-doo-block-systemeu-hero\">\n\t<div class=\"systemeu-hero\">\r\n\t<div class=\"wp-block-columns\">\r\n\t\t<div class=\"wp-block-column\">\r\n\t\t\t<div class=\"image\">\r\n\t\t\t\t<img decoding=\"async\" width=\"768\" height=\"432\" src=\"https:\/\/www.avire-global.com\/cz\/wp-content\/uploads\/sites\/23\/2026\/02\/Smart-3D-System-1-768x432-1.png\" class=\"attachment-large size-large wp-post-image\" alt=\"\" srcset=\"https:\/\/www.avire-global.com\/cz\/wp-content\/uploads\/sites\/23\/2026\/02\/Smart-3D-System-1-768x432-1.png 768w, https:\/\/www.avire-global.com\/cz\/wp-content\/uploads\/sites\/23\/2026\/02\/Smart-3D-System-1-768x432-1-300x169.png 300w\" sizes=\"(max-width: 768px) 100vw, 768px\" \/>\t\t\t<\/div>\r\n\t\t<\/div>\r\n\t\t<div class=\"wp-block-column\">\r\n\t\t\t\t\t\t\t<div class=\"label\">V\u00fdtahov\u00e9 sv\u011bteln\u00e9 z\u00e1vory<\/div>\r\n\t\t\t\t\t\t\t<h1 class=\"title\">3D syst\u00e9m detekce dve\u0159\u00ed v\u00fdtahu<\/h1>\r\n\t\t\t\t\t\t\t\t\t<div class=\"wp-block-buttons\">\r\n\t\t\t\t\t\t\t\t\t\t<div class=\"wp-block-button link-popup\"><a class =\"wp-block-button__link\" href=\"#\">Kontakt<\/a><\/div>\r\n\t\t\t\t\t\t\t\t\t\t\t\t\t<div class=\"wp-block-button secondary\"><a class =\"wp-block-button__link\" href=\"https:\/\/www.avire-global.com\/cz\/katal\">Katalogy<\/a><\/div>\r\n\t\t\t\t\t\t\t\t\t\t<\/div>\r\n\t\t<\/div>\r\n\t<\/div>\r\n<\/div>\r\n<\/div>\n\n\n<div class=\"custom-slider-container product wide-overview\">\n\n\t\t\t<div class=\"overview-wide\">\n\t\t\t<div class=\"label\">\n\t\t\t\tP\u0159ehled\t\t\t<\/div>\n\t\t\t<div class=\"content\"><br \/>\nBezpe\u010dnost v\u00fdtah\u016f za\u010d\u00edn\u00e1 spolehlivou detekc\u00ed dve\u0159\u00ed. Pokro\u010dil\u00fd 3D syst\u00e9m detekce dve\u0159\u00ed v\u00fdtahu od spole\u010dnosti AVIRE kombinuje vysoce v\u00fdkonn\u00e9 sv\u011bteln\u00e9 z\u00e1v\u011bsy, inteligentn\u00ed 3D radarovou senzoriku a v\u00fdkonnou \u0159\u00eddic\u00ed platformu, aby chr\u00e1nil cestuj\u00edc\u00ed a sni\u017eoval provozn\u00ed n\u00e1klady.<br \/>\n<br \/>\nSyst\u00e9m je navr\u017een pro modern\u00ed osobn\u00ed v\u00fdtahy a zaji\u0161\u0165uje p\u0159esnou detekci p\u0159ek\u00e1\u017eek ve dve\u0159\u00edch i p\u0159ibli\u017euj\u00edc\u00edch se osob, s v\u00fdrazn\u011b sn\u00ed\u017een\u00fdm po\u010dtem fale\u0161n\u00fdch spu\u0161t\u011bn\u00ed, a to i v n\u00e1ro\u010dn\u00fdch podm\u00ednk\u00e1ch.<\/div>\n\t\t<\/div>\n\t\t\t<div class=\"custom-slider\">\n\t\t\t\t\t<div class=\"swiper-container main-slider\">\n\t\t\t\t<div class=\"swiper-wrapper\">\n\t\t\t\t\t\t\t\t\t\t\t<div class=\"swiper-slide image contain-w\">\n\t\t\t\t\t\t\t\t\t\t\t\t\t\t\t<img decoding=\"async\" src=\"https:\/\/www.avire-global.com\/cz\/wp-content\/uploads\/sites\/23\/2026\/02\/Smart-3D-System-1-768x432-1.png\" alt=\"\" class=\"slider-image\">\n\t\t\t\t\t\t\t\t\t\t\t\t\t\t<\/div>\n\t\t\t\t\t\t\t\t\t\t<\/div>\n\t\t\t<\/div>\n\t\n\t\t\t<div class=\"bottom\">\n\t\t\t\t\t\t\t<\/div>\n\t\t\t\t<\/div>\n\t<div class=\"slider-content has-checkmarks\">\n\t\t<div class=\"slider-text\">\n\t\t\t\n\n<p>Sn\u00ed\u017een\u00fd po\u010det fale\u0161n\u00fdch spu\u0161t\u011bn\u00ed, necitliv\u00fd na okoln\u00ed sv\u011btlo a odrazy<\/p>\n\n\n\n<p>Rozli\u0161uje mezi pr\u016fchoz\u00edm provozem a p\u0159ibli\u017euj\u00edc\u00edmi se osobami, pro optimalizovan\u00fd tok osob a rychlej\u0161\u00ed reakci v\u00fdtahu<\/p>\n\n\n\n<p>Ignoruje nehybn\u00e9 objekty v detek\u010dn\u00ed z\u00f3n\u011b a zabra\u0148uje zbyte\u010dn\u00fdm n\u00e1vrat\u016fm v\u00fdtahu<\/p>\n\n\n\n<p>Kompletn\u00ed ochrana cestuj\u00edc\u00edch v kombinaci se sv\u011bteln\u00fdmi z\u00e1v\u011bsami Panachrome+<\/p>\n\n\t\t<\/div>\n\t<\/div>\n\n<\/div>\n\n\n<h2 class=\"wp-block-heading has-text-align-center has-text-color has-link-color wp-elements-85230436d4d882c3f303bb67b67a8b9a\" style=\"color:#d05a2a;padding-top:var(--wp--preset--spacing--fluid-0-32);padding-bottom:var(--wp--preset--spacing--fluid-0-32)\">3D syst\u00e9m detekce dve\u0159\u00ed v\u00fdtahu &#8211; maxim\u00e1ln\u00ed bezpe\u010dnost cestuj\u00edc\u00edch a spolehliv\u00fd provoz<\/h2>\n\n\n\n<div class=\"all wp-block-doo-block-systemeu-frame\">\n\t<div class=\"list-products all\">\n\t\t<h2>Sou\u010d\u00e1st\u00ed syst\u00e9mu<\/h2>\n\t\t<div class=\"list-products-content\">\n\t\t\t\t\t\t<div class=\"product item tab-27\">\n\t\t\t\t<div class=\"image\"><img decoding=\"async\" width=\"768\" height=\"432\" src=\"https:\/\/www.avire-global.com\/cz\/wp-content\/uploads\/sites\/23\/2026\/02\/Smart-3D-System-1-768x432-1.png\" class=\"attachment-medium_large size-medium_large wp-post-image\" alt=\"\" srcset=\"https:\/\/www.avire-global.com\/cz\/wp-content\/uploads\/sites\/23\/2026\/02\/Smart-3D-System-1-768x432-1.png 768w, https:\/\/www.avire-global.com\/cz\/wp-content\/uploads\/sites\/23\/2026\/02\/Smart-3D-System-1-768x432-1-300x169.png 300w\" sizes=\"(max-width: 768px) 100vw, 768px\" \/><\/div>\n\t\t\t\t\t\t\t\t<div class=\"content\">\n\t\t\t\t\t<div>\n\t\t\t\t\t\t<div class=\"title title-color\">3D syst\u00e9m detekce dve\u0159\u00ed v\u00fdtahu<\/div>\n\t\t\t\t\t\t<div class=\"description\">Bezpe\u010dnost v\u00fdtah\u016f za\u010d\u00edn\u00e1 spolehlivou detekc\u00ed dve\u0159\u00ed. Pokro\u010dil\u00fd 3D syst\u00e9m detekce dve\u0159\u00ed v\u00fdtahu od spole\u010dnosti AVIRE kombinuje vysoce v\u00fdkonn\u00e9 sv\u011bteln\u00e9 z\u00e1v\u011bsy, inteligentn\u00ed 3D radarovou senzoriku a v\u00fdkonnou \u0159\u00eddic\u00ed platformu, aby chr\u00e1nil cestuj\u00edc\u00ed a sni\u017eoval provozn\u00ed n\u00e1klady.<\/div>\n\t\t\t\t\t<\/div>\n\t\t\t\t\t<div class=\"bottom\">\n\t\t\t\t\t\t\t\t\t\t\t\t\t<div class=\"doo-link\"><a href=\"https:\/\/www.avire-global.com\/cz\/product\/lift-light-curtains\/3d-system-detekce-dveri-vytahu\/\">Zobrazit produkt<\/a><\/div>\n\t\t\t\t\t\t\t\t\t\t\t\t\t<div class=\"brands\"><\/div>\n\t\t\t\t\t<\/div>\n\t\t\t\t<\/div>\n\t\t\t<\/div>\n\t\t\t\t\t\t<div class=\"product item tab-27\">\n\t\t\t\t<div class=\"image\"><img decoding=\"async\" width=\"768\" height=\"768\" src=\"https:\/\/www.avire-global.com\/cz\/wp-content\/uploads\/sites\/23\/2023\/07\/2-1-768x768.png\" class=\"attachment-medium_large size-medium_large wp-post-image\" alt=\"\" srcset=\"https:\/\/www.avire-global.com\/cz\/wp-content\/uploads\/sites\/23\/2023\/07\/2-1-768x768.png 768w, https:\/\/www.avire-global.com\/cz\/wp-content\/uploads\/sites\/23\/2023\/07\/2-1-300x300.png 300w, https:\/\/www.avire-global.com\/cz\/wp-content\/uploads\/sites\/23\/2023\/07\/2-1-1024x1024.png 1024w, https:\/\/www.avire-global.com\/cz\/wp-content\/uploads\/sites\/23\/2023\/07\/2-1-150x150.png 150w, https:\/\/www.avire-global.com\/cz\/wp-content\/uploads\/sites\/23\/2023\/07\/2-1.png 1200w\" sizes=\"(max-width: 768px) 100vw, 768px\" \/><\/div>\n\t\t\t\t\t\t\t\t<div class=\"content\">\n\t\t\t\t\t<div>\n\t\t\t\t\t\t<div class=\"title title-color\">Panachrome+<\/div>\n\t\t\t\t\t\t<div class=\"description\">MEMCO Panachrome+ je skute\u010dnou inovac\u00ed v zabezpe\u010den\u00ed v\u00fdtahov\u00fdch dve\u0159\u00ed.Obsahuje barevn\u00e9 indik\u00e1tory, kter\u00e9 reaguj\u00ed na pohyb dve\u0159\u00ed.Je to osv\u011bd\u010den\u00e1 funkce, kter\u00e1 zvy\u0161uje bezpe\u010dnost cestuj\u00edc\u00edch a zabra\u0148uje po\u0161kozen\u00ed dve\u0159\u00ed.<\/div>\n\t\t\t\t\t<\/div>\n\t\t\t\t\t<div class=\"bottom\">\n\t\t\t\t\t\t\t\t\t\t\t\t\t<div class=\"doo-link\"><a href=\"https:\/\/www.avire-global.com\/cz\/product\/lift-light-curtains\/lift-light-curtains-panachrome\/\">Zobrazit produkt<\/a><\/div>\n\t\t\t\t\t\t\t\t\t\t\t\t\t<div class=\"brands\"><img decoding=\"async\" width=\"300\" height=\"65\" src=\"https:\/\/www.avire-global.com\/cz\/wp-content\/uploads\/sites\/23\/2023\/04\/Brands-MEMCO-color.svg\" class=\"attachment-medium size-medium\" alt=\"\" \/><\/div>\n\t\t\t\t\t<\/div>\n\t\t\t\t<\/div>\n\t\t\t<\/div>\n\t\t\t\t\t<\/div>\n\t<\/div>\n<\/div>\n","protected":false},"featured_media":9055,"template":"product-with-patterns-system","meta":{"_eb_attr":"","inline_featured_image":false,"doo-cf-type":"system","footnotes":""},"market":[],"product_cat":[27],"brand":[],"country":[],"class_list":["post-9057","product","type-product","status-publish","has-post-thumbnail","hentry","product_cat-lift-light-curtains"],"_links":{"self":[{"href":"https:\/\/www.avire-global.com\/cz\/wp-json\/wp\/v2\/product\/9057","targetHints":{"allow":["GET"]}}],"collection":[{"href":"https:\/\/www.avire-global.com\/cz\/wp-json\/wp\/v2\/product"}],"about":[{"href":"https:\/\/www.avire-global.com\/cz\/wp-json\/wp\/v2\/types\/product"}],"version-history":[{"count":4,"href":"https:\/\/www.avire-global.com\/cz\/wp-json\/wp\/v2\/product\/9057\/revisions"}],"predecessor-version":[{"id":9063,"href":"https:\/\/www.avire-global.com\/cz\/wp-json\/wp\/v2\/product\/9057\/revisions\/9063"}],"wp:featuredmedia":[{"embeddable":true,"href":"https:\/\/www.avire-global.com\/cz\/wp-json\/wp\/v2\/media\/9055"}],"wp:attachment":[{"href":"https:\/\/www.avire-global.com\/cz\/wp-json\/wp\/v2\/media?parent=9057"}],"wp:term":[{"taxonomy":"market","embeddable":true,"href":"https:\/\/www.avire-global.com\/cz\/wp-json\/wp\/v2\/market?post=9057"},{"taxonomy":"product_cat","embeddable":true,"href":"https:\/\/www.avire-global.com\/cz\/wp-json\/wp\/v2\/product_cat?post=9057"},{"taxonomy":"brand","embeddable":true,"href":"https:\/\/www.avire-global.com\/cz\/wp-json\/wp\/v2\/brand?post=9057"},{"taxonomy":"country","embeddable":true,"href":"https:\/\/www.avire-global.com\/cz\/wp-json\/wp\/v2\/country?post=9057"}],"curies":[{"name":"wp","href":"https:\/\/api.w.org\/{rel}","templated":true}]}}