{"id":9028,"date":"2026-01-26T13:00:13","date_gmt":"2026-01-26T12:00:13","guid":{"rendered":"https:\/\/www.avire-global.com\/cz\/?page_id=9028"},"modified":"2026-01-26T13:09:36","modified_gmt":"2026-01-26T12:09:36","slug":"katalogy","status":"publish","type":"page","link":"https:\/\/www.avire-global.com\/cz\/katalogy\/","title":{"rendered":"Katalogy"},"content":{"rendered":"\n<div class=\"wp-block-group has-global-padding is-content-justification-center is-layout-constrained wp-container-core-group-is-layout-95cc4704 wp-block-group-is-layout-constrained\" style=\"margin-top:56px;padding-top:var(--wp--preset--spacing--fluid-48-64);padding-bottom:56px; width: 636px;\">\n<h1 class=\"wp-block-heading has-text-align-center\" style=\"margin-bottom:24px\">Katalogy<\/h1>\n\n\n\n<p class=\"has-text-align-center\">V t\u00e9to sekci naleznete nejnov\u011bj\u0161\u00ed verze na\u0161ich katalog\u016f\/bro\u017eur.<br>Na\u0161e produktov\u00e9 katalogy si <strong>m\u016f\u017eete st\u00e1hnout p\u0159\u00edmo<\/strong>. Pokud se p\u0159i stahov\u00e1n\u00ed setk\u00e1te s jak\u00fdmikoli probl\u00e9my, kontaktujte n\u00e1s pros\u00edm vypln\u011bn\u00edm formul\u00e1\u0159e \u017e\u00e1dosti o katalog a my v\u00e1m r\u00e1di pom\u016f\u017eeme.<\/p>\n<\/div>\n\n\n\r\n<div class=\"doo-catalogs-grid\"> \r\n    <div class=\"doo-catalogs-grid-container columns-4\">\r\n                                    \r\n<article class=\"doo-catalog-item linked\" data-catalog-id=\"9051\">\r\n    <div class=\"doo-catalog-image\">\r\n        <img decoding=\"async\" width=\"768\" height=\"1086\" src=\"https:\/\/www.avire-global.com\/cz\/wp-content\/uploads\/sites\/23\/2026\/03\/catalog-9051-thumbnail-1773139498-768x1086.png\" class=\"attachment-medium_large size-medium_large\" alt=\"\" srcset=\"https:\/\/www.avire-global.com\/cz\/wp-content\/uploads\/sites\/23\/2026\/03\/catalog-9051-thumbnail-1773139498-768x1086.png 768w, https:\/\/www.avire-global.com\/cz\/wp-content\/uploads\/sites\/23\/2026\/03\/catalog-9051-thumbnail-1773139498-212x300.png 212w, https:\/\/www.avire-global.com\/cz\/wp-content\/uploads\/sites\/23\/2026\/03\/catalog-9051-thumbnail-1773139498-724x1024.png 724w, https:\/\/www.avire-global.com\/cz\/wp-content\/uploads\/sites\/23\/2026\/03\/catalog-9051-thumbnail-1773139498-1086x1536.png 1086w, https:\/\/www.avire-global.com\/cz\/wp-content\/uploads\/sites\/23\/2026\/03\/catalog-9051-thumbnail-1773139498-1448x2048.png 1448w, https:\/\/www.avire-global.com\/cz\/wp-content\/uploads\/sites\/23\/2026\/03\/catalog-9051-thumbnail-1773139498-scaled.png 1810w\" sizes=\"(max-width: 768px) 100vw, 768px\" \/>    <\/div>\r\n    \r\n    <div class=\"doo-catalog-content\">\r\n        <h2 class=\"doo-catalog-title\">\r\n            Produktov\u00fd katalog        <\/h2>\r\n        \r\n        <div class=\"doo-catalog-meta\">          \r\n                            <a href=\"https:\/\/www.avire-global.com\/cz\/wp-content\/uploads\/sites\/23\/avire-catalogs\/catalog-9051.pdf?v=1773140124\" target=\"_blank\" class=\"doo-catalog-link\">\r\n                    Preview Catalogue                    <img decoding=\"async\" src=\"https:\/\/www.avire-global.com\/cz\/wp-content\/themes\/doo-avire\/assets\/images\/arrow-right.svg\" alt=\"Arrow Right\" class=\"doo-catalog-arrow\">\r\n                <\/a>\r\n                <div class=\"descargar-pdf\" data-pdf-url=\"https:\/\/www.avire-global.com\/cz\/wp-content\/uploads\/sites\/23\/avire-catalogs\/catalog-9051.pdf?v=1773140124\" data-pdf-name=\"catalog-9051.pdf\"><img decoding=\"async\" src=\"https:\/\/www.avire-global.com\/cz\/wp-content\/themes\/doo-avire\/assets\/images\/download.svg\" alt=\"Download\"><\/div>\r\n                    <\/div>\r\n    <\/div>\r\n<\/article>\r\n\r\n<style>\r\n.doo-catalog-unavailable {\r\n    color: #999;\r\n    font-style: italic;\r\n    font-size: 0.9em;\r\n}\r\n<\/style>                             \r\n<article class=\"doo-catalog-item linked\" data-catalog-id=\"9120\">\r\n    <div class=\"doo-catalog-image\">\r\n        <img decoding=\"async\" width=\"768\" height=\"1086\" src=\"https:\/\/www.avire-global.com\/cz\/wp-content\/uploads\/sites\/23\/2026\/03\/catalog-9120-thumbnail-1773319266-768x1086.png\" class=\"attachment-medium_large size-medium_large\" alt=\"\" srcset=\"https:\/\/www.avire-global.com\/cz\/wp-content\/uploads\/sites\/23\/2026\/03\/catalog-9120-thumbnail-1773319266-768x1086.png 768w, https:\/\/www.avire-global.com\/cz\/wp-content\/uploads\/sites\/23\/2026\/03\/catalog-9120-thumbnail-1773319266-212x300.png 212w, https:\/\/www.avire-global.com\/cz\/wp-content\/uploads\/sites\/23\/2026\/03\/catalog-9120-thumbnail-1773319266-724x1024.png 724w, https:\/\/www.avire-global.com\/cz\/wp-content\/uploads\/sites\/23\/2026\/03\/catalog-9120-thumbnail-1773319266-1086x1536.png 1086w, https:\/\/www.avire-global.com\/cz\/wp-content\/uploads\/sites\/23\/2026\/03\/catalog-9120-thumbnail-1773319266-1448x2048.png 1448w, https:\/\/www.avire-global.com\/cz\/wp-content\/uploads\/sites\/23\/2026\/03\/catalog-9120-thumbnail-1773319266-scaled.png 1810w\" sizes=\"(max-width: 768px) 100vw, 768px\" \/>    <\/div>\r\n    \r\n    <div class=\"doo-catalog-content\">\r\n        <h2 class=\"doo-catalog-title\">\r\n            Digit\u00e1ln\u00ed nouzov\u00e9 telefony        <\/h2>\r\n        \r\n        <div class=\"doo-catalog-meta\">          \r\n                            <a href=\"https:\/\/www.avire-global.com\/cz\/wp-content\/uploads\/sites\/23\/avire-catalogs\/catalog-9120.pdf?v=1773319106\" target=\"_blank\" class=\"doo-catalog-link\">\r\n                    Preview Catalogue                    <img decoding=\"async\" src=\"https:\/\/www.avire-global.com\/cz\/wp-content\/themes\/doo-avire\/assets\/images\/arrow-right.svg\" alt=\"Arrow Right\" class=\"doo-catalog-arrow\">\r\n                <\/a>\r\n                <div class=\"descargar-pdf\" data-pdf-url=\"https:\/\/www.avire-global.com\/cz\/wp-content\/uploads\/sites\/23\/avire-catalogs\/catalog-9120.pdf?v=1773319106\" data-pdf-name=\"catalog-9120.pdf\"><img decoding=\"async\" src=\"https:\/\/www.avire-global.com\/cz\/wp-content\/themes\/doo-avire\/assets\/images\/download.svg\" alt=\"Download\"><\/div>\r\n                    <\/div>\r\n    <\/div>\r\n<\/article>\r\n\r\n<style>\r\n.doo-catalog-unavailable {\r\n    color: #999;\r\n    font-style: italic;\r\n    font-size: 0.9em;\r\n}\r\n<\/style>                             \r\n<article class=\"doo-catalog-item linked\" data-catalog-id=\"9126\">\r\n    <div class=\"doo-catalog-image\">\r\n        <img decoding=\"async\" width=\"768\" height=\"1086\" src=\"https:\/\/www.avire-global.com\/cz\/wp-content\/uploads\/sites\/23\/2026\/03\/catalog-9126-thumbnail-1773319858-768x1086.png\" class=\"attachment-medium_large size-medium_large\" alt=\"\" srcset=\"https:\/\/www.avire-global.com\/cz\/wp-content\/uploads\/sites\/23\/2026\/03\/catalog-9126-thumbnail-1773319858-768x1086.png 768w, https:\/\/www.avire-global.com\/cz\/wp-content\/uploads\/sites\/23\/2026\/03\/catalog-9126-thumbnail-1773319858-212x300.png 212w, https:\/\/www.avire-global.com\/cz\/wp-content\/uploads\/sites\/23\/2026\/03\/catalog-9126-thumbnail-1773319858-724x1024.png 724w, https:\/\/www.avire-global.com\/cz\/wp-content\/uploads\/sites\/23\/2026\/03\/catalog-9126-thumbnail-1773319858-1086x1536.png 1086w, https:\/\/www.avire-global.com\/cz\/wp-content\/uploads\/sites\/23\/2026\/03\/catalog-9126-thumbnail-1773319858-1448x2048.png 1448w, https:\/\/www.avire-global.com\/cz\/wp-content\/uploads\/sites\/23\/2026\/03\/catalog-9126-thumbnail-1773319858-scaled.png 1810w\" sizes=\"(max-width: 768px) 100vw, 768px\" \/>    <\/div>\r\n    \r\n    <div class=\"doo-catalog-content\">\r\n        <h2 class=\"doo-catalog-title\">\r\n            Analogov\u00e9 nouzov\u00e9 telefony        <\/h2>\r\n        \r\n        <div class=\"doo-catalog-meta\">          \r\n                            <a href=\"https:\/\/www.avire-global.com\/cz\/wp-content\/uploads\/sites\/23\/avire-catalogs\/catalog-9126.pdf?v=1773319855\" target=\"_blank\" class=\"doo-catalog-link\">\r\n                    Preview Catalogue                    <img decoding=\"async\" src=\"https:\/\/www.avire-global.com\/cz\/wp-content\/themes\/doo-avire\/assets\/images\/arrow-right.svg\" alt=\"Arrow Right\" class=\"doo-catalog-arrow\">\r\n                <\/a>\r\n                <div class=\"descargar-pdf\" data-pdf-url=\"https:\/\/www.avire-global.com\/cz\/wp-content\/uploads\/sites\/23\/avire-catalogs\/catalog-9126.pdf?v=1773319855\" data-pdf-name=\"catalog-9126.pdf\"><img decoding=\"async\" src=\"https:\/\/www.avire-global.com\/cz\/wp-content\/themes\/doo-avire\/assets\/images\/download.svg\" alt=\"Download\"><\/div>\r\n                    <\/div>\r\n    <\/div>\r\n<\/article>\r\n\r\n<style>\r\n.doo-catalog-unavailable {\r\n    color: #999;\r\n    font-style: italic;\r\n    font-size: 0.9em;\r\n}\r\n<\/style>                         <\/div>\r\n     \r\n<\/div> \r\n\r\n<script>\r\n    jQuery(document).ready(function($) {\r\n        $('.descargar-pdf').click(function() {\r\n            fetch($(this).data('pdf-url'))\r\n            .then(response => response.blob())\r\n            .then(blob => {\r\n                const url = window.URL.createObjectURL(blob);\r\n                const a = document.createElement('a');\r\n                a.href = url;\r\n                a.download = $(this).data('pdf-name');\r\n                document.body.appendChild(a);\r\n                a.click();\r\n                a.remove();\r\n                URL.revokeObjectURL(url);\r\n            });\r\n        });\r\n    });\r\n<\/script>\n","protected":false},"excerpt":{"rendered":"<p>Katalogy V t\u00e9to sekci naleznete nejnov\u011bj\u0161\u00ed verze na\u0161ich katalog\u016f\/bro\u017eur.Na\u0161e produktov\u00e9 katalogy si m\u016f\u017eete st\u00e1hnout p\u0159\u00edmo. Pokud se p\u0159i stahov\u00e1n\u00ed setk\u00e1te s jak\u00fdmikoli probl\u00e9my, kontaktujte n\u00e1s pros\u00edm vypln\u011bn\u00edm formul\u00e1\u0159e \u017e\u00e1dosti o katalog a my v\u00e1m r\u00e1di pom\u016f\u017eeme.<\/p>\n","protected":false},"author":1,"featured_media":0,"parent":0,"menu_order":0,"comment_status":"closed","ping_status":"closed","template":"","meta":{"_eb_attr":"","inline_featured_image":false,"footnotes":""},"class_list":["post-9028","page","type-page","status-publish","hentry"],"_links":{"self":[{"href":"https:\/\/www.avire-global.com\/cz\/wp-json\/wp\/v2\/pages\/9028","targetHints":{"allow":["GET"]}}],"collection":[{"href":"https:\/\/www.avire-global.com\/cz\/wp-json\/wp\/v2\/pages"}],"about":[{"href":"https:\/\/www.avire-global.com\/cz\/wp-json\/wp\/v2\/types\/page"}],"author":[{"embeddable":true,"href":"https:\/\/www.avire-global.com\/cz\/wp-json\/wp\/v2\/users\/1"}],"replies":[{"embeddable":true,"href":"https:\/\/www.avire-global.com\/cz\/wp-json\/wp\/v2\/comments?post=9028"}],"version-history":[{"count":2,"href":"https:\/\/www.avire-global.com\/cz\/wp-json\/wp\/v2\/pages\/9028\/revisions"}],"predecessor-version":[{"id":9034,"href":"https:\/\/www.avire-global.com\/cz\/wp-json\/wp\/v2\/pages\/9028\/revisions\/9034"}],"wp:attachment":[{"href":"https:\/\/www.avire-global.com\/cz\/wp-json\/wp\/v2\/media?parent=9028"}],"curies":[{"name":"wp","href":"https:\/\/api.w.org\/{rel}","templated":true}]}}