{"id":4326,"date":"2024-01-23T12:19:03","date_gmt":"2024-01-23T11:19:03","guid":{"rendered":"https:\/\/www.avire-global.com\/cz\/?page_id=4326"},"modified":"2024-01-23T12:19:04","modified_gmt":"2024-01-23T11:19:04","slug":"instalace-fotovoltaicke-elektrarny-v-arealu-spolecnosti-avire-s-r-o","status":"publish","type":"page","link":"https:\/\/www.avire-global.com\/cz\/instalace-fotovoltaicke-elektrarny-v-arealu-spolecnosti-avire-s-r-o\/","title":{"rendered":"Instalace fotovoltaick\u00e9 elektr\u00e1rny v are\u00e1lu spole\u010dnosti Avire s.r.o."},"content":{"rendered":"<div class=\"wp-block-doo-block-patterns\">\n\t<div class=\"doo-image left\"style=\"opacity:0.5;filter: invert(44%) sepia(49%) saturate(1334%) hue-rotate(341deg) brightness(97%) contrast(95%);left:0px;\">\n\t\t<img decoding=\"async\" width=\"297\" height=\"683\" src=\"https:\/\/www.avire-global.com\/cz\/wp-content\/uploads\/sites\/23\/2023\/05\/pattern-02.svg\" class=\"attachment-full size-full\" alt=\"\" \/>\t<\/div>\n<\/div>\n\n\n\n<h2 class=\"wp-block-heading\" style=\"padding-top:var(--wp--preset--spacing--60);padding-right:0;padding-bottom:var(--wp--preset--spacing--60);padding-left:0\"><strong>Instalace fotovoltaick\u00e9 elektr\u00e1rny v are\u00e1lu spole\u010dnosti Avire s.r.o.<\/strong><\/h2>\n\n\n\n<div class=\"wp-block-group has-global-padding is-layout-constrained wp-block-group-is-layout-constrained\">\n<p><strong>Registra\u010dn\u00ed \u010d\u00edslo: <\/strong>CZ.31.3.0\/0.0\/0.0\/22_001\/0002542 <\/p>\n\n\n\n<p><strong>Popis projektu:<\/strong> Realizace fotovoltaick\u00e9 elektr\u00e1rny v are\u00e1lu spole\u010dnosti Avire s.r.o. o v\u00fdkonu 150,75 kWp. Elektrick\u00e1 energie, kter\u00e1 bude vyrobena FVE, bude vyu\u017e\u00edv\u00e1na v cel\u00e9m are\u00e1lu spole\u010dnosti (odb\u011brn\u00e9m m\u00edst\u011b).<\/p>\n\n\n\n<p><strong>C\u00edle projektu:<\/strong> Prost\u0159ednictv\u00edm projektu dojde za pomoci obnoviteln\u00fdch zdroj\u016f ke sn\u00ed\u017een\u00ed emis\u00ed zne\u010di\u0161\u0165uj\u00edc\u00edch l\u00e1tek a d\u00e1le k poklesu provozn\u00edch n\u00e1klad\u016f spole\u010dnosti.<\/p>\n\n\n\n<p><strong>Projekt je spolufinancov\u00e1n z prost\u0159edk\u016f Evropsk\u00e9 unie \u2013 V\u00fdstavba nov\u00fdch fotovoltaick\u00fdch zdroj\u016f; 2.3 P\u0159echod na \u010dist\u0161\u00ed zdroje energie.<\/strong><\/p>\n<\/div>\n\n\n\n<div class=\"wp-block-group has-global-padding is-layout-constrained wp-block-group-is-layout-constrained\" style=\"padding-top:var(--wp--preset--spacing--50);padding-bottom:var(--wp--preset--spacing--50)\">\n<figure class=\"wp-block-image aligncenter size-full has-custom-border\"><img decoding=\"async\" src=\"https:\/\/www.avire-global.com\/wp-content\/uploads\/2023\/12\/Instalace-fotovoltaicke-elektrarny-v-arealu-spolecnosti-Avire-s.r.o.png\" alt=\"\" class=\"wp-image-8113\" style=\"border-style:none;border-width:0px;border-radius:49px\"\/><\/figure>\n<\/div>\n","protected":false},"excerpt":{"rendered":"<p>Instalace fotovoltaick\u00e9 elektr\u00e1rny v are\u00e1lu spole\u010dnosti Avire s.r.o. Registra\u010dn\u00ed \u010d\u00edslo: CZ.31.3.0\/0.0\/0.0\/22_001\/0002542 Popis projektu: Realizace fotovoltaick\u00e9 elektr\u00e1rny v are\u00e1lu spole\u010dnosti Avire s.r.o. o v\u00fdkonu 150,75 kWp. Elektrick\u00e1 energie, kter\u00e1 bude vyrobena FVE, bude vyu\u017e\u00edv\u00e1na v cel\u00e9m are\u00e1lu spole\u010dnosti (odb\u011brn\u00e9m m\u00edst\u011b). C\u00edle projektu: Prost\u0159ednictv\u00edm projektu dojde za pomoci obnoviteln\u00fdch zdroj\u016f ke sn\u00ed\u017een\u00ed emis\u00ed zne\u010di\u0161\u0165uj\u00edc\u00edch l\u00e1tek a d\u00e1le [&hellip;]<\/p>\n","protected":false},"author":5,"featured_media":0,"parent":0,"menu_order":0,"comment_status":"closed","ping_status":"closed","template":"","meta":{"_eb_attr":"","inline_featured_image":false,"footnotes":""},"class_list":["post-4326","page","type-page","status-publish","hentry"],"_links":{"self":[{"href":"https:\/\/www.avire-global.com\/cz\/wp-json\/wp\/v2\/pages\/4326","targetHints":{"allow":["GET"]}}],"collection":[{"href":"https:\/\/www.avire-global.com\/cz\/wp-json\/wp\/v2\/pages"}],"about":[{"href":"https:\/\/www.avire-global.com\/cz\/wp-json\/wp\/v2\/types\/page"}],"author":[{"embeddable":true,"href":"https:\/\/www.avire-global.com\/cz\/wp-json\/wp\/v2\/users\/5"}],"replies":[{"embeddable":true,"href":"https:\/\/www.avire-global.com\/cz\/wp-json\/wp\/v2\/comments?post=4326"}],"version-history":[{"count":1,"href":"https:\/\/www.avire-global.com\/cz\/wp-json\/wp\/v2\/pages\/4326\/revisions"}],"predecessor-version":[{"id":4327,"href":"https:\/\/www.avire-global.com\/cz\/wp-json\/wp\/v2\/pages\/4326\/revisions\/4327"}],"wp:attachment":[{"href":"https:\/\/www.avire-global.com\/cz\/wp-json\/wp\/v2\/media?parent=4326"}],"curies":[{"name":"wp","href":"https:\/\/api.w.org\/{rel}","templated":true}]}}